{"id":23050,"date":"2023-05-11T08:31:44","date_gmt":"2023-05-11T08:31:44","guid":{"rendered":"https:\/\/eshop.medical10.es\/producto\/implante-multineo-nina-d-3-75-mm-a-13-mm-cs\/"},"modified":"2026-04-29T14:35:57","modified_gmt":"2026-04-29T14:35:57","slug":"implante-multineo-nina-d-3-75-mm-a-13-mm-cs","status":"publish","type":"product","link":"https:\/\/eshop.alphabio-iberia.com\/pt-pt\/implante-multineo-nina-d-3-75-mm-13-mm-cs\/","title":{"rendered":"Implante Nina D 3.75 mm A 13 mm (CS)"},"content":{"rendered":"<p>Implante Nina D 3.75 mm A 13 mm (CS)<\/p>\n","protected":false},"excerpt":{"rendered":"<p>Implante Nina D 3.75 mm A 13 mm (CS)<\/p>\n","protected":false},"featured_media":22987,"comment_status":"open","ping_status":"closed","template":"","meta":{"_acf_changed":false},"product_brand":[],"product_cat":[468,483,489],"product_tag":[],"class_list":{"0":"post-23050","1":"product","2":"type-product","3":"status-publish","4":"has-post-thumbnail","6":"product_cat-alpha-bio-tec","7":"product_cat-implante","8":"product_cat-multineo-nina","9":"pa_altura-implante-13-mm-pt-pt","10":"pa_conexion-conexion-conica-estrecha-pt-pt","11":"pa_diametro-implante-3-75-mm-pt-pt","12":"pa_tipo-de-implante-multineo-nina-pt-pt","14":"first","15":"instock","16":"taxable","17":"shipping-taxable","18":"product-type-simple"},"acf":[],"yoast_head":"<!-- This site is optimized with the Yoast SEO plugin v27.4 - https:\/\/yoast.com\/product\/yoast-seo-wordpress\/ -->\n<title>Implante Nina D 3.75 mm A 13 mm (CS) - Tienda Alpha-Bio Iberia<\/title>\n<meta name=\"description\" content=\"Implante Nina D 3.75 mm A 13 mm (CS) en Tienda Alpha-Bio Iberia por 220 \u20ac! Implante Nina D 3.75 mm A 13 mm (CS)\" \/>\n<meta name=\"robots\" content=\"index, follow, max-snippet:-1, max-image-preview:large, max-video-preview:-1\" \/>\n<link rel=\"canonical\" href=\"https:\/\/eshop.alphabio-iberia.com\/pt-pt\/implante-multineo-nina-d-3-75-mm-13-mm-cs\/\" \/>\n<meta property=\"og:locale\" content=\"pt_PT\" \/>\n<meta property=\"og:type\" content=\"article\" \/>\n<meta property=\"og:title\" content=\"Implante Nina D 3.75 mm A 13 mm (CS) - Tienda Alpha-Bio Iberia\" \/>\n<meta property=\"og:description\" content=\"Implante Nina D 3.75 mm A 13 mm (CS) en Tienda Alpha-Bio Iberia por 220 \u20ac! Implante Nina D 3.75 mm A 13 mm (CS)\" \/>\n<meta property=\"og:url\" content=\"https:\/\/eshop.alphabio-iberia.com\/pt-pt\/implante-multineo-nina-d-3-75-mm-13-mm-cs\/\" \/>\n<meta property=\"og:site_name\" content=\"Tienda Alpha-Bio Iberia\" \/>\n<meta property=\"article:modified_time\" content=\"2026-04-29T14:35:57+00:00\" \/>\n<meta property=\"og:image\" content=\"https:\/\/eshop.alphabio-iberia.com\/wp-content\/uploads\/2023\/05\/implante_multineo_nina.png\" \/>\n\t<meta property=\"og:image:width\" content=\"500\" \/>\n\t<meta property=\"og:image:height\" content=\"500\" \/>\n\t<meta property=\"og:image:type\" content=\"image\/png\" \/>\n<meta name=\"twitter:card\" content=\"summary_large_image\" \/>\n<script type=\"application\/ld+json\" class=\"yoast-schema-graph\">{\"@context\":\"https:\\\/\\\/schema.org\",\"@graph\":[{\"@type\":\"WebPage\",\"@id\":\"https:\\\/\\\/eshop.alphabio-iberia.com\\\/pt-pt\\\/implante-multineo-nina-d-3-75-mm-13-mm-cs\\\/\",\"url\":\"https:\\\/\\\/eshop.alphabio-iberia.com\\\/pt-pt\\\/implante-multineo-nina-d-3-75-mm-13-mm-cs\\\/\",\"name\":\"Implante Nina D 3.75 mm A 13 mm (CS) - Tienda Alpha-Bio Iberia\",\"isPartOf\":{\"@id\":\"https:\\\/\\\/eshop.alphabio-iberia.com\\\/#website\"},\"primaryImageOfPage\":{\"@id\":\"https:\\\/\\\/eshop.alphabio-iberia.com\\\/pt-pt\\\/implante-multineo-nina-d-3-75-mm-13-mm-cs\\\/#primaryimage\"},\"image\":{\"@id\":\"https:\\\/\\\/eshop.alphabio-iberia.com\\\/pt-pt\\\/implante-multineo-nina-d-3-75-mm-13-mm-cs\\\/#primaryimage\"},\"thumbnailUrl\":\"https:\\\/\\\/eshop.alphabio-iberia.com\\\/wp-content\\\/uploads\\\/2023\\\/05\\\/implante_multineo_nina.png\",\"datePublished\":\"2023-05-11T08:31:44+00:00\",\"dateModified\":\"2026-04-29T14:35:57+00:00\",\"description\":\"Implante Nina D 3.75 mm A 13 mm (CS) en Tienda Alpha-Bio Iberia por 220 \u20ac! Implante Nina D 3.75 mm A 13 mm (CS)\",\"breadcrumb\":{\"@id\":\"https:\\\/\\\/eshop.alphabio-iberia.com\\\/pt-pt\\\/implante-multineo-nina-d-3-75-mm-13-mm-cs\\\/#breadcrumb\"},\"inLanguage\":\"pt-PT\",\"potentialAction\":[{\"@type\":\"ReadAction\",\"target\":[\"https:\\\/\\\/eshop.alphabio-iberia.com\\\/pt-pt\\\/implante-multineo-nina-d-3-75-mm-13-mm-cs\\\/\"]}]},{\"@type\":\"ImageObject\",\"inLanguage\":\"pt-PT\",\"@id\":\"https:\\\/\\\/eshop.alphabio-iberia.com\\\/pt-pt\\\/implante-multineo-nina-d-3-75-mm-13-mm-cs\\\/#primaryimage\",\"url\":\"https:\\\/\\\/eshop.alphabio-iberia.com\\\/wp-content\\\/uploads\\\/2023\\\/05\\\/implante_multineo_nina.png\",\"contentUrl\":\"https:\\\/\\\/eshop.alphabio-iberia.com\\\/wp-content\\\/uploads\\\/2023\\\/05\\\/implante_multineo_nina.png\",\"width\":500,\"height\":500,\"caption\":\"Implante MultiNeO NiNa con superficie hidr\u00f3fila\"},{\"@type\":\"BreadcrumbList\",\"@id\":\"https:\\\/\\\/eshop.alphabio-iberia.com\\\/pt-pt\\\/implante-multineo-nina-d-3-75-mm-13-mm-cs\\\/#breadcrumb\",\"itemListElement\":[{\"@type\":\"ListItem\",\"position\":1,\"name\":\"Portada\",\"item\":\"https:\\\/\\\/eshop.alphabio-iberia.com\\\/\"},{\"@type\":\"ListItem\",\"position\":2,\"name\":\"Tienda\",\"item\":\"https:\\\/\\\/eshop.alphabio-iberia.com\\\/tienda\\\/\"},{\"@type\":\"ListItem\",\"position\":3,\"name\":\"Implante Nina D 3.75 mm A 13 mm (CS)\"}]},{\"@type\":\"WebSite\",\"@id\":\"https:\\\/\\\/eshop.alphabio-iberia.com\\\/#website\",\"url\":\"https:\\\/\\\/eshop.alphabio-iberia.com\\\/\",\"name\":\"Tienda Alpha-Bio Iberia\",\"description\":\"Ofrecemos una soluci\u00f3n 360\u00ba para odont\u00f3logos, implant\u00f3logos y cirujanos en implantolog\u00eda, ROG y odontolog\u00eda digital, acompa\u00f1ado de un amplio programa formativo en Espa\u00f1a y Portugal.\",\"publisher\":{\"@id\":\"https:\\\/\\\/eshop.alphabio-iberia.com\\\/#organization\"},\"potentialAction\":[{\"@type\":\"SearchAction\",\"target\":{\"@type\":\"EntryPoint\",\"urlTemplate\":\"https:\\\/\\\/eshop.alphabio-iberia.com\\\/?s={search_term_string}\"},\"query-input\":{\"@type\":\"PropertyValueSpecification\",\"valueRequired\":true,\"valueName\":\"search_term_string\"}}],\"inLanguage\":\"pt-PT\"},{\"@type\":\"Organization\",\"@id\":\"https:\\\/\\\/eshop.alphabio-iberia.com\\\/#organization\",\"name\":\"Medical 10\",\"url\":\"https:\\\/\\\/eshop.alphabio-iberia.com\\\/\",\"logo\":{\"@type\":\"ImageObject\",\"inLanguage\":\"pt-PT\",\"@id\":\"https:\\\/\\\/eshop.alphabio-iberia.com\\\/#\\\/schema\\\/logo\\\/image\\\/\",\"url\":\"https:\\\/\\\/eshop.medical10.es\\\/wp-content\\\/uploads\\\/2021\\\/07\\\/cropped-m10_header_2.png\",\"contentUrl\":\"https:\\\/\\\/eshop.medical10.es\\\/wp-content\\\/uploads\\\/2021\\\/07\\\/cropped-m10_header_2.png\",\"width\":165,\"height\":97,\"caption\":\"Medical 10\"},\"image\":{\"@id\":\"https:\\\/\\\/eshop.alphabio-iberia.com\\\/#\\\/schema\\\/logo\\\/image\\\/\"}}]}<\/script>\n<!-- \/ Yoast SEO plugin. -->","yoast_head_json":{"title":"Implante Nina D 3.75 mm A 13 mm (CS) - Tienda Alpha-Bio Iberia","description":"Implante Nina D 3.75 mm A 13 mm (CS) en Tienda Alpha-Bio Iberia por 220 \u20ac! Implante Nina D 3.75 mm A 13 mm (CS)","robots":{"index":"index","follow":"follow","max-snippet":"max-snippet:-1","max-image-preview":"max-image-preview:large","max-video-preview":"max-video-preview:-1"},"canonical":"https:\/\/eshop.alphabio-iberia.com\/pt-pt\/implante-multineo-nina-d-3-75-mm-13-mm-cs\/","og_locale":"pt_PT","og_type":"article","og_title":"Implante Nina D 3.75 mm A 13 mm (CS) - Tienda Alpha-Bio Iberia","og_description":"Implante Nina D 3.75 mm A 13 mm (CS) en Tienda Alpha-Bio Iberia por 220 \u20ac! Implante Nina D 3.75 mm A 13 mm (CS)","og_url":"https:\/\/eshop.alphabio-iberia.com\/pt-pt\/implante-multineo-nina-d-3-75-mm-13-mm-cs\/","og_site_name":"Tienda Alpha-Bio Iberia","article_modified_time":"2026-04-29T14:35:57+00:00","og_image":[{"width":500,"height":500,"url":"https:\/\/eshop.alphabio-iberia.com\/wp-content\/uploads\/2023\/05\/implante_multineo_nina.png","type":"image\/png"}],"twitter_card":"summary_large_image","schema":{"@context":"https:\/\/schema.org","@graph":[{"@type":"WebPage","@id":"https:\/\/eshop.alphabio-iberia.com\/pt-pt\/implante-multineo-nina-d-3-75-mm-13-mm-cs\/","url":"https:\/\/eshop.alphabio-iberia.com\/pt-pt\/implante-multineo-nina-d-3-75-mm-13-mm-cs\/","name":"Implante Nina D 3.75 mm A 13 mm (CS) - Tienda Alpha-Bio Iberia","isPartOf":{"@id":"https:\/\/eshop.alphabio-iberia.com\/#website"},"primaryImageOfPage":{"@id":"https:\/\/eshop.alphabio-iberia.com\/pt-pt\/implante-multineo-nina-d-3-75-mm-13-mm-cs\/#primaryimage"},"image":{"@id":"https:\/\/eshop.alphabio-iberia.com\/pt-pt\/implante-multineo-nina-d-3-75-mm-13-mm-cs\/#primaryimage"},"thumbnailUrl":"https:\/\/eshop.alphabio-iberia.com\/wp-content\/uploads\/2023\/05\/implante_multineo_nina.png","datePublished":"2023-05-11T08:31:44+00:00","dateModified":"2026-04-29T14:35:57+00:00","description":"Implante Nina D 3.75 mm A 13 mm (CS) en Tienda Alpha-Bio Iberia por 220 \u20ac! Implante Nina D 3.75 mm A 13 mm (CS)","breadcrumb":{"@id":"https:\/\/eshop.alphabio-iberia.com\/pt-pt\/implante-multineo-nina-d-3-75-mm-13-mm-cs\/#breadcrumb"},"inLanguage":"pt-PT","potentialAction":[{"@type":"ReadAction","target":["https:\/\/eshop.alphabio-iberia.com\/pt-pt\/implante-multineo-nina-d-3-75-mm-13-mm-cs\/"]}]},{"@type":"ImageObject","inLanguage":"pt-PT","@id":"https:\/\/eshop.alphabio-iberia.com\/pt-pt\/implante-multineo-nina-d-3-75-mm-13-mm-cs\/#primaryimage","url":"https:\/\/eshop.alphabio-iberia.com\/wp-content\/uploads\/2023\/05\/implante_multineo_nina.png","contentUrl":"https:\/\/eshop.alphabio-iberia.com\/wp-content\/uploads\/2023\/05\/implante_multineo_nina.png","width":500,"height":500,"caption":"Implante MultiNeO NiNa con superficie hidr\u00f3fila"},{"@type":"BreadcrumbList","@id":"https:\/\/eshop.alphabio-iberia.com\/pt-pt\/implante-multineo-nina-d-3-75-mm-13-mm-cs\/#breadcrumb","itemListElement":[{"@type":"ListItem","position":1,"name":"Portada","item":"https:\/\/eshop.alphabio-iberia.com\/"},{"@type":"ListItem","position":2,"name":"Tienda","item":"https:\/\/eshop.alphabio-iberia.com\/tienda\/"},{"@type":"ListItem","position":3,"name":"Implante Nina D 3.75 mm A 13 mm (CS)"}]},{"@type":"WebSite","@id":"https:\/\/eshop.alphabio-iberia.com\/#website","url":"https:\/\/eshop.alphabio-iberia.com\/","name":"Tienda Alpha-Bio Iberia","description":"Ofrecemos una soluci\u00f3n 360\u00ba para odont\u00f3logos, implant\u00f3logos y cirujanos en implantolog\u00eda, ROG y odontolog\u00eda digital, acompa\u00f1ado de un amplio programa formativo en Espa\u00f1a y Portugal.","publisher":{"@id":"https:\/\/eshop.alphabio-iberia.com\/#organization"},"potentialAction":[{"@type":"SearchAction","target":{"@type":"EntryPoint","urlTemplate":"https:\/\/eshop.alphabio-iberia.com\/?s={search_term_string}"},"query-input":{"@type":"PropertyValueSpecification","valueRequired":true,"valueName":"search_term_string"}}],"inLanguage":"pt-PT"},{"@type":"Organization","@id":"https:\/\/eshop.alphabio-iberia.com\/#organization","name":"Medical 10","url":"https:\/\/eshop.alphabio-iberia.com\/","logo":{"@type":"ImageObject","inLanguage":"pt-PT","@id":"https:\/\/eshop.alphabio-iberia.com\/#\/schema\/logo\/image\/","url":"https:\/\/eshop.medical10.es\/wp-content\/uploads\/2021\/07\/cropped-m10_header_2.png","contentUrl":"https:\/\/eshop.medical10.es\/wp-content\/uploads\/2021\/07\/cropped-m10_header_2.png","width":165,"height":97,"caption":"Medical 10"},"image":{"@id":"https:\/\/eshop.alphabio-iberia.com\/#\/schema\/logo\/image\/"}}]}},"_links":{"self":[{"href":"https:\/\/eshop.alphabio-iberia.com\/pt-pt\/wp-json\/wp\/v2\/product\/23050","targetHints":{"allow":["GET"]}}],"collection":[{"href":"https:\/\/eshop.alphabio-iberia.com\/pt-pt\/wp-json\/wp\/v2\/product"}],"about":[{"href":"https:\/\/eshop.alphabio-iberia.com\/pt-pt\/wp-json\/wp\/v2\/types\/product"}],"replies":[{"embeddable":true,"href":"https:\/\/eshop.alphabio-iberia.com\/pt-pt\/wp-json\/wp\/v2\/comments?post=23050"}],"wp:featuredmedia":[{"embeddable":true,"href":"https:\/\/eshop.alphabio-iberia.com\/pt-pt\/wp-json\/wp\/v2\/media\/22987"}],"wp:attachment":[{"href":"https:\/\/eshop.alphabio-iberia.com\/pt-pt\/wp-json\/wp\/v2\/media?parent=23050"}],"wp:term":[{"taxonomy":"product_brand","embeddable":true,"href":"https:\/\/eshop.alphabio-iberia.com\/pt-pt\/wp-json\/wp\/v2\/product_brand?post=23050"},{"taxonomy":"product_cat","embeddable":true,"href":"https:\/\/eshop.alphabio-iberia.com\/pt-pt\/wp-json\/wp\/v2\/product_cat?post=23050"},{"taxonomy":"product_tag","embeddable":true,"href":"https:\/\/eshop.alphabio-iberia.com\/pt-pt\/wp-json\/wp\/v2\/product_tag?post=23050"}],"curies":[{"name":"wp","href":"https:\/\/api.w.org\/{rel}","templated":true}]}}