{"id":23063,"date":"2023-04-26T13:27:45","date_gmt":"2023-04-26T13:27:45","guid":{"rendered":"https:\/\/eshop.medical10.es\/producto\/periacryl-90hv-pack-de-10-unds-x-02-ml\/"},"modified":"2023-06-27T11:43:16","modified_gmt":"2023-06-27T11:43:16","slug":"periacryl-90hv-pack-de-10-unds-x-02-ml","status":"publish","type":"product","link":"https:\/\/eshop.alphabio-iberia.com\/pt-pt\/periacryl-90hv-pack-10-unds-x-02-ml\/","title":{"rendered":"PeriAcryl\u00ae90HV Embalagem de 10 unid. X 0,2 ml."},"content":{"rendered":"<p>Adesivo de tecido de cianoacrilato. \u00c9 um adesivo tecidual obtido a partir do cianoacrilato. \u00c9 usado como curativo cir\u00fargico para promover a reten\u00e7\u00e3o do enxerto de tecido conjuntivo.<\/p>\n<p>PeriAcryl \u00e9 recomendado nos seguintes casos:<\/p>\n<ul>\n<li>Depois de colocar um implante dent\u00e1rio.<\/li>\n<li>Em uma \u00e1rea doadora de gengiva.<\/li>\n<li>Em uma \u00e1rea que recebe um enxerto de gengiva.<\/li>\n<li>Na \u00e1rea periodontal ap\u00f3s uma limpeza dental.<\/li>\n<li>Sobre o alv\u00e9olo p\u00f3s-extra\u00e7\u00e3o, cobrindo o col\u00e1geno e a sutura.<\/li>\n<li>Ap\u00f3s um enxerto \u00f3sseo.<\/li>\n<\/ul>\n<p>PeriAcryl \u00e9 projetado para uso na cavidade oral. \u00c9 o resultado de uma combina\u00e7\u00e3o de n-butil e 2-octil cianoacrilatos. Enquanto o n-butil cianoacrilato permite um processo de secagem mais r\u00e1pido, o 2-octil cont\u00e9m as caracter\u00edsticas de um curativo confort\u00e1vel e flex\u00edvel para ser eficaz em tecidos moles.<\/p>\n<p>PeriAcryl\u00ae90HV \u00e9 apresentado em embalagem de 10 doses \u00fanicas de 0,2 ml. Cada uma delas.<\/p>\n","protected":false},"excerpt":{"rendered":"<p>Adesivo de tecido de cianoacrilato. \u00c9 um adesivo tecidual obtido a partir do cianoacrilato. \u00c9 usado como curativo cir\u00fargico para promover a reten\u00e7\u00e3o do enxerto de tecido conjuntivo. PeriAcryl \u00e9 recomendado nos seguintes casos: Depois de colocar um implante dent\u00e1rio. Em uma \u00e1rea doadora de gengiva. Em uma \u00e1rea que recebe um enxerto de gengiva. [&hellip;]<\/p>\n","protected":false},"featured_media":23064,"comment_status":"open","ping_status":"closed","template":"","meta":{"_acf_changed":false},"product_brand":[],"product_cat":[574],"product_tag":[],"class_list":{"0":"post-23063","1":"product","2":"type-product","3":"status-publish","4":"has-post-thumbnail","6":"product_cat-apositos-pt-pt","8":"first","9":"instock","10":"taxable","11":"shipping-taxable","12":"product-type-simple"},"acf":[],"yoast_head":"<!-- This site is optimized with the Yoast SEO plugin v27.4 - https:\/\/yoast.com\/product\/yoast-seo-wordpress\/ -->\n<title>PeriAcryl\u00ae90HV Embalagem de 10 unid. X 0,2 ml. - Tienda Alpha-Bio Iberia<\/title>\n<meta name=\"description\" content=\"PeriAcryl\u00ae90HV Embalagem de 10 unid. X 0,2 ml. en Tienda Alpha-Bio Iberia por 100.00 \u20ac! Adesivo de tecido de cianoacrilato. \u00c9 um adesivo tecidual obtido a partir do cianoacrilato. \u00c9 usado como curativo cir\u00fargico para promover a reten\u00e7\u00e3o do\" \/>\n<meta name=\"robots\" content=\"index, follow, max-snippet:-1, max-image-preview:large, max-video-preview:-1\" \/>\n<link rel=\"canonical\" href=\"https:\/\/eshop.alphabio-iberia.com\/pt-pt\/periacryl-90hv-pack-10-unds-x-02-ml\/\" \/>\n<meta property=\"og:locale\" content=\"pt_PT\" \/>\n<meta property=\"og:type\" content=\"article\" \/>\n<meta property=\"og:title\" content=\"PeriAcryl\u00ae90HV Embalagem de 10 unid. X 0,2 ml. - Tienda Alpha-Bio Iberia\" \/>\n<meta property=\"og:description\" content=\"PeriAcryl\u00ae90HV Embalagem de 10 unid. X 0,2 ml. en Tienda Alpha-Bio Iberia por 100.00 \u20ac! Adesivo de tecido de cianoacrilato. \u00c9 um adesivo tecidual obtido a partir do cianoacrilato. \u00c9 usado como curativo cir\u00fargico para promover a reten\u00e7\u00e3o do\" \/>\n<meta property=\"og:url\" content=\"https:\/\/eshop.alphabio-iberia.com\/pt-pt\/periacryl-90hv-pack-10-unds-x-02-ml\/\" \/>\n<meta property=\"og:site_name\" content=\"Tienda Alpha-Bio Iberia\" \/>\n<meta property=\"article:modified_time\" content=\"2023-06-27T11:43:16+00:00\" \/>\n<meta property=\"og:image\" content=\"https:\/\/eshop.alphabio-iberia.com\/wp-content\/uploads\/2023\/04\/periacryl_4.png\" \/>\n\t<meta property=\"og:image:width\" content=\"500\" \/>\n\t<meta property=\"og:image:height\" content=\"500\" \/>\n\t<meta property=\"og:image:type\" content=\"image\/png\" \/>\n<meta name=\"twitter:card\" content=\"summary_large_image\" \/>\n<meta name=\"twitter:label1\" content=\"Tempo estimado de leitura\" \/>\n\t<meta name=\"twitter:data1\" content=\"1 minuto\" \/>\n<script type=\"application\/ld+json\" class=\"yoast-schema-graph\">{\"@context\":\"https:\\\/\\\/schema.org\",\"@graph\":[{\"@type\":\"WebPage\",\"@id\":\"https:\\\/\\\/eshop.alphabio-iberia.com\\\/pt-pt\\\/periacryl-90hv-pack-10-unds-x-02-ml\\\/\",\"url\":\"https:\\\/\\\/eshop.alphabio-iberia.com\\\/pt-pt\\\/periacryl-90hv-pack-10-unds-x-02-ml\\\/\",\"name\":\"PeriAcryl\u00ae90HV Embalagem de 10 unid. X 0,2 ml. - Tienda Alpha-Bio Iberia\",\"isPartOf\":{\"@id\":\"https:\\\/\\\/eshop.alphabio-iberia.com\\\/#website\"},\"primaryImageOfPage\":{\"@id\":\"https:\\\/\\\/eshop.alphabio-iberia.com\\\/pt-pt\\\/periacryl-90hv-pack-10-unds-x-02-ml\\\/#primaryimage\"},\"image\":{\"@id\":\"https:\\\/\\\/eshop.alphabio-iberia.com\\\/pt-pt\\\/periacryl-90hv-pack-10-unds-x-02-ml\\\/#primaryimage\"},\"thumbnailUrl\":\"https:\\\/\\\/eshop.alphabio-iberia.com\\\/wp-content\\\/uploads\\\/2023\\\/04\\\/periacryl_4.png\",\"datePublished\":\"2023-04-26T13:27:45+00:00\",\"dateModified\":\"2023-06-27T11:43:16+00:00\",\"description\":\"PeriAcryl\u00ae90HV Embalagem de 10 unid. X 0,2 ml. en Tienda Alpha-Bio Iberia por 100.00 \u20ac! Adesivo de tecido de cianoacrilato. \u00c9 um adesivo tecidual obtido a partir do cianoacrilato. \u00c9 usado como curativo cir\u00fargico para promover a reten\u00e7\u00e3o do\",\"breadcrumb\":{\"@id\":\"https:\\\/\\\/eshop.alphabio-iberia.com\\\/pt-pt\\\/periacryl-90hv-pack-10-unds-x-02-ml\\\/#breadcrumb\"},\"inLanguage\":\"pt-PT\",\"potentialAction\":[{\"@type\":\"ReadAction\",\"target\":[\"https:\\\/\\\/eshop.alphabio-iberia.com\\\/pt-pt\\\/periacryl-90hv-pack-10-unds-x-02-ml\\\/\"]}]},{\"@type\":\"ImageObject\",\"inLanguage\":\"pt-PT\",\"@id\":\"https:\\\/\\\/eshop.alphabio-iberia.com\\\/pt-pt\\\/periacryl-90hv-pack-10-unds-x-02-ml\\\/#primaryimage\",\"url\":\"https:\\\/\\\/eshop.alphabio-iberia.com\\\/wp-content\\\/uploads\\\/2023\\\/04\\\/periacryl_4.png\",\"contentUrl\":\"https:\\\/\\\/eshop.alphabio-iberia.com\\\/wp-content\\\/uploads\\\/2023\\\/04\\\/periacryl_4.png\",\"width\":500,\"height\":500},{\"@type\":\"BreadcrumbList\",\"@id\":\"https:\\\/\\\/eshop.alphabio-iberia.com\\\/pt-pt\\\/periacryl-90hv-pack-10-unds-x-02-ml\\\/#breadcrumb\",\"itemListElement\":[{\"@type\":\"ListItem\",\"position\":1,\"name\":\"Portada\",\"item\":\"https:\\\/\\\/eshop.alphabio-iberia.com\\\/\"},{\"@type\":\"ListItem\",\"position\":2,\"name\":\"Tienda\",\"item\":\"https:\\\/\\\/eshop.alphabio-iberia.com\\\/tienda\\\/\"},{\"@type\":\"ListItem\",\"position\":3,\"name\":\"PeriAcryl\u00ae90HV Embalagem de 10 unid. X 0,2 ml.\"}]},{\"@type\":\"WebSite\",\"@id\":\"https:\\\/\\\/eshop.alphabio-iberia.com\\\/#website\",\"url\":\"https:\\\/\\\/eshop.alphabio-iberia.com\\\/\",\"name\":\"Tienda Alpha-Bio Iberia\",\"description\":\"Ofrecemos una soluci\u00f3n 360\u00ba para odont\u00f3logos, implant\u00f3logos y cirujanos en implantolog\u00eda, ROG y odontolog\u00eda digital, acompa\u00f1ado de un amplio programa formativo en Espa\u00f1a y Portugal.\",\"publisher\":{\"@id\":\"https:\\\/\\\/eshop.alphabio-iberia.com\\\/#organization\"},\"potentialAction\":[{\"@type\":\"SearchAction\",\"target\":{\"@type\":\"EntryPoint\",\"urlTemplate\":\"https:\\\/\\\/eshop.alphabio-iberia.com\\\/?s={search_term_string}\"},\"query-input\":{\"@type\":\"PropertyValueSpecification\",\"valueRequired\":true,\"valueName\":\"search_term_string\"}}],\"inLanguage\":\"pt-PT\"},{\"@type\":\"Organization\",\"@id\":\"https:\\\/\\\/eshop.alphabio-iberia.com\\\/#organization\",\"name\":\"Medical 10\",\"url\":\"https:\\\/\\\/eshop.alphabio-iberia.com\\\/\",\"logo\":{\"@type\":\"ImageObject\",\"inLanguage\":\"pt-PT\",\"@id\":\"https:\\\/\\\/eshop.alphabio-iberia.com\\\/#\\\/schema\\\/logo\\\/image\\\/\",\"url\":\"https:\\\/\\\/eshop.medical10.es\\\/wp-content\\\/uploads\\\/2021\\\/07\\\/cropped-m10_header_2.png\",\"contentUrl\":\"https:\\\/\\\/eshop.medical10.es\\\/wp-content\\\/uploads\\\/2021\\\/07\\\/cropped-m10_header_2.png\",\"width\":165,\"height\":97,\"caption\":\"Medical 10\"},\"image\":{\"@id\":\"https:\\\/\\\/eshop.alphabio-iberia.com\\\/#\\\/schema\\\/logo\\\/image\\\/\"}}]}<\/script>\n<!-- \/ Yoast SEO plugin. -->","yoast_head_json":{"title":"PeriAcryl\u00ae90HV Embalagem de 10 unid. X 0,2 ml. - Tienda Alpha-Bio Iberia","description":"PeriAcryl\u00ae90HV Embalagem de 10 unid. X 0,2 ml. en Tienda Alpha-Bio Iberia por 100.00 \u20ac! Adesivo de tecido de cianoacrilato. \u00c9 um adesivo tecidual obtido a partir do cianoacrilato. \u00c9 usado como curativo cir\u00fargico para promover a reten\u00e7\u00e3o do","robots":{"index":"index","follow":"follow","max-snippet":"max-snippet:-1","max-image-preview":"max-image-preview:large","max-video-preview":"max-video-preview:-1"},"canonical":"https:\/\/eshop.alphabio-iberia.com\/pt-pt\/periacryl-90hv-pack-10-unds-x-02-ml\/","og_locale":"pt_PT","og_type":"article","og_title":"PeriAcryl\u00ae90HV Embalagem de 10 unid. X 0,2 ml. - Tienda Alpha-Bio Iberia","og_description":"PeriAcryl\u00ae90HV Embalagem de 10 unid. X 0,2 ml. en Tienda Alpha-Bio Iberia por 100.00 \u20ac! Adesivo de tecido de cianoacrilato. \u00c9 um adesivo tecidual obtido a partir do cianoacrilato. \u00c9 usado como curativo cir\u00fargico para promover a reten\u00e7\u00e3o do","og_url":"https:\/\/eshop.alphabio-iberia.com\/pt-pt\/periacryl-90hv-pack-10-unds-x-02-ml\/","og_site_name":"Tienda Alpha-Bio Iberia","article_modified_time":"2023-06-27T11:43:16+00:00","og_image":[{"width":500,"height":500,"url":"https:\/\/eshop.alphabio-iberia.com\/wp-content\/uploads\/2023\/04\/periacryl_4.png","type":"image\/png"}],"twitter_card":"summary_large_image","twitter_misc":{"Tempo estimado de leitura":"1 minuto"},"schema":{"@context":"https:\/\/schema.org","@graph":[{"@type":"WebPage","@id":"https:\/\/eshop.alphabio-iberia.com\/pt-pt\/periacryl-90hv-pack-10-unds-x-02-ml\/","url":"https:\/\/eshop.alphabio-iberia.com\/pt-pt\/periacryl-90hv-pack-10-unds-x-02-ml\/","name":"PeriAcryl\u00ae90HV Embalagem de 10 unid. X 0,2 ml. - Tienda Alpha-Bio Iberia","isPartOf":{"@id":"https:\/\/eshop.alphabio-iberia.com\/#website"},"primaryImageOfPage":{"@id":"https:\/\/eshop.alphabio-iberia.com\/pt-pt\/periacryl-90hv-pack-10-unds-x-02-ml\/#primaryimage"},"image":{"@id":"https:\/\/eshop.alphabio-iberia.com\/pt-pt\/periacryl-90hv-pack-10-unds-x-02-ml\/#primaryimage"},"thumbnailUrl":"https:\/\/eshop.alphabio-iberia.com\/wp-content\/uploads\/2023\/04\/periacryl_4.png","datePublished":"2023-04-26T13:27:45+00:00","dateModified":"2023-06-27T11:43:16+00:00","description":"PeriAcryl\u00ae90HV Embalagem de 10 unid. X 0,2 ml. en Tienda Alpha-Bio Iberia por 100.00 \u20ac! Adesivo de tecido de cianoacrilato. \u00c9 um adesivo tecidual obtido a partir do cianoacrilato. \u00c9 usado como curativo cir\u00fargico para promover a reten\u00e7\u00e3o do","breadcrumb":{"@id":"https:\/\/eshop.alphabio-iberia.com\/pt-pt\/periacryl-90hv-pack-10-unds-x-02-ml\/#breadcrumb"},"inLanguage":"pt-PT","potentialAction":[{"@type":"ReadAction","target":["https:\/\/eshop.alphabio-iberia.com\/pt-pt\/periacryl-90hv-pack-10-unds-x-02-ml\/"]}]},{"@type":"ImageObject","inLanguage":"pt-PT","@id":"https:\/\/eshop.alphabio-iberia.com\/pt-pt\/periacryl-90hv-pack-10-unds-x-02-ml\/#primaryimage","url":"https:\/\/eshop.alphabio-iberia.com\/wp-content\/uploads\/2023\/04\/periacryl_4.png","contentUrl":"https:\/\/eshop.alphabio-iberia.com\/wp-content\/uploads\/2023\/04\/periacryl_4.png","width":500,"height":500},{"@type":"BreadcrumbList","@id":"https:\/\/eshop.alphabio-iberia.com\/pt-pt\/periacryl-90hv-pack-10-unds-x-02-ml\/#breadcrumb","itemListElement":[{"@type":"ListItem","position":1,"name":"Portada","item":"https:\/\/eshop.alphabio-iberia.com\/"},{"@type":"ListItem","position":2,"name":"Tienda","item":"https:\/\/eshop.alphabio-iberia.com\/tienda\/"},{"@type":"ListItem","position":3,"name":"PeriAcryl\u00ae90HV Embalagem de 10 unid. X 0,2 ml."}]},{"@type":"WebSite","@id":"https:\/\/eshop.alphabio-iberia.com\/#website","url":"https:\/\/eshop.alphabio-iberia.com\/","name":"Tienda Alpha-Bio Iberia","description":"Ofrecemos una soluci\u00f3n 360\u00ba para odont\u00f3logos, implant\u00f3logos y cirujanos en implantolog\u00eda, ROG y odontolog\u00eda digital, acompa\u00f1ado de un amplio programa formativo en Espa\u00f1a y Portugal.","publisher":{"@id":"https:\/\/eshop.alphabio-iberia.com\/#organization"},"potentialAction":[{"@type":"SearchAction","target":{"@type":"EntryPoint","urlTemplate":"https:\/\/eshop.alphabio-iberia.com\/?s={search_term_string}"},"query-input":{"@type":"PropertyValueSpecification","valueRequired":true,"valueName":"search_term_string"}}],"inLanguage":"pt-PT"},{"@type":"Organization","@id":"https:\/\/eshop.alphabio-iberia.com\/#organization","name":"Medical 10","url":"https:\/\/eshop.alphabio-iberia.com\/","logo":{"@type":"ImageObject","inLanguage":"pt-PT","@id":"https:\/\/eshop.alphabio-iberia.com\/#\/schema\/logo\/image\/","url":"https:\/\/eshop.medical10.es\/wp-content\/uploads\/2021\/07\/cropped-m10_header_2.png","contentUrl":"https:\/\/eshop.medical10.es\/wp-content\/uploads\/2021\/07\/cropped-m10_header_2.png","width":165,"height":97,"caption":"Medical 10"},"image":{"@id":"https:\/\/eshop.alphabio-iberia.com\/#\/schema\/logo\/image\/"}}]}},"_links":{"self":[{"href":"https:\/\/eshop.alphabio-iberia.com\/pt-pt\/wp-json\/wp\/v2\/product\/23063","targetHints":{"allow":["GET"]}}],"collection":[{"href":"https:\/\/eshop.alphabio-iberia.com\/pt-pt\/wp-json\/wp\/v2\/product"}],"about":[{"href":"https:\/\/eshop.alphabio-iberia.com\/pt-pt\/wp-json\/wp\/v2\/types\/product"}],"replies":[{"embeddable":true,"href":"https:\/\/eshop.alphabio-iberia.com\/pt-pt\/wp-json\/wp\/v2\/comments?post=23063"}],"wp:featuredmedia":[{"embeddable":true,"href":"https:\/\/eshop.alphabio-iberia.com\/pt-pt\/wp-json\/wp\/v2\/media\/23064"}],"wp:attachment":[{"href":"https:\/\/eshop.alphabio-iberia.com\/pt-pt\/wp-json\/wp\/v2\/media?parent=23063"}],"wp:term":[{"taxonomy":"product_brand","embeddable":true,"href":"https:\/\/eshop.alphabio-iberia.com\/pt-pt\/wp-json\/wp\/v2\/product_brand?post=23063"},{"taxonomy":"product_cat","embeddable":true,"href":"https:\/\/eshop.alphabio-iberia.com\/pt-pt\/wp-json\/wp\/v2\/product_cat?post=23063"},{"taxonomy":"product_tag","embeddable":true,"href":"https:\/\/eshop.alphabio-iberia.com\/pt-pt\/wp-json\/wp\/v2\/product_tag?post=23063"}],"curies":[{"name":"wp","href":"https:\/\/api.w.org\/{rel}","templated":true}]}}