{"id":23080,"date":"2023-02-21T08:52:49","date_gmt":"2023-02-21T08:52:49","guid":{"rendered":"https:\/\/eshop.medical10.es\/producto\/fresadora-cad-cam-coritec-150i-pro\/"},"modified":"2023-06-27T11:43:09","modified_gmt":"2023-06-27T11:43:09","slug":"equipamiento-e-instrumental-fresadora-cadcam-coritec150ipro","status":"publish","type":"product","link":"https:\/\/eshop.alphabio-iberia.com\/pt-pt\/fresadora-cad-cam-coritec-150i-pro\/","title":{"rendered":"Fresadora CAD\/CAM Coritec 150i Pro"},"content":{"rendered":"<p>A concep\u00e7\u00e3o r\u00edgida e est\u00e1vel da c\u00e2mara interna da fresadora, feita de monobloco fundido, permite a maquina\u00e7\u00e3o precisa tanto de discos como de blocos. As suas dimens\u00f5es compactas e a tecnologia de 5 eixos simult\u00e2neos oferecem uma rela\u00e7\u00e3o tamanho\/funcionalidade \u00fanica. O seu desempenho torna-a ideal para laborat\u00f3rios e cl\u00ednicas dent\u00e1rias.<\/p>\n<p>Com a Coritec 150i Pro \u00e9 poss\u00edvel realizar pilares pr\u00e9-fabricados, talas, rectifica\u00e7\u00e3o de blocos CAD\/CAM, pr\u00e9-fabricados em Bihopp Elegance, fresagem de modelos de gesso&#8230;<\/p>\n<p>Entre as suas vantagens est\u00e3o o seu ecr\u00e3 t\u00e1ctil gr\u00e1fico, a possibilidade de processamento a h\u00famido e a seco e o seu suporte de disco semi-aberto, &#8220;C-Clamp&#8221;. Disp\u00f5e igualmente de um dep\u00f3sito de \u00e1gua e de filtra\u00e7\u00e3o integrado, de compensa\u00e7\u00e3o de temperatura e de ionizador. Requer menos ar comprimido, tem uma fun\u00e7\u00e3o de limpeza autom\u00e1tica e processa tanto metal como uma vasta gama de sistemas de suporte.<\/p>\n","protected":false},"excerpt":{"rendered":"<p>A concep\u00e7\u00e3o r\u00edgida e est\u00e1vel da c\u00e2mara interna da fresadora, feita de monobloco fundido, permite a maquina\u00e7\u00e3o precisa tanto de discos como de blocos. As suas dimens\u00f5es compactas e a tecnologia de 5 eixos simult\u00e2neos oferecem uma rela\u00e7\u00e3o tamanho\/funcionalidade \u00fanica. O seu desempenho torna-a ideal para laborat\u00f3rios e cl\u00ednicas dent\u00e1rias. Com a Coritec 150i Pro [&hellip;]<\/p>\n","protected":false},"featured_media":23081,"comment_status":"open","ping_status":"closed","template":"","meta":{"_acf_changed":false},"product_brand":[],"product_cat":[508],"product_tag":[],"class_list":{"0":"post-23080","1":"product","2":"type-product","3":"status-publish","4":"has-post-thumbnail","6":"product_cat-equipamento","8":"first","9":"instock","10":"taxable","11":"shipping-taxable","12":"product-type-simple"},"acf":[],"yoast_head":"<!-- This site is optimized with the Yoast SEO plugin v27.5 - https:\/\/yoast.com\/product\/yoast-seo-wordpress\/ -->\n<title>Fresadora CAD\/CAM Coritec 150i Pro - Tienda Alpha-Bio Iberia<\/title>\n<meta name=\"description\" content=\"Fresadora CAD\/CAM Coritec 150i Pro en Tienda Alpha-Bio Iberia por 27450 \u20ac! A concep\u00e7\u00e3o r\u00edgida e est\u00e1vel da c\u00e2mara interna da fresadora, feita de monobloco fundido, permite a maquina\u00e7\u00e3o precisa tanto de discos como de blocos. As\" \/>\n<meta name=\"robots\" content=\"index, follow, max-snippet:-1, max-image-preview:large, max-video-preview:-1\" \/>\n<link rel=\"canonical\" href=\"https:\/\/eshop.alphabio-iberia.com\/?post_type=product&p=19847\" \/>\n<meta property=\"og:locale\" content=\"pt_PT\" \/>\n<meta property=\"og:type\" content=\"article\" \/>\n<meta property=\"og:title\" content=\"Fresadora CAD\/CAM Coritec 150i Pro - Tienda Alpha-Bio Iberia\" \/>\n<meta property=\"og:description\" content=\"Fresadora CAD\/CAM Coritec 150i Pro en Tienda Alpha-Bio Iberia por 27450 \u20ac! A concep\u00e7\u00e3o r\u00edgida e est\u00e1vel da c\u00e2mara interna da fresadora, feita de monobloco fundido, permite a maquina\u00e7\u00e3o precisa tanto de discos como de blocos. As\" \/>\n<meta property=\"og:url\" content=\"https:\/\/eshop.alphabio-iberia.com\/?post_type=product&amp;p=19847\" \/>\n<meta property=\"og:site_name\" content=\"Tienda Alpha-Bio Iberia\" \/>\n<meta property=\"article:modified_time\" content=\"2023-06-27T11:43:09+00:00\" \/>\n<meta property=\"og:image\" content=\"https:\/\/eshop.alphabio-iberia.com\/wp-content\/uploads\/2023\/02\/fresadora_coritec_1.png\" \/>\n\t<meta property=\"og:image:width\" content=\"500\" \/>\n\t<meta property=\"og:image:height\" content=\"500\" \/>\n\t<meta property=\"og:image:type\" content=\"image\/png\" \/>\n<meta name=\"twitter:card\" content=\"summary_large_image\" \/>\n<meta name=\"twitter:label1\" content=\"Tempo estimado de leitura\" \/>\n\t<meta name=\"twitter:data1\" content=\"1 minuto\" \/>\n<script type=\"application\/ld+json\" class=\"yoast-schema-graph\">{\"@context\":\"https:\\\/\\\/schema.org\",\"@graph\":[{\"@type\":\"WebPage\",\"@id\":\"https:\\\/\\\/eshop.alphabio-iberia.com\\\/?post_type=product&p=19847\",\"url\":\"https:\\\/\\\/eshop.alphabio-iberia.com\\\/?post_type=product&p=19847\",\"name\":\"Fresadora CAD\\\/CAM Coritec 150i Pro - Tienda Alpha-Bio Iberia\",\"isPartOf\":{\"@id\":\"https:\\\/\\\/eshop.alphabio-iberia.com\\\/#website\"},\"primaryImageOfPage\":{\"@id\":\"https:\\\/\\\/eshop.alphabio-iberia.com\\\/?post_type=product&p=19847#primaryimage\"},\"image\":{\"@id\":\"https:\\\/\\\/eshop.alphabio-iberia.com\\\/?post_type=product&p=19847#primaryimage\"},\"thumbnailUrl\":\"https:\\\/\\\/eshop.alphabio-iberia.com\\\/wp-content\\\/uploads\\\/2023\\\/02\\\/fresadora_coritec_1.png\",\"datePublished\":\"2023-02-21T08:52:49+00:00\",\"dateModified\":\"2023-06-27T11:43:09+00:00\",\"description\":\"Fresadora CAD\\\/CAM Coritec 150i Pro en Tienda Alpha-Bio Iberia por 27450 \u20ac! A concep\u00e7\u00e3o r\u00edgida e est\u00e1vel da c\u00e2mara interna da fresadora, feita de monobloco fundido, permite a maquina\u00e7\u00e3o precisa tanto de discos como de blocos. As\",\"breadcrumb\":{\"@id\":\"https:\\\/\\\/eshop.alphabio-iberia.com\\\/?post_type=product&p=19847#breadcrumb\"},\"inLanguage\":\"pt-PT\",\"potentialAction\":[{\"@type\":\"ReadAction\",\"target\":[\"https:\\\/\\\/eshop.alphabio-iberia.com\\\/?post_type=product&p=19847\"]}]},{\"@type\":\"ImageObject\",\"inLanguage\":\"pt-PT\",\"@id\":\"https:\\\/\\\/eshop.alphabio-iberia.com\\\/?post_type=product&p=19847#primaryimage\",\"url\":\"https:\\\/\\\/eshop.alphabio-iberia.com\\\/wp-content\\\/uploads\\\/2023\\\/02\\\/fresadora_coritec_1.png\",\"contentUrl\":\"https:\\\/\\\/eshop.alphabio-iberia.com\\\/wp-content\\\/uploads\\\/2023\\\/02\\\/fresadora_coritec_1.png\",\"width\":500,\"height\":500},{\"@type\":\"BreadcrumbList\",\"@id\":\"https:\\\/\\\/eshop.alphabio-iberia.com\\\/?post_type=product&p=19847#breadcrumb\",\"itemListElement\":[{\"@type\":\"ListItem\",\"position\":1,\"name\":\"Portada\",\"item\":\"https:\\\/\\\/eshop.alphabio-iberia.com\\\/\"},{\"@type\":\"ListItem\",\"position\":2,\"name\":\"Tienda\",\"item\":\"https:\\\/\\\/eshop.alphabio-iberia.com\\\/tienda\\\/\"},{\"@type\":\"ListItem\",\"position\":3,\"name\":\"Fresadora CAD\\\/CAM Coritec 150i Pro\"}]},{\"@type\":\"WebSite\",\"@id\":\"https:\\\/\\\/eshop.alphabio-iberia.com\\\/#website\",\"url\":\"https:\\\/\\\/eshop.alphabio-iberia.com\\\/\",\"name\":\"Tienda Alpha-Bio Iberia\",\"description\":\"Ofrecemos una soluci\u00f3n 360\u00ba para odont\u00f3logos, implant\u00f3logos y cirujanos en implantolog\u00eda, ROG y odontolog\u00eda digital, acompa\u00f1ado de un amplio programa formativo en Espa\u00f1a y Portugal.\",\"publisher\":{\"@id\":\"https:\\\/\\\/eshop.alphabio-iberia.com\\\/#organization\"},\"potentialAction\":[{\"@type\":\"SearchAction\",\"target\":{\"@type\":\"EntryPoint\",\"urlTemplate\":\"https:\\\/\\\/eshop.alphabio-iberia.com\\\/?s={search_term_string}\"},\"query-input\":{\"@type\":\"PropertyValueSpecification\",\"valueRequired\":true,\"valueName\":\"search_term_string\"}}],\"inLanguage\":\"pt-PT\"},{\"@type\":\"Organization\",\"@id\":\"https:\\\/\\\/eshop.alphabio-iberia.com\\\/#organization\",\"name\":\"Medical 10\",\"url\":\"https:\\\/\\\/eshop.alphabio-iberia.com\\\/\",\"logo\":{\"@type\":\"ImageObject\",\"inLanguage\":\"pt-PT\",\"@id\":\"https:\\\/\\\/eshop.alphabio-iberia.com\\\/#\\\/schema\\\/logo\\\/image\\\/\",\"url\":\"https:\\\/\\\/eshop.medical10.es\\\/wp-content\\\/uploads\\\/2021\\\/07\\\/cropped-m10_header_2.png\",\"contentUrl\":\"https:\\\/\\\/eshop.medical10.es\\\/wp-content\\\/uploads\\\/2021\\\/07\\\/cropped-m10_header_2.png\",\"width\":165,\"height\":97,\"caption\":\"Medical 10\"},\"image\":{\"@id\":\"https:\\\/\\\/eshop.alphabio-iberia.com\\\/#\\\/schema\\\/logo\\\/image\\\/\"}}]}<\/script>\n<!-- \/ Yoast SEO plugin. -->","yoast_head_json":{"title":"Fresadora CAD\/CAM Coritec 150i Pro - Tienda Alpha-Bio Iberia","description":"Fresadora CAD\/CAM Coritec 150i Pro en Tienda Alpha-Bio Iberia por 27450 \u20ac! A concep\u00e7\u00e3o r\u00edgida e est\u00e1vel da c\u00e2mara interna da fresadora, feita de monobloco fundido, permite a maquina\u00e7\u00e3o precisa tanto de discos como de blocos. As","robots":{"index":"index","follow":"follow","max-snippet":"max-snippet:-1","max-image-preview":"max-image-preview:large","max-video-preview":"max-video-preview:-1"},"canonical":"https:\/\/eshop.alphabio-iberia.com\/?post_type=product&p=19847","og_locale":"pt_PT","og_type":"article","og_title":"Fresadora CAD\/CAM Coritec 150i Pro - Tienda Alpha-Bio Iberia","og_description":"Fresadora CAD\/CAM Coritec 150i Pro en Tienda Alpha-Bio Iberia por 27450 \u20ac! A concep\u00e7\u00e3o r\u00edgida e est\u00e1vel da c\u00e2mara interna da fresadora, feita de monobloco fundido, permite a maquina\u00e7\u00e3o precisa tanto de discos como de blocos. As","og_url":"https:\/\/eshop.alphabio-iberia.com\/?post_type=product&p=19847","og_site_name":"Tienda Alpha-Bio Iberia","article_modified_time":"2023-06-27T11:43:09+00:00","og_image":[{"width":500,"height":500,"url":"https:\/\/eshop.alphabio-iberia.com\/wp-content\/uploads\/2023\/02\/fresadora_coritec_1.png","type":"image\/png"}],"twitter_card":"summary_large_image","twitter_misc":{"Tempo estimado de leitura":"1 minuto"},"schema":{"@context":"https:\/\/schema.org","@graph":[{"@type":"WebPage","@id":"https:\/\/eshop.alphabio-iberia.com\/?post_type=product&p=19847","url":"https:\/\/eshop.alphabio-iberia.com\/?post_type=product&p=19847","name":"Fresadora CAD\/CAM Coritec 150i Pro - Tienda Alpha-Bio Iberia","isPartOf":{"@id":"https:\/\/eshop.alphabio-iberia.com\/#website"},"primaryImageOfPage":{"@id":"https:\/\/eshop.alphabio-iberia.com\/?post_type=product&p=19847#primaryimage"},"image":{"@id":"https:\/\/eshop.alphabio-iberia.com\/?post_type=product&p=19847#primaryimage"},"thumbnailUrl":"https:\/\/eshop.alphabio-iberia.com\/wp-content\/uploads\/2023\/02\/fresadora_coritec_1.png","datePublished":"2023-02-21T08:52:49+00:00","dateModified":"2023-06-27T11:43:09+00:00","description":"Fresadora CAD\/CAM Coritec 150i Pro en Tienda Alpha-Bio Iberia por 27450 \u20ac! A concep\u00e7\u00e3o r\u00edgida e est\u00e1vel da c\u00e2mara interna da fresadora, feita de monobloco fundido, permite a maquina\u00e7\u00e3o precisa tanto de discos como de blocos. As","breadcrumb":{"@id":"https:\/\/eshop.alphabio-iberia.com\/?post_type=product&p=19847#breadcrumb"},"inLanguage":"pt-PT","potentialAction":[{"@type":"ReadAction","target":["https:\/\/eshop.alphabio-iberia.com\/?post_type=product&p=19847"]}]},{"@type":"ImageObject","inLanguage":"pt-PT","@id":"https:\/\/eshop.alphabio-iberia.com\/?post_type=product&p=19847#primaryimage","url":"https:\/\/eshop.alphabio-iberia.com\/wp-content\/uploads\/2023\/02\/fresadora_coritec_1.png","contentUrl":"https:\/\/eshop.alphabio-iberia.com\/wp-content\/uploads\/2023\/02\/fresadora_coritec_1.png","width":500,"height":500},{"@type":"BreadcrumbList","@id":"https:\/\/eshop.alphabio-iberia.com\/?post_type=product&p=19847#breadcrumb","itemListElement":[{"@type":"ListItem","position":1,"name":"Portada","item":"https:\/\/eshop.alphabio-iberia.com\/"},{"@type":"ListItem","position":2,"name":"Tienda","item":"https:\/\/eshop.alphabio-iberia.com\/tienda\/"},{"@type":"ListItem","position":3,"name":"Fresadora CAD\/CAM Coritec 150i Pro"}]},{"@type":"WebSite","@id":"https:\/\/eshop.alphabio-iberia.com\/#website","url":"https:\/\/eshop.alphabio-iberia.com\/","name":"Tienda Alpha-Bio Iberia","description":"Ofrecemos una soluci\u00f3n 360\u00ba para odont\u00f3logos, implant\u00f3logos y cirujanos en implantolog\u00eda, ROG y odontolog\u00eda digital, acompa\u00f1ado de un amplio programa formativo en Espa\u00f1a y Portugal.","publisher":{"@id":"https:\/\/eshop.alphabio-iberia.com\/#organization"},"potentialAction":[{"@type":"SearchAction","target":{"@type":"EntryPoint","urlTemplate":"https:\/\/eshop.alphabio-iberia.com\/?s={search_term_string}"},"query-input":{"@type":"PropertyValueSpecification","valueRequired":true,"valueName":"search_term_string"}}],"inLanguage":"pt-PT"},{"@type":"Organization","@id":"https:\/\/eshop.alphabio-iberia.com\/#organization","name":"Medical 10","url":"https:\/\/eshop.alphabio-iberia.com\/","logo":{"@type":"ImageObject","inLanguage":"pt-PT","@id":"https:\/\/eshop.alphabio-iberia.com\/#\/schema\/logo\/image\/","url":"https:\/\/eshop.medical10.es\/wp-content\/uploads\/2021\/07\/cropped-m10_header_2.png","contentUrl":"https:\/\/eshop.medical10.es\/wp-content\/uploads\/2021\/07\/cropped-m10_header_2.png","width":165,"height":97,"caption":"Medical 10"},"image":{"@id":"https:\/\/eshop.alphabio-iberia.com\/#\/schema\/logo\/image\/"}}]}},"_links":{"self":[{"href":"https:\/\/eshop.alphabio-iberia.com\/pt-pt\/wp-json\/wp\/v2\/product\/23080","targetHints":{"allow":["GET"]}}],"collection":[{"href":"https:\/\/eshop.alphabio-iberia.com\/pt-pt\/wp-json\/wp\/v2\/product"}],"about":[{"href":"https:\/\/eshop.alphabio-iberia.com\/pt-pt\/wp-json\/wp\/v2\/types\/product"}],"replies":[{"embeddable":true,"href":"https:\/\/eshop.alphabio-iberia.com\/pt-pt\/wp-json\/wp\/v2\/comments?post=23080"}],"wp:featuredmedia":[{"embeddable":true,"href":"https:\/\/eshop.alphabio-iberia.com\/pt-pt\/wp-json\/wp\/v2\/media\/23081"}],"wp:attachment":[{"href":"https:\/\/eshop.alphabio-iberia.com\/pt-pt\/wp-json\/wp\/v2\/media?parent=23080"}],"wp:term":[{"taxonomy":"product_brand","embeddable":true,"href":"https:\/\/eshop.alphabio-iberia.com\/pt-pt\/wp-json\/wp\/v2\/product_brand?post=23080"},{"taxonomy":"product_cat","embeddable":true,"href":"https:\/\/eshop.alphabio-iberia.com\/pt-pt\/wp-json\/wp\/v2\/product_cat?post=23080"},{"taxonomy":"product_tag","embeddable":true,"href":"https:\/\/eshop.alphabio-iberia.com\/pt-pt\/wp-json\/wp\/v2\/product_tag?post=23080"}],"curies":[{"name":"wp","href":"https:\/\/api.w.org\/{rel}","templated":true}]}}