{"id":23118,"date":"2022-11-17T10:44:35","date_gmt":"2022-11-17T10:44:35","guid":{"rendered":"https:\/\/eshop.medical10.es\/producto\/micromotor-surgic-pro-2-con-luz\/"},"modified":"2023-06-27T11:42:47","modified_gmt":"2023-06-27T11:42:47","slug":"micromotor-surgic-pro-2-con-luz","status":"publish","type":"product","link":"https:\/\/eshop.alphabio-iberia.com\/pt-pt\/micromotor-surgic-pro-2-con-luz\/","title":{"rendered":"Micromotor Surgic Pro 2 (com luz)"},"content":{"rendered":"<p>O micromotor cir\u00fargico Surgic Pro2 foi melhorado em rela\u00e7\u00e3o ao seu antecessor em termos de operacionalidade, seguran\u00e7a e liga\u00e7\u00e3o sem fios.<\/p>\n<p> \tOperacionalidade: foram introduzidas v\u00e1rias actualiza\u00e7\u00f5es para garantir um maior conforto durante os tratamentos de implantologia.<br \/>\n \tSeguran\u00e7a: s\u00e3o poss\u00edveis procedimentos mais seguros com uma maior precis\u00e3o de bin\u00e1rio, combinada com o &#8220;dispositivo de medi\u00e7\u00e3o ISQ, Osseo 100&#8221;.<br \/>\n \tLiga\u00e7\u00e3o sem fios: A liga\u00e7\u00e3o sem fios a v\u00e1rios dispositivos aumenta significativamente o alcance do tratamento de implantologia.<\/p>\n<p>Outras vantagens incluem um painel t\u00e1ctil LCD a cores f\u00e1cil de utilizar, bomba de irriga\u00e7\u00e3o cont\u00ednua e silenciosa e liga\u00e7\u00e3o sem fios ao pedal de controlo.<\/p>\n","protected":false},"excerpt":{"rendered":"<p>O micromotor cir\u00fargico Surgic Pro2 foi melhorado em rela\u00e7\u00e3o ao seu antecessor em termos de operacionalidade, seguran\u00e7a e liga\u00e7\u00e3o sem fios. Operacionalidade: foram introduzidas v\u00e1rias actualiza\u00e7\u00f5es para garantir um maior conforto durante os tratamentos de implantologia. Seguran\u00e7a: s\u00e3o poss\u00edveis procedimentos mais seguros com uma maior precis\u00e3o de bin\u00e1rio, combinada com o &#8220;dispositivo de medi\u00e7\u00e3o ISQ, [&hellip;]<\/p>\n","protected":false},"featured_media":29465,"comment_status":"open","ping_status":"closed","template":"","meta":{"_acf_changed":false},"product_brand":[],"product_cat":[508,511],"product_tag":[],"class_list":{"0":"post-23118","1":"product","2":"type-product","3":"status-publish","4":"has-post-thumbnail","6":"product_cat-equipamento","7":"product_cat-micromotor-pt-pt","9":"first","10":"outofstock","11":"taxable","12":"shipping-taxable","13":"product-type-simple"},"acf":[],"yoast_head":"<!-- This site is optimized with the Yoast SEO plugin v27.5 - https:\/\/yoast.com\/product\/yoast-seo-wordpress\/ -->\n<title>Micromotor Surgic Pro 2 (con luz) - Tienda Alpha-Bio Iberia<\/title>\n<meta name=\"description\" content=\"Micromotor Surgic Pro 2 (com luz) en Tienda Alpha-Bio Iberia por 6616.00 \u20ac! O micromotor cir\u00fargico Surgic Pro2 foi melhorado em rela\u00e7\u00e3o ao seu antecessor em termos de operacionalidade, seguran\u00e7a e liga\u00e7\u00e3o sem fios.\" \/>\n<meta name=\"robots\" content=\"index, follow, max-snippet:-1, max-image-preview:large, max-video-preview:-1\" \/>\n<link rel=\"canonical\" href=\"https:\/\/eshop.alphabio-iberia.com\/?post_type=product&p=18702\" \/>\n<meta property=\"og:locale\" content=\"pt_PT\" \/>\n<meta property=\"og:type\" content=\"article\" \/>\n<meta property=\"og:title\" content=\"Micromotor Surgic Pro 2 (con luz) - Tienda Alpha-Bio Iberia\" \/>\n<meta property=\"og:description\" content=\"Micromotor Surgic Pro 2 (com luz) en Tienda Alpha-Bio Iberia por 6616.00 \u20ac! O micromotor cir\u00fargico Surgic Pro2 foi melhorado em rela\u00e7\u00e3o ao seu antecessor em termos de operacionalidade, seguran\u00e7a e liga\u00e7\u00e3o sem fios.\" \/>\n<meta property=\"og:url\" content=\"https:\/\/eshop.alphabio-iberia.com\/?post_type=product&amp;p=18702\" \/>\n<meta property=\"og:site_name\" content=\"Tienda Alpha-Bio Iberia\" \/>\n<meta property=\"article:modified_time\" content=\"2023-06-27T11:42:47+00:00\" \/>\n<meta property=\"og:image\" content=\"https:\/\/eshop.alphabio-iberia.com\/wp-content\/uploads\/2023\/06\/surgicpro2-nsk_1-1.png\" \/>\n\t<meta property=\"og:image:width\" content=\"800\" \/>\n\t<meta property=\"og:image:height\" content=\"800\" \/>\n\t<meta property=\"og:image:type\" content=\"image\/png\" \/>\n<meta name=\"twitter:card\" content=\"summary_large_image\" \/>\n<meta name=\"twitter:label1\" content=\"Tempo estimado de leitura\" \/>\n\t<meta name=\"twitter:data1\" content=\"1 minuto\" \/>\n<script type=\"application\/ld+json\" class=\"yoast-schema-graph\">{\"@context\":\"https:\\\/\\\/schema.org\",\"@graph\":[{\"@type\":\"WebPage\",\"@id\":\"https:\\\/\\\/eshop.alphabio-iberia.com\\\/?post_type=product&p=18702\",\"url\":\"https:\\\/\\\/eshop.alphabio-iberia.com\\\/?post_type=product&p=18702\",\"name\":\"Micromotor Surgic Pro 2 (con luz) - Tienda Alpha-Bio Iberia\",\"isPartOf\":{\"@id\":\"https:\\\/\\\/eshop.alphabio-iberia.com\\\/#website\"},\"primaryImageOfPage\":{\"@id\":\"https:\\\/\\\/eshop.alphabio-iberia.com\\\/?post_type=product&p=18702#primaryimage\"},\"image\":{\"@id\":\"https:\\\/\\\/eshop.alphabio-iberia.com\\\/?post_type=product&p=18702#primaryimage\"},\"thumbnailUrl\":\"https:\\\/\\\/eshop.alphabio-iberia.com\\\/wp-content\\\/uploads\\\/2023\\\/06\\\/surgicpro2-nsk_1-1.png\",\"datePublished\":\"2022-11-17T10:44:35+00:00\",\"dateModified\":\"2023-06-27T11:42:47+00:00\",\"description\":\"Micromotor Surgic Pro 2 (com luz) en Tienda Alpha-Bio Iberia por 6616.00 \u20ac! O micromotor cir\u00fargico Surgic Pro2 foi melhorado em rela\u00e7\u00e3o ao seu antecessor em termos de operacionalidade, seguran\u00e7a e liga\u00e7\u00e3o sem fios.\",\"breadcrumb\":{\"@id\":\"https:\\\/\\\/eshop.alphabio-iberia.com\\\/?post_type=product&p=18702#breadcrumb\"},\"inLanguage\":\"pt-PT\",\"potentialAction\":[{\"@type\":\"ReadAction\",\"target\":[\"https:\\\/\\\/eshop.alphabio-iberia.com\\\/?post_type=product&p=18702\"]}]},{\"@type\":\"ImageObject\",\"inLanguage\":\"pt-PT\",\"@id\":\"https:\\\/\\\/eshop.alphabio-iberia.com\\\/?post_type=product&p=18702#primaryimage\",\"url\":\"https:\\\/\\\/eshop.alphabio-iberia.com\\\/wp-content\\\/uploads\\\/2023\\\/06\\\/surgicpro2-nsk_1-1.png\",\"contentUrl\":\"https:\\\/\\\/eshop.alphabio-iberia.com\\\/wp-content\\\/uploads\\\/2023\\\/06\\\/surgicpro2-nsk_1-1.png\",\"width\":800,\"height\":800},{\"@type\":\"BreadcrumbList\",\"@id\":\"https:\\\/\\\/eshop.alphabio-iberia.com\\\/?post_type=product&p=18702#breadcrumb\",\"itemListElement\":[{\"@type\":\"ListItem\",\"position\":1,\"name\":\"Portada\",\"item\":\"https:\\\/\\\/eshop.alphabio-iberia.com\\\/\"},{\"@type\":\"ListItem\",\"position\":2,\"name\":\"Tienda\",\"item\":\"https:\\\/\\\/eshop.alphabio-iberia.com\\\/tienda\\\/\"},{\"@type\":\"ListItem\",\"position\":3,\"name\":\"Micromotor Surgic Pro 2 (com luz)\"}]},{\"@type\":\"WebSite\",\"@id\":\"https:\\\/\\\/eshop.alphabio-iberia.com\\\/#website\",\"url\":\"https:\\\/\\\/eshop.alphabio-iberia.com\\\/\",\"name\":\"Tienda Alpha-Bio Iberia\",\"description\":\"Ofrecemos una soluci\u00f3n 360\u00ba para odont\u00f3logos, implant\u00f3logos y cirujanos en implantolog\u00eda, ROG y odontolog\u00eda digital, acompa\u00f1ado de un amplio programa formativo en Espa\u00f1a y Portugal.\",\"publisher\":{\"@id\":\"https:\\\/\\\/eshop.alphabio-iberia.com\\\/#organization\"},\"potentialAction\":[{\"@type\":\"SearchAction\",\"target\":{\"@type\":\"EntryPoint\",\"urlTemplate\":\"https:\\\/\\\/eshop.alphabio-iberia.com\\\/?s={search_term_string}\"},\"query-input\":{\"@type\":\"PropertyValueSpecification\",\"valueRequired\":true,\"valueName\":\"search_term_string\"}}],\"inLanguage\":\"pt-PT\"},{\"@type\":\"Organization\",\"@id\":\"https:\\\/\\\/eshop.alphabio-iberia.com\\\/#organization\",\"name\":\"Medical 10\",\"url\":\"https:\\\/\\\/eshop.alphabio-iberia.com\\\/\",\"logo\":{\"@type\":\"ImageObject\",\"inLanguage\":\"pt-PT\",\"@id\":\"https:\\\/\\\/eshop.alphabio-iberia.com\\\/#\\\/schema\\\/logo\\\/image\\\/\",\"url\":\"https:\\\/\\\/eshop.medical10.es\\\/wp-content\\\/uploads\\\/2021\\\/07\\\/cropped-m10_header_2.png\",\"contentUrl\":\"https:\\\/\\\/eshop.medical10.es\\\/wp-content\\\/uploads\\\/2021\\\/07\\\/cropped-m10_header_2.png\",\"width\":165,\"height\":97,\"caption\":\"Medical 10\"},\"image\":{\"@id\":\"https:\\\/\\\/eshop.alphabio-iberia.com\\\/#\\\/schema\\\/logo\\\/image\\\/\"}}]}<\/script>\n<!-- \/ Yoast SEO plugin. -->","yoast_head_json":{"title":"Micromotor Surgic Pro 2 (con luz) - Tienda Alpha-Bio Iberia","description":"Micromotor Surgic Pro 2 (com luz) en Tienda Alpha-Bio Iberia por 6616.00 \u20ac! O micromotor cir\u00fargico Surgic Pro2 foi melhorado em rela\u00e7\u00e3o ao seu antecessor em termos de operacionalidade, seguran\u00e7a e liga\u00e7\u00e3o sem fios.","robots":{"index":"index","follow":"follow","max-snippet":"max-snippet:-1","max-image-preview":"max-image-preview:large","max-video-preview":"max-video-preview:-1"},"canonical":"https:\/\/eshop.alphabio-iberia.com\/?post_type=product&p=18702","og_locale":"pt_PT","og_type":"article","og_title":"Micromotor Surgic Pro 2 (con luz) - Tienda Alpha-Bio Iberia","og_description":"Micromotor Surgic Pro 2 (com luz) en Tienda Alpha-Bio Iberia por 6616.00 \u20ac! O micromotor cir\u00fargico Surgic Pro2 foi melhorado em rela\u00e7\u00e3o ao seu antecessor em termos de operacionalidade, seguran\u00e7a e liga\u00e7\u00e3o sem fios.","og_url":"https:\/\/eshop.alphabio-iberia.com\/?post_type=product&p=18702","og_site_name":"Tienda Alpha-Bio Iberia","article_modified_time":"2023-06-27T11:42:47+00:00","og_image":[{"width":800,"height":800,"url":"https:\/\/eshop.alphabio-iberia.com\/wp-content\/uploads\/2023\/06\/surgicpro2-nsk_1-1.png","type":"image\/png"}],"twitter_card":"summary_large_image","twitter_misc":{"Tempo estimado de leitura":"1 minuto"},"schema":{"@context":"https:\/\/schema.org","@graph":[{"@type":"WebPage","@id":"https:\/\/eshop.alphabio-iberia.com\/?post_type=product&p=18702","url":"https:\/\/eshop.alphabio-iberia.com\/?post_type=product&p=18702","name":"Micromotor Surgic Pro 2 (con luz) - Tienda Alpha-Bio Iberia","isPartOf":{"@id":"https:\/\/eshop.alphabio-iberia.com\/#website"},"primaryImageOfPage":{"@id":"https:\/\/eshop.alphabio-iberia.com\/?post_type=product&p=18702#primaryimage"},"image":{"@id":"https:\/\/eshop.alphabio-iberia.com\/?post_type=product&p=18702#primaryimage"},"thumbnailUrl":"https:\/\/eshop.alphabio-iberia.com\/wp-content\/uploads\/2023\/06\/surgicpro2-nsk_1-1.png","datePublished":"2022-11-17T10:44:35+00:00","dateModified":"2023-06-27T11:42:47+00:00","description":"Micromotor Surgic Pro 2 (com luz) en Tienda Alpha-Bio Iberia por 6616.00 \u20ac! O micromotor cir\u00fargico Surgic Pro2 foi melhorado em rela\u00e7\u00e3o ao seu antecessor em termos de operacionalidade, seguran\u00e7a e liga\u00e7\u00e3o sem fios.","breadcrumb":{"@id":"https:\/\/eshop.alphabio-iberia.com\/?post_type=product&p=18702#breadcrumb"},"inLanguage":"pt-PT","potentialAction":[{"@type":"ReadAction","target":["https:\/\/eshop.alphabio-iberia.com\/?post_type=product&p=18702"]}]},{"@type":"ImageObject","inLanguage":"pt-PT","@id":"https:\/\/eshop.alphabio-iberia.com\/?post_type=product&p=18702#primaryimage","url":"https:\/\/eshop.alphabio-iberia.com\/wp-content\/uploads\/2023\/06\/surgicpro2-nsk_1-1.png","contentUrl":"https:\/\/eshop.alphabio-iberia.com\/wp-content\/uploads\/2023\/06\/surgicpro2-nsk_1-1.png","width":800,"height":800},{"@type":"BreadcrumbList","@id":"https:\/\/eshop.alphabio-iberia.com\/?post_type=product&p=18702#breadcrumb","itemListElement":[{"@type":"ListItem","position":1,"name":"Portada","item":"https:\/\/eshop.alphabio-iberia.com\/"},{"@type":"ListItem","position":2,"name":"Tienda","item":"https:\/\/eshop.alphabio-iberia.com\/tienda\/"},{"@type":"ListItem","position":3,"name":"Micromotor Surgic Pro 2 (com luz)"}]},{"@type":"WebSite","@id":"https:\/\/eshop.alphabio-iberia.com\/#website","url":"https:\/\/eshop.alphabio-iberia.com\/","name":"Tienda Alpha-Bio Iberia","description":"Ofrecemos una soluci\u00f3n 360\u00ba para odont\u00f3logos, implant\u00f3logos y cirujanos en implantolog\u00eda, ROG y odontolog\u00eda digital, acompa\u00f1ado de un amplio programa formativo en Espa\u00f1a y Portugal.","publisher":{"@id":"https:\/\/eshop.alphabio-iberia.com\/#organization"},"potentialAction":[{"@type":"SearchAction","target":{"@type":"EntryPoint","urlTemplate":"https:\/\/eshop.alphabio-iberia.com\/?s={search_term_string}"},"query-input":{"@type":"PropertyValueSpecification","valueRequired":true,"valueName":"search_term_string"}}],"inLanguage":"pt-PT"},{"@type":"Organization","@id":"https:\/\/eshop.alphabio-iberia.com\/#organization","name":"Medical 10","url":"https:\/\/eshop.alphabio-iberia.com\/","logo":{"@type":"ImageObject","inLanguage":"pt-PT","@id":"https:\/\/eshop.alphabio-iberia.com\/#\/schema\/logo\/image\/","url":"https:\/\/eshop.medical10.es\/wp-content\/uploads\/2021\/07\/cropped-m10_header_2.png","contentUrl":"https:\/\/eshop.medical10.es\/wp-content\/uploads\/2021\/07\/cropped-m10_header_2.png","width":165,"height":97,"caption":"Medical 10"},"image":{"@id":"https:\/\/eshop.alphabio-iberia.com\/#\/schema\/logo\/image\/"}}]}},"_links":{"self":[{"href":"https:\/\/eshop.alphabio-iberia.com\/pt-pt\/wp-json\/wp\/v2\/product\/23118","targetHints":{"allow":["GET"]}}],"collection":[{"href":"https:\/\/eshop.alphabio-iberia.com\/pt-pt\/wp-json\/wp\/v2\/product"}],"about":[{"href":"https:\/\/eshop.alphabio-iberia.com\/pt-pt\/wp-json\/wp\/v2\/types\/product"}],"replies":[{"embeddable":true,"href":"https:\/\/eshop.alphabio-iberia.com\/pt-pt\/wp-json\/wp\/v2\/comments?post=23118"}],"wp:featuredmedia":[{"embeddable":true,"href":"https:\/\/eshop.alphabio-iberia.com\/pt-pt\/wp-json\/wp\/v2\/media\/29465"}],"wp:attachment":[{"href":"https:\/\/eshop.alphabio-iberia.com\/pt-pt\/wp-json\/wp\/v2\/media?parent=23118"}],"wp:term":[{"taxonomy":"product_brand","embeddable":true,"href":"https:\/\/eshop.alphabio-iberia.com\/pt-pt\/wp-json\/wp\/v2\/product_brand?post=23118"},{"taxonomy":"product_cat","embeddable":true,"href":"https:\/\/eshop.alphabio-iberia.com\/pt-pt\/wp-json\/wp\/v2\/product_cat?post=23118"},{"taxonomy":"product_tag","embeddable":true,"href":"https:\/\/eshop.alphabio-iberia.com\/pt-pt\/wp-json\/wp\/v2\/product_tag?post=23118"}],"curies":[{"name":"wp","href":"https:\/\/api.w.org\/{rel}","templated":true}]}}