{"id":23142,"date":"2022-10-07T08:53:23","date_gmt":"2022-10-07T08:53:23","guid":{"rendered":"https:\/\/eshop.medical10.es\/producto\/implante-dfi-d-4-2-mm-a-10-mm-cs\/"},"modified":"2023-06-27T11:42:40","modified_gmt":"2023-06-27T11:42:40","slug":"implante-dfi-d-4-2-mm-a-10-mm-cs","status":"publish","type":"product","link":"https:\/\/eshop.alphabio-iberia.com\/pt-pt\/implante-dfi-d-4-2-mm-10-mm-cs\/","title":{"rendered":"Implante DFI D 4.2 mm A 10 mm (CS)"},"content":{"rendered":"<p>O implante DFI Standard Tapered Connection \u00e9 adequado para todos os tipos de osso e protocolos cir\u00fargicos. Um novo design c\u00f3nico da Alpha-Bio Tec. que permite coloc\u00e1-lo na posi\u00e7\u00e3o ideal para obter melhores resultados est\u00e9ticos. Permite tamb\u00e9m uma melhor distribui\u00e7\u00e3o da carga.<br \/>\nDi\u00e2metro: 4,2 mm<br \/>\nAltura: 10 mm<\/p>\n<p>Trata-se de um implante cil\u00edndrico ligeiramente c\u00f3nico, adequado para uma vasta gama de indica\u00e7\u00f5es cl\u00ednicas. O DFI apresenta a tecnologia de implantes comprovada da AlphaBio Tec que proporciona resultados a longo prazo. Um desenho criado para proporcionar ao dentista excelentes conclus\u00f5es cl\u00ednicas: estabilidade a longo prazo, resultados previs\u00edveis e elevada taxa de sobreviv\u00eancia.<\/p>\n","protected":false},"excerpt":{"rendered":"<p>O implante DFI Standard Tapered Connection \u00e9 adequado para todos os tipos de osso e protocolos cir\u00fargicos. Um novo design c\u00f3nico da Alpha-Bio Tec. que permite coloc\u00e1-lo na posi\u00e7\u00e3o ideal para obter melhores resultados est\u00e9ticos. Permite tamb\u00e9m uma melhor distribui\u00e7\u00e3o da carga. Di\u00e2metro: 4,2 mm Altura: 10 mm Trata-se de um implante cil\u00edndrico ligeiramente c\u00f3nico, [&hellip;]<\/p>\n","protected":false},"featured_media":23143,"comment_status":"open","ping_status":"closed","template":"","meta":[],"product_cat":[483,488],"product_tag":[],"class_list":{"0":"post-23142","1":"product","2":"type-product","3":"status-publish","4":"has-post-thumbnail","6":"product_cat-implante","7":"product_cat-dfi","8":"pa_altura-implante-10-mm-pt-pt","9":"pa_conexion-conexion-conica-pt-pt","10":"pa_diametro-implante-4-2-mm-pt-pt","11":"pa_tipo-de-implante-dfi-pt-pt","13":"first","14":"instock","15":"taxable","16":"shipping-taxable","17":"product-type-simple"},"acf":[],"yoast_head":"<!-- This site is optimized with the Yoast SEO plugin v27.2 - https:\/\/yoast.com\/product\/yoast-seo-wordpress\/ -->\n<title>Implante DFI D 4.2 mm A 10 mm (CS) - Tienda Alpha-Bio Iberia<\/title>\n<meta name=\"description\" content=\"Implante DFI D 4.2 mm A 10 mm (CS) en Tienda Alpha-Bio Iberia por 150.00 \u20ac! O implante DFI Standard Tapered Connection \u00e9 adequado para todos os tipos de osso e protocolos cir\u00fargicos. Um novo design c\u00f3nico da Alpha-Bio Tec. que\" \/>\n<meta name=\"robots\" content=\"index, follow, max-snippet:-1, max-image-preview:large, max-video-preview:-1\" \/>\n<link rel=\"canonical\" href=\"https:\/\/eshop.alphabio-iberia.com\/pt-pt\/implante-dfi-d-4-2-mm-10-mm-cs\/\" \/>\n<meta property=\"og:locale\" content=\"pt_PT\" \/>\n<meta property=\"og:type\" content=\"article\" \/>\n<meta property=\"og:title\" content=\"Implante DFI D 4.2 mm A 10 mm (CS) - Tienda Alpha-Bio Iberia\" \/>\n<meta property=\"og:description\" content=\"Implante DFI D 4.2 mm A 10 mm (CS) en Tienda Alpha-Bio Iberia por 150.00 \u20ac! O implante DFI Standard Tapered Connection \u00e9 adequado para todos os tipos de osso e protocolos cir\u00fargicos. Um novo design c\u00f3nico da Alpha-Bio Tec. que\" \/>\n<meta property=\"og:url\" content=\"https:\/\/eshop.alphabio-iberia.com\/pt-pt\/implante-dfi-d-4-2-mm-10-mm-cs\/\" \/>\n<meta property=\"og:site_name\" content=\"Tienda Alpha-Bio Iberia\" \/>\n<meta property=\"article:modified_time\" content=\"2023-06-27T11:42:40+00:00\" \/>\n<meta property=\"og:image\" content=\"https:\/\/eshop.alphabio-iberia.com\/wp-content\/uploads\/2022\/10\/1828_DFI-4.png\" \/>\n\t<meta property=\"og:image:width\" content=\"500\" \/>\n\t<meta property=\"og:image:height\" content=\"500\" \/>\n\t<meta property=\"og:image:type\" content=\"image\/png\" \/>\n<meta name=\"twitter:card\" content=\"summary_large_image\" \/>\n<meta name=\"twitter:label1\" content=\"Tempo estimado de leitura\" \/>\n\t<meta name=\"twitter:data1\" content=\"1 minuto\" \/>\n<script type=\"application\/ld+json\" class=\"yoast-schema-graph\">{\"@context\":\"https:\/\/schema.org\",\"@graph\":[{\"@type\":\"WebPage\",\"@id\":\"https:\/\/eshop.alphabio-iberia.com\/pt-pt\/implante-dfi-d-4-2-mm-10-mm-cs\/\",\"url\":\"https:\/\/eshop.alphabio-iberia.com\/pt-pt\/implante-dfi-d-4-2-mm-10-mm-cs\/\",\"name\":\"Implante DFI D 4.2 mm A 10 mm (CS) - Tienda Alpha-Bio Iberia\",\"isPartOf\":{\"@id\":\"https:\/\/eshop.alphabio-iberia.com\/#website\"},\"primaryImageOfPage\":{\"@id\":\"https:\/\/eshop.alphabio-iberia.com\/pt-pt\/implante-dfi-d-4-2-mm-10-mm-cs\/#primaryimage\"},\"image\":{\"@id\":\"https:\/\/eshop.alphabio-iberia.com\/pt-pt\/implante-dfi-d-4-2-mm-10-mm-cs\/#primaryimage\"},\"thumbnailUrl\":\"https:\/\/eshop.alphabio-iberia.com\/wp-content\/uploads\/2022\/10\/1828_DFI-4.png\",\"datePublished\":\"2022-10-07T08:53:23+00:00\",\"dateModified\":\"2023-06-27T11:42:40+00:00\",\"description\":\"Implante DFI D 4.2 mm A 10 mm (CS) en Tienda Alpha-Bio Iberia por 150.00 \u20ac! O implante DFI Standard Tapered Connection \u00e9 adequado para todos os tipos de osso e protocolos cir\u00fargicos. Um novo design c\u00f3nico da Alpha-Bio Tec. que\",\"breadcrumb\":{\"@id\":\"https:\/\/eshop.alphabio-iberia.com\/pt-pt\/implante-dfi-d-4-2-mm-10-mm-cs\/#breadcrumb\"},\"inLanguage\":\"pt-PT\",\"potentialAction\":[{\"@type\":\"ReadAction\",\"target\":[\"https:\/\/eshop.alphabio-iberia.com\/pt-pt\/implante-dfi-d-4-2-mm-10-mm-cs\/\"]}]},{\"@type\":\"ImageObject\",\"inLanguage\":\"pt-PT\",\"@id\":\"https:\/\/eshop.alphabio-iberia.com\/pt-pt\/implante-dfi-d-4-2-mm-10-mm-cs\/#primaryimage\",\"url\":\"https:\/\/eshop.alphabio-iberia.com\/wp-content\/uploads\/2022\/10\/1828_DFI-4.png\",\"contentUrl\":\"https:\/\/eshop.alphabio-iberia.com\/wp-content\/uploads\/2022\/10\/1828_DFI-4.png\",\"width\":500,\"height\":500},{\"@type\":\"BreadcrumbList\",\"@id\":\"https:\/\/eshop.alphabio-iberia.com\/pt-pt\/implante-dfi-d-4-2-mm-10-mm-cs\/#breadcrumb\",\"itemListElement\":[{\"@type\":\"ListItem\",\"position\":1,\"name\":\"Portada\",\"item\":\"https:\/\/eshop.alphabio-iberia.com\/\"},{\"@type\":\"ListItem\",\"position\":2,\"name\":\"Tienda\",\"item\":\"https:\/\/eshop.alphabio-iberia.com\/tienda\/\"},{\"@type\":\"ListItem\",\"position\":3,\"name\":\"Implante DFI D 4.2 mm A 10 mm (CS)\"}]},{\"@type\":\"WebSite\",\"@id\":\"https:\/\/eshop.alphabio-iberia.com\/#website\",\"url\":\"https:\/\/eshop.alphabio-iberia.com\/\",\"name\":\"Tienda Alpha-Bio Iberia\",\"description\":\"Ofrecemos una soluci\u00f3n 360\u00ba para odont\u00f3logos, implant\u00f3logos y cirujanos en implantolog\u00eda, ROG y odontolog\u00eda digital, acompa\u00f1ado de un amplio programa formativo en Espa\u00f1a y Portugal.\",\"publisher\":{\"@id\":\"https:\/\/eshop.alphabio-iberia.com\/#organization\"},\"potentialAction\":[{\"@type\":\"SearchAction\",\"target\":{\"@type\":\"EntryPoint\",\"urlTemplate\":\"https:\/\/eshop.alphabio-iberia.com\/?s={search_term_string}\"},\"query-input\":{\"@type\":\"PropertyValueSpecification\",\"valueRequired\":true,\"valueName\":\"search_term_string\"}}],\"inLanguage\":\"pt-PT\"},{\"@type\":\"Organization\",\"@id\":\"https:\/\/eshop.alphabio-iberia.com\/#organization\",\"name\":\"Medical 10\",\"url\":\"https:\/\/eshop.alphabio-iberia.com\/\",\"logo\":{\"@type\":\"ImageObject\",\"inLanguage\":\"pt-PT\",\"@id\":\"https:\/\/eshop.alphabio-iberia.com\/#\/schema\/logo\/image\/\",\"url\":\"https:\/\/eshop.medical10.es\/wp-content\/uploads\/2021\/07\/cropped-m10_header_2.png\",\"contentUrl\":\"https:\/\/eshop.medical10.es\/wp-content\/uploads\/2021\/07\/cropped-m10_header_2.png\",\"width\":165,\"height\":97,\"caption\":\"Medical 10\"},\"image\":{\"@id\":\"https:\/\/eshop.alphabio-iberia.com\/#\/schema\/logo\/image\/\"}}]}<\/script>\n<!-- \/ Yoast SEO plugin. -->","yoast_head_json":{"title":"Implante DFI D 4.2 mm A 10 mm (CS) - Tienda Alpha-Bio Iberia","description":"Implante DFI D 4.2 mm A 10 mm (CS) en Tienda Alpha-Bio Iberia por 150.00 \u20ac! O implante DFI Standard Tapered Connection \u00e9 adequado para todos os tipos de osso e protocolos cir\u00fargicos. Um novo design c\u00f3nico da Alpha-Bio Tec. que","robots":{"index":"index","follow":"follow","max-snippet":"max-snippet:-1","max-image-preview":"max-image-preview:large","max-video-preview":"max-video-preview:-1"},"canonical":"https:\/\/eshop.alphabio-iberia.com\/pt-pt\/implante-dfi-d-4-2-mm-10-mm-cs\/","og_locale":"pt_PT","og_type":"article","og_title":"Implante DFI D 4.2 mm A 10 mm (CS) - Tienda Alpha-Bio Iberia","og_description":"Implante DFI D 4.2 mm A 10 mm (CS) en Tienda Alpha-Bio Iberia por 150.00 \u20ac! O implante DFI Standard Tapered Connection \u00e9 adequado para todos os tipos de osso e protocolos cir\u00fargicos. Um novo design c\u00f3nico da Alpha-Bio Tec. que","og_url":"https:\/\/eshop.alphabio-iberia.com\/pt-pt\/implante-dfi-d-4-2-mm-10-mm-cs\/","og_site_name":"Tienda Alpha-Bio Iberia","article_modified_time":"2023-06-27T11:42:40+00:00","og_image":[{"width":500,"height":500,"url":"https:\/\/eshop.alphabio-iberia.com\/wp-content\/uploads\/2022\/10\/1828_DFI-4.png","type":"image\/png"}],"twitter_card":"summary_large_image","twitter_misc":{"Tempo estimado de leitura":"1 minuto"},"schema":{"@context":"https:\/\/schema.org","@graph":[{"@type":"WebPage","@id":"https:\/\/eshop.alphabio-iberia.com\/pt-pt\/implante-dfi-d-4-2-mm-10-mm-cs\/","url":"https:\/\/eshop.alphabio-iberia.com\/pt-pt\/implante-dfi-d-4-2-mm-10-mm-cs\/","name":"Implante DFI D 4.2 mm A 10 mm (CS) - Tienda Alpha-Bio Iberia","isPartOf":{"@id":"https:\/\/eshop.alphabio-iberia.com\/#website"},"primaryImageOfPage":{"@id":"https:\/\/eshop.alphabio-iberia.com\/pt-pt\/implante-dfi-d-4-2-mm-10-mm-cs\/#primaryimage"},"image":{"@id":"https:\/\/eshop.alphabio-iberia.com\/pt-pt\/implante-dfi-d-4-2-mm-10-mm-cs\/#primaryimage"},"thumbnailUrl":"https:\/\/eshop.alphabio-iberia.com\/wp-content\/uploads\/2022\/10\/1828_DFI-4.png","datePublished":"2022-10-07T08:53:23+00:00","dateModified":"2023-06-27T11:42:40+00:00","description":"Implante DFI D 4.2 mm A 10 mm (CS) en Tienda Alpha-Bio Iberia por 150.00 \u20ac! O implante DFI Standard Tapered Connection \u00e9 adequado para todos os tipos de osso e protocolos cir\u00fargicos. Um novo design c\u00f3nico da Alpha-Bio Tec. que","breadcrumb":{"@id":"https:\/\/eshop.alphabio-iberia.com\/pt-pt\/implante-dfi-d-4-2-mm-10-mm-cs\/#breadcrumb"},"inLanguage":"pt-PT","potentialAction":[{"@type":"ReadAction","target":["https:\/\/eshop.alphabio-iberia.com\/pt-pt\/implante-dfi-d-4-2-mm-10-mm-cs\/"]}]},{"@type":"ImageObject","inLanguage":"pt-PT","@id":"https:\/\/eshop.alphabio-iberia.com\/pt-pt\/implante-dfi-d-4-2-mm-10-mm-cs\/#primaryimage","url":"https:\/\/eshop.alphabio-iberia.com\/wp-content\/uploads\/2022\/10\/1828_DFI-4.png","contentUrl":"https:\/\/eshop.alphabio-iberia.com\/wp-content\/uploads\/2022\/10\/1828_DFI-4.png","width":500,"height":500},{"@type":"BreadcrumbList","@id":"https:\/\/eshop.alphabio-iberia.com\/pt-pt\/implante-dfi-d-4-2-mm-10-mm-cs\/#breadcrumb","itemListElement":[{"@type":"ListItem","position":1,"name":"Portada","item":"https:\/\/eshop.alphabio-iberia.com\/"},{"@type":"ListItem","position":2,"name":"Tienda","item":"https:\/\/eshop.alphabio-iberia.com\/tienda\/"},{"@type":"ListItem","position":3,"name":"Implante DFI D 4.2 mm A 10 mm (CS)"}]},{"@type":"WebSite","@id":"https:\/\/eshop.alphabio-iberia.com\/#website","url":"https:\/\/eshop.alphabio-iberia.com\/","name":"Tienda Alpha-Bio Iberia","description":"Ofrecemos una soluci\u00f3n 360\u00ba para odont\u00f3logos, implant\u00f3logos y cirujanos en implantolog\u00eda, ROG y odontolog\u00eda digital, acompa\u00f1ado de un amplio programa formativo en Espa\u00f1a y Portugal.","publisher":{"@id":"https:\/\/eshop.alphabio-iberia.com\/#organization"},"potentialAction":[{"@type":"SearchAction","target":{"@type":"EntryPoint","urlTemplate":"https:\/\/eshop.alphabio-iberia.com\/?s={search_term_string}"},"query-input":{"@type":"PropertyValueSpecification","valueRequired":true,"valueName":"search_term_string"}}],"inLanguage":"pt-PT"},{"@type":"Organization","@id":"https:\/\/eshop.alphabio-iberia.com\/#organization","name":"Medical 10","url":"https:\/\/eshop.alphabio-iberia.com\/","logo":{"@type":"ImageObject","inLanguage":"pt-PT","@id":"https:\/\/eshop.alphabio-iberia.com\/#\/schema\/logo\/image\/","url":"https:\/\/eshop.medical10.es\/wp-content\/uploads\/2021\/07\/cropped-m10_header_2.png","contentUrl":"https:\/\/eshop.medical10.es\/wp-content\/uploads\/2021\/07\/cropped-m10_header_2.png","width":165,"height":97,"caption":"Medical 10"},"image":{"@id":"https:\/\/eshop.alphabio-iberia.com\/#\/schema\/logo\/image\/"}}]}},"_links":{"self":[{"href":"https:\/\/eshop.alphabio-iberia.com\/pt-pt\/wp-json\/wp\/v2\/product\/23142","targetHints":{"allow":["GET"]}}],"collection":[{"href":"https:\/\/eshop.alphabio-iberia.com\/pt-pt\/wp-json\/wp\/v2\/product"}],"about":[{"href":"https:\/\/eshop.alphabio-iberia.com\/pt-pt\/wp-json\/wp\/v2\/types\/product"}],"replies":[{"embeddable":true,"href":"https:\/\/eshop.alphabio-iberia.com\/pt-pt\/wp-json\/wp\/v2\/comments?post=23142"}],"wp:featuredmedia":[{"embeddable":true,"href":"https:\/\/eshop.alphabio-iberia.com\/pt-pt\/wp-json\/wp\/v2\/media\/23143"}],"wp:attachment":[{"href":"https:\/\/eshop.alphabio-iberia.com\/pt-pt\/wp-json\/wp\/v2\/media?parent=23142"}],"wp:term":[{"taxonomy":"product_cat","embeddable":true,"href":"https:\/\/eshop.alphabio-iberia.com\/pt-pt\/wp-json\/wp\/v2\/product_cat?post=23142"},{"taxonomy":"product_tag","embeddable":true,"href":"https:\/\/eshop.alphabio-iberia.com\/pt-pt\/wp-json\/wp\/v2\/product_tag?post=23142"}],"curies":[{"name":"wp","href":"https:\/\/api.w.org\/{rel}","templated":true}]}}