{"id":23158,"date":"2022-05-16T10:14:58","date_gmt":"2022-05-16T10:14:58","guid":{"rendered":"https:\/\/eshop.medical10.es\/producto\/kit-quirurgico-de-fresas-escalonadas\/"},"modified":"2023-06-27T11:42:33","modified_gmt":"2023-06-27T11:42:33","slug":"kit-quirurgico-de-fresas-escalonadas-prueba","status":"publish","type":"product","link":"https:\/\/eshop.alphabio-iberia.com\/pt-pt\/kit-quirurgico-fresas-escalonadas\/","title":{"rendered":"Kit quir\u00fargico de fresas escalonadas"},"content":{"rendered":"<p>Kit quir\u00fargico de fresas escalonadas<\/p>\n","protected":false},"excerpt":{"rendered":"<p>Kit quir\u00fargico de fresas escalonadas<\/p>\n","protected":false},"featured_media":23159,"comment_status":"open","ping_status":"closed","template":"","meta":[],"product_cat":[468],"product_tag":[],"class_list":{"0":"post-23158","1":"product","2":"type-product","3":"status-publish","4":"has-post-thumbnail","6":"product_cat-alpha-bio-tec","7":"pa_conexion-conexion-conica-conexion-conica-estrecha-pt-pt","8":"pa_conexion-conexion-interna-pt-pt","9":"pa_conexion-conexion-interna-conexion-conica-estrecha-pt-pt","11":"first","12":"instock","13":"taxable","14":"shipping-taxable","15":"product-type-variable"},"acf":[],"yoast_head":"<!-- This site is optimized with the Yoast SEO plugin v27.2 - https:\/\/yoast.com\/product\/yoast-seo-wordpress\/ -->\n<title>Kit quir\u00fargico de fresas escalonadas - Tienda Alpha-Bio Iberia<\/title>\n<meta name=\"description\" content=\"Kit quir\u00fargico de fresas escalonadas en Tienda Alpha-Bio Iberia por \u20ac! Kit quir\u00fargico de fresas escalonadas\" \/>\n<meta name=\"robots\" content=\"index, follow, max-snippet:-1, max-image-preview:large, max-video-preview:-1\" \/>\n<link rel=\"canonical\" href=\"https:\/\/eshop.alphabio-iberia.com\/pt-pt\/kit-quirurgico-fresas-escalonadas\/\" \/>\n<meta property=\"og:locale\" content=\"pt_PT\" \/>\n<meta property=\"og:type\" content=\"article\" \/>\n<meta property=\"og:title\" content=\"Kit quir\u00fargico de fresas escalonadas - Tienda Alpha-Bio Iberia\" \/>\n<meta property=\"og:description\" content=\"Kit quir\u00fargico de fresas escalonadas en Tienda Alpha-Bio Iberia por \u20ac! Kit quir\u00fargico de fresas escalonadas\" \/>\n<meta property=\"og:url\" content=\"https:\/\/eshop.alphabio-iberia.com\/pt-pt\/kit-quirurgico-fresas-escalonadas\/\" \/>\n<meta property=\"og:site_name\" content=\"Tienda Alpha-Bio Iberia\" \/>\n<meta property=\"article:modified_time\" content=\"2023-06-27T11:42:33+00:00\" \/>\n<meta property=\"og:image\" content=\"https:\/\/eshop.alphabio-iberia.com\/wp-content\/uploads\/2022\/02\/kit_119_1.png\" \/>\n\t<meta property=\"og:image:width\" content=\"500\" \/>\n\t<meta property=\"og:image:height\" content=\"500\" \/>\n\t<meta property=\"og:image:type\" content=\"image\/png\" \/>\n<meta name=\"twitter:card\" content=\"summary_large_image\" \/>\n<script type=\"application\/ld+json\" class=\"yoast-schema-graph\">{\"@context\":\"https:\/\/schema.org\",\"@graph\":[{\"@type\":\"WebPage\",\"@id\":\"https:\/\/eshop.alphabio-iberia.com\/pt-pt\/kit-quirurgico-fresas-escalonadas\/\",\"url\":\"https:\/\/eshop.alphabio-iberia.com\/pt-pt\/kit-quirurgico-fresas-escalonadas\/\",\"name\":\"Kit quir\u00fargico de fresas escalonadas - Tienda Alpha-Bio Iberia\",\"isPartOf\":{\"@id\":\"https:\/\/eshop.alphabio-iberia.com\/#website\"},\"primaryImageOfPage\":{\"@id\":\"https:\/\/eshop.alphabio-iberia.com\/pt-pt\/kit-quirurgico-fresas-escalonadas\/#primaryimage\"},\"image\":{\"@id\":\"https:\/\/eshop.alphabio-iberia.com\/pt-pt\/kit-quirurgico-fresas-escalonadas\/#primaryimage\"},\"thumbnailUrl\":\"https:\/\/eshop.alphabio-iberia.com\/wp-content\/uploads\/2022\/02\/kit_119_1.png\",\"datePublished\":\"2022-05-16T10:14:58+00:00\",\"dateModified\":\"2023-06-27T11:42:33+00:00\",\"description\":\"Kit quir\u00fargico de fresas escalonadas en Tienda Alpha-Bio Iberia por \u20ac! Kit quir\u00fargico de fresas escalonadas\",\"breadcrumb\":{\"@id\":\"https:\/\/eshop.alphabio-iberia.com\/pt-pt\/kit-quirurgico-fresas-escalonadas\/#breadcrumb\"},\"inLanguage\":\"pt-PT\",\"potentialAction\":[{\"@type\":\"ReadAction\",\"target\":[\"https:\/\/eshop.alphabio-iberia.com\/pt-pt\/kit-quirurgico-fresas-escalonadas\/\"]}]},{\"@type\":\"ImageObject\",\"inLanguage\":\"pt-PT\",\"@id\":\"https:\/\/eshop.alphabio-iberia.com\/pt-pt\/kit-quirurgico-fresas-escalonadas\/#primaryimage\",\"url\":\"https:\/\/eshop.alphabio-iberia.com\/wp-content\/uploads\/2022\/02\/kit_119_1.png\",\"contentUrl\":\"https:\/\/eshop.alphabio-iberia.com\/wp-content\/uploads\/2022\/02\/kit_119_1.png\",\"width\":500,\"height\":500,\"caption\":\"Kit quir\u00fargico de fresas escalonadas\"},{\"@type\":\"BreadcrumbList\",\"@id\":\"https:\/\/eshop.alphabio-iberia.com\/pt-pt\/kit-quirurgico-fresas-escalonadas\/#breadcrumb\",\"itemListElement\":[{\"@type\":\"ListItem\",\"position\":1,\"name\":\"Portada\",\"item\":\"https:\/\/eshop.alphabio-iberia.com\/\"},{\"@type\":\"ListItem\",\"position\":2,\"name\":\"Tienda\",\"item\":\"https:\/\/eshop.alphabio-iberia.com\/tienda\/\"},{\"@type\":\"ListItem\",\"position\":3,\"name\":\"Kit quir\u00fargico de fresas escalonadas\"}]},{\"@type\":\"WebSite\",\"@id\":\"https:\/\/eshop.alphabio-iberia.com\/#website\",\"url\":\"https:\/\/eshop.alphabio-iberia.com\/\",\"name\":\"Tienda Alpha-Bio Iberia\",\"description\":\"Ofrecemos una soluci\u00f3n 360\u00ba para odont\u00f3logos, implant\u00f3logos y cirujanos en implantolog\u00eda, ROG y odontolog\u00eda digital, acompa\u00f1ado de un amplio programa formativo en Espa\u00f1a y Portugal.\",\"publisher\":{\"@id\":\"https:\/\/eshop.alphabio-iberia.com\/#organization\"},\"potentialAction\":[{\"@type\":\"SearchAction\",\"target\":{\"@type\":\"EntryPoint\",\"urlTemplate\":\"https:\/\/eshop.alphabio-iberia.com\/?s={search_term_string}\"},\"query-input\":{\"@type\":\"PropertyValueSpecification\",\"valueRequired\":true,\"valueName\":\"search_term_string\"}}],\"inLanguage\":\"pt-PT\"},{\"@type\":\"Organization\",\"@id\":\"https:\/\/eshop.alphabio-iberia.com\/#organization\",\"name\":\"Medical 10\",\"url\":\"https:\/\/eshop.alphabio-iberia.com\/\",\"logo\":{\"@type\":\"ImageObject\",\"inLanguage\":\"pt-PT\",\"@id\":\"https:\/\/eshop.alphabio-iberia.com\/#\/schema\/logo\/image\/\",\"url\":\"https:\/\/eshop.medical10.es\/wp-content\/uploads\/2021\/07\/cropped-m10_header_2.png\",\"contentUrl\":\"https:\/\/eshop.medical10.es\/wp-content\/uploads\/2021\/07\/cropped-m10_header_2.png\",\"width\":165,\"height\":97,\"caption\":\"Medical 10\"},\"image\":{\"@id\":\"https:\/\/eshop.alphabio-iberia.com\/#\/schema\/logo\/image\/\"}}]}<\/script>\n<!-- \/ Yoast SEO plugin. -->","yoast_head_json":{"title":"Kit quir\u00fargico de fresas escalonadas - Tienda Alpha-Bio Iberia","description":"Kit quir\u00fargico de fresas escalonadas en Tienda Alpha-Bio Iberia por \u20ac! Kit quir\u00fargico de fresas escalonadas","robots":{"index":"index","follow":"follow","max-snippet":"max-snippet:-1","max-image-preview":"max-image-preview:large","max-video-preview":"max-video-preview:-1"},"canonical":"https:\/\/eshop.alphabio-iberia.com\/pt-pt\/kit-quirurgico-fresas-escalonadas\/","og_locale":"pt_PT","og_type":"article","og_title":"Kit quir\u00fargico de fresas escalonadas - Tienda Alpha-Bio Iberia","og_description":"Kit quir\u00fargico de fresas escalonadas en Tienda Alpha-Bio Iberia por \u20ac! Kit quir\u00fargico de fresas escalonadas","og_url":"https:\/\/eshop.alphabio-iberia.com\/pt-pt\/kit-quirurgico-fresas-escalonadas\/","og_site_name":"Tienda Alpha-Bio Iberia","article_modified_time":"2023-06-27T11:42:33+00:00","og_image":[{"width":500,"height":500,"url":"https:\/\/eshop.alphabio-iberia.com\/wp-content\/uploads\/2022\/02\/kit_119_1.png","type":"image\/png"}],"twitter_card":"summary_large_image","schema":{"@context":"https:\/\/schema.org","@graph":[{"@type":"WebPage","@id":"https:\/\/eshop.alphabio-iberia.com\/pt-pt\/kit-quirurgico-fresas-escalonadas\/","url":"https:\/\/eshop.alphabio-iberia.com\/pt-pt\/kit-quirurgico-fresas-escalonadas\/","name":"Kit quir\u00fargico de fresas escalonadas - Tienda Alpha-Bio Iberia","isPartOf":{"@id":"https:\/\/eshop.alphabio-iberia.com\/#website"},"primaryImageOfPage":{"@id":"https:\/\/eshop.alphabio-iberia.com\/pt-pt\/kit-quirurgico-fresas-escalonadas\/#primaryimage"},"image":{"@id":"https:\/\/eshop.alphabio-iberia.com\/pt-pt\/kit-quirurgico-fresas-escalonadas\/#primaryimage"},"thumbnailUrl":"https:\/\/eshop.alphabio-iberia.com\/wp-content\/uploads\/2022\/02\/kit_119_1.png","datePublished":"2022-05-16T10:14:58+00:00","dateModified":"2023-06-27T11:42:33+00:00","description":"Kit quir\u00fargico de fresas escalonadas en Tienda Alpha-Bio Iberia por \u20ac! Kit quir\u00fargico de fresas escalonadas","breadcrumb":{"@id":"https:\/\/eshop.alphabio-iberia.com\/pt-pt\/kit-quirurgico-fresas-escalonadas\/#breadcrumb"},"inLanguage":"pt-PT","potentialAction":[{"@type":"ReadAction","target":["https:\/\/eshop.alphabio-iberia.com\/pt-pt\/kit-quirurgico-fresas-escalonadas\/"]}]},{"@type":"ImageObject","inLanguage":"pt-PT","@id":"https:\/\/eshop.alphabio-iberia.com\/pt-pt\/kit-quirurgico-fresas-escalonadas\/#primaryimage","url":"https:\/\/eshop.alphabio-iberia.com\/wp-content\/uploads\/2022\/02\/kit_119_1.png","contentUrl":"https:\/\/eshop.alphabio-iberia.com\/wp-content\/uploads\/2022\/02\/kit_119_1.png","width":500,"height":500,"caption":"Kit quir\u00fargico de fresas escalonadas"},{"@type":"BreadcrumbList","@id":"https:\/\/eshop.alphabio-iberia.com\/pt-pt\/kit-quirurgico-fresas-escalonadas\/#breadcrumb","itemListElement":[{"@type":"ListItem","position":1,"name":"Portada","item":"https:\/\/eshop.alphabio-iberia.com\/"},{"@type":"ListItem","position":2,"name":"Tienda","item":"https:\/\/eshop.alphabio-iberia.com\/tienda\/"},{"@type":"ListItem","position":3,"name":"Kit quir\u00fargico de fresas escalonadas"}]},{"@type":"WebSite","@id":"https:\/\/eshop.alphabio-iberia.com\/#website","url":"https:\/\/eshop.alphabio-iberia.com\/","name":"Tienda Alpha-Bio Iberia","description":"Ofrecemos una soluci\u00f3n 360\u00ba para odont\u00f3logos, implant\u00f3logos y cirujanos en implantolog\u00eda, ROG y odontolog\u00eda digital, acompa\u00f1ado de un amplio programa formativo en Espa\u00f1a y Portugal.","publisher":{"@id":"https:\/\/eshop.alphabio-iberia.com\/#organization"},"potentialAction":[{"@type":"SearchAction","target":{"@type":"EntryPoint","urlTemplate":"https:\/\/eshop.alphabio-iberia.com\/?s={search_term_string}"},"query-input":{"@type":"PropertyValueSpecification","valueRequired":true,"valueName":"search_term_string"}}],"inLanguage":"pt-PT"},{"@type":"Organization","@id":"https:\/\/eshop.alphabio-iberia.com\/#organization","name":"Medical 10","url":"https:\/\/eshop.alphabio-iberia.com\/","logo":{"@type":"ImageObject","inLanguage":"pt-PT","@id":"https:\/\/eshop.alphabio-iberia.com\/#\/schema\/logo\/image\/","url":"https:\/\/eshop.medical10.es\/wp-content\/uploads\/2021\/07\/cropped-m10_header_2.png","contentUrl":"https:\/\/eshop.medical10.es\/wp-content\/uploads\/2021\/07\/cropped-m10_header_2.png","width":165,"height":97,"caption":"Medical 10"},"image":{"@id":"https:\/\/eshop.alphabio-iberia.com\/#\/schema\/logo\/image\/"}}]}},"_links":{"self":[{"href":"https:\/\/eshop.alphabio-iberia.com\/pt-pt\/wp-json\/wp\/v2\/product\/23158","targetHints":{"allow":["GET"]}}],"collection":[{"href":"https:\/\/eshop.alphabio-iberia.com\/pt-pt\/wp-json\/wp\/v2\/product"}],"about":[{"href":"https:\/\/eshop.alphabio-iberia.com\/pt-pt\/wp-json\/wp\/v2\/types\/product"}],"replies":[{"embeddable":true,"href":"https:\/\/eshop.alphabio-iberia.com\/pt-pt\/wp-json\/wp\/v2\/comments?post=23158"}],"wp:featuredmedia":[{"embeddable":true,"href":"https:\/\/eshop.alphabio-iberia.com\/pt-pt\/wp-json\/wp\/v2\/media\/23159"}],"wp:attachment":[{"href":"https:\/\/eshop.alphabio-iberia.com\/pt-pt\/wp-json\/wp\/v2\/media?parent=23158"}],"wp:term":[{"taxonomy":"product_cat","embeddable":true,"href":"https:\/\/eshop.alphabio-iberia.com\/pt-pt\/wp-json\/wp\/v2\/product_cat?post=23158"},{"taxonomy":"product_tag","embeddable":true,"href":"https:\/\/eshop.alphabio-iberia.com\/pt-pt\/wp-json\/wp\/v2\/product_tag?post=23158"}],"curies":[{"name":"wp","href":"https:\/\/api.w.org\/{rel}","templated":true}]}}