{"id":23300,"date":"2022-01-13T19:26:58","date_gmt":"2022-01-13T19:26:58","guid":{"rendered":"https:\/\/eshop.medical10.es\/producto\/monitorizador-de-osteointegracion-nsk-osseo-100\/"},"modified":"2023-06-27T11:41:49","modified_gmt":"2023-06-27T11:41:49","slug":"monitorizador-de-osteointegracion-nsk-osseo-100","status":"publish","type":"product","link":"https:\/\/eshop.alphabio-iberia.com\/pt-pt\/monitorizador-osteointegracion-nsk-osseo-100\/","title":{"rendered":"Monitor de osteointegra\u00e7\u00e3o Nsk-Osseo 100"},"content":{"rendered":"<p>O Osseo 100 mede a estabilidade e a osteointegra\u00e7\u00e3o do implante para melhorar<br \/>\nosseointegra\u00e7\u00e3o para melhorar a tomada de decis\u00f5es<br \/>\nquando carregar o implante, um factor particularmente importante<br \/>\nparticularmente importante quando se aplicam protocolos com<br \/>\nprotocolos com per\u00edodos de tratamento mais curtos<br \/>\nou no tratamento de doentes de alto risco. Tratamento<br \/>\ntempo de tratamento<br \/>\nreduzido<br \/>\nAumento da procura de t\u00e9cnicas de diagn\u00f3stico mais exactas<br \/>\nt\u00e9cnicas de diagn\u00f3stico mais exactas para evitar falhas.<br \/>\nA opera\u00e7\u00e3o simples de medi\u00e7\u00e3o do ISQ permite que o per\u00edodo de carga do implante seja planeado com anteced\u00eancia.<br \/>\nA reconstru\u00e7\u00e3o da coroa e da ponte pode ser planeada para reduzir o risco de fracasso. As medi\u00e7\u00f5es<br \/>\nAs medi\u00e7\u00f5es podem ser efectuadas sem choques desnecess\u00e1rios, uma vez que o dispositivo n\u00e3o entra em contacto f\u00edsico com o implante ou com o implante.<br \/>\nO dispositivo n\u00e3o entra em contacto com o implante e o pilar.<\/p>\n","protected":false},"excerpt":{"rendered":"<p>O Osseo 100 mede a estabilidade e a osteointegra\u00e7\u00e3o do implante para melhorar osseointegra\u00e7\u00e3o para melhorar a tomada de decis\u00f5es quando carregar o implante, um factor particularmente importante particularmente importante quando se aplicam protocolos com protocolos com per\u00edodos de tratamento mais curtos ou no tratamento de doentes de alto risco. Tratamento tempo de tratamento reduzido [&hellip;]<\/p>\n","protected":false},"featured_media":23301,"comment_status":"open","ping_status":"closed","template":"","meta":{"_acf_changed":false},"product_brand":[],"product_cat":[15],"product_tag":[],"class_list":{"0":"post-23300","1":"product","2":"type-product","3":"status-publish","4":"has-post-thumbnail","6":"product_cat-sin-categorizar","8":"first","9":"outofstock","10":"taxable","11":"shipping-taxable","12":"product-type-simple"},"acf":[],"yoast_head":"<!-- This site is optimized with the Yoast SEO plugin v27.5 - https:\/\/yoast.com\/product\/yoast-seo-wordpress\/ -->\n<title>Monitor de osteointegra\u00e7\u00e3o Nsk-Osseo 100 - Tienda Alpha-Bio Iberia<\/title>\n<meta name=\"description\" content=\"Monitor de osteointegra\u00e7\u00e3o Nsk-Osseo 100 en Tienda Alpha-Bio Iberia por 3058.00 \u20ac! O Osseo 100 mede a estabilidade e a osteointegra\u00e7\u00e3o do implante para melhorar osseointegra\u00e7\u00e3o para melhorar a tomada de decis\u00f5es quando carregar o\" \/>\n<meta name=\"robots\" content=\"index, follow, max-snippet:-1, max-image-preview:large, max-video-preview:-1\" \/>\n<link rel=\"canonical\" href=\"https:\/\/eshop.alphabio-iberia.com\/?post_type=product&p=11055\" \/>\n<meta property=\"og:locale\" content=\"pt_PT\" \/>\n<meta property=\"og:type\" content=\"article\" \/>\n<meta property=\"og:title\" content=\"Monitor de osteointegra\u00e7\u00e3o Nsk-Osseo 100 - Tienda Alpha-Bio Iberia\" \/>\n<meta property=\"og:description\" content=\"Monitor de osteointegra\u00e7\u00e3o Nsk-Osseo 100 en Tienda Alpha-Bio Iberia por 3058.00 \u20ac! O Osseo 100 mede a estabilidade e a osteointegra\u00e7\u00e3o do implante para melhorar osseointegra\u00e7\u00e3o para melhorar a tomada de decis\u00f5es quando carregar o\" \/>\n<meta property=\"og:url\" content=\"https:\/\/eshop.alphabio-iberia.com\/?post_type=product&amp;p=11055\" \/>\n<meta property=\"og:site_name\" content=\"Tienda Alpha-Bio Iberia\" \/>\n<meta property=\"article:modified_time\" content=\"2023-06-27T11:41:49+00:00\" \/>\n<meta property=\"og:image\" content=\"https:\/\/eshop.alphabio-iberia.com\/wp-content\/uploads\/2022\/02\/Y1004175_osseo100.png\" \/>\n\t<meta property=\"og:image:width\" content=\"500\" \/>\n\t<meta property=\"og:image:height\" content=\"500\" \/>\n\t<meta property=\"og:image:type\" content=\"image\/png\" \/>\n<meta name=\"twitter:card\" content=\"summary_large_image\" \/>\n<meta name=\"twitter:label1\" content=\"Tempo estimado de leitura\" \/>\n\t<meta name=\"twitter:data1\" content=\"1 minuto\" \/>\n<script type=\"application\/ld+json\" class=\"yoast-schema-graph\">{\"@context\":\"https:\\\/\\\/schema.org\",\"@graph\":[{\"@type\":\"WebPage\",\"@id\":\"https:\\\/\\\/eshop.alphabio-iberia.com\\\/?post_type=product&p=11055\",\"url\":\"https:\\\/\\\/eshop.alphabio-iberia.com\\\/?post_type=product&p=11055\",\"name\":\"Monitor de osteointegra\u00e7\u00e3o Nsk-Osseo 100 - Tienda Alpha-Bio Iberia\",\"isPartOf\":{\"@id\":\"https:\\\/\\\/eshop.alphabio-iberia.com\\\/#website\"},\"primaryImageOfPage\":{\"@id\":\"https:\\\/\\\/eshop.alphabio-iberia.com\\\/?post_type=product&p=11055#primaryimage\"},\"image\":{\"@id\":\"https:\\\/\\\/eshop.alphabio-iberia.com\\\/?post_type=product&p=11055#primaryimage\"},\"thumbnailUrl\":\"https:\\\/\\\/eshop.alphabio-iberia.com\\\/wp-content\\\/uploads\\\/2022\\\/02\\\/Y1004175_osseo100.png\",\"datePublished\":\"2022-01-13T19:26:58+00:00\",\"dateModified\":\"2023-06-27T11:41:49+00:00\",\"description\":\"Monitor de osteointegra\u00e7\u00e3o Nsk-Osseo 100 en Tienda Alpha-Bio Iberia por 3058.00 \u20ac! O Osseo 100 mede a estabilidade e a osteointegra\u00e7\u00e3o do implante para melhorar osseointegra\u00e7\u00e3o para melhorar a tomada de decis\u00f5es quando carregar o\",\"breadcrumb\":{\"@id\":\"https:\\\/\\\/eshop.alphabio-iberia.com\\\/?post_type=product&p=11055#breadcrumb\"},\"inLanguage\":\"pt-PT\",\"potentialAction\":[{\"@type\":\"ReadAction\",\"target\":[\"https:\\\/\\\/eshop.alphabio-iberia.com\\\/?post_type=product&p=11055\"]}]},{\"@type\":\"ImageObject\",\"inLanguage\":\"pt-PT\",\"@id\":\"https:\\\/\\\/eshop.alphabio-iberia.com\\\/?post_type=product&p=11055#primaryimage\",\"url\":\"https:\\\/\\\/eshop.alphabio-iberia.com\\\/wp-content\\\/uploads\\\/2022\\\/02\\\/Y1004175_osseo100.png\",\"contentUrl\":\"https:\\\/\\\/eshop.alphabio-iberia.com\\\/wp-content\\\/uploads\\\/2022\\\/02\\\/Y1004175_osseo100.png\",\"width\":500,\"height\":500},{\"@type\":\"BreadcrumbList\",\"@id\":\"https:\\\/\\\/eshop.alphabio-iberia.com\\\/?post_type=product&p=11055#breadcrumb\",\"itemListElement\":[{\"@type\":\"ListItem\",\"position\":1,\"name\":\"Portada\",\"item\":\"https:\\\/\\\/eshop.alphabio-iberia.com\\\/\"},{\"@type\":\"ListItem\",\"position\":2,\"name\":\"Tienda\",\"item\":\"https:\\\/\\\/eshop.alphabio-iberia.com\\\/tienda\\\/\"},{\"@type\":\"ListItem\",\"position\":3,\"name\":\"Monitor de osteointegra\u00e7\u00e3o Nsk-Osseo 100\"}]},{\"@type\":\"WebSite\",\"@id\":\"https:\\\/\\\/eshop.alphabio-iberia.com\\\/#website\",\"url\":\"https:\\\/\\\/eshop.alphabio-iberia.com\\\/\",\"name\":\"Tienda Alpha-Bio Iberia\",\"description\":\"Ofrecemos una soluci\u00f3n 360\u00ba para odont\u00f3logos, implant\u00f3logos y cirujanos en implantolog\u00eda, ROG y odontolog\u00eda digital, acompa\u00f1ado de un amplio programa formativo en Espa\u00f1a y Portugal.\",\"publisher\":{\"@id\":\"https:\\\/\\\/eshop.alphabio-iberia.com\\\/#organization\"},\"potentialAction\":[{\"@type\":\"SearchAction\",\"target\":{\"@type\":\"EntryPoint\",\"urlTemplate\":\"https:\\\/\\\/eshop.alphabio-iberia.com\\\/?s={search_term_string}\"},\"query-input\":{\"@type\":\"PropertyValueSpecification\",\"valueRequired\":true,\"valueName\":\"search_term_string\"}}],\"inLanguage\":\"pt-PT\"},{\"@type\":\"Organization\",\"@id\":\"https:\\\/\\\/eshop.alphabio-iberia.com\\\/#organization\",\"name\":\"Medical 10\",\"url\":\"https:\\\/\\\/eshop.alphabio-iberia.com\\\/\",\"logo\":{\"@type\":\"ImageObject\",\"inLanguage\":\"pt-PT\",\"@id\":\"https:\\\/\\\/eshop.alphabio-iberia.com\\\/#\\\/schema\\\/logo\\\/image\\\/\",\"url\":\"https:\\\/\\\/eshop.medical10.es\\\/wp-content\\\/uploads\\\/2021\\\/07\\\/cropped-m10_header_2.png\",\"contentUrl\":\"https:\\\/\\\/eshop.medical10.es\\\/wp-content\\\/uploads\\\/2021\\\/07\\\/cropped-m10_header_2.png\",\"width\":165,\"height\":97,\"caption\":\"Medical 10\"},\"image\":{\"@id\":\"https:\\\/\\\/eshop.alphabio-iberia.com\\\/#\\\/schema\\\/logo\\\/image\\\/\"}}]}<\/script>\n<!-- \/ Yoast SEO plugin. -->","yoast_head_json":{"title":"Monitor de osteointegra\u00e7\u00e3o Nsk-Osseo 100 - Tienda Alpha-Bio Iberia","description":"Monitor de osteointegra\u00e7\u00e3o Nsk-Osseo 100 en Tienda Alpha-Bio Iberia por 3058.00 \u20ac! O Osseo 100 mede a estabilidade e a osteointegra\u00e7\u00e3o do implante para melhorar osseointegra\u00e7\u00e3o para melhorar a tomada de decis\u00f5es quando carregar o","robots":{"index":"index","follow":"follow","max-snippet":"max-snippet:-1","max-image-preview":"max-image-preview:large","max-video-preview":"max-video-preview:-1"},"canonical":"https:\/\/eshop.alphabio-iberia.com\/?post_type=product&p=11055","og_locale":"pt_PT","og_type":"article","og_title":"Monitor de osteointegra\u00e7\u00e3o Nsk-Osseo 100 - Tienda Alpha-Bio Iberia","og_description":"Monitor de osteointegra\u00e7\u00e3o Nsk-Osseo 100 en Tienda Alpha-Bio Iberia por 3058.00 \u20ac! O Osseo 100 mede a estabilidade e a osteointegra\u00e7\u00e3o do implante para melhorar osseointegra\u00e7\u00e3o para melhorar a tomada de decis\u00f5es quando carregar o","og_url":"https:\/\/eshop.alphabio-iberia.com\/?post_type=product&p=11055","og_site_name":"Tienda Alpha-Bio Iberia","article_modified_time":"2023-06-27T11:41:49+00:00","og_image":[{"width":500,"height":500,"url":"https:\/\/eshop.alphabio-iberia.com\/wp-content\/uploads\/2022\/02\/Y1004175_osseo100.png","type":"image\/png"}],"twitter_card":"summary_large_image","twitter_misc":{"Tempo estimado de leitura":"1 minuto"},"schema":{"@context":"https:\/\/schema.org","@graph":[{"@type":"WebPage","@id":"https:\/\/eshop.alphabio-iberia.com\/?post_type=product&p=11055","url":"https:\/\/eshop.alphabio-iberia.com\/?post_type=product&p=11055","name":"Monitor de osteointegra\u00e7\u00e3o Nsk-Osseo 100 - Tienda Alpha-Bio Iberia","isPartOf":{"@id":"https:\/\/eshop.alphabio-iberia.com\/#website"},"primaryImageOfPage":{"@id":"https:\/\/eshop.alphabio-iberia.com\/?post_type=product&p=11055#primaryimage"},"image":{"@id":"https:\/\/eshop.alphabio-iberia.com\/?post_type=product&p=11055#primaryimage"},"thumbnailUrl":"https:\/\/eshop.alphabio-iberia.com\/wp-content\/uploads\/2022\/02\/Y1004175_osseo100.png","datePublished":"2022-01-13T19:26:58+00:00","dateModified":"2023-06-27T11:41:49+00:00","description":"Monitor de osteointegra\u00e7\u00e3o Nsk-Osseo 100 en Tienda Alpha-Bio Iberia por 3058.00 \u20ac! O Osseo 100 mede a estabilidade e a osteointegra\u00e7\u00e3o do implante para melhorar osseointegra\u00e7\u00e3o para melhorar a tomada de decis\u00f5es quando carregar o","breadcrumb":{"@id":"https:\/\/eshop.alphabio-iberia.com\/?post_type=product&p=11055#breadcrumb"},"inLanguage":"pt-PT","potentialAction":[{"@type":"ReadAction","target":["https:\/\/eshop.alphabio-iberia.com\/?post_type=product&p=11055"]}]},{"@type":"ImageObject","inLanguage":"pt-PT","@id":"https:\/\/eshop.alphabio-iberia.com\/?post_type=product&p=11055#primaryimage","url":"https:\/\/eshop.alphabio-iberia.com\/wp-content\/uploads\/2022\/02\/Y1004175_osseo100.png","contentUrl":"https:\/\/eshop.alphabio-iberia.com\/wp-content\/uploads\/2022\/02\/Y1004175_osseo100.png","width":500,"height":500},{"@type":"BreadcrumbList","@id":"https:\/\/eshop.alphabio-iberia.com\/?post_type=product&p=11055#breadcrumb","itemListElement":[{"@type":"ListItem","position":1,"name":"Portada","item":"https:\/\/eshop.alphabio-iberia.com\/"},{"@type":"ListItem","position":2,"name":"Tienda","item":"https:\/\/eshop.alphabio-iberia.com\/tienda\/"},{"@type":"ListItem","position":3,"name":"Monitor de osteointegra\u00e7\u00e3o Nsk-Osseo 100"}]},{"@type":"WebSite","@id":"https:\/\/eshop.alphabio-iberia.com\/#website","url":"https:\/\/eshop.alphabio-iberia.com\/","name":"Tienda Alpha-Bio Iberia","description":"Ofrecemos una soluci\u00f3n 360\u00ba para odont\u00f3logos, implant\u00f3logos y cirujanos en implantolog\u00eda, ROG y odontolog\u00eda digital, acompa\u00f1ado de un amplio programa formativo en Espa\u00f1a y Portugal.","publisher":{"@id":"https:\/\/eshop.alphabio-iberia.com\/#organization"},"potentialAction":[{"@type":"SearchAction","target":{"@type":"EntryPoint","urlTemplate":"https:\/\/eshop.alphabio-iberia.com\/?s={search_term_string}"},"query-input":{"@type":"PropertyValueSpecification","valueRequired":true,"valueName":"search_term_string"}}],"inLanguage":"pt-PT"},{"@type":"Organization","@id":"https:\/\/eshop.alphabio-iberia.com\/#organization","name":"Medical 10","url":"https:\/\/eshop.alphabio-iberia.com\/","logo":{"@type":"ImageObject","inLanguage":"pt-PT","@id":"https:\/\/eshop.alphabio-iberia.com\/#\/schema\/logo\/image\/","url":"https:\/\/eshop.medical10.es\/wp-content\/uploads\/2021\/07\/cropped-m10_header_2.png","contentUrl":"https:\/\/eshop.medical10.es\/wp-content\/uploads\/2021\/07\/cropped-m10_header_2.png","width":165,"height":97,"caption":"Medical 10"},"image":{"@id":"https:\/\/eshop.alphabio-iberia.com\/#\/schema\/logo\/image\/"}}]}},"_links":{"self":[{"href":"https:\/\/eshop.alphabio-iberia.com\/pt-pt\/wp-json\/wp\/v2\/product\/23300","targetHints":{"allow":["GET"]}}],"collection":[{"href":"https:\/\/eshop.alphabio-iberia.com\/pt-pt\/wp-json\/wp\/v2\/product"}],"about":[{"href":"https:\/\/eshop.alphabio-iberia.com\/pt-pt\/wp-json\/wp\/v2\/types\/product"}],"replies":[{"embeddable":true,"href":"https:\/\/eshop.alphabio-iberia.com\/pt-pt\/wp-json\/wp\/v2\/comments?post=23300"}],"wp:featuredmedia":[{"embeddable":true,"href":"https:\/\/eshop.alphabio-iberia.com\/pt-pt\/wp-json\/wp\/v2\/media\/23301"}],"wp:attachment":[{"href":"https:\/\/eshop.alphabio-iberia.com\/pt-pt\/wp-json\/wp\/v2\/media?parent=23300"}],"wp:term":[{"taxonomy":"product_brand","embeddable":true,"href":"https:\/\/eshop.alphabio-iberia.com\/pt-pt\/wp-json\/wp\/v2\/product_brand?post=23300"},{"taxonomy":"product_cat","embeddable":true,"href":"https:\/\/eshop.alphabio-iberia.com\/pt-pt\/wp-json\/wp\/v2\/product_cat?post=23300"},{"taxonomy":"product_tag","embeddable":true,"href":"https:\/\/eshop.alphabio-iberia.com\/pt-pt\/wp-json\/wp\/v2\/product_tag?post=23300"}],"curies":[{"name":"wp","href":"https:\/\/api.w.org\/{rel}","templated":true}]}}