{"id":23471,"date":"2022-01-13T19:13:21","date_gmt":"2022-01-13T19:13:21","guid":{"rendered":"https:\/\/eshop.medical10.es\/producto\/tanque-de-resina-para-impresora-3d-moonray\/"},"modified":"2025-02-05T02:23:27","modified_gmt":"2025-02-05T02:23:27","slug":"tanque-de-resina-para-impresora-3d-moonray","status":"publish","type":"product","link":"https:\/\/eshop.alphabio-iberia.com\/pt-pt\/tanque-resina-impresora-3d-moonray\/","title":{"rendered":"Tanque de resina para impresora 3D Moonray"},"content":{"rendered":"<p>El tanque de resina requiere minimo mantenimiento para centrarte en crear e imprimir modelos incre\u00edbles en lugar de pasar tiempo en el mantenimiento de la m\u00e1quina. El tanque de resina MoonRay dura hasta 25 veces m\u00e1s que los tanques de resina de impresoras 3D similares con una duraci\u00f3n de usos de hasta 50 litros de resina antes de ser reemplazado.<\/p>\n<p>Mecanizado de aluminio de placa Base<br \/>\nDe drenaje integrado<br \/>\nVac\u00edo cubierta formada<br \/>\nHasta 50 litros de vida \u00fatil extendida<br \/>\nIncluye uno de repuesto<\/p>\n","protected":false},"excerpt":{"rendered":"<p>El tanque de resina requiere minimo mantenimiento para centrarte en crear e imprimir modelos incre\u00edbles en lugar de pasar tiempo en el mantenimiento de la m\u00e1quina. El tanque de resina MoonRay dura hasta 25 veces m\u00e1s que los tanques de resina de impresoras 3D similares con una duraci\u00f3n de usos de hasta 50 litros de [&hellip;]<\/p>\n","protected":false},"featured_media":23472,"comment_status":"open","ping_status":"closed","template":"","meta":{"_acf_changed":false},"product_brand":[],"product_cat":[15],"product_tag":[],"class_list":{"0":"post-23471","1":"product","2":"type-product","3":"status-publish","4":"has-post-thumbnail","6":"product_cat-sin-categorizar","8":"first","9":"outofstock","10":"taxable","11":"shipping-taxable","12":"product-type-simple"},"acf":[],"yoast_head":"<!-- This site is optimized with the Yoast SEO plugin v27.4 - https:\/\/yoast.com\/product\/yoast-seo-wordpress\/ -->\n<title>Tanque de resina para impresora 3D Moonray - Tienda Alpha-Bio Iberia<\/title>\n<meta name=\"description\" content=\"Tanque de resina para impresora 3D Moonray en Tienda Alpha-Bio Iberia por 292.00 \u20ac! El tanque de resina requiere minimo mantenimiento para centrarte en crear e imprimir modelos incre\u00edbles en lugar de pasar tiempo en el mantenimiento de la\" \/>\n<meta name=\"robots\" content=\"index, follow, max-snippet:-1, max-image-preview:large, max-video-preview:-1\" \/>\n<link rel=\"canonical\" href=\"https:\/\/eshop.alphabio-iberia.com\/pt-pt\/tanque-resina-impresora-3d-moonray\/\" \/>\n<meta property=\"og:locale\" content=\"pt_PT\" \/>\n<meta property=\"og:type\" content=\"article\" \/>\n<meta property=\"og:title\" content=\"Tanque de resina para impresora 3D Moonray - Tienda Alpha-Bio Iberia\" \/>\n<meta property=\"og:description\" content=\"Tanque de resina para impresora 3D Moonray en Tienda Alpha-Bio Iberia por 292.00 \u20ac! El tanque de resina requiere minimo mantenimiento para centrarte en crear e imprimir modelos incre\u00edbles en lugar de pasar tiempo en el mantenimiento de la\" \/>\n<meta property=\"og:url\" content=\"https:\/\/eshop.alphabio-iberia.com\/pt-pt\/tanque-resina-impresora-3d-moonray\/\" \/>\n<meta property=\"og:site_name\" content=\"Tienda Alpha-Bio Iberia\" \/>\n<meta property=\"article:modified_time\" content=\"2025-02-05T02:23:27+00:00\" \/>\n<meta property=\"og:image\" content=\"https:\/\/eshop.alphabio-iberia.com\/wp-content\/uploads\/2022\/02\/tanque-Moonray.png\" \/>\n\t<meta property=\"og:image:width\" content=\"500\" \/>\n\t<meta property=\"og:image:height\" content=\"500\" \/>\n\t<meta property=\"og:image:type\" content=\"image\/png\" \/>\n<meta name=\"twitter:card\" content=\"summary_large_image\" \/>\n<script type=\"application\/ld+json\" class=\"yoast-schema-graph\">{\"@context\":\"https:\\\/\\\/schema.org\",\"@graph\":[{\"@type\":\"WebPage\",\"@id\":\"https:\\\/\\\/eshop.alphabio-iberia.com\\\/pt-pt\\\/tanque-resina-impresora-3d-moonray\\\/\",\"url\":\"https:\\\/\\\/eshop.alphabio-iberia.com\\\/pt-pt\\\/tanque-resina-impresora-3d-moonray\\\/\",\"name\":\"Tanque de resina para impresora 3D Moonray - Tienda Alpha-Bio Iberia\",\"isPartOf\":{\"@id\":\"https:\\\/\\\/eshop.alphabio-iberia.com\\\/#website\"},\"primaryImageOfPage\":{\"@id\":\"https:\\\/\\\/eshop.alphabio-iberia.com\\\/pt-pt\\\/tanque-resina-impresora-3d-moonray\\\/#primaryimage\"},\"image\":{\"@id\":\"https:\\\/\\\/eshop.alphabio-iberia.com\\\/pt-pt\\\/tanque-resina-impresora-3d-moonray\\\/#primaryimage\"},\"thumbnailUrl\":\"https:\\\/\\\/eshop.alphabio-iberia.com\\\/wp-content\\\/uploads\\\/2022\\\/02\\\/tanque-Moonray.png\",\"datePublished\":\"2022-01-13T19:13:21+00:00\",\"dateModified\":\"2025-02-05T02:23:27+00:00\",\"description\":\"Tanque de resina para impresora 3D Moonray en Tienda Alpha-Bio Iberia por 292.00 \u20ac! El tanque de resina requiere minimo mantenimiento para centrarte en crear e imprimir modelos incre\u00edbles en lugar de pasar tiempo en el mantenimiento de la\",\"breadcrumb\":{\"@id\":\"https:\\\/\\\/eshop.alphabio-iberia.com\\\/pt-pt\\\/tanque-resina-impresora-3d-moonray\\\/#breadcrumb\"},\"inLanguage\":\"pt-PT\",\"potentialAction\":[{\"@type\":\"ReadAction\",\"target\":[\"https:\\\/\\\/eshop.alphabio-iberia.com\\\/pt-pt\\\/tanque-resina-impresora-3d-moonray\\\/\"]}]},{\"@type\":\"ImageObject\",\"inLanguage\":\"pt-PT\",\"@id\":\"https:\\\/\\\/eshop.alphabio-iberia.com\\\/pt-pt\\\/tanque-resina-impresora-3d-moonray\\\/#primaryimage\",\"url\":\"https:\\\/\\\/eshop.alphabio-iberia.com\\\/wp-content\\\/uploads\\\/2022\\\/02\\\/tanque-Moonray.png\",\"contentUrl\":\"https:\\\/\\\/eshop.alphabio-iberia.com\\\/wp-content\\\/uploads\\\/2022\\\/02\\\/tanque-Moonray.png\",\"width\":500,\"height\":500},{\"@type\":\"BreadcrumbList\",\"@id\":\"https:\\\/\\\/eshop.alphabio-iberia.com\\\/pt-pt\\\/tanque-resina-impresora-3d-moonray\\\/#breadcrumb\",\"itemListElement\":[{\"@type\":\"ListItem\",\"position\":1,\"name\":\"Portada\",\"item\":\"https:\\\/\\\/eshop.alphabio-iberia.com\\\/\"},{\"@type\":\"ListItem\",\"position\":2,\"name\":\"Tienda\",\"item\":\"https:\\\/\\\/eshop.alphabio-iberia.com\\\/tienda\\\/\"},{\"@type\":\"ListItem\",\"position\":3,\"name\":\"Tanque de resina para impresora 3D Moonray\"}]},{\"@type\":\"WebSite\",\"@id\":\"https:\\\/\\\/eshop.alphabio-iberia.com\\\/#website\",\"url\":\"https:\\\/\\\/eshop.alphabio-iberia.com\\\/\",\"name\":\"Tienda Alpha-Bio Iberia\",\"description\":\"Ofrecemos una soluci\u00f3n 360\u00ba para odont\u00f3logos, implant\u00f3logos y cirujanos en implantolog\u00eda, ROG y odontolog\u00eda digital, acompa\u00f1ado de un amplio programa formativo en Espa\u00f1a y Portugal.\",\"publisher\":{\"@id\":\"https:\\\/\\\/eshop.alphabio-iberia.com\\\/#organization\"},\"potentialAction\":[{\"@type\":\"SearchAction\",\"target\":{\"@type\":\"EntryPoint\",\"urlTemplate\":\"https:\\\/\\\/eshop.alphabio-iberia.com\\\/?s={search_term_string}\"},\"query-input\":{\"@type\":\"PropertyValueSpecification\",\"valueRequired\":true,\"valueName\":\"search_term_string\"}}],\"inLanguage\":\"pt-PT\"},{\"@type\":\"Organization\",\"@id\":\"https:\\\/\\\/eshop.alphabio-iberia.com\\\/#organization\",\"name\":\"Medical 10\",\"url\":\"https:\\\/\\\/eshop.alphabio-iberia.com\\\/\",\"logo\":{\"@type\":\"ImageObject\",\"inLanguage\":\"pt-PT\",\"@id\":\"https:\\\/\\\/eshop.alphabio-iberia.com\\\/#\\\/schema\\\/logo\\\/image\\\/\",\"url\":\"https:\\\/\\\/eshop.medical10.es\\\/wp-content\\\/uploads\\\/2021\\\/07\\\/cropped-m10_header_2.png\",\"contentUrl\":\"https:\\\/\\\/eshop.medical10.es\\\/wp-content\\\/uploads\\\/2021\\\/07\\\/cropped-m10_header_2.png\",\"width\":165,\"height\":97,\"caption\":\"Medical 10\"},\"image\":{\"@id\":\"https:\\\/\\\/eshop.alphabio-iberia.com\\\/#\\\/schema\\\/logo\\\/image\\\/\"}}]}<\/script>\n<!-- \/ Yoast SEO plugin. -->","yoast_head_json":{"title":"Tanque de resina para impresora 3D Moonray - Tienda Alpha-Bio Iberia","description":"Tanque de resina para impresora 3D Moonray en Tienda Alpha-Bio Iberia por 292.00 \u20ac! El tanque de resina requiere minimo mantenimiento para centrarte en crear e imprimir modelos incre\u00edbles en lugar de pasar tiempo en el mantenimiento de la","robots":{"index":"index","follow":"follow","max-snippet":"max-snippet:-1","max-image-preview":"max-image-preview:large","max-video-preview":"max-video-preview:-1"},"canonical":"https:\/\/eshop.alphabio-iberia.com\/pt-pt\/tanque-resina-impresora-3d-moonray\/","og_locale":"pt_PT","og_type":"article","og_title":"Tanque de resina para impresora 3D Moonray - Tienda Alpha-Bio Iberia","og_description":"Tanque de resina para impresora 3D Moonray en Tienda Alpha-Bio Iberia por 292.00 \u20ac! El tanque de resina requiere minimo mantenimiento para centrarte en crear e imprimir modelos incre\u00edbles en lugar de pasar tiempo en el mantenimiento de la","og_url":"https:\/\/eshop.alphabio-iberia.com\/pt-pt\/tanque-resina-impresora-3d-moonray\/","og_site_name":"Tienda Alpha-Bio Iberia","article_modified_time":"2025-02-05T02:23:27+00:00","og_image":[{"width":500,"height":500,"url":"https:\/\/eshop.alphabio-iberia.com\/wp-content\/uploads\/2022\/02\/tanque-Moonray.png","type":"image\/png"}],"twitter_card":"summary_large_image","schema":{"@context":"https:\/\/schema.org","@graph":[{"@type":"WebPage","@id":"https:\/\/eshop.alphabio-iberia.com\/pt-pt\/tanque-resina-impresora-3d-moonray\/","url":"https:\/\/eshop.alphabio-iberia.com\/pt-pt\/tanque-resina-impresora-3d-moonray\/","name":"Tanque de resina para impresora 3D Moonray - Tienda Alpha-Bio Iberia","isPartOf":{"@id":"https:\/\/eshop.alphabio-iberia.com\/#website"},"primaryImageOfPage":{"@id":"https:\/\/eshop.alphabio-iberia.com\/pt-pt\/tanque-resina-impresora-3d-moonray\/#primaryimage"},"image":{"@id":"https:\/\/eshop.alphabio-iberia.com\/pt-pt\/tanque-resina-impresora-3d-moonray\/#primaryimage"},"thumbnailUrl":"https:\/\/eshop.alphabio-iberia.com\/wp-content\/uploads\/2022\/02\/tanque-Moonray.png","datePublished":"2022-01-13T19:13:21+00:00","dateModified":"2025-02-05T02:23:27+00:00","description":"Tanque de resina para impresora 3D Moonray en Tienda Alpha-Bio Iberia por 292.00 \u20ac! El tanque de resina requiere minimo mantenimiento para centrarte en crear e imprimir modelos incre\u00edbles en lugar de pasar tiempo en el mantenimiento de la","breadcrumb":{"@id":"https:\/\/eshop.alphabio-iberia.com\/pt-pt\/tanque-resina-impresora-3d-moonray\/#breadcrumb"},"inLanguage":"pt-PT","potentialAction":[{"@type":"ReadAction","target":["https:\/\/eshop.alphabio-iberia.com\/pt-pt\/tanque-resina-impresora-3d-moonray\/"]}]},{"@type":"ImageObject","inLanguage":"pt-PT","@id":"https:\/\/eshop.alphabio-iberia.com\/pt-pt\/tanque-resina-impresora-3d-moonray\/#primaryimage","url":"https:\/\/eshop.alphabio-iberia.com\/wp-content\/uploads\/2022\/02\/tanque-Moonray.png","contentUrl":"https:\/\/eshop.alphabio-iberia.com\/wp-content\/uploads\/2022\/02\/tanque-Moonray.png","width":500,"height":500},{"@type":"BreadcrumbList","@id":"https:\/\/eshop.alphabio-iberia.com\/pt-pt\/tanque-resina-impresora-3d-moonray\/#breadcrumb","itemListElement":[{"@type":"ListItem","position":1,"name":"Portada","item":"https:\/\/eshop.alphabio-iberia.com\/"},{"@type":"ListItem","position":2,"name":"Tienda","item":"https:\/\/eshop.alphabio-iberia.com\/tienda\/"},{"@type":"ListItem","position":3,"name":"Tanque de resina para impresora 3D Moonray"}]},{"@type":"WebSite","@id":"https:\/\/eshop.alphabio-iberia.com\/#website","url":"https:\/\/eshop.alphabio-iberia.com\/","name":"Tienda Alpha-Bio Iberia","description":"Ofrecemos una soluci\u00f3n 360\u00ba para odont\u00f3logos, implant\u00f3logos y cirujanos en implantolog\u00eda, ROG y odontolog\u00eda digital, acompa\u00f1ado de un amplio programa formativo en Espa\u00f1a y Portugal.","publisher":{"@id":"https:\/\/eshop.alphabio-iberia.com\/#organization"},"potentialAction":[{"@type":"SearchAction","target":{"@type":"EntryPoint","urlTemplate":"https:\/\/eshop.alphabio-iberia.com\/?s={search_term_string}"},"query-input":{"@type":"PropertyValueSpecification","valueRequired":true,"valueName":"search_term_string"}}],"inLanguage":"pt-PT"},{"@type":"Organization","@id":"https:\/\/eshop.alphabio-iberia.com\/#organization","name":"Medical 10","url":"https:\/\/eshop.alphabio-iberia.com\/","logo":{"@type":"ImageObject","inLanguage":"pt-PT","@id":"https:\/\/eshop.alphabio-iberia.com\/#\/schema\/logo\/image\/","url":"https:\/\/eshop.medical10.es\/wp-content\/uploads\/2021\/07\/cropped-m10_header_2.png","contentUrl":"https:\/\/eshop.medical10.es\/wp-content\/uploads\/2021\/07\/cropped-m10_header_2.png","width":165,"height":97,"caption":"Medical 10"},"image":{"@id":"https:\/\/eshop.alphabio-iberia.com\/#\/schema\/logo\/image\/"}}]}},"_links":{"self":[{"href":"https:\/\/eshop.alphabio-iberia.com\/pt-pt\/wp-json\/wp\/v2\/product\/23471","targetHints":{"allow":["GET"]}}],"collection":[{"href":"https:\/\/eshop.alphabio-iberia.com\/pt-pt\/wp-json\/wp\/v2\/product"}],"about":[{"href":"https:\/\/eshop.alphabio-iberia.com\/pt-pt\/wp-json\/wp\/v2\/types\/product"}],"replies":[{"embeddable":true,"href":"https:\/\/eshop.alphabio-iberia.com\/pt-pt\/wp-json\/wp\/v2\/comments?post=23471"}],"wp:featuredmedia":[{"embeddable":true,"href":"https:\/\/eshop.alphabio-iberia.com\/pt-pt\/wp-json\/wp\/v2\/media\/23472"}],"wp:attachment":[{"href":"https:\/\/eshop.alphabio-iberia.com\/pt-pt\/wp-json\/wp\/v2\/media?parent=23471"}],"wp:term":[{"taxonomy":"product_brand","embeddable":true,"href":"https:\/\/eshop.alphabio-iberia.com\/pt-pt\/wp-json\/wp\/v2\/product_brand?post=23471"},{"taxonomy":"product_cat","embeddable":true,"href":"https:\/\/eshop.alphabio-iberia.com\/pt-pt\/wp-json\/wp\/v2\/product_cat?post=23471"},{"taxonomy":"product_tag","embeddable":true,"href":"https:\/\/eshop.alphabio-iberia.com\/pt-pt\/wp-json\/wp\/v2\/product_tag?post=23471"}],"curies":[{"name":"wp","href":"https:\/\/api.w.org\/{rel}","templated":true}]}}