{"id":23495,"date":"2022-01-13T19:12:43","date_gmt":"2022-01-13T19:12:43","guid":{"rendered":"https:\/\/eshop.medical10.es\/producto\/software-trios-trios-care\/"},"modified":"2023-06-27T11:41:25","modified_gmt":"2023-06-27T11:41:25","slug":"software-trios-trios-care","status":"publish","type":"product","link":"https:\/\/eshop.alphabio-iberia.com\/pt-pt\/software-trios-trios-care\/","title":{"rendered":"Software Trios &#8211; Trios Care"},"content":{"rendered":"<p>Un gran comienzo en el escaneo intraoral<br \/>\n3Shape TRIOS Care te aporta una total tranquilidad desde el momento en que enciendas tu nuevo esc\u00e1ner TRIOS, para que puedas centrarte en ofrecer excelentes tratamientos y alcanzar tu m\u00e1ximo potencial digital desde el primer d\u00eda.<\/p>\n<p>Si eres nuevo en 3Shape, ahora puedes beneficiarte de TRIOS Care de forma gratuita durante 12 meses.<\/p>\n","protected":false},"excerpt":{"rendered":"<p>Un gran comienzo en el escaneo intraoral 3Shape TRIOS Care te aporta una total tranquilidad desde el momento en que enciendas tu nuevo esc\u00e1ner TRIOS, para que puedas centrarte en ofrecer excelentes tratamientos y alcanzar tu m\u00e1ximo potencial digital desde el primer d\u00eda. Si eres nuevo en 3Shape, ahora puedes beneficiarte de TRIOS Care de [&hellip;]<\/p>\n","protected":false},"featured_media":0,"comment_status":"open","ping_status":"closed","template":"","meta":{"_acf_changed":false},"product_brand":[],"product_cat":[547],"product_tag":[],"class_list":{"0":"post-23495","1":"product","2":"type-product","3":"status-publish","5":"product_cat-escaneamento-intraoral","7":"first","8":"outofstock","9":"taxable","10":"shipping-taxable","11":"product-type-simple"},"acf":[],"yoast_head":"<!-- This site is optimized with the Yoast SEO plugin v27.4 - https:\/\/yoast.com\/product\/yoast-seo-wordpress\/ -->\n<title>Software Trios - Trios Care - Tienda Alpha-Bio Iberia<\/title>\n<meta name=\"description\" content=\"Software Trios - Trios Care en Tienda Alpha-Bio Iberia por 1550.00 \u20ac! Un gran comienzo en el escaneo intraoral 3Shape TRIOS Care te aporta una total tranquilidad desde el momento en que enciendas tu nuevo esc\u00e1ner TRIOS, para\" \/>\n<meta name=\"robots\" content=\"index, follow, max-snippet:-1, max-image-preview:large, max-video-preview:-1\" \/>\n<link rel=\"canonical\" href=\"https:\/\/eshop.alphabio-iberia.com\/pt-pt\/software-trios-trios-care\/\" \/>\n<meta property=\"og:locale\" content=\"pt_PT\" \/>\n<meta property=\"og:type\" content=\"article\" \/>\n<meta property=\"og:title\" content=\"Software Trios - Trios Care - Tienda Alpha-Bio Iberia\" \/>\n<meta property=\"og:description\" content=\"Software Trios - Trios Care en Tienda Alpha-Bio Iberia por 1550.00 \u20ac! Un gran comienzo en el escaneo intraoral 3Shape TRIOS Care te aporta una total tranquilidad desde el momento en que enciendas tu nuevo esc\u00e1ner TRIOS, para\" \/>\n<meta property=\"og:url\" content=\"https:\/\/eshop.alphabio-iberia.com\/pt-pt\/software-trios-trios-care\/\" \/>\n<meta property=\"og:site_name\" content=\"Tienda Alpha-Bio Iberia\" \/>\n<meta property=\"article:modified_time\" content=\"2023-06-27T11:41:25+00:00\" \/>\n<meta name=\"twitter:card\" content=\"summary_large_image\" \/>\n<script type=\"application\/ld+json\" class=\"yoast-schema-graph\">{\"@context\":\"https:\\\/\\\/schema.org\",\"@graph\":[{\"@type\":\"WebPage\",\"@id\":\"https:\\\/\\\/eshop.alphabio-iberia.com\\\/pt-pt\\\/software-trios-trios-care\\\/\",\"url\":\"https:\\\/\\\/eshop.alphabio-iberia.com\\\/pt-pt\\\/software-trios-trios-care\\\/\",\"name\":\"Software Trios - Trios Care - Tienda Alpha-Bio Iberia\",\"isPartOf\":{\"@id\":\"https:\\\/\\\/eshop.alphabio-iberia.com\\\/#website\"},\"datePublished\":\"2022-01-13T19:12:43+00:00\",\"dateModified\":\"2023-06-27T11:41:25+00:00\",\"description\":\"Software Trios - Trios Care en Tienda Alpha-Bio Iberia por 1550.00 \u20ac! Un gran comienzo en el escaneo intraoral 3Shape TRIOS Care te aporta una total tranquilidad desde el momento en que enciendas tu nuevo esc\u00e1ner TRIOS, para\",\"breadcrumb\":{\"@id\":\"https:\\\/\\\/eshop.alphabio-iberia.com\\\/pt-pt\\\/software-trios-trios-care\\\/#breadcrumb\"},\"inLanguage\":\"pt-PT\",\"potentialAction\":[{\"@type\":\"ReadAction\",\"target\":[\"https:\\\/\\\/eshop.alphabio-iberia.com\\\/pt-pt\\\/software-trios-trios-care\\\/\"]}]},{\"@type\":\"BreadcrumbList\",\"@id\":\"https:\\\/\\\/eshop.alphabio-iberia.com\\\/pt-pt\\\/software-trios-trios-care\\\/#breadcrumb\",\"itemListElement\":[{\"@type\":\"ListItem\",\"position\":1,\"name\":\"Portada\",\"item\":\"https:\\\/\\\/eshop.alphabio-iberia.com\\\/\"},{\"@type\":\"ListItem\",\"position\":2,\"name\":\"Tienda\",\"item\":\"https:\\\/\\\/eshop.alphabio-iberia.com\\\/tienda\\\/\"},{\"@type\":\"ListItem\",\"position\":3,\"name\":\"Software Trios &#8211; Trios Care\"}]},{\"@type\":\"WebSite\",\"@id\":\"https:\\\/\\\/eshop.alphabio-iberia.com\\\/#website\",\"url\":\"https:\\\/\\\/eshop.alphabio-iberia.com\\\/\",\"name\":\"Tienda Alpha-Bio Iberia\",\"description\":\"Ofrecemos una soluci\u00f3n 360\u00ba para odont\u00f3logos, implant\u00f3logos y cirujanos en implantolog\u00eda, ROG y odontolog\u00eda digital, acompa\u00f1ado de un amplio programa formativo en Espa\u00f1a y Portugal.\",\"publisher\":{\"@id\":\"https:\\\/\\\/eshop.alphabio-iberia.com\\\/#organization\"},\"potentialAction\":[{\"@type\":\"SearchAction\",\"target\":{\"@type\":\"EntryPoint\",\"urlTemplate\":\"https:\\\/\\\/eshop.alphabio-iberia.com\\\/?s={search_term_string}\"},\"query-input\":{\"@type\":\"PropertyValueSpecification\",\"valueRequired\":true,\"valueName\":\"search_term_string\"}}],\"inLanguage\":\"pt-PT\"},{\"@type\":\"Organization\",\"@id\":\"https:\\\/\\\/eshop.alphabio-iberia.com\\\/#organization\",\"name\":\"Medical 10\",\"url\":\"https:\\\/\\\/eshop.alphabio-iberia.com\\\/\",\"logo\":{\"@type\":\"ImageObject\",\"inLanguage\":\"pt-PT\",\"@id\":\"https:\\\/\\\/eshop.alphabio-iberia.com\\\/#\\\/schema\\\/logo\\\/image\\\/\",\"url\":\"https:\\\/\\\/eshop.medical10.es\\\/wp-content\\\/uploads\\\/2021\\\/07\\\/cropped-m10_header_2.png\",\"contentUrl\":\"https:\\\/\\\/eshop.medical10.es\\\/wp-content\\\/uploads\\\/2021\\\/07\\\/cropped-m10_header_2.png\",\"width\":165,\"height\":97,\"caption\":\"Medical 10\"},\"image\":{\"@id\":\"https:\\\/\\\/eshop.alphabio-iberia.com\\\/#\\\/schema\\\/logo\\\/image\\\/\"}}]}<\/script>\n<!-- \/ Yoast SEO plugin. -->","yoast_head_json":{"title":"Software Trios - Trios Care - Tienda Alpha-Bio Iberia","description":"Software Trios - Trios Care en Tienda Alpha-Bio Iberia por 1550.00 \u20ac! Un gran comienzo en el escaneo intraoral 3Shape TRIOS Care te aporta una total tranquilidad desde el momento en que enciendas tu nuevo esc\u00e1ner TRIOS, para","robots":{"index":"index","follow":"follow","max-snippet":"max-snippet:-1","max-image-preview":"max-image-preview:large","max-video-preview":"max-video-preview:-1"},"canonical":"https:\/\/eshop.alphabio-iberia.com\/pt-pt\/software-trios-trios-care\/","og_locale":"pt_PT","og_type":"article","og_title":"Software Trios - Trios Care - Tienda Alpha-Bio Iberia","og_description":"Software Trios - Trios Care en Tienda Alpha-Bio Iberia por 1550.00 \u20ac! Un gran comienzo en el escaneo intraoral 3Shape TRIOS Care te aporta una total tranquilidad desde el momento en que enciendas tu nuevo esc\u00e1ner TRIOS, para","og_url":"https:\/\/eshop.alphabio-iberia.com\/pt-pt\/software-trios-trios-care\/","og_site_name":"Tienda Alpha-Bio Iberia","article_modified_time":"2023-06-27T11:41:25+00:00","twitter_card":"summary_large_image","schema":{"@context":"https:\/\/schema.org","@graph":[{"@type":"WebPage","@id":"https:\/\/eshop.alphabio-iberia.com\/pt-pt\/software-trios-trios-care\/","url":"https:\/\/eshop.alphabio-iberia.com\/pt-pt\/software-trios-trios-care\/","name":"Software Trios - Trios Care - Tienda Alpha-Bio Iberia","isPartOf":{"@id":"https:\/\/eshop.alphabio-iberia.com\/#website"},"datePublished":"2022-01-13T19:12:43+00:00","dateModified":"2023-06-27T11:41:25+00:00","description":"Software Trios - Trios Care en Tienda Alpha-Bio Iberia por 1550.00 \u20ac! Un gran comienzo en el escaneo intraoral 3Shape TRIOS Care te aporta una total tranquilidad desde el momento en que enciendas tu nuevo esc\u00e1ner TRIOS, para","breadcrumb":{"@id":"https:\/\/eshop.alphabio-iberia.com\/pt-pt\/software-trios-trios-care\/#breadcrumb"},"inLanguage":"pt-PT","potentialAction":[{"@type":"ReadAction","target":["https:\/\/eshop.alphabio-iberia.com\/pt-pt\/software-trios-trios-care\/"]}]},{"@type":"BreadcrumbList","@id":"https:\/\/eshop.alphabio-iberia.com\/pt-pt\/software-trios-trios-care\/#breadcrumb","itemListElement":[{"@type":"ListItem","position":1,"name":"Portada","item":"https:\/\/eshop.alphabio-iberia.com\/"},{"@type":"ListItem","position":2,"name":"Tienda","item":"https:\/\/eshop.alphabio-iberia.com\/tienda\/"},{"@type":"ListItem","position":3,"name":"Software Trios &#8211; Trios Care"}]},{"@type":"WebSite","@id":"https:\/\/eshop.alphabio-iberia.com\/#website","url":"https:\/\/eshop.alphabio-iberia.com\/","name":"Tienda Alpha-Bio Iberia","description":"Ofrecemos una soluci\u00f3n 360\u00ba para odont\u00f3logos, implant\u00f3logos y cirujanos en implantolog\u00eda, ROG y odontolog\u00eda digital, acompa\u00f1ado de un amplio programa formativo en Espa\u00f1a y Portugal.","publisher":{"@id":"https:\/\/eshop.alphabio-iberia.com\/#organization"},"potentialAction":[{"@type":"SearchAction","target":{"@type":"EntryPoint","urlTemplate":"https:\/\/eshop.alphabio-iberia.com\/?s={search_term_string}"},"query-input":{"@type":"PropertyValueSpecification","valueRequired":true,"valueName":"search_term_string"}}],"inLanguage":"pt-PT"},{"@type":"Organization","@id":"https:\/\/eshop.alphabio-iberia.com\/#organization","name":"Medical 10","url":"https:\/\/eshop.alphabio-iberia.com\/","logo":{"@type":"ImageObject","inLanguage":"pt-PT","@id":"https:\/\/eshop.alphabio-iberia.com\/#\/schema\/logo\/image\/","url":"https:\/\/eshop.medical10.es\/wp-content\/uploads\/2021\/07\/cropped-m10_header_2.png","contentUrl":"https:\/\/eshop.medical10.es\/wp-content\/uploads\/2021\/07\/cropped-m10_header_2.png","width":165,"height":97,"caption":"Medical 10"},"image":{"@id":"https:\/\/eshop.alphabio-iberia.com\/#\/schema\/logo\/image\/"}}]}},"_links":{"self":[{"href":"https:\/\/eshop.alphabio-iberia.com\/pt-pt\/wp-json\/wp\/v2\/product\/23495","targetHints":{"allow":["GET"]}}],"collection":[{"href":"https:\/\/eshop.alphabio-iberia.com\/pt-pt\/wp-json\/wp\/v2\/product"}],"about":[{"href":"https:\/\/eshop.alphabio-iberia.com\/pt-pt\/wp-json\/wp\/v2\/types\/product"}],"replies":[{"embeddable":true,"href":"https:\/\/eshop.alphabio-iberia.com\/pt-pt\/wp-json\/wp\/v2\/comments?post=23495"}],"wp:attachment":[{"href":"https:\/\/eshop.alphabio-iberia.com\/pt-pt\/wp-json\/wp\/v2\/media?parent=23495"}],"wp:term":[{"taxonomy":"product_brand","embeddable":true,"href":"https:\/\/eshop.alphabio-iberia.com\/pt-pt\/wp-json\/wp\/v2\/product_brand?post=23495"},{"taxonomy":"product_cat","embeddable":true,"href":"https:\/\/eshop.alphabio-iberia.com\/pt-pt\/wp-json\/wp\/v2\/product_cat?post=23495"},{"taxonomy":"product_tag","embeddable":true,"href":"https:\/\/eshop.alphabio-iberia.com\/pt-pt\/wp-json\/wp\/v2\/product_tag?post=23495"}],"curies":[{"name":"wp","href":"https:\/\/api.w.org\/{rel}","templated":true}]}}