{"id":23544,"date":"2022-01-13T19:12:07","date_gmt":"2022-01-13T19:12:07","guid":{"rendered":"https:\/\/eshop.medical10.es\/producto\/resina-para-coronas-y-carillas-definitivas-bego-a2-500-gr\/"},"modified":"2024-01-01T00:40:17","modified_gmt":"2024-01-01T00:40:17","slug":"resina-para-coronas-y-carillas-definitivas-bego-a2-500-gr","status":"publish","type":"product","link":"https:\/\/eshop.alphabio-iberia.com\/pt-pt\/resina-coronas-carillas-definitivas-bego-a2-500-gr\/","title":{"rendered":"Resina para coronas y carillas definitivas Bego A2 500 gr."},"content":{"rendered":"<p>VarseoSmile Crown Plus \u00e9 a primeira resina h\u00edbrida com obtura\u00e7\u00f5es cer\u00e2micas da cor dos dentes.<br \/>\nProporciona excelentes resultados est\u00e9ticos gra\u00e7as a um r\u00e1cio equilibrado de opacidade e translucidez. Baixa tend\u00eancia para o desgaste e descolora\u00e7\u00e3o devido a uma absor\u00e7\u00e3o de \u00e1gua muito baixa. Baixa ader\u00eancia da placa dent\u00e1ria devido \u00e0 superf\u00edcie lisa. Elevado conforto devido \u00e0 baixa sensibilidade ao frio e ao calor. Material amigo do antagonista com efeito de amortecimento mec\u00e2nico, ideal para coroas suportadas por implantes.<br \/>\nDispon\u00edvel na cor A2 de acordo com o sistema de cores cl\u00e1ssico VITA*.<br \/>\nEmbalagem de 500 g.<\/p>\n","protected":false},"excerpt":{"rendered":"<p>VarseoSmile Crown Plus \u00e9 a primeira resina h\u00edbrida com obtura\u00e7\u00f5es cer\u00e2micas da cor dos dentes. Proporciona excelentes resultados est\u00e9ticos gra\u00e7as a um r\u00e1cio equilibrado de opacidade e translucidez. Baixa tend\u00eancia para o desgaste e descolora\u00e7\u00e3o devido a uma absor\u00e7\u00e3o de \u00e1gua muito baixa. Baixa ader\u00eancia da placa dent\u00e1ria devido \u00e0 superf\u00edcie lisa. Elevado conforto devido [&hellip;]<\/p>\n","protected":false},"featured_media":34204,"comment_status":"open","ping_status":"closed","template":"","meta":{"_acf_changed":false},"product_brand":[],"product_cat":[553,558],"product_tag":[],"class_list":{"0":"post-23544","1":"product","2":"type-product","3":"status-publish","4":"has-post-thumbnail","6":"product_cat-impressao-3d","7":"product_cat-resinas","8":"pa_biocompatible-si-pt-pt","9":"pa_envase-500-gr-pt-pt","11":"first","12":"outofstock","13":"taxable","14":"shipping-taxable","15":"product-type-simple"},"acf":[],"yoast_head":"<!-- This site is optimized with the Yoast SEO plugin v27.5 - https:\/\/yoast.com\/product\/yoast-seo-wordpress\/ -->\n<title>Resina para coronas y carillas definitivas Bego A2 500 gr. - Tienda Alpha-Bio Iberia<\/title>\n<meta name=\"description\" content=\"Resina para coronas y carillas definitivas Bego A2 500 gr. en Tienda Alpha-Bio Iberia por 464.75 \u20ac! VarseoSmile Crown Plus \u00e9 a primeira resina h\u00edbrida com obtura\u00e7\u00f5es cer\u00e2micas da cor dos dentes. Proporciona excelentes resultados est\u00e9ticos gra\u00e7as a um\" \/>\n<meta name=\"robots\" content=\"index, follow, max-snippet:-1, max-image-preview:large, max-video-preview:-1\" \/>\n<link rel=\"canonical\" href=\"https:\/\/eshop.alphabio-iberia.com\/pt-pt\/resina-coronas-carillas-definitivas-bego-a2-500-gr\/\" \/>\n<meta property=\"og:locale\" content=\"pt_PT\" \/>\n<meta property=\"og:type\" content=\"article\" \/>\n<meta property=\"og:title\" content=\"Resina para coronas y carillas definitivas Bego A2 500 gr. - Tienda Alpha-Bio Iberia\" \/>\n<meta property=\"og:description\" content=\"Resina para coronas y carillas definitivas Bego A2 500 gr. en Tienda Alpha-Bio Iberia por 464.75 \u20ac! VarseoSmile Crown Plus \u00e9 a primeira resina h\u00edbrida com obtura\u00e7\u00f5es cer\u00e2micas da cor dos dentes. Proporciona excelentes resultados est\u00e9ticos gra\u00e7as a um\" \/>\n<meta property=\"og:url\" content=\"https:\/\/eshop.alphabio-iberia.com\/pt-pt\/resina-coronas-carillas-definitivas-bego-a2-500-gr\/\" \/>\n<meta property=\"og:site_name\" content=\"Tienda Alpha-Bio Iberia\" \/>\n<meta property=\"article:modified_time\" content=\"2024-01-01T00:40:17+00:00\" \/>\n<meta property=\"og:image\" content=\"https:\/\/eshop.alphabio-iberia.com\/wp-content\/uploads\/2022\/01\/41107_resinabego_def_1-3.png\" \/>\n\t<meta property=\"og:image:width\" content=\"500\" \/>\n\t<meta property=\"og:image:height\" content=\"500\" \/>\n\t<meta property=\"og:image:type\" content=\"image\/png\" \/>\n<meta name=\"twitter:card\" content=\"summary_large_image\" \/>\n<meta name=\"twitter:label1\" content=\"Tempo estimado de leitura\" \/>\n\t<meta name=\"twitter:data1\" content=\"1 minuto\" \/>\n<script type=\"application\/ld+json\" class=\"yoast-schema-graph\">{\"@context\":\"https:\\\/\\\/schema.org\",\"@graph\":[{\"@type\":\"WebPage\",\"@id\":\"https:\\\/\\\/eshop.alphabio-iberia.com\\\/pt-pt\\\/resina-coronas-carillas-definitivas-bego-a2-500-gr\\\/\",\"url\":\"https:\\\/\\\/eshop.alphabio-iberia.com\\\/pt-pt\\\/resina-coronas-carillas-definitivas-bego-a2-500-gr\\\/\",\"name\":\"Resina para coronas y carillas definitivas Bego A2 500 gr. - Tienda Alpha-Bio Iberia\",\"isPartOf\":{\"@id\":\"https:\\\/\\\/eshop.alphabio-iberia.com\\\/#website\"},\"primaryImageOfPage\":{\"@id\":\"https:\\\/\\\/eshop.alphabio-iberia.com\\\/pt-pt\\\/resina-coronas-carillas-definitivas-bego-a2-500-gr\\\/#primaryimage\"},\"image\":{\"@id\":\"https:\\\/\\\/eshop.alphabio-iberia.com\\\/pt-pt\\\/resina-coronas-carillas-definitivas-bego-a2-500-gr\\\/#primaryimage\"},\"thumbnailUrl\":\"https:\\\/\\\/eshop.alphabio-iberia.com\\\/wp-content\\\/uploads\\\/2022\\\/01\\\/41107_resinabego_def_1-3.png\",\"datePublished\":\"2022-01-13T19:12:07+00:00\",\"dateModified\":\"2024-01-01T00:40:17+00:00\",\"description\":\"Resina para coronas y carillas definitivas Bego A2 500 gr. en Tienda Alpha-Bio Iberia por 464.75 \u20ac! VarseoSmile Crown Plus \u00e9 a primeira resina h\u00edbrida com obtura\u00e7\u00f5es cer\u00e2micas da cor dos dentes. Proporciona excelentes resultados est\u00e9ticos gra\u00e7as a um\",\"breadcrumb\":{\"@id\":\"https:\\\/\\\/eshop.alphabio-iberia.com\\\/pt-pt\\\/resina-coronas-carillas-definitivas-bego-a2-500-gr\\\/#breadcrumb\"},\"inLanguage\":\"pt-PT\",\"potentialAction\":[{\"@type\":\"ReadAction\",\"target\":[\"https:\\\/\\\/eshop.alphabio-iberia.com\\\/pt-pt\\\/resina-coronas-carillas-definitivas-bego-a2-500-gr\\\/\"]}]},{\"@type\":\"ImageObject\",\"inLanguage\":\"pt-PT\",\"@id\":\"https:\\\/\\\/eshop.alphabio-iberia.com\\\/pt-pt\\\/resina-coronas-carillas-definitivas-bego-a2-500-gr\\\/#primaryimage\",\"url\":\"https:\\\/\\\/eshop.alphabio-iberia.com\\\/wp-content\\\/uploads\\\/2022\\\/01\\\/41107_resinabego_def_1-3.png\",\"contentUrl\":\"https:\\\/\\\/eshop.alphabio-iberia.com\\\/wp-content\\\/uploads\\\/2022\\\/01\\\/41107_resinabego_def_1-3.png\",\"width\":500,\"height\":500},{\"@type\":\"BreadcrumbList\",\"@id\":\"https:\\\/\\\/eshop.alphabio-iberia.com\\\/pt-pt\\\/resina-coronas-carillas-definitivas-bego-a2-500-gr\\\/#breadcrumb\",\"itemListElement\":[{\"@type\":\"ListItem\",\"position\":1,\"name\":\"Portada\",\"item\":\"https:\\\/\\\/eshop.alphabio-iberia.com\\\/\"},{\"@type\":\"ListItem\",\"position\":2,\"name\":\"Tienda\",\"item\":\"https:\\\/\\\/eshop.alphabio-iberia.com\\\/tienda\\\/\"},{\"@type\":\"ListItem\",\"position\":3,\"name\":\"Resina para coronas y carillas definitivas Bego A2 500 gr.\"}]},{\"@type\":\"WebSite\",\"@id\":\"https:\\\/\\\/eshop.alphabio-iberia.com\\\/#website\",\"url\":\"https:\\\/\\\/eshop.alphabio-iberia.com\\\/\",\"name\":\"Tienda Alpha-Bio Iberia\",\"description\":\"Ofrecemos una soluci\u00f3n 360\u00ba para odont\u00f3logos, implant\u00f3logos y cirujanos en implantolog\u00eda, ROG y odontolog\u00eda digital, acompa\u00f1ado de un amplio programa formativo en Espa\u00f1a y Portugal.\",\"publisher\":{\"@id\":\"https:\\\/\\\/eshop.alphabio-iberia.com\\\/#organization\"},\"potentialAction\":[{\"@type\":\"SearchAction\",\"target\":{\"@type\":\"EntryPoint\",\"urlTemplate\":\"https:\\\/\\\/eshop.alphabio-iberia.com\\\/?s={search_term_string}\"},\"query-input\":{\"@type\":\"PropertyValueSpecification\",\"valueRequired\":true,\"valueName\":\"search_term_string\"}}],\"inLanguage\":\"pt-PT\"},{\"@type\":\"Organization\",\"@id\":\"https:\\\/\\\/eshop.alphabio-iberia.com\\\/#organization\",\"name\":\"Medical 10\",\"url\":\"https:\\\/\\\/eshop.alphabio-iberia.com\\\/\",\"logo\":{\"@type\":\"ImageObject\",\"inLanguage\":\"pt-PT\",\"@id\":\"https:\\\/\\\/eshop.alphabio-iberia.com\\\/#\\\/schema\\\/logo\\\/image\\\/\",\"url\":\"https:\\\/\\\/eshop.medical10.es\\\/wp-content\\\/uploads\\\/2021\\\/07\\\/cropped-m10_header_2.png\",\"contentUrl\":\"https:\\\/\\\/eshop.medical10.es\\\/wp-content\\\/uploads\\\/2021\\\/07\\\/cropped-m10_header_2.png\",\"width\":165,\"height\":97,\"caption\":\"Medical 10\"},\"image\":{\"@id\":\"https:\\\/\\\/eshop.alphabio-iberia.com\\\/#\\\/schema\\\/logo\\\/image\\\/\"}}]}<\/script>\n<!-- \/ Yoast SEO plugin. -->","yoast_head_json":{"title":"Resina para coronas y carillas definitivas Bego A2 500 gr. - Tienda Alpha-Bio Iberia","description":"Resina para coronas y carillas definitivas Bego A2 500 gr. en Tienda Alpha-Bio Iberia por 464.75 \u20ac! VarseoSmile Crown Plus \u00e9 a primeira resina h\u00edbrida com obtura\u00e7\u00f5es cer\u00e2micas da cor dos dentes. Proporciona excelentes resultados est\u00e9ticos gra\u00e7as a um","robots":{"index":"index","follow":"follow","max-snippet":"max-snippet:-1","max-image-preview":"max-image-preview:large","max-video-preview":"max-video-preview:-1"},"canonical":"https:\/\/eshop.alphabio-iberia.com\/pt-pt\/resina-coronas-carillas-definitivas-bego-a2-500-gr\/","og_locale":"pt_PT","og_type":"article","og_title":"Resina para coronas y carillas definitivas Bego A2 500 gr. - Tienda Alpha-Bio Iberia","og_description":"Resina para coronas y carillas definitivas Bego A2 500 gr. en Tienda Alpha-Bio Iberia por 464.75 \u20ac! VarseoSmile Crown Plus \u00e9 a primeira resina h\u00edbrida com obtura\u00e7\u00f5es cer\u00e2micas da cor dos dentes. Proporciona excelentes resultados est\u00e9ticos gra\u00e7as a um","og_url":"https:\/\/eshop.alphabio-iberia.com\/pt-pt\/resina-coronas-carillas-definitivas-bego-a2-500-gr\/","og_site_name":"Tienda Alpha-Bio Iberia","article_modified_time":"2024-01-01T00:40:17+00:00","og_image":[{"width":500,"height":500,"url":"https:\/\/eshop.alphabio-iberia.com\/wp-content\/uploads\/2022\/01\/41107_resinabego_def_1-3.png","type":"image\/png"}],"twitter_card":"summary_large_image","twitter_misc":{"Tempo estimado de leitura":"1 minuto"},"schema":{"@context":"https:\/\/schema.org","@graph":[{"@type":"WebPage","@id":"https:\/\/eshop.alphabio-iberia.com\/pt-pt\/resina-coronas-carillas-definitivas-bego-a2-500-gr\/","url":"https:\/\/eshop.alphabio-iberia.com\/pt-pt\/resina-coronas-carillas-definitivas-bego-a2-500-gr\/","name":"Resina para coronas y carillas definitivas Bego A2 500 gr. - Tienda Alpha-Bio Iberia","isPartOf":{"@id":"https:\/\/eshop.alphabio-iberia.com\/#website"},"primaryImageOfPage":{"@id":"https:\/\/eshop.alphabio-iberia.com\/pt-pt\/resina-coronas-carillas-definitivas-bego-a2-500-gr\/#primaryimage"},"image":{"@id":"https:\/\/eshop.alphabio-iberia.com\/pt-pt\/resina-coronas-carillas-definitivas-bego-a2-500-gr\/#primaryimage"},"thumbnailUrl":"https:\/\/eshop.alphabio-iberia.com\/wp-content\/uploads\/2022\/01\/41107_resinabego_def_1-3.png","datePublished":"2022-01-13T19:12:07+00:00","dateModified":"2024-01-01T00:40:17+00:00","description":"Resina para coronas y carillas definitivas Bego A2 500 gr. en Tienda Alpha-Bio Iberia por 464.75 \u20ac! VarseoSmile Crown Plus \u00e9 a primeira resina h\u00edbrida com obtura\u00e7\u00f5es cer\u00e2micas da cor dos dentes. Proporciona excelentes resultados est\u00e9ticos gra\u00e7as a um","breadcrumb":{"@id":"https:\/\/eshop.alphabio-iberia.com\/pt-pt\/resina-coronas-carillas-definitivas-bego-a2-500-gr\/#breadcrumb"},"inLanguage":"pt-PT","potentialAction":[{"@type":"ReadAction","target":["https:\/\/eshop.alphabio-iberia.com\/pt-pt\/resina-coronas-carillas-definitivas-bego-a2-500-gr\/"]}]},{"@type":"ImageObject","inLanguage":"pt-PT","@id":"https:\/\/eshop.alphabio-iberia.com\/pt-pt\/resina-coronas-carillas-definitivas-bego-a2-500-gr\/#primaryimage","url":"https:\/\/eshop.alphabio-iberia.com\/wp-content\/uploads\/2022\/01\/41107_resinabego_def_1-3.png","contentUrl":"https:\/\/eshop.alphabio-iberia.com\/wp-content\/uploads\/2022\/01\/41107_resinabego_def_1-3.png","width":500,"height":500},{"@type":"BreadcrumbList","@id":"https:\/\/eshop.alphabio-iberia.com\/pt-pt\/resina-coronas-carillas-definitivas-bego-a2-500-gr\/#breadcrumb","itemListElement":[{"@type":"ListItem","position":1,"name":"Portada","item":"https:\/\/eshop.alphabio-iberia.com\/"},{"@type":"ListItem","position":2,"name":"Tienda","item":"https:\/\/eshop.alphabio-iberia.com\/tienda\/"},{"@type":"ListItem","position":3,"name":"Resina para coronas y carillas definitivas Bego A2 500 gr."}]},{"@type":"WebSite","@id":"https:\/\/eshop.alphabio-iberia.com\/#website","url":"https:\/\/eshop.alphabio-iberia.com\/","name":"Tienda Alpha-Bio Iberia","description":"Ofrecemos una soluci\u00f3n 360\u00ba para odont\u00f3logos, implant\u00f3logos y cirujanos en implantolog\u00eda, ROG y odontolog\u00eda digital, acompa\u00f1ado de un amplio programa formativo en Espa\u00f1a y Portugal.","publisher":{"@id":"https:\/\/eshop.alphabio-iberia.com\/#organization"},"potentialAction":[{"@type":"SearchAction","target":{"@type":"EntryPoint","urlTemplate":"https:\/\/eshop.alphabio-iberia.com\/?s={search_term_string}"},"query-input":{"@type":"PropertyValueSpecification","valueRequired":true,"valueName":"search_term_string"}}],"inLanguage":"pt-PT"},{"@type":"Organization","@id":"https:\/\/eshop.alphabio-iberia.com\/#organization","name":"Medical 10","url":"https:\/\/eshop.alphabio-iberia.com\/","logo":{"@type":"ImageObject","inLanguage":"pt-PT","@id":"https:\/\/eshop.alphabio-iberia.com\/#\/schema\/logo\/image\/","url":"https:\/\/eshop.medical10.es\/wp-content\/uploads\/2021\/07\/cropped-m10_header_2.png","contentUrl":"https:\/\/eshop.medical10.es\/wp-content\/uploads\/2021\/07\/cropped-m10_header_2.png","width":165,"height":97,"caption":"Medical 10"},"image":{"@id":"https:\/\/eshop.alphabio-iberia.com\/#\/schema\/logo\/image\/"}}]}},"_links":{"self":[{"href":"https:\/\/eshop.alphabio-iberia.com\/pt-pt\/wp-json\/wp\/v2\/product\/23544","targetHints":{"allow":["GET"]}}],"collection":[{"href":"https:\/\/eshop.alphabio-iberia.com\/pt-pt\/wp-json\/wp\/v2\/product"}],"about":[{"href":"https:\/\/eshop.alphabio-iberia.com\/pt-pt\/wp-json\/wp\/v2\/types\/product"}],"replies":[{"embeddable":true,"href":"https:\/\/eshop.alphabio-iberia.com\/pt-pt\/wp-json\/wp\/v2\/comments?post=23544"}],"wp:featuredmedia":[{"embeddable":true,"href":"https:\/\/eshop.alphabio-iberia.com\/pt-pt\/wp-json\/wp\/v2\/media\/34204"}],"wp:attachment":[{"href":"https:\/\/eshop.alphabio-iberia.com\/pt-pt\/wp-json\/wp\/v2\/media?parent=23544"}],"wp:term":[{"taxonomy":"product_brand","embeddable":true,"href":"https:\/\/eshop.alphabio-iberia.com\/pt-pt\/wp-json\/wp\/v2\/product_brand?post=23544"},{"taxonomy":"product_cat","embeddable":true,"href":"https:\/\/eshop.alphabio-iberia.com\/pt-pt\/wp-json\/wp\/v2\/product_cat?post=23544"},{"taxonomy":"product_tag","embeddable":true,"href":"https:\/\/eshop.alphabio-iberia.com\/pt-pt\/wp-json\/wp\/v2\/product_tag?post=23544"}],"curies":[{"name":"wp","href":"https:\/\/api.w.org\/{rel}","templated":true}]}}