{"id":23588,"date":"2022-01-13T19:11:30","date_gmt":"2022-01-13T19:11:30","guid":{"rendered":"https:\/\/eshop.medical10.es\/producto\/resina-keymask-de-encias-de-modelos-keyprint-500g\/"},"modified":"2023-06-27T11:41:05","modified_gmt":"2023-06-27T11:41:05","slug":"resina-keymask-de-encias-de-modelos-keyprint-500g","status":"publish","type":"product","link":"https:\/\/eshop.alphabio-iberia.com\/pt-pt\/resina-keymask-encias-modelos-keyprint-500g\/","title":{"rendered":"Resina Keymask de enc\u00edas de modelos Keyprint 500g."},"content":{"rendered":"<p>Keyprint KeyMask para impresora 3D SprintRay, ideal para incorporarla en tu planificaci\u00f3n de resturaciones digitlaes. Simula la apariencia y la sensaci\u00f3n del tejido gingival.<br \/>\n Permite un recorte f\u00e1cil para la creaci\u00f3n de perfiles de emergencia adecuadas o ser esculpida para alcanzar la forma \u00f3ptima del p\u00f3ntico.<br \/>\n \u25cf Envase de 500gr.<\/p>\n","protected":false},"excerpt":{"rendered":"<p>Keyprint KeyMask para impresora 3D SprintRay, ideal para incorporarla en tu planificaci\u00f3n de resturaciones digitlaes. Simula la apariencia y la sensaci\u00f3n del tejido gingival. Permite un recorte f\u00e1cil para la creaci\u00f3n de perfiles de emergencia adecuadas o ser esculpida para alcanzar la forma \u00f3ptima del p\u00f3ntico. \u25cf Envase de 500gr.<\/p>\n","protected":false},"featured_media":23589,"comment_status":"open","ping_status":"closed","template":"","meta":{"_acf_changed":false},"product_brand":[],"product_cat":[553,558],"product_tag":[],"class_list":{"0":"post-23588","1":"product","2":"type-product","3":"status-publish","4":"has-post-thumbnail","6":"product_cat-impressao-3d","7":"product_cat-resinas","8":"pa_biocompatible-si-pt-pt","9":"pa_envase-500-gr-pt-pt","11":"first","12":"instock","13":"taxable","14":"shipping-taxable","15":"product-type-simple"},"acf":[],"yoast_head":"<!-- This site is optimized with the Yoast SEO plugin v27.5 - https:\/\/yoast.com\/product\/yoast-seo-wordpress\/ -->\n<title>Resina Keymask de enc\u00edas de modelos Keyprint 500g. - Tienda Alpha-Bio Iberia<\/title>\n<meta name=\"description\" content=\"Resina Keymask de enc\u00edas de modelos Keyprint 500g. en Tienda Alpha-Bio Iberia por 182.00 \u20ac! Keyprint KeyMask para impresora 3D SprintRay, ideal para incorporarla en tu planificaci\u00f3n de resturaciones digitlaes. Simula la apariencia y la sensaci\u00f3n\" \/>\n<meta name=\"robots\" content=\"index, follow, max-snippet:-1, max-image-preview:large, max-video-preview:-1\" \/>\n<link rel=\"canonical\" href=\"https:\/\/eshop.alphabio-iberia.com\/resina-keymask-encias-modelos-keyprint-500g\/\" \/>\n<meta property=\"og:locale\" content=\"pt_PT\" \/>\n<meta property=\"og:type\" content=\"article\" \/>\n<meta property=\"og:title\" content=\"Resina Keymask de enc\u00edas de modelos Keyprint 500g. - Tienda Alpha-Bio Iberia\" \/>\n<meta property=\"og:description\" content=\"Resina Keymask de enc\u00edas de modelos Keyprint 500g. en Tienda Alpha-Bio Iberia por 182.00 \u20ac! Keyprint KeyMask para impresora 3D SprintRay, ideal para incorporarla en tu planificaci\u00f3n de resturaciones digitlaes. Simula la apariencia y la sensaci\u00f3n\" \/>\n<meta property=\"og:url\" content=\"https:\/\/eshop.alphabio-iberia.com\/resina-keymask-encias-modelos-keyprint-500g\/\" \/>\n<meta property=\"og:site_name\" content=\"Tienda Alpha-Bio Iberia\" \/>\n<meta property=\"article:modified_time\" content=\"2023-06-27T11:41:05+00:00\" \/>\n<meta property=\"og:image\" content=\"https:\/\/eshop.alphabio-iberia.com\/wp-content\/uploads\/2022\/02\/4220002_resinakeymask_1.png\" \/>\n\t<meta property=\"og:image:width\" content=\"500\" \/>\n\t<meta property=\"og:image:height\" content=\"500\" \/>\n\t<meta property=\"og:image:type\" content=\"image\/png\" \/>\n<meta name=\"twitter:card\" content=\"summary_large_image\" \/>\n<script type=\"application\/ld+json\" class=\"yoast-schema-graph\">{\"@context\":\"https:\\\/\\\/schema.org\",\"@graph\":[{\"@type\":\"WebPage\",\"@id\":\"https:\\\/\\\/eshop.alphabio-iberia.com\\\/resina-keymask-encias-modelos-keyprint-500g\\\/\",\"url\":\"https:\\\/\\\/eshop.alphabio-iberia.com\\\/resina-keymask-encias-modelos-keyprint-500g\\\/\",\"name\":\"Resina Keymask de enc\u00edas de modelos Keyprint 500g. - Tienda Alpha-Bio Iberia\",\"isPartOf\":{\"@id\":\"https:\\\/\\\/eshop.alphabio-iberia.com\\\/#website\"},\"primaryImageOfPage\":{\"@id\":\"https:\\\/\\\/eshop.alphabio-iberia.com\\\/resina-keymask-encias-modelos-keyprint-500g\\\/#primaryimage\"},\"image\":{\"@id\":\"https:\\\/\\\/eshop.alphabio-iberia.com\\\/resina-keymask-encias-modelos-keyprint-500g\\\/#primaryimage\"},\"thumbnailUrl\":\"https:\\\/\\\/eshop.alphabio-iberia.com\\\/wp-content\\\/uploads\\\/2022\\\/02\\\/4220002_resinakeymask_1.png\",\"datePublished\":\"2022-01-13T19:11:30+00:00\",\"dateModified\":\"2023-06-27T11:41:05+00:00\",\"description\":\"Resina Keymask de enc\u00edas de modelos Keyprint 500g. en Tienda Alpha-Bio Iberia por 182.00 \u20ac! Keyprint KeyMask para impresora 3D SprintRay, ideal para incorporarla en tu planificaci\u00f3n de resturaciones digitlaes. Simula la apariencia y la sensaci\u00f3n\",\"breadcrumb\":{\"@id\":\"https:\\\/\\\/eshop.alphabio-iberia.com\\\/resina-keymask-encias-modelos-keyprint-500g\\\/#breadcrumb\"},\"inLanguage\":\"pt-PT\",\"potentialAction\":[{\"@type\":\"ReadAction\",\"target\":[\"https:\\\/\\\/eshop.alphabio-iberia.com\\\/resina-keymask-encias-modelos-keyprint-500g\\\/\"]}]},{\"@type\":\"ImageObject\",\"inLanguage\":\"pt-PT\",\"@id\":\"https:\\\/\\\/eshop.alphabio-iberia.com\\\/resina-keymask-encias-modelos-keyprint-500g\\\/#primaryimage\",\"url\":\"https:\\\/\\\/eshop.alphabio-iberia.com\\\/wp-content\\\/uploads\\\/2022\\\/02\\\/4220002_resinakeymask_1.png\",\"contentUrl\":\"https:\\\/\\\/eshop.alphabio-iberia.com\\\/wp-content\\\/uploads\\\/2022\\\/02\\\/4220002_resinakeymask_1.png\",\"width\":500,\"height\":500},{\"@type\":\"BreadcrumbList\",\"@id\":\"https:\\\/\\\/eshop.alphabio-iberia.com\\\/resina-keymask-encias-modelos-keyprint-500g\\\/#breadcrumb\",\"itemListElement\":[{\"@type\":\"ListItem\",\"position\":1,\"name\":\"Portada\",\"item\":\"https:\\\/\\\/eshop.alphabio-iberia.com\\\/\"},{\"@type\":\"ListItem\",\"position\":2,\"name\":\"Tienda\",\"item\":\"https:\\\/\\\/eshop.alphabio-iberia.com\\\/tienda\\\/\"},{\"@type\":\"ListItem\",\"position\":3,\"name\":\"Resina Keymask de enc\u00edas de modelos Keyprint 500g.\"}]},{\"@type\":\"WebSite\",\"@id\":\"https:\\\/\\\/eshop.alphabio-iberia.com\\\/#website\",\"url\":\"https:\\\/\\\/eshop.alphabio-iberia.com\\\/\",\"name\":\"Tienda Alpha-Bio Iberia\",\"description\":\"Ofrecemos una soluci\u00f3n 360\u00ba para odont\u00f3logos, implant\u00f3logos y cirujanos en implantolog\u00eda, ROG y odontolog\u00eda digital, acompa\u00f1ado de un amplio programa formativo en Espa\u00f1a y Portugal.\",\"publisher\":{\"@id\":\"https:\\\/\\\/eshop.alphabio-iberia.com\\\/#organization\"},\"potentialAction\":[{\"@type\":\"SearchAction\",\"target\":{\"@type\":\"EntryPoint\",\"urlTemplate\":\"https:\\\/\\\/eshop.alphabio-iberia.com\\\/?s={search_term_string}\"},\"query-input\":{\"@type\":\"PropertyValueSpecification\",\"valueRequired\":true,\"valueName\":\"search_term_string\"}}],\"inLanguage\":\"pt-PT\"},{\"@type\":\"Organization\",\"@id\":\"https:\\\/\\\/eshop.alphabio-iberia.com\\\/#organization\",\"name\":\"Medical 10\",\"url\":\"https:\\\/\\\/eshop.alphabio-iberia.com\\\/\",\"logo\":{\"@type\":\"ImageObject\",\"inLanguage\":\"pt-PT\",\"@id\":\"https:\\\/\\\/eshop.alphabio-iberia.com\\\/#\\\/schema\\\/logo\\\/image\\\/\",\"url\":\"https:\\\/\\\/eshop.medical10.es\\\/wp-content\\\/uploads\\\/2021\\\/07\\\/cropped-m10_header_2.png\",\"contentUrl\":\"https:\\\/\\\/eshop.medical10.es\\\/wp-content\\\/uploads\\\/2021\\\/07\\\/cropped-m10_header_2.png\",\"width\":165,\"height\":97,\"caption\":\"Medical 10\"},\"image\":{\"@id\":\"https:\\\/\\\/eshop.alphabio-iberia.com\\\/#\\\/schema\\\/logo\\\/image\\\/\"}}]}<\/script>\n<!-- \/ Yoast SEO plugin. -->","yoast_head_json":{"title":"Resina Keymask de enc\u00edas de modelos Keyprint 500g. - Tienda Alpha-Bio Iberia","description":"Resina Keymask de enc\u00edas de modelos Keyprint 500g. en Tienda Alpha-Bio Iberia por 182.00 \u20ac! Keyprint KeyMask para impresora 3D SprintRay, ideal para incorporarla en tu planificaci\u00f3n de resturaciones digitlaes. Simula la apariencia y la sensaci\u00f3n","robots":{"index":"index","follow":"follow","max-snippet":"max-snippet:-1","max-image-preview":"max-image-preview:large","max-video-preview":"max-video-preview:-1"},"canonical":"https:\/\/eshop.alphabio-iberia.com\/resina-keymask-encias-modelos-keyprint-500g\/","og_locale":"pt_PT","og_type":"article","og_title":"Resina Keymask de enc\u00edas de modelos Keyprint 500g. - Tienda Alpha-Bio Iberia","og_description":"Resina Keymask de enc\u00edas de modelos Keyprint 500g. en Tienda Alpha-Bio Iberia por 182.00 \u20ac! Keyprint KeyMask para impresora 3D SprintRay, ideal para incorporarla en tu planificaci\u00f3n de resturaciones digitlaes. Simula la apariencia y la sensaci\u00f3n","og_url":"https:\/\/eshop.alphabio-iberia.com\/resina-keymask-encias-modelos-keyprint-500g\/","og_site_name":"Tienda Alpha-Bio Iberia","article_modified_time":"2023-06-27T11:41:05+00:00","og_image":[{"width":500,"height":500,"url":"https:\/\/eshop.alphabio-iberia.com\/wp-content\/uploads\/2022\/02\/4220002_resinakeymask_1.png","type":"image\/png"}],"twitter_card":"summary_large_image","schema":{"@context":"https:\/\/schema.org","@graph":[{"@type":"WebPage","@id":"https:\/\/eshop.alphabio-iberia.com\/resina-keymask-encias-modelos-keyprint-500g\/","url":"https:\/\/eshop.alphabio-iberia.com\/resina-keymask-encias-modelos-keyprint-500g\/","name":"Resina Keymask de enc\u00edas de modelos Keyprint 500g. - Tienda Alpha-Bio Iberia","isPartOf":{"@id":"https:\/\/eshop.alphabio-iberia.com\/#website"},"primaryImageOfPage":{"@id":"https:\/\/eshop.alphabio-iberia.com\/resina-keymask-encias-modelos-keyprint-500g\/#primaryimage"},"image":{"@id":"https:\/\/eshop.alphabio-iberia.com\/resina-keymask-encias-modelos-keyprint-500g\/#primaryimage"},"thumbnailUrl":"https:\/\/eshop.alphabio-iberia.com\/wp-content\/uploads\/2022\/02\/4220002_resinakeymask_1.png","datePublished":"2022-01-13T19:11:30+00:00","dateModified":"2023-06-27T11:41:05+00:00","description":"Resina Keymask de enc\u00edas de modelos Keyprint 500g. en Tienda Alpha-Bio Iberia por 182.00 \u20ac! Keyprint KeyMask para impresora 3D SprintRay, ideal para incorporarla en tu planificaci\u00f3n de resturaciones digitlaes. Simula la apariencia y la sensaci\u00f3n","breadcrumb":{"@id":"https:\/\/eshop.alphabio-iberia.com\/resina-keymask-encias-modelos-keyprint-500g\/#breadcrumb"},"inLanguage":"pt-PT","potentialAction":[{"@type":"ReadAction","target":["https:\/\/eshop.alphabio-iberia.com\/resina-keymask-encias-modelos-keyprint-500g\/"]}]},{"@type":"ImageObject","inLanguage":"pt-PT","@id":"https:\/\/eshop.alphabio-iberia.com\/resina-keymask-encias-modelos-keyprint-500g\/#primaryimage","url":"https:\/\/eshop.alphabio-iberia.com\/wp-content\/uploads\/2022\/02\/4220002_resinakeymask_1.png","contentUrl":"https:\/\/eshop.alphabio-iberia.com\/wp-content\/uploads\/2022\/02\/4220002_resinakeymask_1.png","width":500,"height":500},{"@type":"BreadcrumbList","@id":"https:\/\/eshop.alphabio-iberia.com\/resina-keymask-encias-modelos-keyprint-500g\/#breadcrumb","itemListElement":[{"@type":"ListItem","position":1,"name":"Portada","item":"https:\/\/eshop.alphabio-iberia.com\/"},{"@type":"ListItem","position":2,"name":"Tienda","item":"https:\/\/eshop.alphabio-iberia.com\/tienda\/"},{"@type":"ListItem","position":3,"name":"Resina Keymask de enc\u00edas de modelos Keyprint 500g."}]},{"@type":"WebSite","@id":"https:\/\/eshop.alphabio-iberia.com\/#website","url":"https:\/\/eshop.alphabio-iberia.com\/","name":"Tienda Alpha-Bio Iberia","description":"Ofrecemos una soluci\u00f3n 360\u00ba para odont\u00f3logos, implant\u00f3logos y cirujanos en implantolog\u00eda, ROG y odontolog\u00eda digital, acompa\u00f1ado de un amplio programa formativo en Espa\u00f1a y Portugal.","publisher":{"@id":"https:\/\/eshop.alphabio-iberia.com\/#organization"},"potentialAction":[{"@type":"SearchAction","target":{"@type":"EntryPoint","urlTemplate":"https:\/\/eshop.alphabio-iberia.com\/?s={search_term_string}"},"query-input":{"@type":"PropertyValueSpecification","valueRequired":true,"valueName":"search_term_string"}}],"inLanguage":"pt-PT"},{"@type":"Organization","@id":"https:\/\/eshop.alphabio-iberia.com\/#organization","name":"Medical 10","url":"https:\/\/eshop.alphabio-iberia.com\/","logo":{"@type":"ImageObject","inLanguage":"pt-PT","@id":"https:\/\/eshop.alphabio-iberia.com\/#\/schema\/logo\/image\/","url":"https:\/\/eshop.medical10.es\/wp-content\/uploads\/2021\/07\/cropped-m10_header_2.png","contentUrl":"https:\/\/eshop.medical10.es\/wp-content\/uploads\/2021\/07\/cropped-m10_header_2.png","width":165,"height":97,"caption":"Medical 10"},"image":{"@id":"https:\/\/eshop.alphabio-iberia.com\/#\/schema\/logo\/image\/"}}]}},"_links":{"self":[{"href":"https:\/\/eshop.alphabio-iberia.com\/pt-pt\/wp-json\/wp\/v2\/product\/23588","targetHints":{"allow":["GET"]}}],"collection":[{"href":"https:\/\/eshop.alphabio-iberia.com\/pt-pt\/wp-json\/wp\/v2\/product"}],"about":[{"href":"https:\/\/eshop.alphabio-iberia.com\/pt-pt\/wp-json\/wp\/v2\/types\/product"}],"replies":[{"embeddable":true,"href":"https:\/\/eshop.alphabio-iberia.com\/pt-pt\/wp-json\/wp\/v2\/comments?post=23588"}],"wp:featuredmedia":[{"embeddable":true,"href":"https:\/\/eshop.alphabio-iberia.com\/pt-pt\/wp-json\/wp\/v2\/media\/23589"}],"wp:attachment":[{"href":"https:\/\/eshop.alphabio-iberia.com\/pt-pt\/wp-json\/wp\/v2\/media?parent=23588"}],"wp:term":[{"taxonomy":"product_brand","embeddable":true,"href":"https:\/\/eshop.alphabio-iberia.com\/pt-pt\/wp-json\/wp\/v2\/product_brand?post=23588"},{"taxonomy":"product_cat","embeddable":true,"href":"https:\/\/eshop.alphabio-iberia.com\/pt-pt\/wp-json\/wp\/v2\/product_cat?post=23588"},{"taxonomy":"product_tag","embeddable":true,"href":"https:\/\/eshop.alphabio-iberia.com\/pt-pt\/wp-json\/wp\/v2\/product_tag?post=23588"}],"curies":[{"name":"wp","href":"https:\/\/api.w.org\/{rel}","templated":true}]}}