{"id":23630,"date":"2022-01-13T19:10:59","date_gmt":"2022-01-13T19:10:59","guid":{"rendered":"https:\/\/eshop.medical10.es\/producto\/plataforma-de-impresion-sprintray-pro-95\/"},"modified":"2023-06-27T11:41:00","modified_gmt":"2023-06-27T11:41:00","slug":"plataforma-de-impresion-sprintray-pro-95","status":"publish","type":"product","link":"https:\/\/eshop.alphabio-iberia.com\/pt-pt\/plataforma-impresion-sprintray-pro-95\/","title":{"rendered":"Plataforma de impresi\u00f3n SprintRay Pro 95"},"content":{"rendered":"<p>La plataforma de impresi\u00f3n de SprintRay Pro 95 incluye un bloque magn\u00e9tico que asegura la orientaci\u00f3n perfecta de la placa de construcci\u00f3n. Un segundo im\u00e1n detecta cu\u00e1ndo la tapa est\u00e1 abierta, lo que reduce el riesgo de exponer la resina a la luz ambiental.<br \/>\n Presenta capacidad para un volumen de impresi\u00f3n masiva, pudiendo imprimir hasta 30 modelos dentales de arcada completa en una sola impresi\u00f3n.<br \/>\n \u25cf Volumen de impresi\u00f3n: 15.2 cm x 10.2 cm x 20 cm<\/p>\n","protected":false},"excerpt":{"rendered":"<p>La plataforma de impresi\u00f3n de SprintRay Pro 95 incluye un bloque magn\u00e9tico que asegura la orientaci\u00f3n perfecta de la placa de construcci\u00f3n. Un segundo im\u00e1n detecta cu\u00e1ndo la tapa est\u00e1 abierta, lo que reduce el riesgo de exponer la resina a la luz ambiental. Presenta capacidad para un volumen de impresi\u00f3n masiva, pudiendo imprimir hasta [&hellip;]<\/p>\n","protected":false},"featured_media":23631,"comment_status":"open","ping_status":"closed","template":"","meta":{"_acf_changed":false},"product_brand":[],"product_cat":[15],"product_tag":[],"class_list":{"0":"post-23630","1":"product","2":"type-product","3":"status-publish","4":"has-post-thumbnail","6":"product_cat-sin-categorizar","8":"first","9":"instock","10":"taxable","11":"shipping-taxable","12":"product-type-simple"},"acf":[],"yoast_head":"<!-- This site is optimized with the Yoast SEO plugin v27.5 - https:\/\/yoast.com\/product\/yoast-seo-wordpress\/ -->\n<title>Plataforma de impresi\u00f3n SprintRay Pro 95 - Tienda Alpha-Bio Iberia<\/title>\n<meta name=\"description\" content=\"Plataforma de impresi\u00f3n SprintRay Pro 95 en Tienda Alpha-Bio Iberia por 300.00 \u20ac! La plataforma de impresi\u00f3n de SprintRay Pro 95 incluye un bloque magn\u00e9tico que asegura la orientaci\u00f3n perfecta de la placa de construcci\u00f3n. Un segundo\" \/>\n<meta name=\"robots\" content=\"index, follow, max-snippet:-1, max-image-preview:large, max-video-preview:-1\" \/>\n<link rel=\"canonical\" href=\"https:\/\/eshop.alphabio-iberia.com\/pt-pt\/plataforma-impresion-sprintray-pro-95\/\" \/>\n<meta property=\"og:locale\" content=\"pt_PT\" \/>\n<meta property=\"og:type\" content=\"article\" \/>\n<meta property=\"og:title\" content=\"Plataforma de impresi\u00f3n SprintRay Pro 95 - Tienda Alpha-Bio Iberia\" \/>\n<meta property=\"og:description\" content=\"Plataforma de impresi\u00f3n SprintRay Pro 95 en Tienda Alpha-Bio Iberia por 300.00 \u20ac! La plataforma de impresi\u00f3n de SprintRay Pro 95 incluye un bloque magn\u00e9tico que asegura la orientaci\u00f3n perfecta de la placa de construcci\u00f3n. Un segundo\" \/>\n<meta property=\"og:url\" content=\"https:\/\/eshop.alphabio-iberia.com\/pt-pt\/plataforma-impresion-sprintray-pro-95\/\" \/>\n<meta property=\"og:site_name\" content=\"Tienda Alpha-Bio Iberia\" \/>\n<meta property=\"article:modified_time\" content=\"2023-06-27T11:41:00+00:00\" \/>\n<meta property=\"og:image\" content=\"https:\/\/eshop.alphabio-iberia.com\/wp-content\/uploads\/2022\/02\/SRI-0503001_plataformaimpresion_1.png\" \/>\n\t<meta property=\"og:image:width\" content=\"500\" \/>\n\t<meta property=\"og:image:height\" content=\"500\" \/>\n\t<meta property=\"og:image:type\" content=\"image\/png\" \/>\n<meta name=\"twitter:card\" content=\"summary_large_image\" \/>\n<script type=\"application\/ld+json\" class=\"yoast-schema-graph\">{\"@context\":\"https:\\\/\\\/schema.org\",\"@graph\":[{\"@type\":\"WebPage\",\"@id\":\"https:\\\/\\\/eshop.alphabio-iberia.com\\\/pt-pt\\\/plataforma-impresion-sprintray-pro-95\\\/\",\"url\":\"https:\\\/\\\/eshop.alphabio-iberia.com\\\/pt-pt\\\/plataforma-impresion-sprintray-pro-95\\\/\",\"name\":\"Plataforma de impresi\u00f3n SprintRay Pro 95 - Tienda Alpha-Bio Iberia\",\"isPartOf\":{\"@id\":\"https:\\\/\\\/eshop.alphabio-iberia.com\\\/#website\"},\"primaryImageOfPage\":{\"@id\":\"https:\\\/\\\/eshop.alphabio-iberia.com\\\/pt-pt\\\/plataforma-impresion-sprintray-pro-95\\\/#primaryimage\"},\"image\":{\"@id\":\"https:\\\/\\\/eshop.alphabio-iberia.com\\\/pt-pt\\\/plataforma-impresion-sprintray-pro-95\\\/#primaryimage\"},\"thumbnailUrl\":\"https:\\\/\\\/eshop.alphabio-iberia.com\\\/wp-content\\\/uploads\\\/2022\\\/02\\\/SRI-0503001_plataformaimpresion_1.png\",\"datePublished\":\"2022-01-13T19:10:59+00:00\",\"dateModified\":\"2023-06-27T11:41:00+00:00\",\"description\":\"Plataforma de impresi\u00f3n SprintRay Pro 95 en Tienda Alpha-Bio Iberia por 300.00 \u20ac! La plataforma de impresi\u00f3n de SprintRay Pro 95 incluye un bloque magn\u00e9tico que asegura la orientaci\u00f3n perfecta de la placa de construcci\u00f3n. Un segundo\",\"breadcrumb\":{\"@id\":\"https:\\\/\\\/eshop.alphabio-iberia.com\\\/pt-pt\\\/plataforma-impresion-sprintray-pro-95\\\/#breadcrumb\"},\"inLanguage\":\"pt-PT\",\"potentialAction\":[{\"@type\":\"ReadAction\",\"target\":[\"https:\\\/\\\/eshop.alphabio-iberia.com\\\/pt-pt\\\/plataforma-impresion-sprintray-pro-95\\\/\"]}]},{\"@type\":\"ImageObject\",\"inLanguage\":\"pt-PT\",\"@id\":\"https:\\\/\\\/eshop.alphabio-iberia.com\\\/pt-pt\\\/plataforma-impresion-sprintray-pro-95\\\/#primaryimage\",\"url\":\"https:\\\/\\\/eshop.alphabio-iberia.com\\\/wp-content\\\/uploads\\\/2022\\\/02\\\/SRI-0503001_plataformaimpresion_1.png\",\"contentUrl\":\"https:\\\/\\\/eshop.alphabio-iberia.com\\\/wp-content\\\/uploads\\\/2022\\\/02\\\/SRI-0503001_plataformaimpresion_1.png\",\"width\":500,\"height\":500},{\"@type\":\"BreadcrumbList\",\"@id\":\"https:\\\/\\\/eshop.alphabio-iberia.com\\\/pt-pt\\\/plataforma-impresion-sprintray-pro-95\\\/#breadcrumb\",\"itemListElement\":[{\"@type\":\"ListItem\",\"position\":1,\"name\":\"Portada\",\"item\":\"https:\\\/\\\/eshop.alphabio-iberia.com\\\/\"},{\"@type\":\"ListItem\",\"position\":2,\"name\":\"Tienda\",\"item\":\"https:\\\/\\\/eshop.alphabio-iberia.com\\\/tienda\\\/\"},{\"@type\":\"ListItem\",\"position\":3,\"name\":\"Plataforma de impresi\u00f3n SprintRay Pro 95\"}]},{\"@type\":\"WebSite\",\"@id\":\"https:\\\/\\\/eshop.alphabio-iberia.com\\\/#website\",\"url\":\"https:\\\/\\\/eshop.alphabio-iberia.com\\\/\",\"name\":\"Tienda Alpha-Bio Iberia\",\"description\":\"Ofrecemos una soluci\u00f3n 360\u00ba para odont\u00f3logos, implant\u00f3logos y cirujanos en implantolog\u00eda, ROG y odontolog\u00eda digital, acompa\u00f1ado de un amplio programa formativo en Espa\u00f1a y Portugal.\",\"publisher\":{\"@id\":\"https:\\\/\\\/eshop.alphabio-iberia.com\\\/#organization\"},\"potentialAction\":[{\"@type\":\"SearchAction\",\"target\":{\"@type\":\"EntryPoint\",\"urlTemplate\":\"https:\\\/\\\/eshop.alphabio-iberia.com\\\/?s={search_term_string}\"},\"query-input\":{\"@type\":\"PropertyValueSpecification\",\"valueRequired\":true,\"valueName\":\"search_term_string\"}}],\"inLanguage\":\"pt-PT\"},{\"@type\":\"Organization\",\"@id\":\"https:\\\/\\\/eshop.alphabio-iberia.com\\\/#organization\",\"name\":\"Medical 10\",\"url\":\"https:\\\/\\\/eshop.alphabio-iberia.com\\\/\",\"logo\":{\"@type\":\"ImageObject\",\"inLanguage\":\"pt-PT\",\"@id\":\"https:\\\/\\\/eshop.alphabio-iberia.com\\\/#\\\/schema\\\/logo\\\/image\\\/\",\"url\":\"https:\\\/\\\/eshop.medical10.es\\\/wp-content\\\/uploads\\\/2021\\\/07\\\/cropped-m10_header_2.png\",\"contentUrl\":\"https:\\\/\\\/eshop.medical10.es\\\/wp-content\\\/uploads\\\/2021\\\/07\\\/cropped-m10_header_2.png\",\"width\":165,\"height\":97,\"caption\":\"Medical 10\"},\"image\":{\"@id\":\"https:\\\/\\\/eshop.alphabio-iberia.com\\\/#\\\/schema\\\/logo\\\/image\\\/\"}}]}<\/script>\n<!-- \/ Yoast SEO plugin. -->","yoast_head_json":{"title":"Plataforma de impresi\u00f3n SprintRay Pro 95 - Tienda Alpha-Bio Iberia","description":"Plataforma de impresi\u00f3n SprintRay Pro 95 en Tienda Alpha-Bio Iberia por 300.00 \u20ac! La plataforma de impresi\u00f3n de SprintRay Pro 95 incluye un bloque magn\u00e9tico que asegura la orientaci\u00f3n perfecta de la placa de construcci\u00f3n. Un segundo","robots":{"index":"index","follow":"follow","max-snippet":"max-snippet:-1","max-image-preview":"max-image-preview:large","max-video-preview":"max-video-preview:-1"},"canonical":"https:\/\/eshop.alphabio-iberia.com\/pt-pt\/plataforma-impresion-sprintray-pro-95\/","og_locale":"pt_PT","og_type":"article","og_title":"Plataforma de impresi\u00f3n SprintRay Pro 95 - Tienda Alpha-Bio Iberia","og_description":"Plataforma de impresi\u00f3n SprintRay Pro 95 en Tienda Alpha-Bio Iberia por 300.00 \u20ac! La plataforma de impresi\u00f3n de SprintRay Pro 95 incluye un bloque magn\u00e9tico que asegura la orientaci\u00f3n perfecta de la placa de construcci\u00f3n. Un segundo","og_url":"https:\/\/eshop.alphabio-iberia.com\/pt-pt\/plataforma-impresion-sprintray-pro-95\/","og_site_name":"Tienda Alpha-Bio Iberia","article_modified_time":"2023-06-27T11:41:00+00:00","og_image":[{"width":500,"height":500,"url":"https:\/\/eshop.alphabio-iberia.com\/wp-content\/uploads\/2022\/02\/SRI-0503001_plataformaimpresion_1.png","type":"image\/png"}],"twitter_card":"summary_large_image","schema":{"@context":"https:\/\/schema.org","@graph":[{"@type":"WebPage","@id":"https:\/\/eshop.alphabio-iberia.com\/pt-pt\/plataforma-impresion-sprintray-pro-95\/","url":"https:\/\/eshop.alphabio-iberia.com\/pt-pt\/plataforma-impresion-sprintray-pro-95\/","name":"Plataforma de impresi\u00f3n SprintRay Pro 95 - Tienda Alpha-Bio Iberia","isPartOf":{"@id":"https:\/\/eshop.alphabio-iberia.com\/#website"},"primaryImageOfPage":{"@id":"https:\/\/eshop.alphabio-iberia.com\/pt-pt\/plataforma-impresion-sprintray-pro-95\/#primaryimage"},"image":{"@id":"https:\/\/eshop.alphabio-iberia.com\/pt-pt\/plataforma-impresion-sprintray-pro-95\/#primaryimage"},"thumbnailUrl":"https:\/\/eshop.alphabio-iberia.com\/wp-content\/uploads\/2022\/02\/SRI-0503001_plataformaimpresion_1.png","datePublished":"2022-01-13T19:10:59+00:00","dateModified":"2023-06-27T11:41:00+00:00","description":"Plataforma de impresi\u00f3n SprintRay Pro 95 en Tienda Alpha-Bio Iberia por 300.00 \u20ac! La plataforma de impresi\u00f3n de SprintRay Pro 95 incluye un bloque magn\u00e9tico que asegura la orientaci\u00f3n perfecta de la placa de construcci\u00f3n. Un segundo","breadcrumb":{"@id":"https:\/\/eshop.alphabio-iberia.com\/pt-pt\/plataforma-impresion-sprintray-pro-95\/#breadcrumb"},"inLanguage":"pt-PT","potentialAction":[{"@type":"ReadAction","target":["https:\/\/eshop.alphabio-iberia.com\/pt-pt\/plataforma-impresion-sprintray-pro-95\/"]}]},{"@type":"ImageObject","inLanguage":"pt-PT","@id":"https:\/\/eshop.alphabio-iberia.com\/pt-pt\/plataforma-impresion-sprintray-pro-95\/#primaryimage","url":"https:\/\/eshop.alphabio-iberia.com\/wp-content\/uploads\/2022\/02\/SRI-0503001_plataformaimpresion_1.png","contentUrl":"https:\/\/eshop.alphabio-iberia.com\/wp-content\/uploads\/2022\/02\/SRI-0503001_plataformaimpresion_1.png","width":500,"height":500},{"@type":"BreadcrumbList","@id":"https:\/\/eshop.alphabio-iberia.com\/pt-pt\/plataforma-impresion-sprintray-pro-95\/#breadcrumb","itemListElement":[{"@type":"ListItem","position":1,"name":"Portada","item":"https:\/\/eshop.alphabio-iberia.com\/"},{"@type":"ListItem","position":2,"name":"Tienda","item":"https:\/\/eshop.alphabio-iberia.com\/tienda\/"},{"@type":"ListItem","position":3,"name":"Plataforma de impresi\u00f3n SprintRay Pro 95"}]},{"@type":"WebSite","@id":"https:\/\/eshop.alphabio-iberia.com\/#website","url":"https:\/\/eshop.alphabio-iberia.com\/","name":"Tienda Alpha-Bio Iberia","description":"Ofrecemos una soluci\u00f3n 360\u00ba para odont\u00f3logos, implant\u00f3logos y cirujanos en implantolog\u00eda, ROG y odontolog\u00eda digital, acompa\u00f1ado de un amplio programa formativo en Espa\u00f1a y Portugal.","publisher":{"@id":"https:\/\/eshop.alphabio-iberia.com\/#organization"},"potentialAction":[{"@type":"SearchAction","target":{"@type":"EntryPoint","urlTemplate":"https:\/\/eshop.alphabio-iberia.com\/?s={search_term_string}"},"query-input":{"@type":"PropertyValueSpecification","valueRequired":true,"valueName":"search_term_string"}}],"inLanguage":"pt-PT"},{"@type":"Organization","@id":"https:\/\/eshop.alphabio-iberia.com\/#organization","name":"Medical 10","url":"https:\/\/eshop.alphabio-iberia.com\/","logo":{"@type":"ImageObject","inLanguage":"pt-PT","@id":"https:\/\/eshop.alphabio-iberia.com\/#\/schema\/logo\/image\/","url":"https:\/\/eshop.medical10.es\/wp-content\/uploads\/2021\/07\/cropped-m10_header_2.png","contentUrl":"https:\/\/eshop.medical10.es\/wp-content\/uploads\/2021\/07\/cropped-m10_header_2.png","width":165,"height":97,"caption":"Medical 10"},"image":{"@id":"https:\/\/eshop.alphabio-iberia.com\/#\/schema\/logo\/image\/"}}]}},"_links":{"self":[{"href":"https:\/\/eshop.alphabio-iberia.com\/pt-pt\/wp-json\/wp\/v2\/product\/23630","targetHints":{"allow":["GET"]}}],"collection":[{"href":"https:\/\/eshop.alphabio-iberia.com\/pt-pt\/wp-json\/wp\/v2\/product"}],"about":[{"href":"https:\/\/eshop.alphabio-iberia.com\/pt-pt\/wp-json\/wp\/v2\/types\/product"}],"replies":[{"embeddable":true,"href":"https:\/\/eshop.alphabio-iberia.com\/pt-pt\/wp-json\/wp\/v2\/comments?post=23630"}],"wp:featuredmedia":[{"embeddable":true,"href":"https:\/\/eshop.alphabio-iberia.com\/pt-pt\/wp-json\/wp\/v2\/media\/23631"}],"wp:attachment":[{"href":"https:\/\/eshop.alphabio-iberia.com\/pt-pt\/wp-json\/wp\/v2\/media?parent=23630"}],"wp:term":[{"taxonomy":"product_brand","embeddable":true,"href":"https:\/\/eshop.alphabio-iberia.com\/pt-pt\/wp-json\/wp\/v2\/product_brand?post=23630"},{"taxonomy":"product_cat","embeddable":true,"href":"https:\/\/eshop.alphabio-iberia.com\/pt-pt\/wp-json\/wp\/v2\/product_cat?post=23630"},{"taxonomy":"product_tag","embeddable":true,"href":"https:\/\/eshop.alphabio-iberia.com\/pt-pt\/wp-json\/wp\/v2\/product_tag?post=23630"}],"curies":[{"name":"wp","href":"https:\/\/api.w.org\/{rel}","templated":true}]}}