{"id":23664,"date":"2022-01-13T19:10:38","date_gmt":"2022-01-13T19:10:38","guid":{"rendered":"https:\/\/eshop.medical10.es\/producto\/impresora-3d-sprintray-pro-s-55\/"},"modified":"2025-07-17T19:36:12","modified_gmt":"2025-07-17T19:36:12","slug":"impresora-3d-sprintray-pro-55","status":"publish","type":"product","link":"https:\/\/eshop.alphabio-iberia.com\/pt-pt\/impresora-3d-sprintray-pro-s-55\/","title":{"rendered":"Impresora 3D SprintRay Pro S 55"},"content":{"rendered":"<p>SprintRay Pro S 55 es la versi\u00f3n ultraprecisa en impresi\u00f3n 3D dental. Incluye un tama\u00f1o de p\u00edxel XY de 55 micrones, adem\u00e1s de Pixel Toning. para ofrecer una precisi\u00f3n inigualable en el mercado, esto la hace id\u00f3nea para piezas de impresi\u00f3n que requieren una precisi\u00f3n extraordinaria y perfecci\u00f3n microsc\u00f3pica en el acabado: coronas temporales y definitivas o dentaduras postizas h\u00edbridas entre otras.<br \/>\nPro S 55 es la impresora ideal para cl\u00ednicas o laboratorios que se especializan en aplicaciones de restauraci\u00f3n, lo que reduce el costo del tratamiento y los tiempos de entrega al tiempo que mejora su flujo de trabajo.<\/p>\n","protected":false},"excerpt":{"rendered":"<p>SprintRay Pro S 55 es la versi\u00f3n ultraprecisa en impresi\u00f3n 3D dental. Incluye un tama\u00f1o de p\u00edxel XY de 55 micrones, adem\u00e1s de Pixel Toning. para ofrecer una precisi\u00f3n inigualable en el mercado, esto la hace id\u00f3nea para piezas de impresi\u00f3n que requieren una precisi\u00f3n extraordinaria y perfecci\u00f3n microsc\u00f3pica en el acabado: coronas temporales y [&hellip;]<\/p>\n","protected":false},"featured_media":23665,"comment_status":"open","ping_status":"closed","template":"","meta":{"_acf_changed":false},"product_brand":[],"product_cat":[15],"product_tag":[],"class_list":{"0":"post-23664","1":"product","2":"type-product","3":"status-publish","4":"has-post-thumbnail","6":"product_cat-sin-categorizar","8":"first","9":"outofstock","10":"taxable","11":"shipping-taxable","12":"product-type-simple"},"acf":[],"yoast_head":"<!-- This site is optimized with the Yoast SEO plugin v27.4 - https:\/\/yoast.com\/product\/yoast-seo-wordpress\/ -->\n<title>Impresora 3D SprintRay Pro S 55 - Tienda Alpha-Bio Iberia<\/title>\n<meta name=\"description\" content=\"Impresora 3D SprintRay Pro S 55 en Tienda Alpha-Bio Iberia por 6750.00 \u20ac! SprintRay Pro S 55 es la versi\u00f3n ultraprecisa en impresi\u00f3n 3D dental. Incluye un tama\u00f1o de p\u00edxel XY de 55 micrones, adem\u00e1s de Pixel Toning. para ofrecer\" \/>\n<meta name=\"robots\" content=\"index, follow, max-snippet:-1, max-image-preview:large, max-video-preview:-1\" \/>\n<link rel=\"canonical\" href=\"https:\/\/eshop.alphabio-iberia.com\/pt-pt\/impresora-3d-sprintray-pro-s-55\/\" \/>\n<meta property=\"og:locale\" content=\"pt_PT\" \/>\n<meta property=\"og:type\" content=\"article\" \/>\n<meta property=\"og:title\" content=\"Impresora 3D SprintRay Pro S 55 - Tienda Alpha-Bio Iberia\" \/>\n<meta property=\"og:description\" content=\"Impresora 3D SprintRay Pro S 55 en Tienda Alpha-Bio Iberia por 6750.00 \u20ac! SprintRay Pro S 55 es la versi\u00f3n ultraprecisa en impresi\u00f3n 3D dental. Incluye un tama\u00f1o de p\u00edxel XY de 55 micrones, adem\u00e1s de Pixel Toning. para ofrecer\" \/>\n<meta property=\"og:url\" content=\"https:\/\/eshop.alphabio-iberia.com\/pt-pt\/impresora-3d-sprintray-pro-s-55\/\" \/>\n<meta property=\"og:site_name\" content=\"Tienda Alpha-Bio Iberia\" \/>\n<meta property=\"article:modified_time\" content=\"2025-07-17T19:36:12+00:00\" \/>\n<meta property=\"og:image\" content=\"https:\/\/eshop.alphabio-iberia.com\/wp-content\/uploads\/2022\/10\/SprintRayPro55S_1.png\" \/>\n\t<meta property=\"og:image:width\" content=\"500\" \/>\n\t<meta property=\"og:image:height\" content=\"500\" \/>\n\t<meta property=\"og:image:type\" content=\"image\/png\" \/>\n<meta name=\"twitter:card\" content=\"summary_large_image\" \/>\n<meta name=\"twitter:label1\" content=\"Tempo estimado de leitura\" \/>\n\t<meta name=\"twitter:data1\" content=\"1 minuto\" \/>\n<script type=\"application\/ld+json\" class=\"yoast-schema-graph\">{\"@context\":\"https:\\\/\\\/schema.org\",\"@graph\":[{\"@type\":\"WebPage\",\"@id\":\"https:\\\/\\\/eshop.alphabio-iberia.com\\\/pt-pt\\\/impresora-3d-sprintray-pro-s-55\\\/\",\"url\":\"https:\\\/\\\/eshop.alphabio-iberia.com\\\/pt-pt\\\/impresora-3d-sprintray-pro-s-55\\\/\",\"name\":\"Impresora 3D SprintRay Pro S 55 - Tienda Alpha-Bio Iberia\",\"isPartOf\":{\"@id\":\"https:\\\/\\\/eshop.alphabio-iberia.com\\\/#website\"},\"primaryImageOfPage\":{\"@id\":\"https:\\\/\\\/eshop.alphabio-iberia.com\\\/pt-pt\\\/impresora-3d-sprintray-pro-s-55\\\/#primaryimage\"},\"image\":{\"@id\":\"https:\\\/\\\/eshop.alphabio-iberia.com\\\/pt-pt\\\/impresora-3d-sprintray-pro-s-55\\\/#primaryimage\"},\"thumbnailUrl\":\"https:\\\/\\\/eshop.alphabio-iberia.com\\\/wp-content\\\/uploads\\\/2022\\\/10\\\/SprintRayPro55S_1.png\",\"datePublished\":\"2022-01-13T19:10:38+00:00\",\"dateModified\":\"2025-07-17T19:36:12+00:00\",\"description\":\"Impresora 3D SprintRay Pro S 55 en Tienda Alpha-Bio Iberia por 6750.00 \u20ac! SprintRay Pro S 55 es la versi\u00f3n ultraprecisa en impresi\u00f3n 3D dental. Incluye un tama\u00f1o de p\u00edxel XY de 55 micrones, adem\u00e1s de Pixel Toning. para ofrecer\",\"breadcrumb\":{\"@id\":\"https:\\\/\\\/eshop.alphabio-iberia.com\\\/pt-pt\\\/impresora-3d-sprintray-pro-s-55\\\/#breadcrumb\"},\"inLanguage\":\"pt-PT\",\"potentialAction\":[{\"@type\":\"ReadAction\",\"target\":[\"https:\\\/\\\/eshop.alphabio-iberia.com\\\/pt-pt\\\/impresora-3d-sprintray-pro-s-55\\\/\"]}]},{\"@type\":\"ImageObject\",\"inLanguage\":\"pt-PT\",\"@id\":\"https:\\\/\\\/eshop.alphabio-iberia.com\\\/pt-pt\\\/impresora-3d-sprintray-pro-s-55\\\/#primaryimage\",\"url\":\"https:\\\/\\\/eshop.alphabio-iberia.com\\\/wp-content\\\/uploads\\\/2022\\\/10\\\/SprintRayPro55S_1.png\",\"contentUrl\":\"https:\\\/\\\/eshop.alphabio-iberia.com\\\/wp-content\\\/uploads\\\/2022\\\/10\\\/SprintRayPro55S_1.png\",\"width\":500,\"height\":500},{\"@type\":\"BreadcrumbList\",\"@id\":\"https:\\\/\\\/eshop.alphabio-iberia.com\\\/pt-pt\\\/impresora-3d-sprintray-pro-s-55\\\/#breadcrumb\",\"itemListElement\":[{\"@type\":\"ListItem\",\"position\":1,\"name\":\"Portada\",\"item\":\"https:\\\/\\\/eshop.alphabio-iberia.com\\\/\"},{\"@type\":\"ListItem\",\"position\":2,\"name\":\"Tienda\",\"item\":\"https:\\\/\\\/eshop.alphabio-iberia.com\\\/tienda\\\/\"},{\"@type\":\"ListItem\",\"position\":3,\"name\":\"Impresora 3D SprintRay Pro S 55\"}]},{\"@type\":\"WebSite\",\"@id\":\"https:\\\/\\\/eshop.alphabio-iberia.com\\\/#website\",\"url\":\"https:\\\/\\\/eshop.alphabio-iberia.com\\\/\",\"name\":\"Tienda Alpha-Bio Iberia\",\"description\":\"Ofrecemos una soluci\u00f3n 360\u00ba para odont\u00f3logos, implant\u00f3logos y cirujanos en implantolog\u00eda, ROG y odontolog\u00eda digital, acompa\u00f1ado de un amplio programa formativo en Espa\u00f1a y Portugal.\",\"publisher\":{\"@id\":\"https:\\\/\\\/eshop.alphabio-iberia.com\\\/#organization\"},\"potentialAction\":[{\"@type\":\"SearchAction\",\"target\":{\"@type\":\"EntryPoint\",\"urlTemplate\":\"https:\\\/\\\/eshop.alphabio-iberia.com\\\/?s={search_term_string}\"},\"query-input\":{\"@type\":\"PropertyValueSpecification\",\"valueRequired\":true,\"valueName\":\"search_term_string\"}}],\"inLanguage\":\"pt-PT\"},{\"@type\":\"Organization\",\"@id\":\"https:\\\/\\\/eshop.alphabio-iberia.com\\\/#organization\",\"name\":\"Medical 10\",\"url\":\"https:\\\/\\\/eshop.alphabio-iberia.com\\\/\",\"logo\":{\"@type\":\"ImageObject\",\"inLanguage\":\"pt-PT\",\"@id\":\"https:\\\/\\\/eshop.alphabio-iberia.com\\\/#\\\/schema\\\/logo\\\/image\\\/\",\"url\":\"https:\\\/\\\/eshop.medical10.es\\\/wp-content\\\/uploads\\\/2021\\\/07\\\/cropped-m10_header_2.png\",\"contentUrl\":\"https:\\\/\\\/eshop.medical10.es\\\/wp-content\\\/uploads\\\/2021\\\/07\\\/cropped-m10_header_2.png\",\"width\":165,\"height\":97,\"caption\":\"Medical 10\"},\"image\":{\"@id\":\"https:\\\/\\\/eshop.alphabio-iberia.com\\\/#\\\/schema\\\/logo\\\/image\\\/\"}}]}<\/script>\n<!-- \/ Yoast SEO plugin. -->","yoast_head_json":{"title":"Impresora 3D SprintRay Pro S 55 - Tienda Alpha-Bio Iberia","description":"Impresora 3D SprintRay Pro S 55 en Tienda Alpha-Bio Iberia por 6750.00 \u20ac! SprintRay Pro S 55 es la versi\u00f3n ultraprecisa en impresi\u00f3n 3D dental. Incluye un tama\u00f1o de p\u00edxel XY de 55 micrones, adem\u00e1s de Pixel Toning. para ofrecer","robots":{"index":"index","follow":"follow","max-snippet":"max-snippet:-1","max-image-preview":"max-image-preview:large","max-video-preview":"max-video-preview:-1"},"canonical":"https:\/\/eshop.alphabio-iberia.com\/pt-pt\/impresora-3d-sprintray-pro-s-55\/","og_locale":"pt_PT","og_type":"article","og_title":"Impresora 3D SprintRay Pro S 55 - Tienda Alpha-Bio Iberia","og_description":"Impresora 3D SprintRay Pro S 55 en Tienda Alpha-Bio Iberia por 6750.00 \u20ac! SprintRay Pro S 55 es la versi\u00f3n ultraprecisa en impresi\u00f3n 3D dental. Incluye un tama\u00f1o de p\u00edxel XY de 55 micrones, adem\u00e1s de Pixel Toning. para ofrecer","og_url":"https:\/\/eshop.alphabio-iberia.com\/pt-pt\/impresora-3d-sprintray-pro-s-55\/","og_site_name":"Tienda Alpha-Bio Iberia","article_modified_time":"2025-07-17T19:36:12+00:00","og_image":[{"width":500,"height":500,"url":"https:\/\/eshop.alphabio-iberia.com\/wp-content\/uploads\/2022\/10\/SprintRayPro55S_1.png","type":"image\/png"}],"twitter_card":"summary_large_image","twitter_misc":{"Tempo estimado de leitura":"1 minuto"},"schema":{"@context":"https:\/\/schema.org","@graph":[{"@type":"WebPage","@id":"https:\/\/eshop.alphabio-iberia.com\/pt-pt\/impresora-3d-sprintray-pro-s-55\/","url":"https:\/\/eshop.alphabio-iberia.com\/pt-pt\/impresora-3d-sprintray-pro-s-55\/","name":"Impresora 3D SprintRay Pro S 55 - Tienda Alpha-Bio Iberia","isPartOf":{"@id":"https:\/\/eshop.alphabio-iberia.com\/#website"},"primaryImageOfPage":{"@id":"https:\/\/eshop.alphabio-iberia.com\/pt-pt\/impresora-3d-sprintray-pro-s-55\/#primaryimage"},"image":{"@id":"https:\/\/eshop.alphabio-iberia.com\/pt-pt\/impresora-3d-sprintray-pro-s-55\/#primaryimage"},"thumbnailUrl":"https:\/\/eshop.alphabio-iberia.com\/wp-content\/uploads\/2022\/10\/SprintRayPro55S_1.png","datePublished":"2022-01-13T19:10:38+00:00","dateModified":"2025-07-17T19:36:12+00:00","description":"Impresora 3D SprintRay Pro S 55 en Tienda Alpha-Bio Iberia por 6750.00 \u20ac! SprintRay Pro S 55 es la versi\u00f3n ultraprecisa en impresi\u00f3n 3D dental. Incluye un tama\u00f1o de p\u00edxel XY de 55 micrones, adem\u00e1s de Pixel Toning. para ofrecer","breadcrumb":{"@id":"https:\/\/eshop.alphabio-iberia.com\/pt-pt\/impresora-3d-sprintray-pro-s-55\/#breadcrumb"},"inLanguage":"pt-PT","potentialAction":[{"@type":"ReadAction","target":["https:\/\/eshop.alphabio-iberia.com\/pt-pt\/impresora-3d-sprintray-pro-s-55\/"]}]},{"@type":"ImageObject","inLanguage":"pt-PT","@id":"https:\/\/eshop.alphabio-iberia.com\/pt-pt\/impresora-3d-sprintray-pro-s-55\/#primaryimage","url":"https:\/\/eshop.alphabio-iberia.com\/wp-content\/uploads\/2022\/10\/SprintRayPro55S_1.png","contentUrl":"https:\/\/eshop.alphabio-iberia.com\/wp-content\/uploads\/2022\/10\/SprintRayPro55S_1.png","width":500,"height":500},{"@type":"BreadcrumbList","@id":"https:\/\/eshop.alphabio-iberia.com\/pt-pt\/impresora-3d-sprintray-pro-s-55\/#breadcrumb","itemListElement":[{"@type":"ListItem","position":1,"name":"Portada","item":"https:\/\/eshop.alphabio-iberia.com\/"},{"@type":"ListItem","position":2,"name":"Tienda","item":"https:\/\/eshop.alphabio-iberia.com\/tienda\/"},{"@type":"ListItem","position":3,"name":"Impresora 3D SprintRay Pro S 55"}]},{"@type":"WebSite","@id":"https:\/\/eshop.alphabio-iberia.com\/#website","url":"https:\/\/eshop.alphabio-iberia.com\/","name":"Tienda Alpha-Bio Iberia","description":"Ofrecemos una soluci\u00f3n 360\u00ba para odont\u00f3logos, implant\u00f3logos y cirujanos en implantolog\u00eda, ROG y odontolog\u00eda digital, acompa\u00f1ado de un amplio programa formativo en Espa\u00f1a y Portugal.","publisher":{"@id":"https:\/\/eshop.alphabio-iberia.com\/#organization"},"potentialAction":[{"@type":"SearchAction","target":{"@type":"EntryPoint","urlTemplate":"https:\/\/eshop.alphabio-iberia.com\/?s={search_term_string}"},"query-input":{"@type":"PropertyValueSpecification","valueRequired":true,"valueName":"search_term_string"}}],"inLanguage":"pt-PT"},{"@type":"Organization","@id":"https:\/\/eshop.alphabio-iberia.com\/#organization","name":"Medical 10","url":"https:\/\/eshop.alphabio-iberia.com\/","logo":{"@type":"ImageObject","inLanguage":"pt-PT","@id":"https:\/\/eshop.alphabio-iberia.com\/#\/schema\/logo\/image\/","url":"https:\/\/eshop.medical10.es\/wp-content\/uploads\/2021\/07\/cropped-m10_header_2.png","contentUrl":"https:\/\/eshop.medical10.es\/wp-content\/uploads\/2021\/07\/cropped-m10_header_2.png","width":165,"height":97,"caption":"Medical 10"},"image":{"@id":"https:\/\/eshop.alphabio-iberia.com\/#\/schema\/logo\/image\/"}}]}},"_links":{"self":[{"href":"https:\/\/eshop.alphabio-iberia.com\/pt-pt\/wp-json\/wp\/v2\/product\/23664","targetHints":{"allow":["GET"]}}],"collection":[{"href":"https:\/\/eshop.alphabio-iberia.com\/pt-pt\/wp-json\/wp\/v2\/product"}],"about":[{"href":"https:\/\/eshop.alphabio-iberia.com\/pt-pt\/wp-json\/wp\/v2\/types\/product"}],"replies":[{"embeddable":true,"href":"https:\/\/eshop.alphabio-iberia.com\/pt-pt\/wp-json\/wp\/v2\/comments?post=23664"}],"wp:featuredmedia":[{"embeddable":true,"href":"https:\/\/eshop.alphabio-iberia.com\/pt-pt\/wp-json\/wp\/v2\/media\/23665"}],"wp:attachment":[{"href":"https:\/\/eshop.alphabio-iberia.com\/pt-pt\/wp-json\/wp\/v2\/media?parent=23664"}],"wp:term":[{"taxonomy":"product_brand","embeddable":true,"href":"https:\/\/eshop.alphabio-iberia.com\/pt-pt\/wp-json\/wp\/v2\/product_brand?post=23664"},{"taxonomy":"product_cat","embeddable":true,"href":"https:\/\/eshop.alphabio-iberia.com\/pt-pt\/wp-json\/wp\/v2\/product_cat?post=23664"},{"taxonomy":"product_tag","embeddable":true,"href":"https:\/\/eshop.alphabio-iberia.com\/pt-pt\/wp-json\/wp\/v2\/product_tag?post=23664"}],"curies":[{"name":"wp","href":"https:\/\/api.w.org\/{rel}","templated":true}]}}