{"id":23853,"date":"2022-01-13T18:50:21","date_gmt":"2022-01-13T18:50:21","guid":{"rendered":"https:\/\/eshop.medical10.es\/producto\/minitornillo-pre-drill-de-ortodoncia-m-o-s-a-s-1-6-x-12-mm\/"},"modified":"2023-06-27T11:40:27","modified_gmt":"2023-06-27T11:40:27","slug":"minitornillo-pre-drill-de-ortodoncia-m-o-s-a-s-2","status":"publish","type":"product","link":"https:\/\/eshop.alphabio-iberia.com\/pt-pt\/minitornillo-pre-drill-ortodoncia-m-o-s-s-1-6-x-12-mm\/","title":{"rendered":"Mini parafuso pr\u00e9-perfurador ortod\u00f4ntico M.O.S.A.S. 1,6 x 12 mm"},"content":{"rendered":"<p>Os mini-parafusos ortod\u00f4nticos de tit\u00e2nio O.S.A.S. (Orthodontic Skeletal Anchorage System) s\u00e3o fabricados na Alemanha e s\u00e3o extremamente est\u00e1veis e altamente el\u00e1sticos, t\u00eam um di\u00e2metro de 1,6 mm (n\u00facleo \u00d8 1,2 mm) e variam em comprimento de 5 a 9 mil\u00edmetros.<br \/>\nS\u00e3o fabricados em tit\u00e2nio (Ti6AI4V), um material seguro e altamente biocompat\u00edvel.  A fixa\u00e7\u00e3o directa do implante permite uma transmiss\u00e3o imediata das for\u00e7as ao implante. Os mini-parafusos adaptam-se a todas as situa\u00e7\u00f5es encontradas no tratamento ortod\u00f4ntico. Caracter\u00edsticas do parafuso M.O.S.A.S:<\/p>\n<p>Cabe\u00e7a hexagonal com cantos arredondados<\/p>\n<p>Cabe\u00e7a fechada para uma fixa\u00e7\u00e3o perfeita<\/p>\n<p>Placa adicional, para evitar o risco de invagina\u00e7\u00e3o da gengiva acima do parafuso e para maior conforto do paciente.<\/p>\n<p>Pesco\u00e7o de 2 mm para uma adapta\u00e7\u00e3o gengival \u00f3ptima, especialmente para gengivas moles.<\/p>\n<p>Sem rosca para um fecho perfeito.<\/p>\n<p>Forma<\/p>\n","protected":false},"excerpt":{"rendered":"<p>Os mini-parafusos ortod\u00f4nticos de tit\u00e2nio O.S.A.S. (Orthodontic Skeletal Anchorage System) s\u00e3o fabricados na Alemanha e s\u00e3o extremamente est\u00e1veis e altamente el\u00e1sticos, t\u00eam um di\u00e2metro de 1,6 mm (n\u00facleo \u00d8 1,2 mm) e variam em comprimento de 5 a 9 mil\u00edmetros. S\u00e3o fabricados em tit\u00e2nio (Ti6AI4V), um material seguro e altamente biocompat\u00edvel. A fixa\u00e7\u00e3o directa do [&hellip;]<\/p>\n","protected":false},"featured_media":23854,"comment_status":"open","ping_status":"closed","template":"","meta":{"_acf_changed":false},"product_brand":[],"product_cat":[520],"product_tag":[],"class_list":{"0":"post-23853","1":"product","2":"type-product","3":"status-publish","4":"has-post-thumbnail","6":"product_cat-miniparafuso-ortodoncia","7":"pa_diametro-1-6-mm-pt-pt","8":"pa_longitud-12-mm-pt-pt","10":"first","11":"instock","12":"taxable","13":"shipping-taxable","14":"product-type-simple"},"acf":[],"yoast_head":"<!-- This site is optimized with the Yoast SEO plugin v27.5 - https:\/\/yoast.com\/product\/yoast-seo-wordpress\/ -->\n<title>Mini parafuso pr\u00e9-perfurador ortod\u00f4ntico M.O.S.A.S. 1,6 x 12 mm - Tienda Alpha-Bio Iberia<\/title>\n<meta name=\"description\" content=\"Mini parafuso pr\u00e9-perfurador ortod\u00f4ntico M.O.S.A.S. 1,6 x 12 mm en Tienda Alpha-Bio Iberia por 40.00 \u20ac! Os mini-parafusos ortod\u00f4nticos de tit\u00e2nio O.S.A.S. (Orthodontic Skeletal Anchorage System) s\u00e3o fabricados na Alemanha e s\u00e3o extremamente est\u00e1veis e\" \/>\n<meta name=\"robots\" content=\"index, follow, max-snippet:-1, max-image-preview:large, max-video-preview:-1\" \/>\n<link rel=\"canonical\" href=\"https:\/\/eshop.alphabio-iberia.com\/?post_type=product&p=10826\" \/>\n<meta property=\"og:locale\" content=\"pt_PT\" \/>\n<meta property=\"og:type\" content=\"article\" \/>\n<meta property=\"og:title\" content=\"Mini parafuso pr\u00e9-perfurador ortod\u00f4ntico M.O.S.A.S. 1,6 x 12 mm - Tienda Alpha-Bio Iberia\" \/>\n<meta property=\"og:description\" content=\"Mini parafuso pr\u00e9-perfurador ortod\u00f4ntico M.O.S.A.S. 1,6 x 12 mm en Tienda Alpha-Bio Iberia por 40.00 \u20ac! Os mini-parafusos ortod\u00f4nticos de tit\u00e2nio O.S.A.S. (Orthodontic Skeletal Anchorage System) s\u00e3o fabricados na Alemanha e s\u00e3o extremamente est\u00e1veis e\" \/>\n<meta property=\"og:url\" content=\"https:\/\/eshop.alphabio-iberia.com\/?post_type=product&amp;p=10826\" \/>\n<meta property=\"og:site_name\" content=\"Tienda Alpha-Bio Iberia\" \/>\n<meta property=\"article:modified_time\" content=\"2023-06-27T11:40:27+00:00\" \/>\n<meta property=\"og:image\" content=\"https:\/\/eshop.alphabio-iberia.com\/wp-content\/uploads\/2022\/02\/SA-912-05_mosas_1.png\" \/>\n\t<meta property=\"og:image:width\" content=\"500\" \/>\n\t<meta property=\"og:image:height\" content=\"500\" \/>\n\t<meta property=\"og:image:type\" content=\"image\/png\" \/>\n<meta name=\"twitter:card\" content=\"summary_large_image\" \/>\n<meta name=\"twitter:label1\" content=\"Tempo estimado de leitura\" \/>\n\t<meta name=\"twitter:data1\" content=\"1 minuto\" \/>\n<script type=\"application\/ld+json\" class=\"yoast-schema-graph\">{\"@context\":\"https:\\\/\\\/schema.org\",\"@graph\":[{\"@type\":\"WebPage\",\"@id\":\"https:\\\/\\\/eshop.alphabio-iberia.com\\\/?post_type=product&p=10826\",\"url\":\"https:\\\/\\\/eshop.alphabio-iberia.com\\\/?post_type=product&p=10826\",\"name\":\"Mini parafuso pr\u00e9-perfurador ortod\u00f4ntico M.O.S.A.S. 1,6 x 12 mm - Tienda Alpha-Bio Iberia\",\"isPartOf\":{\"@id\":\"https:\\\/\\\/eshop.alphabio-iberia.com\\\/#website\"},\"primaryImageOfPage\":{\"@id\":\"https:\\\/\\\/eshop.alphabio-iberia.com\\\/?post_type=product&p=10826#primaryimage\"},\"image\":{\"@id\":\"https:\\\/\\\/eshop.alphabio-iberia.com\\\/?post_type=product&p=10826#primaryimage\"},\"thumbnailUrl\":\"https:\\\/\\\/eshop.alphabio-iberia.com\\\/wp-content\\\/uploads\\\/2022\\\/02\\\/SA-912-05_mosas_1.png\",\"datePublished\":\"2022-01-13T18:50:21+00:00\",\"dateModified\":\"2023-06-27T11:40:27+00:00\",\"description\":\"Mini parafuso pr\u00e9-perfurador ortod\u00f4ntico M.O.S.A.S. 1,6 x 12 mm en Tienda Alpha-Bio Iberia por 40.00 \u20ac! Os mini-parafusos ortod\u00f4nticos de tit\u00e2nio O.S.A.S. (Orthodontic Skeletal Anchorage System) s\u00e3o fabricados na Alemanha e s\u00e3o extremamente est\u00e1veis e\",\"breadcrumb\":{\"@id\":\"https:\\\/\\\/eshop.alphabio-iberia.com\\\/?post_type=product&p=10826#breadcrumb\"},\"inLanguage\":\"pt-PT\",\"potentialAction\":[{\"@type\":\"ReadAction\",\"target\":[\"https:\\\/\\\/eshop.alphabio-iberia.com\\\/?post_type=product&p=10826\"]}]},{\"@type\":\"ImageObject\",\"inLanguage\":\"pt-PT\",\"@id\":\"https:\\\/\\\/eshop.alphabio-iberia.com\\\/?post_type=product&p=10826#primaryimage\",\"url\":\"https:\\\/\\\/eshop.alphabio-iberia.com\\\/wp-content\\\/uploads\\\/2022\\\/02\\\/SA-912-05_mosas_1.png\",\"contentUrl\":\"https:\\\/\\\/eshop.alphabio-iberia.com\\\/wp-content\\\/uploads\\\/2022\\\/02\\\/SA-912-05_mosas_1.png\",\"width\":500,\"height\":500},{\"@type\":\"BreadcrumbList\",\"@id\":\"https:\\\/\\\/eshop.alphabio-iberia.com\\\/?post_type=product&p=10826#breadcrumb\",\"itemListElement\":[{\"@type\":\"ListItem\",\"position\":1,\"name\":\"Portada\",\"item\":\"https:\\\/\\\/eshop.alphabio-iberia.com\\\/\"},{\"@type\":\"ListItem\",\"position\":2,\"name\":\"Tienda\",\"item\":\"https:\\\/\\\/eshop.alphabio-iberia.com\\\/tienda\\\/\"},{\"@type\":\"ListItem\",\"position\":3,\"name\":\"Mini parafuso pr\u00e9-perfurador ortod\u00f4ntico M.O.S.A.S. 1,6 x 12 mm\"}]},{\"@type\":\"WebSite\",\"@id\":\"https:\\\/\\\/eshop.alphabio-iberia.com\\\/#website\",\"url\":\"https:\\\/\\\/eshop.alphabio-iberia.com\\\/\",\"name\":\"Tienda Alpha-Bio Iberia\",\"description\":\"Ofrecemos una soluci\u00f3n 360\u00ba para odont\u00f3logos, implant\u00f3logos y cirujanos en implantolog\u00eda, ROG y odontolog\u00eda digital, acompa\u00f1ado de un amplio programa formativo en Espa\u00f1a y Portugal.\",\"publisher\":{\"@id\":\"https:\\\/\\\/eshop.alphabio-iberia.com\\\/#organization\"},\"potentialAction\":[{\"@type\":\"SearchAction\",\"target\":{\"@type\":\"EntryPoint\",\"urlTemplate\":\"https:\\\/\\\/eshop.alphabio-iberia.com\\\/?s={search_term_string}\"},\"query-input\":{\"@type\":\"PropertyValueSpecification\",\"valueRequired\":true,\"valueName\":\"search_term_string\"}}],\"inLanguage\":\"pt-PT\"},{\"@type\":\"Organization\",\"@id\":\"https:\\\/\\\/eshop.alphabio-iberia.com\\\/#organization\",\"name\":\"Medical 10\",\"url\":\"https:\\\/\\\/eshop.alphabio-iberia.com\\\/\",\"logo\":{\"@type\":\"ImageObject\",\"inLanguage\":\"pt-PT\",\"@id\":\"https:\\\/\\\/eshop.alphabio-iberia.com\\\/#\\\/schema\\\/logo\\\/image\\\/\",\"url\":\"https:\\\/\\\/eshop.medical10.es\\\/wp-content\\\/uploads\\\/2021\\\/07\\\/cropped-m10_header_2.png\",\"contentUrl\":\"https:\\\/\\\/eshop.medical10.es\\\/wp-content\\\/uploads\\\/2021\\\/07\\\/cropped-m10_header_2.png\",\"width\":165,\"height\":97,\"caption\":\"Medical 10\"},\"image\":{\"@id\":\"https:\\\/\\\/eshop.alphabio-iberia.com\\\/#\\\/schema\\\/logo\\\/image\\\/\"}}]}<\/script>\n<!-- \/ Yoast SEO plugin. -->","yoast_head_json":{"title":"Mini parafuso pr\u00e9-perfurador ortod\u00f4ntico M.O.S.A.S. 1,6 x 12 mm - Tienda Alpha-Bio Iberia","description":"Mini parafuso pr\u00e9-perfurador ortod\u00f4ntico M.O.S.A.S. 1,6 x 12 mm en Tienda Alpha-Bio Iberia por 40.00 \u20ac! Os mini-parafusos ortod\u00f4nticos de tit\u00e2nio O.S.A.S. (Orthodontic Skeletal Anchorage System) s\u00e3o fabricados na Alemanha e s\u00e3o extremamente est\u00e1veis e","robots":{"index":"index","follow":"follow","max-snippet":"max-snippet:-1","max-image-preview":"max-image-preview:large","max-video-preview":"max-video-preview:-1"},"canonical":"https:\/\/eshop.alphabio-iberia.com\/?post_type=product&p=10826","og_locale":"pt_PT","og_type":"article","og_title":"Mini parafuso pr\u00e9-perfurador ortod\u00f4ntico M.O.S.A.S. 1,6 x 12 mm - Tienda Alpha-Bio Iberia","og_description":"Mini parafuso pr\u00e9-perfurador ortod\u00f4ntico M.O.S.A.S. 1,6 x 12 mm en Tienda Alpha-Bio Iberia por 40.00 \u20ac! Os mini-parafusos ortod\u00f4nticos de tit\u00e2nio O.S.A.S. (Orthodontic Skeletal Anchorage System) s\u00e3o fabricados na Alemanha e s\u00e3o extremamente est\u00e1veis e","og_url":"https:\/\/eshop.alphabio-iberia.com\/?post_type=product&p=10826","og_site_name":"Tienda Alpha-Bio Iberia","article_modified_time":"2023-06-27T11:40:27+00:00","og_image":[{"width":500,"height":500,"url":"https:\/\/eshop.alphabio-iberia.com\/wp-content\/uploads\/2022\/02\/SA-912-05_mosas_1.png","type":"image\/png"}],"twitter_card":"summary_large_image","twitter_misc":{"Tempo estimado de leitura":"1 minuto"},"schema":{"@context":"https:\/\/schema.org","@graph":[{"@type":"WebPage","@id":"https:\/\/eshop.alphabio-iberia.com\/?post_type=product&p=10826","url":"https:\/\/eshop.alphabio-iberia.com\/?post_type=product&p=10826","name":"Mini parafuso pr\u00e9-perfurador ortod\u00f4ntico M.O.S.A.S. 1,6 x 12 mm - Tienda Alpha-Bio Iberia","isPartOf":{"@id":"https:\/\/eshop.alphabio-iberia.com\/#website"},"primaryImageOfPage":{"@id":"https:\/\/eshop.alphabio-iberia.com\/?post_type=product&p=10826#primaryimage"},"image":{"@id":"https:\/\/eshop.alphabio-iberia.com\/?post_type=product&p=10826#primaryimage"},"thumbnailUrl":"https:\/\/eshop.alphabio-iberia.com\/wp-content\/uploads\/2022\/02\/SA-912-05_mosas_1.png","datePublished":"2022-01-13T18:50:21+00:00","dateModified":"2023-06-27T11:40:27+00:00","description":"Mini parafuso pr\u00e9-perfurador ortod\u00f4ntico M.O.S.A.S. 1,6 x 12 mm en Tienda Alpha-Bio Iberia por 40.00 \u20ac! Os mini-parafusos ortod\u00f4nticos de tit\u00e2nio O.S.A.S. (Orthodontic Skeletal Anchorage System) s\u00e3o fabricados na Alemanha e s\u00e3o extremamente est\u00e1veis e","breadcrumb":{"@id":"https:\/\/eshop.alphabio-iberia.com\/?post_type=product&p=10826#breadcrumb"},"inLanguage":"pt-PT","potentialAction":[{"@type":"ReadAction","target":["https:\/\/eshop.alphabio-iberia.com\/?post_type=product&p=10826"]}]},{"@type":"ImageObject","inLanguage":"pt-PT","@id":"https:\/\/eshop.alphabio-iberia.com\/?post_type=product&p=10826#primaryimage","url":"https:\/\/eshop.alphabio-iberia.com\/wp-content\/uploads\/2022\/02\/SA-912-05_mosas_1.png","contentUrl":"https:\/\/eshop.alphabio-iberia.com\/wp-content\/uploads\/2022\/02\/SA-912-05_mosas_1.png","width":500,"height":500},{"@type":"BreadcrumbList","@id":"https:\/\/eshop.alphabio-iberia.com\/?post_type=product&p=10826#breadcrumb","itemListElement":[{"@type":"ListItem","position":1,"name":"Portada","item":"https:\/\/eshop.alphabio-iberia.com\/"},{"@type":"ListItem","position":2,"name":"Tienda","item":"https:\/\/eshop.alphabio-iberia.com\/tienda\/"},{"@type":"ListItem","position":3,"name":"Mini parafuso pr\u00e9-perfurador ortod\u00f4ntico M.O.S.A.S. 1,6 x 12 mm"}]},{"@type":"WebSite","@id":"https:\/\/eshop.alphabio-iberia.com\/#website","url":"https:\/\/eshop.alphabio-iberia.com\/","name":"Tienda Alpha-Bio Iberia","description":"Ofrecemos una soluci\u00f3n 360\u00ba para odont\u00f3logos, implant\u00f3logos y cirujanos en implantolog\u00eda, ROG y odontolog\u00eda digital, acompa\u00f1ado de un amplio programa formativo en Espa\u00f1a y Portugal.","publisher":{"@id":"https:\/\/eshop.alphabio-iberia.com\/#organization"},"potentialAction":[{"@type":"SearchAction","target":{"@type":"EntryPoint","urlTemplate":"https:\/\/eshop.alphabio-iberia.com\/?s={search_term_string}"},"query-input":{"@type":"PropertyValueSpecification","valueRequired":true,"valueName":"search_term_string"}}],"inLanguage":"pt-PT"},{"@type":"Organization","@id":"https:\/\/eshop.alphabio-iberia.com\/#organization","name":"Medical 10","url":"https:\/\/eshop.alphabio-iberia.com\/","logo":{"@type":"ImageObject","inLanguage":"pt-PT","@id":"https:\/\/eshop.alphabio-iberia.com\/#\/schema\/logo\/image\/","url":"https:\/\/eshop.medical10.es\/wp-content\/uploads\/2021\/07\/cropped-m10_header_2.png","contentUrl":"https:\/\/eshop.medical10.es\/wp-content\/uploads\/2021\/07\/cropped-m10_header_2.png","width":165,"height":97,"caption":"Medical 10"},"image":{"@id":"https:\/\/eshop.alphabio-iberia.com\/#\/schema\/logo\/image\/"}}]}},"_links":{"self":[{"href":"https:\/\/eshop.alphabio-iberia.com\/pt-pt\/wp-json\/wp\/v2\/product\/23853","targetHints":{"allow":["GET"]}}],"collection":[{"href":"https:\/\/eshop.alphabio-iberia.com\/pt-pt\/wp-json\/wp\/v2\/product"}],"about":[{"href":"https:\/\/eshop.alphabio-iberia.com\/pt-pt\/wp-json\/wp\/v2\/types\/product"}],"replies":[{"embeddable":true,"href":"https:\/\/eshop.alphabio-iberia.com\/pt-pt\/wp-json\/wp\/v2\/comments?post=23853"}],"wp:featuredmedia":[{"embeddable":true,"href":"https:\/\/eshop.alphabio-iberia.com\/pt-pt\/wp-json\/wp\/v2\/media\/23854"}],"wp:attachment":[{"href":"https:\/\/eshop.alphabio-iberia.com\/pt-pt\/wp-json\/wp\/v2\/media?parent=23853"}],"wp:term":[{"taxonomy":"product_brand","embeddable":true,"href":"https:\/\/eshop.alphabio-iberia.com\/pt-pt\/wp-json\/wp\/v2\/product_brand?post=23853"},{"taxonomy":"product_cat","embeddable":true,"href":"https:\/\/eshop.alphabio-iberia.com\/pt-pt\/wp-json\/wp\/v2\/product_cat?post=23853"},{"taxonomy":"product_tag","embeddable":true,"href":"https:\/\/eshop.alphabio-iberia.com\/pt-pt\/wp-json\/wp\/v2\/product_tag?post=23853"}],"curies":[{"name":"wp","href":"https:\/\/api.w.org\/{rel}","templated":true}]}}