{"id":23954,"date":"2022-01-13T18:49:00","date_gmt":"2022-01-13T18:49:00","guid":{"rendered":"https:\/\/eshop.medical10.es\/producto\/caja-de-esterilizacion-maxi-para-ortodoncia-o-s-a-s-sin-accesorios\/"},"modified":"2023-06-27T11:40:14","modified_gmt":"2023-06-27T11:40:14","slug":"caja-de-esterilizacion-maxi-para-ortodoncia-o-s-a-s-sin-accesorios","status":"publish","type":"product","link":"https:\/\/eshop.alphabio-iberia.com\/pt-pt\/caja-esterilizacion-maxi-ortodoncia-o-s-s-sin-accesorios\/","title":{"rendered":"Caixa de esteriliza\u00e7\u00e3o &#8220;Maxi&#8221; para ortodontia O.S.A.S. (sem acess\u00f3rios)"},"content":{"rendered":"<p>Caixa esteriliz\u00e1vel &#8220;Maxi&#8221;. Solu\u00e7\u00e3o completa para a arruma\u00e7\u00e3o segura e arrumada dos seus mini-parafusos e acess\u00f3rios ortod\u00f4nticos com sistema de fixa\u00e7\u00e3o.  Capacidade para 50 mini-parafusos.<\/p>\n","protected":false},"excerpt":{"rendered":"<p>Caixa esteriliz\u00e1vel &#8220;Maxi&#8221;. Solu\u00e7\u00e3o completa para a arruma\u00e7\u00e3o segura e arrumada dos seus mini-parafusos e acess\u00f3rios ortod\u00f4nticos com sistema de fixa\u00e7\u00e3o. Capacidade para 50 mini-parafusos.<\/p>\n","protected":false},"featured_media":23955,"comment_status":"open","ping_status":"closed","template":"","meta":{"_acf_changed":false},"product_brand":[],"product_cat":[518],"product_tag":[],"class_list":{"0":"post-23954","1":"product","2":"type-product","3":"status-publish","4":"has-post-thumbnail","6":"product_cat-ortodoncia","8":"first","9":"instock","10":"taxable","11":"shipping-taxable","12":"product-type-simple"},"acf":[],"yoast_head":"<!-- This site is optimized with the Yoast SEO plugin v27.5 - https:\/\/yoast.com\/product\/yoast-seo-wordpress\/ -->\n<title>Caixa de esteriliza\u00e7\u00e3o &quot;Maxi&quot; para ortodontia O.S.A.S. (sem acess\u00f3rios) - Tienda Alpha-Bio Iberia<\/title>\n<meta name=\"description\" content=\"Caixa de esteriliza\u00e7\u00e3o &quot;Maxi&quot; para ortodontia O.S.A.S. (sem acess\u00f3rios) en Tienda Alpha-Bio Iberia por 250 \u20ac! Caixa esteriliz\u00e1vel &quot;Maxi&quot;. Solu\u00e7\u00e3o completa para a arruma\u00e7\u00e3o segura e arrumada dos seus mini-parafusos e acess\u00f3rios ortod\u00f4nticos com sistema de fixa\u00e7\u00e3o.\" \/>\n<meta name=\"robots\" content=\"index, follow, max-snippet:-1, max-image-preview:large, max-video-preview:-1\" \/>\n<link rel=\"canonical\" href=\"https:\/\/eshop.alphabio-iberia.com\/?post_type=product&p=10781\" \/>\n<meta property=\"og:locale\" content=\"pt_PT\" \/>\n<meta property=\"og:type\" content=\"article\" \/>\n<meta property=\"og:title\" content=\"Caixa de esteriliza\u00e7\u00e3o &quot;Maxi&quot; para ortodontia O.S.A.S. (sem acess\u00f3rios) - Tienda Alpha-Bio Iberia\" \/>\n<meta property=\"og:description\" content=\"Caixa de esteriliza\u00e7\u00e3o &quot;Maxi&quot; para ortodontia O.S.A.S. (sem acess\u00f3rios) en Tienda Alpha-Bio Iberia por 250 \u20ac! Caixa esteriliz\u00e1vel &quot;Maxi&quot;. Solu\u00e7\u00e3o completa para a arruma\u00e7\u00e3o segura e arrumada dos seus mini-parafusos e acess\u00f3rios ortod\u00f4nticos com sistema de fixa\u00e7\u00e3o.\" \/>\n<meta property=\"og:url\" content=\"https:\/\/eshop.alphabio-iberia.com\/?post_type=product&amp;p=10781\" \/>\n<meta property=\"og:site_name\" content=\"Tienda Alpha-Bio Iberia\" \/>\n<meta property=\"article:modified_time\" content=\"2023-06-27T11:40:14+00:00\" \/>\n<meta property=\"og:image\" content=\"https:\/\/eshop.alphabio-iberia.com\/wp-content\/uploads\/2022\/02\/10-0000_cajaesterilizacion_1.png\" \/>\n\t<meta property=\"og:image:width\" content=\"500\" \/>\n\t<meta property=\"og:image:height\" content=\"500\" \/>\n\t<meta property=\"og:image:type\" content=\"image\/png\" \/>\n<meta name=\"twitter:card\" content=\"summary_large_image\" \/>\n<script type=\"application\/ld+json\" class=\"yoast-schema-graph\">{\"@context\":\"https:\\\/\\\/schema.org\",\"@graph\":[{\"@type\":\"WebPage\",\"@id\":\"https:\\\/\\\/eshop.alphabio-iberia.com\\\/?post_type=product&p=10781\",\"url\":\"https:\\\/\\\/eshop.alphabio-iberia.com\\\/?post_type=product&p=10781\",\"name\":\"Caixa de esteriliza\u00e7\u00e3o \\\"Maxi\\\" para ortodontia O.S.A.S. (sem acess\u00f3rios) - Tienda Alpha-Bio Iberia\",\"isPartOf\":{\"@id\":\"https:\\\/\\\/eshop.alphabio-iberia.com\\\/#website\"},\"primaryImageOfPage\":{\"@id\":\"https:\\\/\\\/eshop.alphabio-iberia.com\\\/?post_type=product&p=10781#primaryimage\"},\"image\":{\"@id\":\"https:\\\/\\\/eshop.alphabio-iberia.com\\\/?post_type=product&p=10781#primaryimage\"},\"thumbnailUrl\":\"https:\\\/\\\/eshop.alphabio-iberia.com\\\/wp-content\\\/uploads\\\/2022\\\/02\\\/10-0000_cajaesterilizacion_1.png\",\"datePublished\":\"2022-01-13T18:49:00+00:00\",\"dateModified\":\"2023-06-27T11:40:14+00:00\",\"description\":\"Caixa de esteriliza\u00e7\u00e3o \\\"Maxi\\\" para ortodontia O.S.A.S. (sem acess\u00f3rios) en Tienda Alpha-Bio Iberia por 250 \u20ac! Caixa esteriliz\u00e1vel \\\"Maxi\\\". Solu\u00e7\u00e3o completa para a arruma\u00e7\u00e3o segura e arrumada dos seus mini-parafusos e acess\u00f3rios ortod\u00f4nticos com sistema de fixa\u00e7\u00e3o.\",\"breadcrumb\":{\"@id\":\"https:\\\/\\\/eshop.alphabio-iberia.com\\\/?post_type=product&p=10781#breadcrumb\"},\"inLanguage\":\"pt-PT\",\"potentialAction\":[{\"@type\":\"ReadAction\",\"target\":[\"https:\\\/\\\/eshop.alphabio-iberia.com\\\/?post_type=product&p=10781\"]}]},{\"@type\":\"ImageObject\",\"inLanguage\":\"pt-PT\",\"@id\":\"https:\\\/\\\/eshop.alphabio-iberia.com\\\/?post_type=product&p=10781#primaryimage\",\"url\":\"https:\\\/\\\/eshop.alphabio-iberia.com\\\/wp-content\\\/uploads\\\/2022\\\/02\\\/10-0000_cajaesterilizacion_1.png\",\"contentUrl\":\"https:\\\/\\\/eshop.alphabio-iberia.com\\\/wp-content\\\/uploads\\\/2022\\\/02\\\/10-0000_cajaesterilizacion_1.png\",\"width\":500,\"height\":500},{\"@type\":\"BreadcrumbList\",\"@id\":\"https:\\\/\\\/eshop.alphabio-iberia.com\\\/?post_type=product&p=10781#breadcrumb\",\"itemListElement\":[{\"@type\":\"ListItem\",\"position\":1,\"name\":\"Portada\",\"item\":\"https:\\\/\\\/eshop.alphabio-iberia.com\\\/\"},{\"@type\":\"ListItem\",\"position\":2,\"name\":\"Tienda\",\"item\":\"https:\\\/\\\/eshop.alphabio-iberia.com\\\/tienda\\\/\"},{\"@type\":\"ListItem\",\"position\":3,\"name\":\"Caixa de esteriliza\u00e7\u00e3o &#8220;Maxi&#8221; para ortodontia O.S.A.S. (sem acess\u00f3rios)\"}]},{\"@type\":\"WebSite\",\"@id\":\"https:\\\/\\\/eshop.alphabio-iberia.com\\\/#website\",\"url\":\"https:\\\/\\\/eshop.alphabio-iberia.com\\\/\",\"name\":\"Tienda Alpha-Bio Iberia\",\"description\":\"Ofrecemos una soluci\u00f3n 360\u00ba para odont\u00f3logos, implant\u00f3logos y cirujanos en implantolog\u00eda, ROG y odontolog\u00eda digital, acompa\u00f1ado de un amplio programa formativo en Espa\u00f1a y Portugal.\",\"publisher\":{\"@id\":\"https:\\\/\\\/eshop.alphabio-iberia.com\\\/#organization\"},\"potentialAction\":[{\"@type\":\"SearchAction\",\"target\":{\"@type\":\"EntryPoint\",\"urlTemplate\":\"https:\\\/\\\/eshop.alphabio-iberia.com\\\/?s={search_term_string}\"},\"query-input\":{\"@type\":\"PropertyValueSpecification\",\"valueRequired\":true,\"valueName\":\"search_term_string\"}}],\"inLanguage\":\"pt-PT\"},{\"@type\":\"Organization\",\"@id\":\"https:\\\/\\\/eshop.alphabio-iberia.com\\\/#organization\",\"name\":\"Medical 10\",\"url\":\"https:\\\/\\\/eshop.alphabio-iberia.com\\\/\",\"logo\":{\"@type\":\"ImageObject\",\"inLanguage\":\"pt-PT\",\"@id\":\"https:\\\/\\\/eshop.alphabio-iberia.com\\\/#\\\/schema\\\/logo\\\/image\\\/\",\"url\":\"https:\\\/\\\/eshop.medical10.es\\\/wp-content\\\/uploads\\\/2021\\\/07\\\/cropped-m10_header_2.png\",\"contentUrl\":\"https:\\\/\\\/eshop.medical10.es\\\/wp-content\\\/uploads\\\/2021\\\/07\\\/cropped-m10_header_2.png\",\"width\":165,\"height\":97,\"caption\":\"Medical 10\"},\"image\":{\"@id\":\"https:\\\/\\\/eshop.alphabio-iberia.com\\\/#\\\/schema\\\/logo\\\/image\\\/\"}}]}<\/script>\n<!-- \/ Yoast SEO plugin. -->","yoast_head_json":{"title":"Caixa de esteriliza\u00e7\u00e3o \"Maxi\" para ortodontia O.S.A.S. (sem acess\u00f3rios) - Tienda Alpha-Bio Iberia","description":"Caixa de esteriliza\u00e7\u00e3o \"Maxi\" para ortodontia O.S.A.S. (sem acess\u00f3rios) en Tienda Alpha-Bio Iberia por 250 \u20ac! Caixa esteriliz\u00e1vel \"Maxi\". Solu\u00e7\u00e3o completa para a arruma\u00e7\u00e3o segura e arrumada dos seus mini-parafusos e acess\u00f3rios ortod\u00f4nticos com sistema de fixa\u00e7\u00e3o.","robots":{"index":"index","follow":"follow","max-snippet":"max-snippet:-1","max-image-preview":"max-image-preview:large","max-video-preview":"max-video-preview:-1"},"canonical":"https:\/\/eshop.alphabio-iberia.com\/?post_type=product&p=10781","og_locale":"pt_PT","og_type":"article","og_title":"Caixa de esteriliza\u00e7\u00e3o \"Maxi\" para ortodontia O.S.A.S. (sem acess\u00f3rios) - Tienda Alpha-Bio Iberia","og_description":"Caixa de esteriliza\u00e7\u00e3o \"Maxi\" para ortodontia O.S.A.S. (sem acess\u00f3rios) en Tienda Alpha-Bio Iberia por 250 \u20ac! Caixa esteriliz\u00e1vel \"Maxi\". Solu\u00e7\u00e3o completa para a arruma\u00e7\u00e3o segura e arrumada dos seus mini-parafusos e acess\u00f3rios ortod\u00f4nticos com sistema de fixa\u00e7\u00e3o.","og_url":"https:\/\/eshop.alphabio-iberia.com\/?post_type=product&p=10781","og_site_name":"Tienda Alpha-Bio Iberia","article_modified_time":"2023-06-27T11:40:14+00:00","og_image":[{"width":500,"height":500,"url":"https:\/\/eshop.alphabio-iberia.com\/wp-content\/uploads\/2022\/02\/10-0000_cajaesterilizacion_1.png","type":"image\/png"}],"twitter_card":"summary_large_image","schema":{"@context":"https:\/\/schema.org","@graph":[{"@type":"WebPage","@id":"https:\/\/eshop.alphabio-iberia.com\/?post_type=product&p=10781","url":"https:\/\/eshop.alphabio-iberia.com\/?post_type=product&p=10781","name":"Caixa de esteriliza\u00e7\u00e3o \"Maxi\" para ortodontia O.S.A.S. (sem acess\u00f3rios) - Tienda Alpha-Bio Iberia","isPartOf":{"@id":"https:\/\/eshop.alphabio-iberia.com\/#website"},"primaryImageOfPage":{"@id":"https:\/\/eshop.alphabio-iberia.com\/?post_type=product&p=10781#primaryimage"},"image":{"@id":"https:\/\/eshop.alphabio-iberia.com\/?post_type=product&p=10781#primaryimage"},"thumbnailUrl":"https:\/\/eshop.alphabio-iberia.com\/wp-content\/uploads\/2022\/02\/10-0000_cajaesterilizacion_1.png","datePublished":"2022-01-13T18:49:00+00:00","dateModified":"2023-06-27T11:40:14+00:00","description":"Caixa de esteriliza\u00e7\u00e3o \"Maxi\" para ortodontia O.S.A.S. (sem acess\u00f3rios) en Tienda Alpha-Bio Iberia por 250 \u20ac! Caixa esteriliz\u00e1vel \"Maxi\". Solu\u00e7\u00e3o completa para a arruma\u00e7\u00e3o segura e arrumada dos seus mini-parafusos e acess\u00f3rios ortod\u00f4nticos com sistema de fixa\u00e7\u00e3o.","breadcrumb":{"@id":"https:\/\/eshop.alphabio-iberia.com\/?post_type=product&p=10781#breadcrumb"},"inLanguage":"pt-PT","potentialAction":[{"@type":"ReadAction","target":["https:\/\/eshop.alphabio-iberia.com\/?post_type=product&p=10781"]}]},{"@type":"ImageObject","inLanguage":"pt-PT","@id":"https:\/\/eshop.alphabio-iberia.com\/?post_type=product&p=10781#primaryimage","url":"https:\/\/eshop.alphabio-iberia.com\/wp-content\/uploads\/2022\/02\/10-0000_cajaesterilizacion_1.png","contentUrl":"https:\/\/eshop.alphabio-iberia.com\/wp-content\/uploads\/2022\/02\/10-0000_cajaesterilizacion_1.png","width":500,"height":500},{"@type":"BreadcrumbList","@id":"https:\/\/eshop.alphabio-iberia.com\/?post_type=product&p=10781#breadcrumb","itemListElement":[{"@type":"ListItem","position":1,"name":"Portada","item":"https:\/\/eshop.alphabio-iberia.com\/"},{"@type":"ListItem","position":2,"name":"Tienda","item":"https:\/\/eshop.alphabio-iberia.com\/tienda\/"},{"@type":"ListItem","position":3,"name":"Caixa de esteriliza\u00e7\u00e3o &#8220;Maxi&#8221; para ortodontia O.S.A.S. (sem acess\u00f3rios)"}]},{"@type":"WebSite","@id":"https:\/\/eshop.alphabio-iberia.com\/#website","url":"https:\/\/eshop.alphabio-iberia.com\/","name":"Tienda Alpha-Bio Iberia","description":"Ofrecemos una soluci\u00f3n 360\u00ba para odont\u00f3logos, implant\u00f3logos y cirujanos en implantolog\u00eda, ROG y odontolog\u00eda digital, acompa\u00f1ado de un amplio programa formativo en Espa\u00f1a y Portugal.","publisher":{"@id":"https:\/\/eshop.alphabio-iberia.com\/#organization"},"potentialAction":[{"@type":"SearchAction","target":{"@type":"EntryPoint","urlTemplate":"https:\/\/eshop.alphabio-iberia.com\/?s={search_term_string}"},"query-input":{"@type":"PropertyValueSpecification","valueRequired":true,"valueName":"search_term_string"}}],"inLanguage":"pt-PT"},{"@type":"Organization","@id":"https:\/\/eshop.alphabio-iberia.com\/#organization","name":"Medical 10","url":"https:\/\/eshop.alphabio-iberia.com\/","logo":{"@type":"ImageObject","inLanguage":"pt-PT","@id":"https:\/\/eshop.alphabio-iberia.com\/#\/schema\/logo\/image\/","url":"https:\/\/eshop.medical10.es\/wp-content\/uploads\/2021\/07\/cropped-m10_header_2.png","contentUrl":"https:\/\/eshop.medical10.es\/wp-content\/uploads\/2021\/07\/cropped-m10_header_2.png","width":165,"height":97,"caption":"Medical 10"},"image":{"@id":"https:\/\/eshop.alphabio-iberia.com\/#\/schema\/logo\/image\/"}}]}},"_links":{"self":[{"href":"https:\/\/eshop.alphabio-iberia.com\/pt-pt\/wp-json\/wp\/v2\/product\/23954","targetHints":{"allow":["GET"]}}],"collection":[{"href":"https:\/\/eshop.alphabio-iberia.com\/pt-pt\/wp-json\/wp\/v2\/product"}],"about":[{"href":"https:\/\/eshop.alphabio-iberia.com\/pt-pt\/wp-json\/wp\/v2\/types\/product"}],"replies":[{"embeddable":true,"href":"https:\/\/eshop.alphabio-iberia.com\/pt-pt\/wp-json\/wp\/v2\/comments?post=23954"}],"wp:featuredmedia":[{"embeddable":true,"href":"https:\/\/eshop.alphabio-iberia.com\/pt-pt\/wp-json\/wp\/v2\/media\/23955"}],"wp:attachment":[{"href":"https:\/\/eshop.alphabio-iberia.com\/pt-pt\/wp-json\/wp\/v2\/media?parent=23954"}],"wp:term":[{"taxonomy":"product_brand","embeddable":true,"href":"https:\/\/eshop.alphabio-iberia.com\/pt-pt\/wp-json\/wp\/v2\/product_brand?post=23954"},{"taxonomy":"product_cat","embeddable":true,"href":"https:\/\/eshop.alphabio-iberia.com\/pt-pt\/wp-json\/wp\/v2\/product_cat?post=23954"},{"taxonomy":"product_tag","embeddable":true,"href":"https:\/\/eshop.alphabio-iberia.com\/pt-pt\/wp-json\/wp\/v2\/product_tag?post=23954"}],"curies":[{"name":"wp","href":"https:\/\/api.w.org\/{rel}","templated":true}]}}