{"id":24194,"date":"2022-01-13T18:34:04","date_gmt":"2022-01-13T18:34:04","guid":{"rendered":"https:\/\/eshop.medical10.es\/producto\/sustituto-oseo-matrixoss-en-jeringa-0-5-cc\/"},"modified":"2023-06-27T11:39:31","modified_gmt":"2023-06-27T11:39:31","slug":"sustituto-oseo-matrixoss-en-jeringa-0-5-cc","status":"publish","type":"product","link":"https:\/\/eshop.alphabio-iberia.com\/pt-pt\/sustituto-oseo-matrixoss-en-jeringa-0-5-cc\/","title":{"rendered":"Substituto de osso MatrixOss en jeringa  0.5 cc"},"content":{"rendered":"<p>O novo aplicador Matrix Oss com a sua seringa curva torna o manuseamento do gr\u00e2nulo confort\u00e1vel, f\u00e1cil de re-hidratar e f\u00e1cil de manusear, mantendo as excelentes propriedades do gr\u00e2nulo fino MatrixOss. Tamanho do frasco 0,5 cc. Tamanho do gr\u00e2nulo 0,25-1 mm<\/p>\n","protected":false},"excerpt":{"rendered":"<p>O novo aplicador Matrix Oss com a sua seringa curva torna o manuseamento do gr\u00e2nulo confort\u00e1vel, f\u00e1cil de re-hidratar e f\u00e1cil de manusear, mantendo as excelentes propriedades do gr\u00e2nulo fino MatrixOss. Tamanho do frasco 0,5 cc. Tamanho do gr\u00e2nulo 0,25-1 mm<\/p>\n","protected":false},"featured_media":24195,"comment_status":"open","ping_status":"closed","template":"","meta":{"_acf_changed":false},"product_brand":[],"product_cat":[537,541],"product_tag":[],"class_list":{"0":"post-24194","1":"product","2":"type-product","3":"status-publish","4":"has-post-thumbnail","6":"product_cat-substitutos-osseos","7":"product_cat-xenoinjerto","8":"pa_tamano-granulo-fino-0-25-1-mm-pt-pt","9":"pa_tamano-vial-0-5-cc-pt-pt","11":"first","12":"instock","13":"taxable","14":"shipping-taxable","15":"product-type-simple"},"acf":[],"yoast_head":"<!-- This site is optimized with the Yoast SEO plugin v27.4 - https:\/\/yoast.com\/product\/yoast-seo-wordpress\/ -->\n<title>Substituto de osso MatrixOss en jeringa 0.5 cc - Tienda Alpha-Bio Iberia<\/title>\n<meta name=\"description\" content=\"Substituto de osso MatrixOss en jeringa 0.5 cc en Tienda Alpha-Bio Iberia por 83.54 \u20ac! O novo aplicador Matrix Oss com a sua seringa curva torna o manuseamento do gr\u00e2nulo confort\u00e1vel, f\u00e1cil de re-hidratar e f\u00e1cil de manusear, mantendo as\" \/>\n<meta name=\"robots\" content=\"index, follow, max-snippet:-1, max-image-preview:large, max-video-preview:-1\" \/>\n<link rel=\"canonical\" href=\"https:\/\/eshop.alphabio-iberia.com\/sustituto-oseo-matrixoss-en-jeringa-0-5-cc\/\" \/>\n<meta property=\"og:locale\" content=\"pt_PT\" \/>\n<meta property=\"og:type\" content=\"article\" \/>\n<meta property=\"og:title\" content=\"Substituto de osso MatrixOss en jeringa 0.5 cc - Tienda Alpha-Bio Iberia\" \/>\n<meta property=\"og:description\" content=\"Substituto de osso MatrixOss en jeringa 0.5 cc en Tienda Alpha-Bio Iberia por 83.54 \u20ac! O novo aplicador Matrix Oss com a sua seringa curva torna o manuseamento do gr\u00e2nulo confort\u00e1vel, f\u00e1cil de re-hidratar e f\u00e1cil de manusear, mantendo as\" \/>\n<meta property=\"og:url\" content=\"https:\/\/eshop.alphabio-iberia.com\/sustituto-oseo-matrixoss-en-jeringa-0-5-cc\/\" \/>\n<meta property=\"og:site_name\" content=\"Tienda Alpha-Bio Iberia\" \/>\n<meta property=\"article:modified_time\" content=\"2023-06-27T11:39:31+00:00\" \/>\n<meta property=\"og:image\" content=\"https:\/\/eshop.alphabio-iberia.com\/wp-content\/uploads\/2022\/02\/MatrixOss-Jeringa-3.png\" \/>\n\t<meta property=\"og:image:width\" content=\"500\" \/>\n\t<meta property=\"og:image:height\" content=\"500\" \/>\n\t<meta property=\"og:image:type\" content=\"image\/png\" \/>\n<meta name=\"twitter:card\" content=\"summary_large_image\" \/>\n<script type=\"application\/ld+json\" class=\"yoast-schema-graph\">{\"@context\":\"https:\\\/\\\/schema.org\",\"@graph\":[{\"@type\":\"WebPage\",\"@id\":\"https:\\\/\\\/eshop.alphabio-iberia.com\\\/sustituto-oseo-matrixoss-en-jeringa-0-5-cc\\\/\",\"url\":\"https:\\\/\\\/eshop.alphabio-iberia.com\\\/sustituto-oseo-matrixoss-en-jeringa-0-5-cc\\\/\",\"name\":\"Substituto de osso MatrixOss en jeringa 0.5 cc - Tienda Alpha-Bio Iberia\",\"isPartOf\":{\"@id\":\"https:\\\/\\\/eshop.alphabio-iberia.com\\\/#website\"},\"primaryImageOfPage\":{\"@id\":\"https:\\\/\\\/eshop.alphabio-iberia.com\\\/sustituto-oseo-matrixoss-en-jeringa-0-5-cc\\\/#primaryimage\"},\"image\":{\"@id\":\"https:\\\/\\\/eshop.alphabio-iberia.com\\\/sustituto-oseo-matrixoss-en-jeringa-0-5-cc\\\/#primaryimage\"},\"thumbnailUrl\":\"https:\\\/\\\/eshop.alphabio-iberia.com\\\/wp-content\\\/uploads\\\/2022\\\/02\\\/MatrixOss-Jeringa-3.png\",\"datePublished\":\"2022-01-13T18:34:04+00:00\",\"dateModified\":\"2023-06-27T11:39:31+00:00\",\"description\":\"Substituto de osso MatrixOss en jeringa 0.5 cc en Tienda Alpha-Bio Iberia por 83.54 \u20ac! O novo aplicador Matrix Oss com a sua seringa curva torna o manuseamento do gr\u00e2nulo confort\u00e1vel, f\u00e1cil de re-hidratar e f\u00e1cil de manusear, mantendo as\",\"breadcrumb\":{\"@id\":\"https:\\\/\\\/eshop.alphabio-iberia.com\\\/sustituto-oseo-matrixoss-en-jeringa-0-5-cc\\\/#breadcrumb\"},\"inLanguage\":\"pt-PT\",\"potentialAction\":[{\"@type\":\"ReadAction\",\"target\":[\"https:\\\/\\\/eshop.alphabio-iberia.com\\\/sustituto-oseo-matrixoss-en-jeringa-0-5-cc\\\/\"]}]},{\"@type\":\"ImageObject\",\"inLanguage\":\"pt-PT\",\"@id\":\"https:\\\/\\\/eshop.alphabio-iberia.com\\\/sustituto-oseo-matrixoss-en-jeringa-0-5-cc\\\/#primaryimage\",\"url\":\"https:\\\/\\\/eshop.alphabio-iberia.com\\\/wp-content\\\/uploads\\\/2022\\\/02\\\/MatrixOss-Jeringa-3.png\",\"contentUrl\":\"https:\\\/\\\/eshop.alphabio-iberia.com\\\/wp-content\\\/uploads\\\/2022\\\/02\\\/MatrixOss-Jeringa-3.png\",\"width\":500,\"height\":500},{\"@type\":\"BreadcrumbList\",\"@id\":\"https:\\\/\\\/eshop.alphabio-iberia.com\\\/sustituto-oseo-matrixoss-en-jeringa-0-5-cc\\\/#breadcrumb\",\"itemListElement\":[{\"@type\":\"ListItem\",\"position\":1,\"name\":\"Portada\",\"item\":\"https:\\\/\\\/eshop.alphabio-iberia.com\\\/\"},{\"@type\":\"ListItem\",\"position\":2,\"name\":\"Tienda\",\"item\":\"https:\\\/\\\/eshop.alphabio-iberia.com\\\/tienda\\\/\"},{\"@type\":\"ListItem\",\"position\":3,\"name\":\"Substituto de osso MatrixOss en jeringa 0.5 cc\"}]},{\"@type\":\"WebSite\",\"@id\":\"https:\\\/\\\/eshop.alphabio-iberia.com\\\/#website\",\"url\":\"https:\\\/\\\/eshop.alphabio-iberia.com\\\/\",\"name\":\"Tienda Alpha-Bio Iberia\",\"description\":\"Ofrecemos una soluci\u00f3n 360\u00ba para odont\u00f3logos, implant\u00f3logos y cirujanos en implantolog\u00eda, ROG y odontolog\u00eda digital, acompa\u00f1ado de un amplio programa formativo en Espa\u00f1a y Portugal.\",\"publisher\":{\"@id\":\"https:\\\/\\\/eshop.alphabio-iberia.com\\\/#organization\"},\"potentialAction\":[{\"@type\":\"SearchAction\",\"target\":{\"@type\":\"EntryPoint\",\"urlTemplate\":\"https:\\\/\\\/eshop.alphabio-iberia.com\\\/?s={search_term_string}\"},\"query-input\":{\"@type\":\"PropertyValueSpecification\",\"valueRequired\":true,\"valueName\":\"search_term_string\"}}],\"inLanguage\":\"pt-PT\"},{\"@type\":\"Organization\",\"@id\":\"https:\\\/\\\/eshop.alphabio-iberia.com\\\/#organization\",\"name\":\"Medical 10\",\"url\":\"https:\\\/\\\/eshop.alphabio-iberia.com\\\/\",\"logo\":{\"@type\":\"ImageObject\",\"inLanguage\":\"pt-PT\",\"@id\":\"https:\\\/\\\/eshop.alphabio-iberia.com\\\/#\\\/schema\\\/logo\\\/image\\\/\",\"url\":\"https:\\\/\\\/eshop.medical10.es\\\/wp-content\\\/uploads\\\/2021\\\/07\\\/cropped-m10_header_2.png\",\"contentUrl\":\"https:\\\/\\\/eshop.medical10.es\\\/wp-content\\\/uploads\\\/2021\\\/07\\\/cropped-m10_header_2.png\",\"width\":165,\"height\":97,\"caption\":\"Medical 10\"},\"image\":{\"@id\":\"https:\\\/\\\/eshop.alphabio-iberia.com\\\/#\\\/schema\\\/logo\\\/image\\\/\"}}]}<\/script>\n<!-- \/ Yoast SEO plugin. -->","yoast_head_json":{"title":"Substituto de osso MatrixOss en jeringa 0.5 cc - Tienda Alpha-Bio Iberia","description":"Substituto de osso MatrixOss en jeringa 0.5 cc en Tienda Alpha-Bio Iberia por 83.54 \u20ac! O novo aplicador Matrix Oss com a sua seringa curva torna o manuseamento do gr\u00e2nulo confort\u00e1vel, f\u00e1cil de re-hidratar e f\u00e1cil de manusear, mantendo as","robots":{"index":"index","follow":"follow","max-snippet":"max-snippet:-1","max-image-preview":"max-image-preview:large","max-video-preview":"max-video-preview:-1"},"canonical":"https:\/\/eshop.alphabio-iberia.com\/sustituto-oseo-matrixoss-en-jeringa-0-5-cc\/","og_locale":"pt_PT","og_type":"article","og_title":"Substituto de osso MatrixOss en jeringa 0.5 cc - Tienda Alpha-Bio Iberia","og_description":"Substituto de osso MatrixOss en jeringa 0.5 cc en Tienda Alpha-Bio Iberia por 83.54 \u20ac! O novo aplicador Matrix Oss com a sua seringa curva torna o manuseamento do gr\u00e2nulo confort\u00e1vel, f\u00e1cil de re-hidratar e f\u00e1cil de manusear, mantendo as","og_url":"https:\/\/eshop.alphabio-iberia.com\/sustituto-oseo-matrixoss-en-jeringa-0-5-cc\/","og_site_name":"Tienda Alpha-Bio Iberia","article_modified_time":"2023-06-27T11:39:31+00:00","og_image":[{"width":500,"height":500,"url":"https:\/\/eshop.alphabio-iberia.com\/wp-content\/uploads\/2022\/02\/MatrixOss-Jeringa-3.png","type":"image\/png"}],"twitter_card":"summary_large_image","schema":{"@context":"https:\/\/schema.org","@graph":[{"@type":"WebPage","@id":"https:\/\/eshop.alphabio-iberia.com\/sustituto-oseo-matrixoss-en-jeringa-0-5-cc\/","url":"https:\/\/eshop.alphabio-iberia.com\/sustituto-oseo-matrixoss-en-jeringa-0-5-cc\/","name":"Substituto de osso MatrixOss en jeringa 0.5 cc - Tienda Alpha-Bio Iberia","isPartOf":{"@id":"https:\/\/eshop.alphabio-iberia.com\/#website"},"primaryImageOfPage":{"@id":"https:\/\/eshop.alphabio-iberia.com\/sustituto-oseo-matrixoss-en-jeringa-0-5-cc\/#primaryimage"},"image":{"@id":"https:\/\/eshop.alphabio-iberia.com\/sustituto-oseo-matrixoss-en-jeringa-0-5-cc\/#primaryimage"},"thumbnailUrl":"https:\/\/eshop.alphabio-iberia.com\/wp-content\/uploads\/2022\/02\/MatrixOss-Jeringa-3.png","datePublished":"2022-01-13T18:34:04+00:00","dateModified":"2023-06-27T11:39:31+00:00","description":"Substituto de osso MatrixOss en jeringa 0.5 cc en Tienda Alpha-Bio Iberia por 83.54 \u20ac! O novo aplicador Matrix Oss com a sua seringa curva torna o manuseamento do gr\u00e2nulo confort\u00e1vel, f\u00e1cil de re-hidratar e f\u00e1cil de manusear, mantendo as","breadcrumb":{"@id":"https:\/\/eshop.alphabio-iberia.com\/sustituto-oseo-matrixoss-en-jeringa-0-5-cc\/#breadcrumb"},"inLanguage":"pt-PT","potentialAction":[{"@type":"ReadAction","target":["https:\/\/eshop.alphabio-iberia.com\/sustituto-oseo-matrixoss-en-jeringa-0-5-cc\/"]}]},{"@type":"ImageObject","inLanguage":"pt-PT","@id":"https:\/\/eshop.alphabio-iberia.com\/sustituto-oseo-matrixoss-en-jeringa-0-5-cc\/#primaryimage","url":"https:\/\/eshop.alphabio-iberia.com\/wp-content\/uploads\/2022\/02\/MatrixOss-Jeringa-3.png","contentUrl":"https:\/\/eshop.alphabio-iberia.com\/wp-content\/uploads\/2022\/02\/MatrixOss-Jeringa-3.png","width":500,"height":500},{"@type":"BreadcrumbList","@id":"https:\/\/eshop.alphabio-iberia.com\/sustituto-oseo-matrixoss-en-jeringa-0-5-cc\/#breadcrumb","itemListElement":[{"@type":"ListItem","position":1,"name":"Portada","item":"https:\/\/eshop.alphabio-iberia.com\/"},{"@type":"ListItem","position":2,"name":"Tienda","item":"https:\/\/eshop.alphabio-iberia.com\/tienda\/"},{"@type":"ListItem","position":3,"name":"Substituto de osso MatrixOss en jeringa 0.5 cc"}]},{"@type":"WebSite","@id":"https:\/\/eshop.alphabio-iberia.com\/#website","url":"https:\/\/eshop.alphabio-iberia.com\/","name":"Tienda Alpha-Bio Iberia","description":"Ofrecemos una soluci\u00f3n 360\u00ba para odont\u00f3logos, implant\u00f3logos y cirujanos en implantolog\u00eda, ROG y odontolog\u00eda digital, acompa\u00f1ado de un amplio programa formativo en Espa\u00f1a y Portugal.","publisher":{"@id":"https:\/\/eshop.alphabio-iberia.com\/#organization"},"potentialAction":[{"@type":"SearchAction","target":{"@type":"EntryPoint","urlTemplate":"https:\/\/eshop.alphabio-iberia.com\/?s={search_term_string}"},"query-input":{"@type":"PropertyValueSpecification","valueRequired":true,"valueName":"search_term_string"}}],"inLanguage":"pt-PT"},{"@type":"Organization","@id":"https:\/\/eshop.alphabio-iberia.com\/#organization","name":"Medical 10","url":"https:\/\/eshop.alphabio-iberia.com\/","logo":{"@type":"ImageObject","inLanguage":"pt-PT","@id":"https:\/\/eshop.alphabio-iberia.com\/#\/schema\/logo\/image\/","url":"https:\/\/eshop.medical10.es\/wp-content\/uploads\/2021\/07\/cropped-m10_header_2.png","contentUrl":"https:\/\/eshop.medical10.es\/wp-content\/uploads\/2021\/07\/cropped-m10_header_2.png","width":165,"height":97,"caption":"Medical 10"},"image":{"@id":"https:\/\/eshop.alphabio-iberia.com\/#\/schema\/logo\/image\/"}}]}},"_links":{"self":[{"href":"https:\/\/eshop.alphabio-iberia.com\/pt-pt\/wp-json\/wp\/v2\/product\/24194","targetHints":{"allow":["GET"]}}],"collection":[{"href":"https:\/\/eshop.alphabio-iberia.com\/pt-pt\/wp-json\/wp\/v2\/product"}],"about":[{"href":"https:\/\/eshop.alphabio-iberia.com\/pt-pt\/wp-json\/wp\/v2\/types\/product"}],"replies":[{"embeddable":true,"href":"https:\/\/eshop.alphabio-iberia.com\/pt-pt\/wp-json\/wp\/v2\/comments?post=24194"}],"wp:featuredmedia":[{"embeddable":true,"href":"https:\/\/eshop.alphabio-iberia.com\/pt-pt\/wp-json\/wp\/v2\/media\/24195"}],"wp:attachment":[{"href":"https:\/\/eshop.alphabio-iberia.com\/pt-pt\/wp-json\/wp\/v2\/media?parent=24194"}],"wp:term":[{"taxonomy":"product_brand","embeddable":true,"href":"https:\/\/eshop.alphabio-iberia.com\/pt-pt\/wp-json\/wp\/v2\/product_brand?post=24194"},{"taxonomy":"product_cat","embeddable":true,"href":"https:\/\/eshop.alphabio-iberia.com\/pt-pt\/wp-json\/wp\/v2\/product_cat?post=24194"},{"taxonomy":"product_tag","embeddable":true,"href":"https:\/\/eshop.alphabio-iberia.com\/pt-pt\/wp-json\/wp\/v2\/product_tag?post=24194"}],"curies":[{"name":"wp","href":"https:\/\/api.w.org\/{rel}","templated":true}]}}