{"id":24240,"date":"2022-01-13T18:31:49","date_gmt":"2022-01-13T18:31:49","guid":{"rendered":"https:\/\/eshop.medical10.es\/producto\/matriz-dermica-acelular-10-x-10-mm-grosor-1-26-1-75-mm\/"},"modified":"2023-06-27T11:39:06","modified_gmt":"2023-06-27T11:39:06","slug":"matriz-dermica-grosor-1-26-1-75-mm","status":"publish","type":"product","link":"https:\/\/eshop.alphabio-iberia.com\/pt-pt\/matriz-dermica-acelular-10-x-10-mm-grosor-1-26-1-75-mm\/","title":{"rendered":"Matriz d\u00e9rmica acelular 10 x 10 mm ( grossura 1.26-1.75 mm)"},"content":{"rendered":"<p>A matriz d\u00e9rmica acelular de origem humana favorece a migra\u00e7\u00e3o de c\u00e9lulas dos tecidos adjacentes e o aparecimento de novos vasos sangu\u00edneos, remodelando o tecido do pr\u00f3prio paciente. Tamanho da matriz 10&#215;10 mm. Espessura da matriz 1,26-1,75 mm.<\/p>\n","protected":false},"excerpt":{"rendered":"<p>A matriz d\u00e9rmica acelular de origem humana favorece a migra\u00e7\u00e3o de c\u00e9lulas dos tecidos adjacentes e o aparecimento de novos vasos sangu\u00edneos, remodelando o tecido do pr\u00f3prio paciente. Tamanho da matriz 10&#215;10 mm. Espessura da matriz 1,26-1,75 mm.<\/p>\n","protected":false},"featured_media":24241,"comment_status":"open","ping_status":"closed","template":"","meta":{"_acf_changed":false},"product_brand":[],"product_cat":[522],"product_tag":[],"class_list":{"0":"post-24240","1":"product","2":"type-product","3":"status-publish","4":"has-post-thumbnail","6":"product_cat-membranas-e-barreiras","7":"pa_matrices-si-pt-pt","8":"pa_reabsorbible-si-pt-pt","9":"pa_tamano-membrana-10x10-mm-pt-pt","11":"first","12":"outofstock","13":"taxable","14":"shipping-taxable","15":"product-type-simple"},"acf":[],"yoast_head":"<!-- This site is optimized with the Yoast SEO plugin v27.4 - https:\/\/yoast.com\/product\/yoast-seo-wordpress\/ -->\n<title>Matriz d\u00e9rmica acelular 10 x 10 mm ( grossura 1.26-1.75 mm) - Tienda Alpha-Bio Iberia<\/title>\n<meta name=\"description\" content=\"Matriz d\u00e9rmica acelular 10 x 10 mm ( grossura 1.26-1.75 mm) en Tienda Alpha-Bio Iberia por 99.00 \u20ac! A matriz d\u00e9rmica acelular de origem humana favorece a migra\u00e7\u00e3o de c\u00e9lulas dos tecidos adjacentes e o aparecimento de novos vasos sangu\u00edneos, remodelando o\" \/>\n<meta name=\"robots\" content=\"index, follow, max-snippet:-1, max-image-preview:large, max-video-preview:-1\" \/>\n<link rel=\"canonical\" href=\"https:\/\/eshop.alphabio-iberia.com\/?post_type=product&p=10615\" \/>\n<meta property=\"og:locale\" content=\"pt_PT\" \/>\n<meta property=\"og:type\" content=\"article\" \/>\n<meta property=\"og:title\" content=\"Matriz d\u00e9rmica acelular 10 x 10 mm ( grossura 1.26-1.75 mm) - Tienda Alpha-Bio Iberia\" \/>\n<meta property=\"og:description\" content=\"Matriz d\u00e9rmica acelular 10 x 10 mm ( grossura 1.26-1.75 mm) en Tienda Alpha-Bio Iberia por 99.00 \u20ac! A matriz d\u00e9rmica acelular de origem humana favorece a migra\u00e7\u00e3o de c\u00e9lulas dos tecidos adjacentes e o aparecimento de novos vasos sangu\u00edneos, remodelando o\" \/>\n<meta property=\"og:url\" content=\"https:\/\/eshop.alphabio-iberia.com\/?post_type=product&amp;p=10615\" \/>\n<meta property=\"og:site_name\" content=\"Tienda Alpha-Bio Iberia\" \/>\n<meta property=\"article:modified_time\" content=\"2023-06-27T11:39:06+00:00\" \/>\n<meta property=\"og:image\" content=\"https:\/\/eshop.alphabio-iberia.com\/wp-content\/uploads\/2022\/02\/matrizdermica_acelular.png\" \/>\n\t<meta property=\"og:image:width\" content=\"500\" \/>\n\t<meta property=\"og:image:height\" content=\"500\" \/>\n\t<meta property=\"og:image:type\" content=\"image\/png\" \/>\n<meta name=\"twitter:card\" content=\"summary_large_image\" \/>\n<script type=\"application\/ld+json\" class=\"yoast-schema-graph\">{\"@context\":\"https:\\\/\\\/schema.org\",\"@graph\":[{\"@type\":\"WebPage\",\"@id\":\"https:\\\/\\\/eshop.alphabio-iberia.com\\\/?post_type=product&p=10615\",\"url\":\"https:\\\/\\\/eshop.alphabio-iberia.com\\\/?post_type=product&p=10615\",\"name\":\"Matriz d\u00e9rmica acelular 10 x 10 mm ( grossura 1.26-1.75 mm) - Tienda Alpha-Bio Iberia\",\"isPartOf\":{\"@id\":\"https:\\\/\\\/eshop.alphabio-iberia.com\\\/#website\"},\"primaryImageOfPage\":{\"@id\":\"https:\\\/\\\/eshop.alphabio-iberia.com\\\/?post_type=product&p=10615#primaryimage\"},\"image\":{\"@id\":\"https:\\\/\\\/eshop.alphabio-iberia.com\\\/?post_type=product&p=10615#primaryimage\"},\"thumbnailUrl\":\"https:\\\/\\\/eshop.alphabio-iberia.com\\\/wp-content\\\/uploads\\\/2022\\\/02\\\/matrizdermica_acelular.png\",\"datePublished\":\"2022-01-13T18:31:49+00:00\",\"dateModified\":\"2023-06-27T11:39:06+00:00\",\"description\":\"Matriz d\u00e9rmica acelular 10 x 10 mm ( grossura 1.26-1.75 mm) en Tienda Alpha-Bio Iberia por 99.00 \u20ac! A matriz d\u00e9rmica acelular de origem humana favorece a migra\u00e7\u00e3o de c\u00e9lulas dos tecidos adjacentes e o aparecimento de novos vasos sangu\u00edneos, remodelando o\",\"breadcrumb\":{\"@id\":\"https:\\\/\\\/eshop.alphabio-iberia.com\\\/?post_type=product&p=10615#breadcrumb\"},\"inLanguage\":\"pt-PT\",\"potentialAction\":[{\"@type\":\"ReadAction\",\"target\":[\"https:\\\/\\\/eshop.alphabio-iberia.com\\\/?post_type=product&p=10615\"]}]},{\"@type\":\"ImageObject\",\"inLanguage\":\"pt-PT\",\"@id\":\"https:\\\/\\\/eshop.alphabio-iberia.com\\\/?post_type=product&p=10615#primaryimage\",\"url\":\"https:\\\/\\\/eshop.alphabio-iberia.com\\\/wp-content\\\/uploads\\\/2022\\\/02\\\/matrizdermica_acelular.png\",\"contentUrl\":\"https:\\\/\\\/eshop.alphabio-iberia.com\\\/wp-content\\\/uploads\\\/2022\\\/02\\\/matrizdermica_acelular.png\",\"width\":500,\"height\":500},{\"@type\":\"BreadcrumbList\",\"@id\":\"https:\\\/\\\/eshop.alphabio-iberia.com\\\/?post_type=product&p=10615#breadcrumb\",\"itemListElement\":[{\"@type\":\"ListItem\",\"position\":1,\"name\":\"Portada\",\"item\":\"https:\\\/\\\/eshop.alphabio-iberia.com\\\/\"},{\"@type\":\"ListItem\",\"position\":2,\"name\":\"Tienda\",\"item\":\"https:\\\/\\\/eshop.alphabio-iberia.com\\\/tienda\\\/\"},{\"@type\":\"ListItem\",\"position\":3,\"name\":\"Matriz d\u00e9rmica acelular 10 x 10 mm ( grossura 1.26-1.75 mm)\"}]},{\"@type\":\"WebSite\",\"@id\":\"https:\\\/\\\/eshop.alphabio-iberia.com\\\/#website\",\"url\":\"https:\\\/\\\/eshop.alphabio-iberia.com\\\/\",\"name\":\"Tienda Alpha-Bio Iberia\",\"description\":\"Ofrecemos una soluci\u00f3n 360\u00ba para odont\u00f3logos, implant\u00f3logos y cirujanos en implantolog\u00eda, ROG y odontolog\u00eda digital, acompa\u00f1ado de un amplio programa formativo en Espa\u00f1a y Portugal.\",\"publisher\":{\"@id\":\"https:\\\/\\\/eshop.alphabio-iberia.com\\\/#organization\"},\"potentialAction\":[{\"@type\":\"SearchAction\",\"target\":{\"@type\":\"EntryPoint\",\"urlTemplate\":\"https:\\\/\\\/eshop.alphabio-iberia.com\\\/?s={search_term_string}\"},\"query-input\":{\"@type\":\"PropertyValueSpecification\",\"valueRequired\":true,\"valueName\":\"search_term_string\"}}],\"inLanguage\":\"pt-PT\"},{\"@type\":\"Organization\",\"@id\":\"https:\\\/\\\/eshop.alphabio-iberia.com\\\/#organization\",\"name\":\"Medical 10\",\"url\":\"https:\\\/\\\/eshop.alphabio-iberia.com\\\/\",\"logo\":{\"@type\":\"ImageObject\",\"inLanguage\":\"pt-PT\",\"@id\":\"https:\\\/\\\/eshop.alphabio-iberia.com\\\/#\\\/schema\\\/logo\\\/image\\\/\",\"url\":\"https:\\\/\\\/eshop.medical10.es\\\/wp-content\\\/uploads\\\/2021\\\/07\\\/cropped-m10_header_2.png\",\"contentUrl\":\"https:\\\/\\\/eshop.medical10.es\\\/wp-content\\\/uploads\\\/2021\\\/07\\\/cropped-m10_header_2.png\",\"width\":165,\"height\":97,\"caption\":\"Medical 10\"},\"image\":{\"@id\":\"https:\\\/\\\/eshop.alphabio-iberia.com\\\/#\\\/schema\\\/logo\\\/image\\\/\"}}]}<\/script>\n<!-- \/ Yoast SEO plugin. -->","yoast_head_json":{"title":"Matriz d\u00e9rmica acelular 10 x 10 mm ( grossura 1.26-1.75 mm) - Tienda Alpha-Bio Iberia","description":"Matriz d\u00e9rmica acelular 10 x 10 mm ( grossura 1.26-1.75 mm) en Tienda Alpha-Bio Iberia por 99.00 \u20ac! A matriz d\u00e9rmica acelular de origem humana favorece a migra\u00e7\u00e3o de c\u00e9lulas dos tecidos adjacentes e o aparecimento de novos vasos sangu\u00edneos, remodelando o","robots":{"index":"index","follow":"follow","max-snippet":"max-snippet:-1","max-image-preview":"max-image-preview:large","max-video-preview":"max-video-preview:-1"},"canonical":"https:\/\/eshop.alphabio-iberia.com\/?post_type=product&p=10615","og_locale":"pt_PT","og_type":"article","og_title":"Matriz d\u00e9rmica acelular 10 x 10 mm ( grossura 1.26-1.75 mm) - Tienda Alpha-Bio Iberia","og_description":"Matriz d\u00e9rmica acelular 10 x 10 mm ( grossura 1.26-1.75 mm) en Tienda Alpha-Bio Iberia por 99.00 \u20ac! A matriz d\u00e9rmica acelular de origem humana favorece a migra\u00e7\u00e3o de c\u00e9lulas dos tecidos adjacentes e o aparecimento de novos vasos sangu\u00edneos, remodelando o","og_url":"https:\/\/eshop.alphabio-iberia.com\/?post_type=product&p=10615","og_site_name":"Tienda Alpha-Bio Iberia","article_modified_time":"2023-06-27T11:39:06+00:00","og_image":[{"width":500,"height":500,"url":"https:\/\/eshop.alphabio-iberia.com\/wp-content\/uploads\/2022\/02\/matrizdermica_acelular.png","type":"image\/png"}],"twitter_card":"summary_large_image","schema":{"@context":"https:\/\/schema.org","@graph":[{"@type":"WebPage","@id":"https:\/\/eshop.alphabio-iberia.com\/?post_type=product&p=10615","url":"https:\/\/eshop.alphabio-iberia.com\/?post_type=product&p=10615","name":"Matriz d\u00e9rmica acelular 10 x 10 mm ( grossura 1.26-1.75 mm) - Tienda Alpha-Bio Iberia","isPartOf":{"@id":"https:\/\/eshop.alphabio-iberia.com\/#website"},"primaryImageOfPage":{"@id":"https:\/\/eshop.alphabio-iberia.com\/?post_type=product&p=10615#primaryimage"},"image":{"@id":"https:\/\/eshop.alphabio-iberia.com\/?post_type=product&p=10615#primaryimage"},"thumbnailUrl":"https:\/\/eshop.alphabio-iberia.com\/wp-content\/uploads\/2022\/02\/matrizdermica_acelular.png","datePublished":"2022-01-13T18:31:49+00:00","dateModified":"2023-06-27T11:39:06+00:00","description":"Matriz d\u00e9rmica acelular 10 x 10 mm ( grossura 1.26-1.75 mm) en Tienda Alpha-Bio Iberia por 99.00 \u20ac! A matriz d\u00e9rmica acelular de origem humana favorece a migra\u00e7\u00e3o de c\u00e9lulas dos tecidos adjacentes e o aparecimento de novos vasos sangu\u00edneos, remodelando o","breadcrumb":{"@id":"https:\/\/eshop.alphabio-iberia.com\/?post_type=product&p=10615#breadcrumb"},"inLanguage":"pt-PT","potentialAction":[{"@type":"ReadAction","target":["https:\/\/eshop.alphabio-iberia.com\/?post_type=product&p=10615"]}]},{"@type":"ImageObject","inLanguage":"pt-PT","@id":"https:\/\/eshop.alphabio-iberia.com\/?post_type=product&p=10615#primaryimage","url":"https:\/\/eshop.alphabio-iberia.com\/wp-content\/uploads\/2022\/02\/matrizdermica_acelular.png","contentUrl":"https:\/\/eshop.alphabio-iberia.com\/wp-content\/uploads\/2022\/02\/matrizdermica_acelular.png","width":500,"height":500},{"@type":"BreadcrumbList","@id":"https:\/\/eshop.alphabio-iberia.com\/?post_type=product&p=10615#breadcrumb","itemListElement":[{"@type":"ListItem","position":1,"name":"Portada","item":"https:\/\/eshop.alphabio-iberia.com\/"},{"@type":"ListItem","position":2,"name":"Tienda","item":"https:\/\/eshop.alphabio-iberia.com\/tienda\/"},{"@type":"ListItem","position":3,"name":"Matriz d\u00e9rmica acelular 10 x 10 mm ( grossura 1.26-1.75 mm)"}]},{"@type":"WebSite","@id":"https:\/\/eshop.alphabio-iberia.com\/#website","url":"https:\/\/eshop.alphabio-iberia.com\/","name":"Tienda Alpha-Bio Iberia","description":"Ofrecemos una soluci\u00f3n 360\u00ba para odont\u00f3logos, implant\u00f3logos y cirujanos en implantolog\u00eda, ROG y odontolog\u00eda digital, acompa\u00f1ado de un amplio programa formativo en Espa\u00f1a y Portugal.","publisher":{"@id":"https:\/\/eshop.alphabio-iberia.com\/#organization"},"potentialAction":[{"@type":"SearchAction","target":{"@type":"EntryPoint","urlTemplate":"https:\/\/eshop.alphabio-iberia.com\/?s={search_term_string}"},"query-input":{"@type":"PropertyValueSpecification","valueRequired":true,"valueName":"search_term_string"}}],"inLanguage":"pt-PT"},{"@type":"Organization","@id":"https:\/\/eshop.alphabio-iberia.com\/#organization","name":"Medical 10","url":"https:\/\/eshop.alphabio-iberia.com\/","logo":{"@type":"ImageObject","inLanguage":"pt-PT","@id":"https:\/\/eshop.alphabio-iberia.com\/#\/schema\/logo\/image\/","url":"https:\/\/eshop.medical10.es\/wp-content\/uploads\/2021\/07\/cropped-m10_header_2.png","contentUrl":"https:\/\/eshop.medical10.es\/wp-content\/uploads\/2021\/07\/cropped-m10_header_2.png","width":165,"height":97,"caption":"Medical 10"},"image":{"@id":"https:\/\/eshop.alphabio-iberia.com\/#\/schema\/logo\/image\/"}}]}},"_links":{"self":[{"href":"https:\/\/eshop.alphabio-iberia.com\/pt-pt\/wp-json\/wp\/v2\/product\/24240","targetHints":{"allow":["GET"]}}],"collection":[{"href":"https:\/\/eshop.alphabio-iberia.com\/pt-pt\/wp-json\/wp\/v2\/product"}],"about":[{"href":"https:\/\/eshop.alphabio-iberia.com\/pt-pt\/wp-json\/wp\/v2\/types\/product"}],"replies":[{"embeddable":true,"href":"https:\/\/eshop.alphabio-iberia.com\/pt-pt\/wp-json\/wp\/v2\/comments?post=24240"}],"wp:featuredmedia":[{"embeddable":true,"href":"https:\/\/eshop.alphabio-iberia.com\/pt-pt\/wp-json\/wp\/v2\/media\/24241"}],"wp:attachment":[{"href":"https:\/\/eshop.alphabio-iberia.com\/pt-pt\/wp-json\/wp\/v2\/media?parent=24240"}],"wp:term":[{"taxonomy":"product_brand","embeddable":true,"href":"https:\/\/eshop.alphabio-iberia.com\/pt-pt\/wp-json\/wp\/v2\/product_brand?post=24240"},{"taxonomy":"product_cat","embeddable":true,"href":"https:\/\/eshop.alphabio-iberia.com\/pt-pt\/wp-json\/wp\/v2\/product_cat?post=24240"},{"taxonomy":"product_tag","embeddable":true,"href":"https:\/\/eshop.alphabio-iberia.com\/pt-pt\/wp-json\/wp\/v2\/product_tag?post=24240"}],"curies":[{"name":"wp","href":"https:\/\/api.w.org\/{rel}","templated":true}]}}