{"id":24272,"date":"2022-01-13T18:31:18","date_gmt":"2022-01-13T18:31:18","guid":{"rendered":"https:\/\/eshop.medical10.es\/producto\/kit-m10-specialist-aplicador-dual-chinchetas-y-rascador-cuchilla-y-recolector-chinchetero-chinchetas-martillo\/"},"modified":"2023-06-27T11:38:56","modified_gmt":"2023-06-27T11:38:56","slug":"kit-m10-specialist-aplicador-dual-chinchetas-y-rascador-cuchilla-y-recolector-chinchetero-chinchetas-martillo","status":"publish","type":"product","link":"https:\/\/eshop.alphabio-iberia.com\/pt-pt\/kit-m10-specialist-aplicador-dual-chinchetas-rascador-cuchilla-recolector-chinchetero-chinchetas-martillo\/","title":{"rendered":"Kit M10 Specialist (aplicador dual chinchetas y rascador + cuchilla y recolector + chinchetero + chinchetas + martillo)"},"content":{"rendered":"<p>Kit Especialista M10. O kit mais completo para a fixa\u00e7\u00e3o de qualquer tipo de membrana ou matriz. Inclui raspador safescraper (3uds), pega para coloca\u00e7\u00e3o de alfinetes e raspador, 10 alfinetes de fixa\u00e7\u00e3o (3 mm), porta-alfinetes e martelo. A caixa \u00e9 feita de pl\u00e1stico de qualidade m\u00e9dica.<\/p>\n","protected":false},"excerpt":{"rendered":"<p>Kit Especialista M10. O kit mais completo para a fixa\u00e7\u00e3o de qualquer tipo de membrana ou matriz. Inclui raspador safescraper (3uds), pega para coloca\u00e7\u00e3o de alfinetes e raspador, 10 alfinetes de fixa\u00e7\u00e3o (3 mm), porta-alfinetes e martelo. A caixa \u00e9 feita de pl\u00e1stico de qualidade m\u00e9dica.<\/p>\n","protected":false},"featured_media":24273,"comment_status":"open","ping_status":"closed","template":"","meta":{"_acf_changed":false},"product_brand":[],"product_cat":[535,531],"product_tag":[],"class_list":{"0":"post-24272","1":"product","2":"type-product","3":"status-publish","4":"has-post-thumbnail","6":"product_cat-kit-de-fixacao","7":"product_cat-sistemas-de-fixacao","9":"first","10":"outofstock","11":"taxable","12":"shipping-taxable","13":"product-type-simple"},"acf":[],"yoast_head":"<!-- This site is optimized with the Yoast SEO plugin v27.4 - https:\/\/yoast.com\/product\/yoast-seo-wordpress\/ -->\n<title>Kit M10 Specialist (aplicador dual chinchetas y rascador + cuchilla y recolector + chinchetero + chinchetas + martillo) - Tienda Alpha-Bio Iberia<\/title>\n<meta name=\"description\" content=\"Kit M10 Specialist (aplicador dual chinchetas y rascador + cuchilla y recolector + chinchetero + chinchetas + martillo) en Tienda Alpha-Bio Iberia por 695.00 \u20ac! Kit Especialista M10. O kit mais completo para a fixa\u00e7\u00e3o de qualquer tipo de membrana ou matriz. Inclui raspador safescraper (3uds), pega para coloca\u00e7\u00e3o\" \/>\n<meta name=\"robots\" content=\"index, follow, max-snippet:-1, max-image-preview:large, max-video-preview:-1\" \/>\n<link rel=\"canonical\" href=\"https:\/\/eshop.alphabio-iberia.com\/kit-m10-specialist-aplicador-dual-chinchetas-rascador-cuchilla-recolector-chinchetero-chinchetas-martillo\/\" \/>\n<meta property=\"og:locale\" content=\"pt_PT\" \/>\n<meta property=\"og:type\" content=\"article\" \/>\n<meta property=\"og:title\" content=\"Kit M10 Specialist (aplicador dual chinchetas y rascador + cuchilla y recolector + chinchetero + chinchetas + martillo) - Tienda Alpha-Bio Iberia\" \/>\n<meta property=\"og:description\" content=\"Kit M10 Specialist (aplicador dual chinchetas y rascador + cuchilla y recolector + chinchetero + chinchetas + martillo) en Tienda Alpha-Bio Iberia por 695.00 \u20ac! Kit Especialista M10. O kit mais completo para a fixa\u00e7\u00e3o de qualquer tipo de membrana ou matriz. Inclui raspador safescraper (3uds), pega para coloca\u00e7\u00e3o\" \/>\n<meta property=\"og:url\" content=\"https:\/\/eshop.alphabio-iberia.com\/kit-m10-specialist-aplicador-dual-chinchetas-rascador-cuchilla-recolector-chinchetero-chinchetas-martillo\/\" \/>\n<meta property=\"og:site_name\" content=\"Tienda Alpha-Bio Iberia\" \/>\n<meta property=\"article:modified_time\" content=\"2023-06-27T11:38:56+00:00\" \/>\n<meta property=\"og:image\" content=\"https:\/\/eshop.alphabio-iberia.com\/wp-content\/uploads\/2022\/02\/Kit-M10-specialist-500x500-1.png\" \/>\n\t<meta property=\"og:image:width\" content=\"500\" \/>\n\t<meta property=\"og:image:height\" content=\"500\" \/>\n\t<meta property=\"og:image:type\" content=\"image\/png\" \/>\n<meta name=\"twitter:card\" content=\"summary_large_image\" \/>\n<script type=\"application\/ld+json\" class=\"yoast-schema-graph\">{\"@context\":\"https:\\\/\\\/schema.org\",\"@graph\":[{\"@type\":\"WebPage\",\"@id\":\"https:\\\/\\\/eshop.alphabio-iberia.com\\\/kit-m10-specialist-aplicador-dual-chinchetas-rascador-cuchilla-recolector-chinchetero-chinchetas-martillo\\\/\",\"url\":\"https:\\\/\\\/eshop.alphabio-iberia.com\\\/kit-m10-specialist-aplicador-dual-chinchetas-rascador-cuchilla-recolector-chinchetero-chinchetas-martillo\\\/\",\"name\":\"Kit M10 Specialist (aplicador dual chinchetas y rascador + cuchilla y recolector + chinchetero + chinchetas + martillo) - Tienda Alpha-Bio Iberia\",\"isPartOf\":{\"@id\":\"https:\\\/\\\/eshop.alphabio-iberia.com\\\/#website\"},\"primaryImageOfPage\":{\"@id\":\"https:\\\/\\\/eshop.alphabio-iberia.com\\\/kit-m10-specialist-aplicador-dual-chinchetas-rascador-cuchilla-recolector-chinchetero-chinchetas-martillo\\\/#primaryimage\"},\"image\":{\"@id\":\"https:\\\/\\\/eshop.alphabio-iberia.com\\\/kit-m10-specialist-aplicador-dual-chinchetas-rascador-cuchilla-recolector-chinchetero-chinchetas-martillo\\\/#primaryimage\"},\"thumbnailUrl\":\"https:\\\/\\\/eshop.alphabio-iberia.com\\\/wp-content\\\/uploads\\\/2022\\\/02\\\/Kit-M10-specialist-500x500-1.png\",\"datePublished\":\"2022-01-13T18:31:18+00:00\",\"dateModified\":\"2023-06-27T11:38:56+00:00\",\"description\":\"Kit M10 Specialist (aplicador dual chinchetas y rascador + cuchilla y recolector + chinchetero + chinchetas + martillo) en Tienda Alpha-Bio Iberia por 695.00 \u20ac! Kit Especialista M10. O kit mais completo para a fixa\u00e7\u00e3o de qualquer tipo de membrana ou matriz. Inclui raspador safescraper (3uds), pega para coloca\u00e7\u00e3o\",\"breadcrumb\":{\"@id\":\"https:\\\/\\\/eshop.alphabio-iberia.com\\\/kit-m10-specialist-aplicador-dual-chinchetas-rascador-cuchilla-recolector-chinchetero-chinchetas-martillo\\\/#breadcrumb\"},\"inLanguage\":\"pt-PT\",\"potentialAction\":[{\"@type\":\"ReadAction\",\"target\":[\"https:\\\/\\\/eshop.alphabio-iberia.com\\\/kit-m10-specialist-aplicador-dual-chinchetas-rascador-cuchilla-recolector-chinchetero-chinchetas-martillo\\\/\"]}]},{\"@type\":\"ImageObject\",\"inLanguage\":\"pt-PT\",\"@id\":\"https:\\\/\\\/eshop.alphabio-iberia.com\\\/kit-m10-specialist-aplicador-dual-chinchetas-rascador-cuchilla-recolector-chinchetero-chinchetas-martillo\\\/#primaryimage\",\"url\":\"https:\\\/\\\/eshop.alphabio-iberia.com\\\/wp-content\\\/uploads\\\/2022\\\/02\\\/Kit-M10-specialist-500x500-1.png\",\"contentUrl\":\"https:\\\/\\\/eshop.alphabio-iberia.com\\\/wp-content\\\/uploads\\\/2022\\\/02\\\/Kit-M10-specialist-500x500-1.png\",\"width\":500,\"height\":500},{\"@type\":\"BreadcrumbList\",\"@id\":\"https:\\\/\\\/eshop.alphabio-iberia.com\\\/kit-m10-specialist-aplicador-dual-chinchetas-rascador-cuchilla-recolector-chinchetero-chinchetas-martillo\\\/#breadcrumb\",\"itemListElement\":[{\"@type\":\"ListItem\",\"position\":1,\"name\":\"Portada\",\"item\":\"https:\\\/\\\/eshop.alphabio-iberia.com\\\/\"},{\"@type\":\"ListItem\",\"position\":2,\"name\":\"Tienda\",\"item\":\"https:\\\/\\\/eshop.alphabio-iberia.com\\\/tienda\\\/\"},{\"@type\":\"ListItem\",\"position\":3,\"name\":\"Kit M10 Specialist (aplicador dual chinchetas y rascador + cuchilla y recolector + chinchetero + chinchetas + martillo)\"}]},{\"@type\":\"WebSite\",\"@id\":\"https:\\\/\\\/eshop.alphabio-iberia.com\\\/#website\",\"url\":\"https:\\\/\\\/eshop.alphabio-iberia.com\\\/\",\"name\":\"Tienda Alpha-Bio Iberia\",\"description\":\"Ofrecemos una soluci\u00f3n 360\u00ba para odont\u00f3logos, implant\u00f3logos y cirujanos en implantolog\u00eda, ROG y odontolog\u00eda digital, acompa\u00f1ado de un amplio programa formativo en Espa\u00f1a y Portugal.\",\"publisher\":{\"@id\":\"https:\\\/\\\/eshop.alphabio-iberia.com\\\/#organization\"},\"potentialAction\":[{\"@type\":\"SearchAction\",\"target\":{\"@type\":\"EntryPoint\",\"urlTemplate\":\"https:\\\/\\\/eshop.alphabio-iberia.com\\\/?s={search_term_string}\"},\"query-input\":{\"@type\":\"PropertyValueSpecification\",\"valueRequired\":true,\"valueName\":\"search_term_string\"}}],\"inLanguage\":\"pt-PT\"},{\"@type\":\"Organization\",\"@id\":\"https:\\\/\\\/eshop.alphabio-iberia.com\\\/#organization\",\"name\":\"Medical 10\",\"url\":\"https:\\\/\\\/eshop.alphabio-iberia.com\\\/\",\"logo\":{\"@type\":\"ImageObject\",\"inLanguage\":\"pt-PT\",\"@id\":\"https:\\\/\\\/eshop.alphabio-iberia.com\\\/#\\\/schema\\\/logo\\\/image\\\/\",\"url\":\"https:\\\/\\\/eshop.medical10.es\\\/wp-content\\\/uploads\\\/2021\\\/07\\\/cropped-m10_header_2.png\",\"contentUrl\":\"https:\\\/\\\/eshop.medical10.es\\\/wp-content\\\/uploads\\\/2021\\\/07\\\/cropped-m10_header_2.png\",\"width\":165,\"height\":97,\"caption\":\"Medical 10\"},\"image\":{\"@id\":\"https:\\\/\\\/eshop.alphabio-iberia.com\\\/#\\\/schema\\\/logo\\\/image\\\/\"}}]}<\/script>\n<!-- \/ Yoast SEO plugin. -->","yoast_head_json":{"title":"Kit M10 Specialist (aplicador dual chinchetas y rascador + cuchilla y recolector + chinchetero + chinchetas + martillo) - Tienda Alpha-Bio Iberia","description":"Kit M10 Specialist (aplicador dual chinchetas y rascador + cuchilla y recolector + chinchetero + chinchetas + martillo) en Tienda Alpha-Bio Iberia por 695.00 \u20ac! Kit Especialista M10. O kit mais completo para a fixa\u00e7\u00e3o de qualquer tipo de membrana ou matriz. Inclui raspador safescraper (3uds), pega para coloca\u00e7\u00e3o","robots":{"index":"index","follow":"follow","max-snippet":"max-snippet:-1","max-image-preview":"max-image-preview:large","max-video-preview":"max-video-preview:-1"},"canonical":"https:\/\/eshop.alphabio-iberia.com\/kit-m10-specialist-aplicador-dual-chinchetas-rascador-cuchilla-recolector-chinchetero-chinchetas-martillo\/","og_locale":"pt_PT","og_type":"article","og_title":"Kit M10 Specialist (aplicador dual chinchetas y rascador + cuchilla y recolector + chinchetero + chinchetas + martillo) - Tienda Alpha-Bio Iberia","og_description":"Kit M10 Specialist (aplicador dual chinchetas y rascador + cuchilla y recolector + chinchetero + chinchetas + martillo) en Tienda Alpha-Bio Iberia por 695.00 \u20ac! Kit Especialista M10. O kit mais completo para a fixa\u00e7\u00e3o de qualquer tipo de membrana ou matriz. Inclui raspador safescraper (3uds), pega para coloca\u00e7\u00e3o","og_url":"https:\/\/eshop.alphabio-iberia.com\/kit-m10-specialist-aplicador-dual-chinchetas-rascador-cuchilla-recolector-chinchetero-chinchetas-martillo\/","og_site_name":"Tienda Alpha-Bio Iberia","article_modified_time":"2023-06-27T11:38:56+00:00","og_image":[{"width":500,"height":500,"url":"https:\/\/eshop.alphabio-iberia.com\/wp-content\/uploads\/2022\/02\/Kit-M10-specialist-500x500-1.png","type":"image\/png"}],"twitter_card":"summary_large_image","schema":{"@context":"https:\/\/schema.org","@graph":[{"@type":"WebPage","@id":"https:\/\/eshop.alphabio-iberia.com\/kit-m10-specialist-aplicador-dual-chinchetas-rascador-cuchilla-recolector-chinchetero-chinchetas-martillo\/","url":"https:\/\/eshop.alphabio-iberia.com\/kit-m10-specialist-aplicador-dual-chinchetas-rascador-cuchilla-recolector-chinchetero-chinchetas-martillo\/","name":"Kit M10 Specialist (aplicador dual chinchetas y rascador + cuchilla y recolector + chinchetero + chinchetas + martillo) - Tienda Alpha-Bio Iberia","isPartOf":{"@id":"https:\/\/eshop.alphabio-iberia.com\/#website"},"primaryImageOfPage":{"@id":"https:\/\/eshop.alphabio-iberia.com\/kit-m10-specialist-aplicador-dual-chinchetas-rascador-cuchilla-recolector-chinchetero-chinchetas-martillo\/#primaryimage"},"image":{"@id":"https:\/\/eshop.alphabio-iberia.com\/kit-m10-specialist-aplicador-dual-chinchetas-rascador-cuchilla-recolector-chinchetero-chinchetas-martillo\/#primaryimage"},"thumbnailUrl":"https:\/\/eshop.alphabio-iberia.com\/wp-content\/uploads\/2022\/02\/Kit-M10-specialist-500x500-1.png","datePublished":"2022-01-13T18:31:18+00:00","dateModified":"2023-06-27T11:38:56+00:00","description":"Kit M10 Specialist (aplicador dual chinchetas y rascador + cuchilla y recolector + chinchetero + chinchetas + martillo) en Tienda Alpha-Bio Iberia por 695.00 \u20ac! Kit Especialista M10. O kit mais completo para a fixa\u00e7\u00e3o de qualquer tipo de membrana ou matriz. Inclui raspador safescraper (3uds), pega para coloca\u00e7\u00e3o","breadcrumb":{"@id":"https:\/\/eshop.alphabio-iberia.com\/kit-m10-specialist-aplicador-dual-chinchetas-rascador-cuchilla-recolector-chinchetero-chinchetas-martillo\/#breadcrumb"},"inLanguage":"pt-PT","potentialAction":[{"@type":"ReadAction","target":["https:\/\/eshop.alphabio-iberia.com\/kit-m10-specialist-aplicador-dual-chinchetas-rascador-cuchilla-recolector-chinchetero-chinchetas-martillo\/"]}]},{"@type":"ImageObject","inLanguage":"pt-PT","@id":"https:\/\/eshop.alphabio-iberia.com\/kit-m10-specialist-aplicador-dual-chinchetas-rascador-cuchilla-recolector-chinchetero-chinchetas-martillo\/#primaryimage","url":"https:\/\/eshop.alphabio-iberia.com\/wp-content\/uploads\/2022\/02\/Kit-M10-specialist-500x500-1.png","contentUrl":"https:\/\/eshop.alphabio-iberia.com\/wp-content\/uploads\/2022\/02\/Kit-M10-specialist-500x500-1.png","width":500,"height":500},{"@type":"BreadcrumbList","@id":"https:\/\/eshop.alphabio-iberia.com\/kit-m10-specialist-aplicador-dual-chinchetas-rascador-cuchilla-recolector-chinchetero-chinchetas-martillo\/#breadcrumb","itemListElement":[{"@type":"ListItem","position":1,"name":"Portada","item":"https:\/\/eshop.alphabio-iberia.com\/"},{"@type":"ListItem","position":2,"name":"Tienda","item":"https:\/\/eshop.alphabio-iberia.com\/tienda\/"},{"@type":"ListItem","position":3,"name":"Kit M10 Specialist (aplicador dual chinchetas y rascador + cuchilla y recolector + chinchetero + chinchetas + martillo)"}]},{"@type":"WebSite","@id":"https:\/\/eshop.alphabio-iberia.com\/#website","url":"https:\/\/eshop.alphabio-iberia.com\/","name":"Tienda Alpha-Bio Iberia","description":"Ofrecemos una soluci\u00f3n 360\u00ba para odont\u00f3logos, implant\u00f3logos y cirujanos en implantolog\u00eda, ROG y odontolog\u00eda digital, acompa\u00f1ado de un amplio programa formativo en Espa\u00f1a y Portugal.","publisher":{"@id":"https:\/\/eshop.alphabio-iberia.com\/#organization"},"potentialAction":[{"@type":"SearchAction","target":{"@type":"EntryPoint","urlTemplate":"https:\/\/eshop.alphabio-iberia.com\/?s={search_term_string}"},"query-input":{"@type":"PropertyValueSpecification","valueRequired":true,"valueName":"search_term_string"}}],"inLanguage":"pt-PT"},{"@type":"Organization","@id":"https:\/\/eshop.alphabio-iberia.com\/#organization","name":"Medical 10","url":"https:\/\/eshop.alphabio-iberia.com\/","logo":{"@type":"ImageObject","inLanguage":"pt-PT","@id":"https:\/\/eshop.alphabio-iberia.com\/#\/schema\/logo\/image\/","url":"https:\/\/eshop.medical10.es\/wp-content\/uploads\/2021\/07\/cropped-m10_header_2.png","contentUrl":"https:\/\/eshop.medical10.es\/wp-content\/uploads\/2021\/07\/cropped-m10_header_2.png","width":165,"height":97,"caption":"Medical 10"},"image":{"@id":"https:\/\/eshop.alphabio-iberia.com\/#\/schema\/logo\/image\/"}}]}},"_links":{"self":[{"href":"https:\/\/eshop.alphabio-iberia.com\/pt-pt\/wp-json\/wp\/v2\/product\/24272","targetHints":{"allow":["GET"]}}],"collection":[{"href":"https:\/\/eshop.alphabio-iberia.com\/pt-pt\/wp-json\/wp\/v2\/product"}],"about":[{"href":"https:\/\/eshop.alphabio-iberia.com\/pt-pt\/wp-json\/wp\/v2\/types\/product"}],"replies":[{"embeddable":true,"href":"https:\/\/eshop.alphabio-iberia.com\/pt-pt\/wp-json\/wp\/v2\/comments?post=24272"}],"wp:featuredmedia":[{"embeddable":true,"href":"https:\/\/eshop.alphabio-iberia.com\/pt-pt\/wp-json\/wp\/v2\/media\/24273"}],"wp:attachment":[{"href":"https:\/\/eshop.alphabio-iberia.com\/pt-pt\/wp-json\/wp\/v2\/media?parent=24272"}],"wp:term":[{"taxonomy":"product_brand","embeddable":true,"href":"https:\/\/eshop.alphabio-iberia.com\/pt-pt\/wp-json\/wp\/v2\/product_brand?post=24272"},{"taxonomy":"product_cat","embeddable":true,"href":"https:\/\/eshop.alphabio-iberia.com\/pt-pt\/wp-json\/wp\/v2\/product_cat?post=24272"},{"taxonomy":"product_tag","embeddable":true,"href":"https:\/\/eshop.alphabio-iberia.com\/pt-pt\/wp-json\/wp\/v2\/product_tag?post=24272"}],"curies":[{"name":"wp","href":"https:\/\/api.w.org\/{rel}","templated":true}]}}