{"id":24339,"date":"2022-01-13T18:30:27","date_gmt":"2022-01-13T18:30:27","guid":{"rendered":"https:\/\/eshop.medical10.es\/producto\/cuchilla-recolector-de-hueso-m-d-6-mm\/"},"modified":"2023-06-27T11:38:46","modified_gmt":"2023-06-27T11:38:46","slug":"cuchilla-recolector-de-hueso-2","status":"publish","type":"product","link":"https:\/\/eshop.alphabio-iberia.com\/pt-pt\/cuchilla-recolector-hueso-m-d-6-mm\/","title":{"rendered":"Cuchilla + recolector de hueso (M) D 6 mm"},"content":{"rendered":"<p>Recambio de cuchilla + recolector fabricados a partir de titanio y \u00f3xido de titanio y acero inoxidable reforzado. Base de 6 mm. Tama\u00f1o M<\/p>\n","protected":false},"excerpt":{"rendered":"<p>Recambio de cuchilla + recolector fabricados a partir de titanio y \u00f3xido de titanio y acero inoxidable reforzado. Base de 6 mm. Tama\u00f1o M<\/p>\n","protected":false},"featured_media":24340,"comment_status":"open","ping_status":"closed","template":"","meta":{"_acf_changed":false},"product_brand":[],"product_cat":[530,521],"product_tag":[],"class_list":{"0":"post-24339","1":"product","2":"type-product","3":"status-publish","4":"has-post-thumbnail","6":"product_cat-raspadores-e-complementos","7":"product_cat-regeneracao","8":"pa_diametro-base-6-mm-pt-pt","9":"pa_tamano-m-pt-pt","11":"first","12":"outofstock","13":"taxable","14":"shipping-taxable","15":"product-type-simple"},"acf":[],"yoast_head":"<!-- This site is optimized with the Yoast SEO plugin v27.4 - https:\/\/yoast.com\/product\/yoast-seo-wordpress\/ -->\n<title>Cuchilla + recolector de hueso (M) D 6 mm - Tienda Alpha-Bio Iberia<\/title>\n<meta name=\"description\" content=\"Cuchilla + recolector de hueso (M) D 6 mm en Tienda Alpha-Bio Iberia por 130 \u20ac! Recambio de cuchilla + recolector fabricados a partir de titanio y \u00f3xido de titanio y acero inoxidable reforzado. Base de 6 mm. Tama\u00f1o M\" \/>\n<meta name=\"robots\" content=\"index, follow, max-snippet:-1, max-image-preview:large, max-video-preview:-1\" \/>\n<link rel=\"canonical\" href=\"https:\/\/eshop.alphabio-iberia.com\/pt-pt\/cuchilla-recolector-hueso-m-d-6-mm\/\" \/>\n<meta property=\"og:locale\" content=\"pt_PT\" \/>\n<meta property=\"og:type\" content=\"article\" \/>\n<meta property=\"og:title\" content=\"Cuchilla + recolector de hueso (M) D 6 mm - Tienda Alpha-Bio Iberia\" \/>\n<meta property=\"og:description\" content=\"Cuchilla + recolector de hueso (M) D 6 mm en Tienda Alpha-Bio Iberia por 130 \u20ac! Recambio de cuchilla + recolector fabricados a partir de titanio y \u00f3xido de titanio y acero inoxidable reforzado. Base de 6 mm. Tama\u00f1o M\" \/>\n<meta property=\"og:url\" content=\"https:\/\/eshop.alphabio-iberia.com\/pt-pt\/cuchilla-recolector-hueso-m-d-6-mm\/\" \/>\n<meta property=\"og:site_name\" content=\"Tienda Alpha-Bio Iberia\" \/>\n<meta property=\"article:modified_time\" content=\"2023-06-27T11:38:46+00:00\" \/>\n<meta property=\"og:image\" content=\"https:\/\/eshop.alphabio-iberia.com\/wp-content\/uploads\/2022\/02\/571315_cuchilla2Brecolectorm.png\" \/>\n\t<meta property=\"og:image:width\" content=\"500\" \/>\n\t<meta property=\"og:image:height\" content=\"500\" \/>\n\t<meta property=\"og:image:type\" content=\"image\/png\" \/>\n<meta name=\"twitter:card\" content=\"summary_large_image\" \/>\n<script type=\"application\/ld+json\" class=\"yoast-schema-graph\">{\"@context\":\"https:\\\/\\\/schema.org\",\"@graph\":[{\"@type\":\"WebPage\",\"@id\":\"https:\\\/\\\/eshop.alphabio-iberia.com\\\/pt-pt\\\/cuchilla-recolector-hueso-m-d-6-mm\\\/\",\"url\":\"https:\\\/\\\/eshop.alphabio-iberia.com\\\/pt-pt\\\/cuchilla-recolector-hueso-m-d-6-mm\\\/\",\"name\":\"Cuchilla + recolector de hueso (M) D 6 mm - Tienda Alpha-Bio Iberia\",\"isPartOf\":{\"@id\":\"https:\\\/\\\/eshop.alphabio-iberia.com\\\/#website\"},\"primaryImageOfPage\":{\"@id\":\"https:\\\/\\\/eshop.alphabio-iberia.com\\\/pt-pt\\\/cuchilla-recolector-hueso-m-d-6-mm\\\/#primaryimage\"},\"image\":{\"@id\":\"https:\\\/\\\/eshop.alphabio-iberia.com\\\/pt-pt\\\/cuchilla-recolector-hueso-m-d-6-mm\\\/#primaryimage\"},\"thumbnailUrl\":\"https:\\\/\\\/eshop.alphabio-iberia.com\\\/wp-content\\\/uploads\\\/2022\\\/02\\\/571315_cuchilla2Brecolectorm.png\",\"datePublished\":\"2022-01-13T18:30:27+00:00\",\"dateModified\":\"2023-06-27T11:38:46+00:00\",\"description\":\"Cuchilla + recolector de hueso (M) D 6 mm en Tienda Alpha-Bio Iberia por 130 \u20ac! Recambio de cuchilla + recolector fabricados a partir de titanio y \u00f3xido de titanio y acero inoxidable reforzado. Base de 6 mm. Tama\u00f1o M\",\"breadcrumb\":{\"@id\":\"https:\\\/\\\/eshop.alphabio-iberia.com\\\/pt-pt\\\/cuchilla-recolector-hueso-m-d-6-mm\\\/#breadcrumb\"},\"inLanguage\":\"pt-PT\",\"potentialAction\":[{\"@type\":\"ReadAction\",\"target\":[\"https:\\\/\\\/eshop.alphabio-iberia.com\\\/pt-pt\\\/cuchilla-recolector-hueso-m-d-6-mm\\\/\"]}]},{\"@type\":\"ImageObject\",\"inLanguage\":\"pt-PT\",\"@id\":\"https:\\\/\\\/eshop.alphabio-iberia.com\\\/pt-pt\\\/cuchilla-recolector-hueso-m-d-6-mm\\\/#primaryimage\",\"url\":\"https:\\\/\\\/eshop.alphabio-iberia.com\\\/wp-content\\\/uploads\\\/2022\\\/02\\\/571315_cuchilla2Brecolectorm.png\",\"contentUrl\":\"https:\\\/\\\/eshop.alphabio-iberia.com\\\/wp-content\\\/uploads\\\/2022\\\/02\\\/571315_cuchilla2Brecolectorm.png\",\"width\":500,\"height\":500},{\"@type\":\"BreadcrumbList\",\"@id\":\"https:\\\/\\\/eshop.alphabio-iberia.com\\\/pt-pt\\\/cuchilla-recolector-hueso-m-d-6-mm\\\/#breadcrumb\",\"itemListElement\":[{\"@type\":\"ListItem\",\"position\":1,\"name\":\"Portada\",\"item\":\"https:\\\/\\\/eshop.alphabio-iberia.com\\\/\"},{\"@type\":\"ListItem\",\"position\":2,\"name\":\"Tienda\",\"item\":\"https:\\\/\\\/eshop.alphabio-iberia.com\\\/tienda\\\/\"},{\"@type\":\"ListItem\",\"position\":3,\"name\":\"Cuchilla + recolector de hueso (M) D 6 mm\"}]},{\"@type\":\"WebSite\",\"@id\":\"https:\\\/\\\/eshop.alphabio-iberia.com\\\/#website\",\"url\":\"https:\\\/\\\/eshop.alphabio-iberia.com\\\/\",\"name\":\"Tienda Alpha-Bio Iberia\",\"description\":\"Ofrecemos una soluci\u00f3n 360\u00ba para odont\u00f3logos, implant\u00f3logos y cirujanos en implantolog\u00eda, ROG y odontolog\u00eda digital, acompa\u00f1ado de un amplio programa formativo en Espa\u00f1a y Portugal.\",\"publisher\":{\"@id\":\"https:\\\/\\\/eshop.alphabio-iberia.com\\\/#organization\"},\"potentialAction\":[{\"@type\":\"SearchAction\",\"target\":{\"@type\":\"EntryPoint\",\"urlTemplate\":\"https:\\\/\\\/eshop.alphabio-iberia.com\\\/?s={search_term_string}\"},\"query-input\":{\"@type\":\"PropertyValueSpecification\",\"valueRequired\":true,\"valueName\":\"search_term_string\"}}],\"inLanguage\":\"pt-PT\"},{\"@type\":\"Organization\",\"@id\":\"https:\\\/\\\/eshop.alphabio-iberia.com\\\/#organization\",\"name\":\"Medical 10\",\"url\":\"https:\\\/\\\/eshop.alphabio-iberia.com\\\/\",\"logo\":{\"@type\":\"ImageObject\",\"inLanguage\":\"pt-PT\",\"@id\":\"https:\\\/\\\/eshop.alphabio-iberia.com\\\/#\\\/schema\\\/logo\\\/image\\\/\",\"url\":\"https:\\\/\\\/eshop.medical10.es\\\/wp-content\\\/uploads\\\/2021\\\/07\\\/cropped-m10_header_2.png\",\"contentUrl\":\"https:\\\/\\\/eshop.medical10.es\\\/wp-content\\\/uploads\\\/2021\\\/07\\\/cropped-m10_header_2.png\",\"width\":165,\"height\":97,\"caption\":\"Medical 10\"},\"image\":{\"@id\":\"https:\\\/\\\/eshop.alphabio-iberia.com\\\/#\\\/schema\\\/logo\\\/image\\\/\"}}]}<\/script>\n<!-- \/ Yoast SEO plugin. -->","yoast_head_json":{"title":"Cuchilla + recolector de hueso (M) D 6 mm - Tienda Alpha-Bio Iberia","description":"Cuchilla + recolector de hueso (M) D 6 mm en Tienda Alpha-Bio Iberia por 130 \u20ac! Recambio de cuchilla + recolector fabricados a partir de titanio y \u00f3xido de titanio y acero inoxidable reforzado. Base de 6 mm. Tama\u00f1o M","robots":{"index":"index","follow":"follow","max-snippet":"max-snippet:-1","max-image-preview":"max-image-preview:large","max-video-preview":"max-video-preview:-1"},"canonical":"https:\/\/eshop.alphabio-iberia.com\/pt-pt\/cuchilla-recolector-hueso-m-d-6-mm\/","og_locale":"pt_PT","og_type":"article","og_title":"Cuchilla + recolector de hueso (M) D 6 mm - Tienda Alpha-Bio Iberia","og_description":"Cuchilla + recolector de hueso (M) D 6 mm en Tienda Alpha-Bio Iberia por 130 \u20ac! Recambio de cuchilla + recolector fabricados a partir de titanio y \u00f3xido de titanio y acero inoxidable reforzado. Base de 6 mm. Tama\u00f1o M","og_url":"https:\/\/eshop.alphabio-iberia.com\/pt-pt\/cuchilla-recolector-hueso-m-d-6-mm\/","og_site_name":"Tienda Alpha-Bio Iberia","article_modified_time":"2023-06-27T11:38:46+00:00","og_image":[{"width":500,"height":500,"url":"https:\/\/eshop.alphabio-iberia.com\/wp-content\/uploads\/2022\/02\/571315_cuchilla2Brecolectorm.png","type":"image\/png"}],"twitter_card":"summary_large_image","schema":{"@context":"https:\/\/schema.org","@graph":[{"@type":"WebPage","@id":"https:\/\/eshop.alphabio-iberia.com\/pt-pt\/cuchilla-recolector-hueso-m-d-6-mm\/","url":"https:\/\/eshop.alphabio-iberia.com\/pt-pt\/cuchilla-recolector-hueso-m-d-6-mm\/","name":"Cuchilla + recolector de hueso (M) D 6 mm - Tienda Alpha-Bio Iberia","isPartOf":{"@id":"https:\/\/eshop.alphabio-iberia.com\/#website"},"primaryImageOfPage":{"@id":"https:\/\/eshop.alphabio-iberia.com\/pt-pt\/cuchilla-recolector-hueso-m-d-6-mm\/#primaryimage"},"image":{"@id":"https:\/\/eshop.alphabio-iberia.com\/pt-pt\/cuchilla-recolector-hueso-m-d-6-mm\/#primaryimage"},"thumbnailUrl":"https:\/\/eshop.alphabio-iberia.com\/wp-content\/uploads\/2022\/02\/571315_cuchilla2Brecolectorm.png","datePublished":"2022-01-13T18:30:27+00:00","dateModified":"2023-06-27T11:38:46+00:00","description":"Cuchilla + recolector de hueso (M) D 6 mm en Tienda Alpha-Bio Iberia por 130 \u20ac! Recambio de cuchilla + recolector fabricados a partir de titanio y \u00f3xido de titanio y acero inoxidable reforzado. Base de 6 mm. Tama\u00f1o M","breadcrumb":{"@id":"https:\/\/eshop.alphabio-iberia.com\/pt-pt\/cuchilla-recolector-hueso-m-d-6-mm\/#breadcrumb"},"inLanguage":"pt-PT","potentialAction":[{"@type":"ReadAction","target":["https:\/\/eshop.alphabio-iberia.com\/pt-pt\/cuchilla-recolector-hueso-m-d-6-mm\/"]}]},{"@type":"ImageObject","inLanguage":"pt-PT","@id":"https:\/\/eshop.alphabio-iberia.com\/pt-pt\/cuchilla-recolector-hueso-m-d-6-mm\/#primaryimage","url":"https:\/\/eshop.alphabio-iberia.com\/wp-content\/uploads\/2022\/02\/571315_cuchilla2Brecolectorm.png","contentUrl":"https:\/\/eshop.alphabio-iberia.com\/wp-content\/uploads\/2022\/02\/571315_cuchilla2Brecolectorm.png","width":500,"height":500},{"@type":"BreadcrumbList","@id":"https:\/\/eshop.alphabio-iberia.com\/pt-pt\/cuchilla-recolector-hueso-m-d-6-mm\/#breadcrumb","itemListElement":[{"@type":"ListItem","position":1,"name":"Portada","item":"https:\/\/eshop.alphabio-iberia.com\/"},{"@type":"ListItem","position":2,"name":"Tienda","item":"https:\/\/eshop.alphabio-iberia.com\/tienda\/"},{"@type":"ListItem","position":3,"name":"Cuchilla + recolector de hueso (M) D 6 mm"}]},{"@type":"WebSite","@id":"https:\/\/eshop.alphabio-iberia.com\/#website","url":"https:\/\/eshop.alphabio-iberia.com\/","name":"Tienda Alpha-Bio Iberia","description":"Ofrecemos una soluci\u00f3n 360\u00ba para odont\u00f3logos, implant\u00f3logos y cirujanos en implantolog\u00eda, ROG y odontolog\u00eda digital, acompa\u00f1ado de un amplio programa formativo en Espa\u00f1a y Portugal.","publisher":{"@id":"https:\/\/eshop.alphabio-iberia.com\/#organization"},"potentialAction":[{"@type":"SearchAction","target":{"@type":"EntryPoint","urlTemplate":"https:\/\/eshop.alphabio-iberia.com\/?s={search_term_string}"},"query-input":{"@type":"PropertyValueSpecification","valueRequired":true,"valueName":"search_term_string"}}],"inLanguage":"pt-PT"},{"@type":"Organization","@id":"https:\/\/eshop.alphabio-iberia.com\/#organization","name":"Medical 10","url":"https:\/\/eshop.alphabio-iberia.com\/","logo":{"@type":"ImageObject","inLanguage":"pt-PT","@id":"https:\/\/eshop.alphabio-iberia.com\/#\/schema\/logo\/image\/","url":"https:\/\/eshop.medical10.es\/wp-content\/uploads\/2021\/07\/cropped-m10_header_2.png","contentUrl":"https:\/\/eshop.medical10.es\/wp-content\/uploads\/2021\/07\/cropped-m10_header_2.png","width":165,"height":97,"caption":"Medical 10"},"image":{"@id":"https:\/\/eshop.alphabio-iberia.com\/#\/schema\/logo\/image\/"}}]}},"_links":{"self":[{"href":"https:\/\/eshop.alphabio-iberia.com\/pt-pt\/wp-json\/wp\/v2\/product\/24339","targetHints":{"allow":["GET"]}}],"collection":[{"href":"https:\/\/eshop.alphabio-iberia.com\/pt-pt\/wp-json\/wp\/v2\/product"}],"about":[{"href":"https:\/\/eshop.alphabio-iberia.com\/pt-pt\/wp-json\/wp\/v2\/types\/product"}],"replies":[{"embeddable":true,"href":"https:\/\/eshop.alphabio-iberia.com\/pt-pt\/wp-json\/wp\/v2\/comments?post=24339"}],"wp:featuredmedia":[{"embeddable":true,"href":"https:\/\/eshop.alphabio-iberia.com\/pt-pt\/wp-json\/wp\/v2\/media\/24340"}],"wp:attachment":[{"href":"https:\/\/eshop.alphabio-iberia.com\/pt-pt\/wp-json\/wp\/v2\/media?parent=24339"}],"wp:term":[{"taxonomy":"product_brand","embeddable":true,"href":"https:\/\/eshop.alphabio-iberia.com\/pt-pt\/wp-json\/wp\/v2\/product_brand?post=24339"},{"taxonomy":"product_cat","embeddable":true,"href":"https:\/\/eshop.alphabio-iberia.com\/pt-pt\/wp-json\/wp\/v2\/product_cat?post=24339"},{"taxonomy":"product_tag","embeddable":true,"href":"https:\/\/eshop.alphabio-iberia.com\/pt-pt\/wp-json\/wp\/v2\/product_tag?post=24339"}],"curies":[{"name":"wp","href":"https:\/\/api.w.org\/{rel}","templated":true}]}}