{"id":24675,"date":"2022-01-13T16:32:54","date_gmt":"2022-01-13T16:32:54","guid":{"rendered":"https:\/\/eshop.medical10.es\/producto\/scanbody-para-tibase-dinamica-chc-2\/"},"modified":"2023-06-27T11:38:06","modified_gmt":"2023-06-27T11:38:06","slug":"scanbody-para-tibase-dinamica","status":"publish","type":"product","link":"https:\/\/eshop.alphabio-iberia.com\/pt-pt\/scanbody-tibase-dinamica-chc-2\/","title":{"rendered":"Scanbody para tibase din\u00e2mica (CHC)"},"content":{"rendered":"<p>Scanbody para Tibasedin\u00e2mica com liga\u00e7\u00e3o hexagonal c\u00f3nica.<\/p>\n","protected":false},"excerpt":{"rendered":"<p>Scanbody para Tibasedin\u00e2mica com liga\u00e7\u00e3o hexagonal c\u00f3nica.<\/p>\n","protected":false},"featured_media":24676,"comment_status":"open","ping_status":"closed","template":"","meta":{"_acf_changed":false},"product_brand":[],"product_cat":[468,475],"product_tag":[],"class_list":{"0":"post-24675","1":"product","2":"type-product","3":"status-publish","4":"has-post-thumbnail","6":"product_cat-alpha-bio-tec","7":"product_cat-scanbody","8":"pa_conexion-conexion-conica-estrecha-pt-pt","9":"pa_tipo-de-protesis-dinamica-pt-pt","11":"first","12":"instock","13":"taxable","14":"shipping-taxable","15":"product-type-simple"},"acf":[],"yoast_head":"<!-- This site is optimized with the Yoast SEO plugin v27.4 - https:\/\/yoast.com\/product\/yoast-seo-wordpress\/ -->\n<title>Scanbody para tibase din\u00e2mica (CHC) - Tienda Alpha-Bio Iberia<\/title>\n<meta name=\"description\" content=\"Scanbody para tibase din\u00e2mica (CHC) en Tienda Alpha-Bio Iberia por 34.55 \u20ac! Scanbody para Tibasedin\u00e2mica com liga\u00e7\u00e3o hexagonal c\u00f3nica.\" \/>\n<meta name=\"robots\" content=\"index, follow, max-snippet:-1, max-image-preview:large, max-video-preview:-1\" \/>\n<link rel=\"canonical\" href=\"https:\/\/eshop.alphabio-iberia.com\/?post_type=product&p=9275\" \/>\n<meta property=\"og:locale\" content=\"pt_PT\" \/>\n<meta property=\"og:type\" content=\"article\" \/>\n<meta property=\"og:title\" content=\"Scanbody para tibase din\u00e2mica (CHC) - Tienda Alpha-Bio Iberia\" \/>\n<meta property=\"og:description\" content=\"Scanbody para tibase din\u00e2mica (CHC) en Tienda Alpha-Bio Iberia por 34.55 \u20ac! Scanbody para Tibasedin\u00e2mica com liga\u00e7\u00e3o hexagonal c\u00f3nica.\" \/>\n<meta property=\"og:url\" content=\"https:\/\/eshop.alphabio-iberia.com\/?post_type=product&amp;p=9275\" \/>\n<meta property=\"og:site_name\" content=\"Tienda Alpha-Bio Iberia\" \/>\n<meta property=\"article:modified_time\" content=\"2023-06-27T11:38:06+00:00\" \/>\n<meta property=\"og:image\" content=\"https:\/\/eshop.alphabio-iberia.com\/wp-content\/uploads\/2022\/01\/30410006012-3.jpg\" \/>\n\t<meta property=\"og:image:width\" content=\"647\" \/>\n\t<meta property=\"og:image:height\" content=\"647\" \/>\n\t<meta property=\"og:image:type\" content=\"image\/jpeg\" \/>\n<meta name=\"twitter:card\" content=\"summary_large_image\" \/>\n<script type=\"application\/ld+json\" class=\"yoast-schema-graph\">{\"@context\":\"https:\\\/\\\/schema.org\",\"@graph\":[{\"@type\":\"WebPage\",\"@id\":\"https:\\\/\\\/eshop.alphabio-iberia.com\\\/?post_type=product&p=9275\",\"url\":\"https:\\\/\\\/eshop.alphabio-iberia.com\\\/?post_type=product&p=9275\",\"name\":\"Scanbody para tibase din\u00e2mica (CHC) - Tienda Alpha-Bio Iberia\",\"isPartOf\":{\"@id\":\"https:\\\/\\\/eshop.alphabio-iberia.com\\\/#website\"},\"primaryImageOfPage\":{\"@id\":\"https:\\\/\\\/eshop.alphabio-iberia.com\\\/?post_type=product&p=9275#primaryimage\"},\"image\":{\"@id\":\"https:\\\/\\\/eshop.alphabio-iberia.com\\\/?post_type=product&p=9275#primaryimage\"},\"thumbnailUrl\":\"https:\\\/\\\/eshop.alphabio-iberia.com\\\/wp-content\\\/uploads\\\/2022\\\/01\\\/30410006012-3.jpg\",\"datePublished\":\"2022-01-13T16:32:54+00:00\",\"dateModified\":\"2023-06-27T11:38:06+00:00\",\"description\":\"Scanbody para tibase din\u00e2mica (CHC) en Tienda Alpha-Bio Iberia por 34.55 \u20ac! Scanbody para Tibasedin\u00e2mica com liga\u00e7\u00e3o hexagonal c\u00f3nica.\",\"breadcrumb\":{\"@id\":\"https:\\\/\\\/eshop.alphabio-iberia.com\\\/?post_type=product&p=9275#breadcrumb\"},\"inLanguage\":\"pt-PT\",\"potentialAction\":[{\"@type\":\"ReadAction\",\"target\":[\"https:\\\/\\\/eshop.alphabio-iberia.com\\\/?post_type=product&p=9275\"]}]},{\"@type\":\"ImageObject\",\"inLanguage\":\"pt-PT\",\"@id\":\"https:\\\/\\\/eshop.alphabio-iberia.com\\\/?post_type=product&p=9275#primaryimage\",\"url\":\"https:\\\/\\\/eshop.alphabio-iberia.com\\\/wp-content\\\/uploads\\\/2022\\\/01\\\/30410006012-3.jpg\",\"contentUrl\":\"https:\\\/\\\/eshop.alphabio-iberia.com\\\/wp-content\\\/uploads\\\/2022\\\/01\\\/30410006012-3.jpg\",\"width\":647,\"height\":647},{\"@type\":\"BreadcrumbList\",\"@id\":\"https:\\\/\\\/eshop.alphabio-iberia.com\\\/?post_type=product&p=9275#breadcrumb\",\"itemListElement\":[{\"@type\":\"ListItem\",\"position\":1,\"name\":\"Portada\",\"item\":\"https:\\\/\\\/eshop.alphabio-iberia.com\\\/\"},{\"@type\":\"ListItem\",\"position\":2,\"name\":\"Tienda\",\"item\":\"https:\\\/\\\/eshop.alphabio-iberia.com\\\/tienda\\\/\"},{\"@type\":\"ListItem\",\"position\":3,\"name\":\"Scanbody para tibase din\u00e2mica (CHC)\"}]},{\"@type\":\"WebSite\",\"@id\":\"https:\\\/\\\/eshop.alphabio-iberia.com\\\/#website\",\"url\":\"https:\\\/\\\/eshop.alphabio-iberia.com\\\/\",\"name\":\"Tienda Alpha-Bio Iberia\",\"description\":\"Ofrecemos una soluci\u00f3n 360\u00ba para odont\u00f3logos, implant\u00f3logos y cirujanos en implantolog\u00eda, ROG y odontolog\u00eda digital, acompa\u00f1ado de un amplio programa formativo en Espa\u00f1a y Portugal.\",\"publisher\":{\"@id\":\"https:\\\/\\\/eshop.alphabio-iberia.com\\\/#organization\"},\"potentialAction\":[{\"@type\":\"SearchAction\",\"target\":{\"@type\":\"EntryPoint\",\"urlTemplate\":\"https:\\\/\\\/eshop.alphabio-iberia.com\\\/?s={search_term_string}\"},\"query-input\":{\"@type\":\"PropertyValueSpecification\",\"valueRequired\":true,\"valueName\":\"search_term_string\"}}],\"inLanguage\":\"pt-PT\"},{\"@type\":\"Organization\",\"@id\":\"https:\\\/\\\/eshop.alphabio-iberia.com\\\/#organization\",\"name\":\"Medical 10\",\"url\":\"https:\\\/\\\/eshop.alphabio-iberia.com\\\/\",\"logo\":{\"@type\":\"ImageObject\",\"inLanguage\":\"pt-PT\",\"@id\":\"https:\\\/\\\/eshop.alphabio-iberia.com\\\/#\\\/schema\\\/logo\\\/image\\\/\",\"url\":\"https:\\\/\\\/eshop.medical10.es\\\/wp-content\\\/uploads\\\/2021\\\/07\\\/cropped-m10_header_2.png\",\"contentUrl\":\"https:\\\/\\\/eshop.medical10.es\\\/wp-content\\\/uploads\\\/2021\\\/07\\\/cropped-m10_header_2.png\",\"width\":165,\"height\":97,\"caption\":\"Medical 10\"},\"image\":{\"@id\":\"https:\\\/\\\/eshop.alphabio-iberia.com\\\/#\\\/schema\\\/logo\\\/image\\\/\"}}]}<\/script>\n<!-- \/ Yoast SEO plugin. -->","yoast_head_json":{"title":"Scanbody para tibase din\u00e2mica (CHC) - Tienda Alpha-Bio Iberia","description":"Scanbody para tibase din\u00e2mica (CHC) en Tienda Alpha-Bio Iberia por 34.55 \u20ac! Scanbody para Tibasedin\u00e2mica com liga\u00e7\u00e3o hexagonal c\u00f3nica.","robots":{"index":"index","follow":"follow","max-snippet":"max-snippet:-1","max-image-preview":"max-image-preview:large","max-video-preview":"max-video-preview:-1"},"canonical":"https:\/\/eshop.alphabio-iberia.com\/?post_type=product&p=9275","og_locale":"pt_PT","og_type":"article","og_title":"Scanbody para tibase din\u00e2mica (CHC) - Tienda Alpha-Bio Iberia","og_description":"Scanbody para tibase din\u00e2mica (CHC) en Tienda Alpha-Bio Iberia por 34.55 \u20ac! Scanbody para Tibasedin\u00e2mica com liga\u00e7\u00e3o hexagonal c\u00f3nica.","og_url":"https:\/\/eshop.alphabio-iberia.com\/?post_type=product&p=9275","og_site_name":"Tienda Alpha-Bio Iberia","article_modified_time":"2023-06-27T11:38:06+00:00","og_image":[{"width":647,"height":647,"url":"https:\/\/eshop.alphabio-iberia.com\/wp-content\/uploads\/2022\/01\/30410006012-3.jpg","type":"image\/jpeg"}],"twitter_card":"summary_large_image","schema":{"@context":"https:\/\/schema.org","@graph":[{"@type":"WebPage","@id":"https:\/\/eshop.alphabio-iberia.com\/?post_type=product&p=9275","url":"https:\/\/eshop.alphabio-iberia.com\/?post_type=product&p=9275","name":"Scanbody para tibase din\u00e2mica (CHC) - Tienda Alpha-Bio Iberia","isPartOf":{"@id":"https:\/\/eshop.alphabio-iberia.com\/#website"},"primaryImageOfPage":{"@id":"https:\/\/eshop.alphabio-iberia.com\/?post_type=product&p=9275#primaryimage"},"image":{"@id":"https:\/\/eshop.alphabio-iberia.com\/?post_type=product&p=9275#primaryimage"},"thumbnailUrl":"https:\/\/eshop.alphabio-iberia.com\/wp-content\/uploads\/2022\/01\/30410006012-3.jpg","datePublished":"2022-01-13T16:32:54+00:00","dateModified":"2023-06-27T11:38:06+00:00","description":"Scanbody para tibase din\u00e2mica (CHC) en Tienda Alpha-Bio Iberia por 34.55 \u20ac! Scanbody para Tibasedin\u00e2mica com liga\u00e7\u00e3o hexagonal c\u00f3nica.","breadcrumb":{"@id":"https:\/\/eshop.alphabio-iberia.com\/?post_type=product&p=9275#breadcrumb"},"inLanguage":"pt-PT","potentialAction":[{"@type":"ReadAction","target":["https:\/\/eshop.alphabio-iberia.com\/?post_type=product&p=9275"]}]},{"@type":"ImageObject","inLanguage":"pt-PT","@id":"https:\/\/eshop.alphabio-iberia.com\/?post_type=product&p=9275#primaryimage","url":"https:\/\/eshop.alphabio-iberia.com\/wp-content\/uploads\/2022\/01\/30410006012-3.jpg","contentUrl":"https:\/\/eshop.alphabio-iberia.com\/wp-content\/uploads\/2022\/01\/30410006012-3.jpg","width":647,"height":647},{"@type":"BreadcrumbList","@id":"https:\/\/eshop.alphabio-iberia.com\/?post_type=product&p=9275#breadcrumb","itemListElement":[{"@type":"ListItem","position":1,"name":"Portada","item":"https:\/\/eshop.alphabio-iberia.com\/"},{"@type":"ListItem","position":2,"name":"Tienda","item":"https:\/\/eshop.alphabio-iberia.com\/tienda\/"},{"@type":"ListItem","position":3,"name":"Scanbody para tibase din\u00e2mica (CHC)"}]},{"@type":"WebSite","@id":"https:\/\/eshop.alphabio-iberia.com\/#website","url":"https:\/\/eshop.alphabio-iberia.com\/","name":"Tienda Alpha-Bio Iberia","description":"Ofrecemos una soluci\u00f3n 360\u00ba para odont\u00f3logos, implant\u00f3logos y cirujanos en implantolog\u00eda, ROG y odontolog\u00eda digital, acompa\u00f1ado de un amplio programa formativo en Espa\u00f1a y Portugal.","publisher":{"@id":"https:\/\/eshop.alphabio-iberia.com\/#organization"},"potentialAction":[{"@type":"SearchAction","target":{"@type":"EntryPoint","urlTemplate":"https:\/\/eshop.alphabio-iberia.com\/?s={search_term_string}"},"query-input":{"@type":"PropertyValueSpecification","valueRequired":true,"valueName":"search_term_string"}}],"inLanguage":"pt-PT"},{"@type":"Organization","@id":"https:\/\/eshop.alphabio-iberia.com\/#organization","name":"Medical 10","url":"https:\/\/eshop.alphabio-iberia.com\/","logo":{"@type":"ImageObject","inLanguage":"pt-PT","@id":"https:\/\/eshop.alphabio-iberia.com\/#\/schema\/logo\/image\/","url":"https:\/\/eshop.medical10.es\/wp-content\/uploads\/2021\/07\/cropped-m10_header_2.png","contentUrl":"https:\/\/eshop.medical10.es\/wp-content\/uploads\/2021\/07\/cropped-m10_header_2.png","width":165,"height":97,"caption":"Medical 10"},"image":{"@id":"https:\/\/eshop.alphabio-iberia.com\/#\/schema\/logo\/image\/"}}]}},"_links":{"self":[{"href":"https:\/\/eshop.alphabio-iberia.com\/pt-pt\/wp-json\/wp\/v2\/product\/24675","targetHints":{"allow":["GET"]}}],"collection":[{"href":"https:\/\/eshop.alphabio-iberia.com\/pt-pt\/wp-json\/wp\/v2\/product"}],"about":[{"href":"https:\/\/eshop.alphabio-iberia.com\/pt-pt\/wp-json\/wp\/v2\/types\/product"}],"replies":[{"embeddable":true,"href":"https:\/\/eshop.alphabio-iberia.com\/pt-pt\/wp-json\/wp\/v2\/comments?post=24675"}],"wp:featuredmedia":[{"embeddable":true,"href":"https:\/\/eshop.alphabio-iberia.com\/pt-pt\/wp-json\/wp\/v2\/media\/24676"}],"wp:attachment":[{"href":"https:\/\/eshop.alphabio-iberia.com\/pt-pt\/wp-json\/wp\/v2\/media?parent=24675"}],"wp:term":[{"taxonomy":"product_brand","embeddable":true,"href":"https:\/\/eshop.alphabio-iberia.com\/pt-pt\/wp-json\/wp\/v2\/product_brand?post=24675"},{"taxonomy":"product_cat","embeddable":true,"href":"https:\/\/eshop.alphabio-iberia.com\/pt-pt\/wp-json\/wp\/v2\/product_cat?post=24675"},{"taxonomy":"product_tag","embeddable":true,"href":"https:\/\/eshop.alphabio-iberia.com\/pt-pt\/wp-json\/wp\/v2\/product_tag?post=24675"}],"curies":[{"name":"wp","href":"https:\/\/api.w.org\/{rel}","templated":true}]}}