{"id":24808,"date":"2022-01-13T16:31:12","date_gmt":"2022-01-13T16:31:12","guid":{"rendered":"https:\/\/eshop.medical10.es\/producto\/pilar-provisional-angulado-peek-15-a-1-mm-hi\/"},"modified":"2022-01-13T16:31:12","modified_gmt":"2022-01-13T16:31:12","slug":"pilar-provisional-angulado-peek-15","status":"publish","type":"product","link":"https:\/\/eshop.alphabio-iberia.com\/pt-pt\/producto\/pilar-provisional-angulado-peek-15\/","title":{"rendered":"Pilar provisional angulado peek 15\u00b0 A 1 mm (HI)"},"content":{"rendered":"<p>Pilar provisional angulado peek para Conexi\u00f3n Hexagonal Interna.<br \/>\nEspecificaciones t\u00e9cnicas:<br \/>\n\u25cf Angulaci\u00f3n: 15\u00b0<br \/>\n\u25cf Altura gingival: 1 mm<\/p>\n","protected":false},"excerpt":{"rendered":"<p>Pilar provisional angulado peek para Conexi\u00f3n Hexagonal Interna. Especificaciones t\u00e9cnicas: \u25cf Angulaci\u00f3n: 15\u00b0 \u25cf Altura gingival: 1 mm<\/p>\n","protected":false},"featured_media":24810,"comment_status":"open","ping_status":"closed","template":"","meta":[],"product_cat":[468,497,502],"product_tag":[],"class_list":{"0":"post-24808","1":"product","2":"type-product","3":"status-publish","4":"has-post-thumbnail","6":"product_cat-alpha-bio-tec","7":"product_cat-protesis","8":"product_cat-provisorios","9":"pa_altura-pilar-1-mm-pt-pt","10":"pa_angulacion-15-pt-pt","11":"pa_conexion-conexion-interna-pt-pt","12":"pa_tipo-de-protesis-peek-pt-pt","14":"first","15":"instock","16":"taxable","17":"shipping-taxable","18":"product-type-simple"},"acf":[],"yoast_head":"<!-- This site is optimized with the Yoast SEO plugin v27.2 - https:\/\/yoast.com\/product\/yoast-seo-wordpress\/ -->\n<title>Pilar provisional angulado peek 15\u00b0 A 1 mm (HI) - Tienda Alpha-Bio Iberia<\/title>\n<meta name=\"description\" content=\"Pilar provisional angulado peek 15\u00b0 A 1 mm (HI) en Tienda Alpha-Bio Iberia por 44.96 \u20ac! Pilar provisional angulado peek para Conexi\u00f3n Hexagonal Interna. Especificaciones t\u00e9cnicas: \u25cf Angulaci\u00f3n: 15\u00b0 \u25cf Altura gingival: 1 mm\" \/>\n<meta name=\"robots\" content=\"index, follow, max-snippet:-1, max-image-preview:large, max-video-preview:-1\" \/>\n<link rel=\"canonical\" href=\"https:\/\/eshop.alphabio-iberia.com\/pt-pt\/producto\/pilar-provisional-angulado-peek-15\/\" \/>\n<meta property=\"og:locale\" content=\"pt_PT\" \/>\n<meta property=\"og:type\" content=\"article\" \/>\n<meta property=\"og:title\" content=\"Pilar provisional angulado peek 15\u00b0 A 1 mm (HI) - Tienda Alpha-Bio Iberia\" \/>\n<meta property=\"og:description\" content=\"Pilar provisional angulado peek 15\u00b0 A 1 mm (HI) en Tienda Alpha-Bio Iberia por 44.96 \u20ac! Pilar provisional angulado peek para Conexi\u00f3n Hexagonal Interna. Especificaciones t\u00e9cnicas: \u25cf Angulaci\u00f3n: 15\u00b0 \u25cf Altura gingival: 1 mm\" \/>\n<meta property=\"og:url\" content=\"https:\/\/eshop.alphabio-iberia.com\/pt-pt\/producto\/pilar-provisional-angulado-peek-15\/\" \/>\n<meta property=\"og:site_name\" content=\"Tienda Alpha-Bio Iberia\" \/>\n<meta property=\"og:image\" content=\"https:\/\/eshop.alphabio-iberia.com\/wp-content\/uploads\/2022\/02\/5419_provisional_1.png\" \/>\n\t<meta property=\"og:image:width\" content=\"500\" \/>\n\t<meta property=\"og:image:height\" content=\"500\" \/>\n\t<meta property=\"og:image:type\" content=\"image\/png\" \/>\n<meta name=\"twitter:card\" content=\"summary_large_image\" \/>\n<script type=\"application\/ld+json\" class=\"yoast-schema-graph\">{\"@context\":\"https:\/\/schema.org\",\"@graph\":[{\"@type\":\"WebPage\",\"@id\":\"https:\/\/eshop.alphabio-iberia.com\/pt-pt\/producto\/pilar-provisional-angulado-peek-15\/\",\"url\":\"https:\/\/eshop.alphabio-iberia.com\/pt-pt\/producto\/pilar-provisional-angulado-peek-15\/\",\"name\":\"Pilar provisional angulado peek 15\u00b0 A 1 mm (HI) - Tienda Alpha-Bio Iberia\",\"isPartOf\":{\"@id\":\"https:\/\/eshop.alphabio-iberia.com\/#website\"},\"primaryImageOfPage\":{\"@id\":\"https:\/\/eshop.alphabio-iberia.com\/pt-pt\/producto\/pilar-provisional-angulado-peek-15\/#primaryimage\"},\"image\":{\"@id\":\"https:\/\/eshop.alphabio-iberia.com\/pt-pt\/producto\/pilar-provisional-angulado-peek-15\/#primaryimage\"},\"thumbnailUrl\":\"https:\/\/eshop.alphabio-iberia.com\/wp-content\/uploads\/2022\/02\/5419_provisional_1.png\",\"datePublished\":\"2022-01-13T16:31:12+00:00\",\"description\":\"Pilar provisional angulado peek 15\u00b0 A 1 mm (HI) en Tienda Alpha-Bio Iberia por 44.96 \u20ac! Pilar provisional angulado peek para Conexi\u00f3n Hexagonal Interna. Especificaciones t\u00e9cnicas: \u25cf Angulaci\u00f3n: 15\u00b0 \u25cf Altura gingival: 1 mm\",\"breadcrumb\":{\"@id\":\"https:\/\/eshop.alphabio-iberia.com\/pt-pt\/producto\/pilar-provisional-angulado-peek-15\/#breadcrumb\"},\"inLanguage\":\"pt-PT\",\"potentialAction\":[{\"@type\":\"ReadAction\",\"target\":[\"https:\/\/eshop.alphabio-iberia.com\/pt-pt\/producto\/pilar-provisional-angulado-peek-15\/\"]}]},{\"@type\":\"ImageObject\",\"inLanguage\":\"pt-PT\",\"@id\":\"https:\/\/eshop.alphabio-iberia.com\/pt-pt\/producto\/pilar-provisional-angulado-peek-15\/#primaryimage\",\"url\":\"https:\/\/eshop.alphabio-iberia.com\/wp-content\/uploads\/2022\/02\/5419_provisional_1.png\",\"contentUrl\":\"https:\/\/eshop.alphabio-iberia.com\/wp-content\/uploads\/2022\/02\/5419_provisional_1.png\",\"width\":500,\"height\":500},{\"@type\":\"BreadcrumbList\",\"@id\":\"https:\/\/eshop.alphabio-iberia.com\/pt-pt\/producto\/pilar-provisional-angulado-peek-15\/#breadcrumb\",\"itemListElement\":[{\"@type\":\"ListItem\",\"position\":1,\"name\":\"Portada\",\"item\":\"https:\/\/eshop.alphabio-iberia.com\/\"},{\"@type\":\"ListItem\",\"position\":2,\"name\":\"Tienda\",\"item\":\"https:\/\/eshop.alphabio-iberia.com\/tienda\/\"},{\"@type\":\"ListItem\",\"position\":3,\"name\":\"Pilar provisional angulado peek 15\u00b0 A 1 mm (HI)\"}]},{\"@type\":\"WebSite\",\"@id\":\"https:\/\/eshop.alphabio-iberia.com\/#website\",\"url\":\"https:\/\/eshop.alphabio-iberia.com\/\",\"name\":\"Tienda Alpha-Bio Iberia\",\"description\":\"Ofrecemos una soluci\u00f3n 360\u00ba para odont\u00f3logos, implant\u00f3logos y cirujanos en implantolog\u00eda, ROG y odontolog\u00eda digital, acompa\u00f1ado de un amplio programa formativo en Espa\u00f1a y Portugal.\",\"publisher\":{\"@id\":\"https:\/\/eshop.alphabio-iberia.com\/#organization\"},\"potentialAction\":[{\"@type\":\"SearchAction\",\"target\":{\"@type\":\"EntryPoint\",\"urlTemplate\":\"https:\/\/eshop.alphabio-iberia.com\/?s={search_term_string}\"},\"query-input\":{\"@type\":\"PropertyValueSpecification\",\"valueRequired\":true,\"valueName\":\"search_term_string\"}}],\"inLanguage\":\"pt-PT\"},{\"@type\":\"Organization\",\"@id\":\"https:\/\/eshop.alphabio-iberia.com\/#organization\",\"name\":\"Medical 10\",\"url\":\"https:\/\/eshop.alphabio-iberia.com\/\",\"logo\":{\"@type\":\"ImageObject\",\"inLanguage\":\"pt-PT\",\"@id\":\"https:\/\/eshop.alphabio-iberia.com\/#\/schema\/logo\/image\/\",\"url\":\"https:\/\/eshop.medical10.es\/wp-content\/uploads\/2021\/07\/cropped-m10_header_2.png\",\"contentUrl\":\"https:\/\/eshop.medical10.es\/wp-content\/uploads\/2021\/07\/cropped-m10_header_2.png\",\"width\":165,\"height\":97,\"caption\":\"Medical 10\"},\"image\":{\"@id\":\"https:\/\/eshop.alphabio-iberia.com\/#\/schema\/logo\/image\/\"}}]}<\/script>\n<!-- \/ Yoast SEO plugin. -->","yoast_head_json":{"title":"Pilar provisional angulado peek 15\u00b0 A 1 mm (HI) - Tienda Alpha-Bio Iberia","description":"Pilar provisional angulado peek 15\u00b0 A 1 mm (HI) en Tienda Alpha-Bio Iberia por 44.96 \u20ac! Pilar provisional angulado peek para Conexi\u00f3n Hexagonal Interna. Especificaciones t\u00e9cnicas: \u25cf Angulaci\u00f3n: 15\u00b0 \u25cf Altura gingival: 1 mm","robots":{"index":"index","follow":"follow","max-snippet":"max-snippet:-1","max-image-preview":"max-image-preview:large","max-video-preview":"max-video-preview:-1"},"canonical":"https:\/\/eshop.alphabio-iberia.com\/pt-pt\/producto\/pilar-provisional-angulado-peek-15\/","og_locale":"pt_PT","og_type":"article","og_title":"Pilar provisional angulado peek 15\u00b0 A 1 mm (HI) - Tienda Alpha-Bio Iberia","og_description":"Pilar provisional angulado peek 15\u00b0 A 1 mm (HI) en Tienda Alpha-Bio Iberia por 44.96 \u20ac! Pilar provisional angulado peek para Conexi\u00f3n Hexagonal Interna. Especificaciones t\u00e9cnicas: \u25cf Angulaci\u00f3n: 15\u00b0 \u25cf Altura gingival: 1 mm","og_url":"https:\/\/eshop.alphabio-iberia.com\/pt-pt\/producto\/pilar-provisional-angulado-peek-15\/","og_site_name":"Tienda Alpha-Bio Iberia","og_image":[{"width":500,"height":500,"url":"https:\/\/eshop.alphabio-iberia.com\/wp-content\/uploads\/2022\/02\/5419_provisional_1.png","type":"image\/png"}],"twitter_card":"summary_large_image","schema":{"@context":"https:\/\/schema.org","@graph":[{"@type":"WebPage","@id":"https:\/\/eshop.alphabio-iberia.com\/pt-pt\/producto\/pilar-provisional-angulado-peek-15\/","url":"https:\/\/eshop.alphabio-iberia.com\/pt-pt\/producto\/pilar-provisional-angulado-peek-15\/","name":"Pilar provisional angulado peek 15\u00b0 A 1 mm (HI) - Tienda Alpha-Bio Iberia","isPartOf":{"@id":"https:\/\/eshop.alphabio-iberia.com\/#website"},"primaryImageOfPage":{"@id":"https:\/\/eshop.alphabio-iberia.com\/pt-pt\/producto\/pilar-provisional-angulado-peek-15\/#primaryimage"},"image":{"@id":"https:\/\/eshop.alphabio-iberia.com\/pt-pt\/producto\/pilar-provisional-angulado-peek-15\/#primaryimage"},"thumbnailUrl":"https:\/\/eshop.alphabio-iberia.com\/wp-content\/uploads\/2022\/02\/5419_provisional_1.png","datePublished":"2022-01-13T16:31:12+00:00","description":"Pilar provisional angulado peek 15\u00b0 A 1 mm (HI) en Tienda Alpha-Bio Iberia por 44.96 \u20ac! Pilar provisional angulado peek para Conexi\u00f3n Hexagonal Interna. Especificaciones t\u00e9cnicas: \u25cf Angulaci\u00f3n: 15\u00b0 \u25cf Altura gingival: 1 mm","breadcrumb":{"@id":"https:\/\/eshop.alphabio-iberia.com\/pt-pt\/producto\/pilar-provisional-angulado-peek-15\/#breadcrumb"},"inLanguage":"pt-PT","potentialAction":[{"@type":"ReadAction","target":["https:\/\/eshop.alphabio-iberia.com\/pt-pt\/producto\/pilar-provisional-angulado-peek-15\/"]}]},{"@type":"ImageObject","inLanguage":"pt-PT","@id":"https:\/\/eshop.alphabio-iberia.com\/pt-pt\/producto\/pilar-provisional-angulado-peek-15\/#primaryimage","url":"https:\/\/eshop.alphabio-iberia.com\/wp-content\/uploads\/2022\/02\/5419_provisional_1.png","contentUrl":"https:\/\/eshop.alphabio-iberia.com\/wp-content\/uploads\/2022\/02\/5419_provisional_1.png","width":500,"height":500},{"@type":"BreadcrumbList","@id":"https:\/\/eshop.alphabio-iberia.com\/pt-pt\/producto\/pilar-provisional-angulado-peek-15\/#breadcrumb","itemListElement":[{"@type":"ListItem","position":1,"name":"Portada","item":"https:\/\/eshop.alphabio-iberia.com\/"},{"@type":"ListItem","position":2,"name":"Tienda","item":"https:\/\/eshop.alphabio-iberia.com\/tienda\/"},{"@type":"ListItem","position":3,"name":"Pilar provisional angulado peek 15\u00b0 A 1 mm (HI)"}]},{"@type":"WebSite","@id":"https:\/\/eshop.alphabio-iberia.com\/#website","url":"https:\/\/eshop.alphabio-iberia.com\/","name":"Tienda Alpha-Bio Iberia","description":"Ofrecemos una soluci\u00f3n 360\u00ba para odont\u00f3logos, implant\u00f3logos y cirujanos en implantolog\u00eda, ROG y odontolog\u00eda digital, acompa\u00f1ado de un amplio programa formativo en Espa\u00f1a y Portugal.","publisher":{"@id":"https:\/\/eshop.alphabio-iberia.com\/#organization"},"potentialAction":[{"@type":"SearchAction","target":{"@type":"EntryPoint","urlTemplate":"https:\/\/eshop.alphabio-iberia.com\/?s={search_term_string}"},"query-input":{"@type":"PropertyValueSpecification","valueRequired":true,"valueName":"search_term_string"}}],"inLanguage":"pt-PT"},{"@type":"Organization","@id":"https:\/\/eshop.alphabio-iberia.com\/#organization","name":"Medical 10","url":"https:\/\/eshop.alphabio-iberia.com\/","logo":{"@type":"ImageObject","inLanguage":"pt-PT","@id":"https:\/\/eshop.alphabio-iberia.com\/#\/schema\/logo\/image\/","url":"https:\/\/eshop.medical10.es\/wp-content\/uploads\/2021\/07\/cropped-m10_header_2.png","contentUrl":"https:\/\/eshop.medical10.es\/wp-content\/uploads\/2021\/07\/cropped-m10_header_2.png","width":165,"height":97,"caption":"Medical 10"},"image":{"@id":"https:\/\/eshop.alphabio-iberia.com\/#\/schema\/logo\/image\/"}}]}},"_links":{"self":[{"href":"https:\/\/eshop.alphabio-iberia.com\/pt-pt\/wp-json\/wp\/v2\/product\/24808","targetHints":{"allow":["GET"]}}],"collection":[{"href":"https:\/\/eshop.alphabio-iberia.com\/pt-pt\/wp-json\/wp\/v2\/product"}],"about":[{"href":"https:\/\/eshop.alphabio-iberia.com\/pt-pt\/wp-json\/wp\/v2\/types\/product"}],"replies":[{"embeddable":true,"href":"https:\/\/eshop.alphabio-iberia.com\/pt-pt\/wp-json\/wp\/v2\/comments?post=24808"}],"wp:featuredmedia":[{"embeddable":true,"href":"https:\/\/eshop.alphabio-iberia.com\/pt-pt\/wp-json\/wp\/v2\/media\/24810"}],"wp:attachment":[{"href":"https:\/\/eshop.alphabio-iberia.com\/pt-pt\/wp-json\/wp\/v2\/media?parent=24808"}],"wp:term":[{"taxonomy":"product_cat","embeddable":true,"href":"https:\/\/eshop.alphabio-iberia.com\/pt-pt\/wp-json\/wp\/v2\/product_cat?post=24808"},{"taxonomy":"product_tag","embeddable":true,"href":"https:\/\/eshop.alphabio-iberia.com\/pt-pt\/wp-json\/wp\/v2\/product_tag?post=24808"}],"curies":[{"name":"wp","href":"https:\/\/api.w.org\/{rel}","templated":true}]}}