{"id":24918,"date":"2022-01-13T16:29:44","date_gmt":"2022-01-13T16:29:44","guid":{"rendered":"https:\/\/eshop.medical10.es\/producto\/pilar-estetico-angulado-anatomico-25-d-5-3-mm-a-2-5-9-9-mm-hi\/"},"modified":"2023-06-27T11:37:29","modified_gmt":"2023-06-27T11:37:29","slug":"pilar-estetico-angulado-anatomico-25-6","status":"publish","type":"product","link":"https:\/\/eshop.alphabio-iberia.com\/pt-pt\/pilar-estetico-angulado-anatomico-25-d-5-3-mm-2-5-9-9-mm-hi\/","title":{"rendered":"Pilar est\u00e9tico com \u00e2ngulo anat\u00f3mico 25\u00b0 D 5.3 mm A 2.5-9.9 mm (HI)"},"content":{"rendered":"<p>Pilar est\u00e9tico com \u00e2ngulo anat\u00f3mico para conex\u00e3o hexagonal interna.<br \/>\nEspecifica\u00e7\u00f5es t\u00e9cnicas:<br \/>\n\u25cf Angula\u00e7\u00e3o: 25\u00b0.<br \/>\n\u25cf Altura gengival: 2.5 mm<br \/>\n\u25cf Altura do pilar: 9.9 mm<br \/>\n\u25cf Di\u00e2metro: 5.3 mm<\/p>\n","protected":false},"excerpt":{"rendered":"<p>Pilar est\u00e9tico com \u00e2ngulo anat\u00f3mico para conex\u00e3o hexagonal interna. Especifica\u00e7\u00f5es t\u00e9cnicas: \u25cf Angula\u00e7\u00e3o: 25\u00b0. \u25cf Altura gengival: 2.5 mm \u25cf Altura do pilar: 9.9 mm \u25cf Di\u00e2metro: 5.3 mm<\/p>\n","protected":false},"featured_media":24919,"comment_status":"open","ping_status":"closed","template":"","meta":{"_acf_changed":false},"product_brand":[],"product_cat":[497,503],"product_tag":[],"class_list":{"0":"post-24918","1":"product","2":"type-product","3":"status-publish","4":"has-post-thumbnail","6":"product_cat-protesis","7":"product_cat-reabilitacao-cementada","8":"pa_altura-gingival-2-5-mm-pt-pt","9":"pa_altura-pilar-9-9-mm-pt-pt","10":"pa_anatomico-si-pt-pt","11":"pa_angulacion-25-pt-pt","12":"pa_conexion-conexion-interna-pt-pt","13":"pa_diametro-pilar-5-3-mm-pt-pt","15":"first","16":"instock","17":"taxable","18":"shipping-taxable","19":"product-type-simple"},"acf":[],"yoast_head":"<!-- This site is optimized with the Yoast SEO plugin v27.4 - https:\/\/yoast.com\/product\/yoast-seo-wordpress\/ -->\n<title>Pilar est\u00e9tico com \u00e2ngulo anat\u00f3mico 25\u00b0 D 5.3 mm A 2.5-9.9 mm (HI) - Tienda Alpha-Bio Iberia<\/title>\n<meta name=\"description\" content=\"Pilar est\u00e9tico com \u00e2ngulo anat\u00f3mico 25\u00b0 D 5.3 mm A 2.5-9.9 mm (HI) en Tienda Alpha-Bio Iberia por 75.60 \u20ac! Pilar est\u00e9tico com \u00e2ngulo anat\u00f3mico para conex\u00e3o hexagonal interna. Especifica\u00e7\u00f5es t\u00e9cnicas: \u25cf Angula\u00e7\u00e3o: 25\u00b0. \u25cf Altura gengival: 2.5 mm \u25cf Altura do\" \/>\n<meta name=\"robots\" content=\"index, follow, max-snippet:-1, max-image-preview:large, max-video-preview:-1\" \/>\n<link rel=\"canonical\" href=\"https:\/\/eshop.alphabio-iberia.com\/pilar-estetico-angulado-anatomico-25-6\/\" \/>\n<meta property=\"og:locale\" content=\"pt_PT\" \/>\n<meta property=\"og:type\" content=\"article\" \/>\n<meta property=\"og:title\" content=\"Pilar est\u00e9tico com \u00e2ngulo anat\u00f3mico 25\u00b0 D 5.3 mm A 2.5-9.9 mm (HI) - Tienda Alpha-Bio Iberia\" \/>\n<meta property=\"og:description\" content=\"Pilar est\u00e9tico com \u00e2ngulo anat\u00f3mico 25\u00b0 D 5.3 mm A 2.5-9.9 mm (HI) en Tienda Alpha-Bio Iberia por 75.60 \u20ac! Pilar est\u00e9tico com \u00e2ngulo anat\u00f3mico para conex\u00e3o hexagonal interna. Especifica\u00e7\u00f5es t\u00e9cnicas: \u25cf Angula\u00e7\u00e3o: 25\u00b0. \u25cf Altura gengival: 2.5 mm \u25cf Altura do\" \/>\n<meta property=\"og:url\" content=\"https:\/\/eshop.alphabio-iberia.com\/pilar-estetico-angulado-anatomico-25-6\/\" \/>\n<meta property=\"og:site_name\" content=\"Tienda Alpha-Bio Iberia\" \/>\n<meta property=\"article:modified_time\" content=\"2023-06-27T11:37:29+00:00\" \/>\n<meta property=\"og:image\" content=\"https:\/\/eshop.alphabio-iberia.com\/wp-content\/uploads\/2022\/02\/5414_pilarestetico_1.png\" \/>\n\t<meta property=\"og:image:width\" content=\"500\" \/>\n\t<meta property=\"og:image:height\" content=\"500\" \/>\n\t<meta property=\"og:image:type\" content=\"image\/png\" \/>\n<meta name=\"twitter:card\" content=\"summary_large_image\" \/>\n<script type=\"application\/ld+json\" class=\"yoast-schema-graph\">{\"@context\":\"https:\\\/\\\/schema.org\",\"@graph\":[{\"@type\":\"WebPage\",\"@id\":\"https:\\\/\\\/eshop.alphabio-iberia.com\\\/pilar-estetico-angulado-anatomico-25-6\\\/\",\"url\":\"https:\\\/\\\/eshop.alphabio-iberia.com\\\/pilar-estetico-angulado-anatomico-25-6\\\/\",\"name\":\"Pilar est\u00e9tico com \u00e2ngulo anat\u00f3mico 25\u00b0 D 5.3 mm A 2.5-9.9 mm (HI) - Tienda Alpha-Bio Iberia\",\"isPartOf\":{\"@id\":\"https:\\\/\\\/eshop.alphabio-iberia.com\\\/#website\"},\"primaryImageOfPage\":{\"@id\":\"https:\\\/\\\/eshop.alphabio-iberia.com\\\/pilar-estetico-angulado-anatomico-25-6\\\/#primaryimage\"},\"image\":{\"@id\":\"https:\\\/\\\/eshop.alphabio-iberia.com\\\/pilar-estetico-angulado-anatomico-25-6\\\/#primaryimage\"},\"thumbnailUrl\":\"https:\\\/\\\/eshop.alphabio-iberia.com\\\/wp-content\\\/uploads\\\/2022\\\/02\\\/5414_pilarestetico_1.png\",\"datePublished\":\"2022-01-13T16:29:44+00:00\",\"dateModified\":\"2023-06-27T11:37:29+00:00\",\"description\":\"Pilar est\u00e9tico com \u00e2ngulo anat\u00f3mico 25\u00b0 D 5.3 mm A 2.5-9.9 mm (HI) en Tienda Alpha-Bio Iberia por 75.60 \u20ac! Pilar est\u00e9tico com \u00e2ngulo anat\u00f3mico para conex\u00e3o hexagonal interna. Especifica\u00e7\u00f5es t\u00e9cnicas: \u25cf Angula\u00e7\u00e3o: 25\u00b0. \u25cf Altura gengival: 2.5 mm \u25cf Altura do\",\"breadcrumb\":{\"@id\":\"https:\\\/\\\/eshop.alphabio-iberia.com\\\/pilar-estetico-angulado-anatomico-25-6\\\/#breadcrumb\"},\"inLanguage\":\"pt-PT\",\"potentialAction\":[{\"@type\":\"ReadAction\",\"target\":[\"https:\\\/\\\/eshop.alphabio-iberia.com\\\/pilar-estetico-angulado-anatomico-25-6\\\/\"]}]},{\"@type\":\"ImageObject\",\"inLanguage\":\"pt-PT\",\"@id\":\"https:\\\/\\\/eshop.alphabio-iberia.com\\\/pilar-estetico-angulado-anatomico-25-6\\\/#primaryimage\",\"url\":\"https:\\\/\\\/eshop.alphabio-iberia.com\\\/wp-content\\\/uploads\\\/2022\\\/02\\\/5414_pilarestetico_1.png\",\"contentUrl\":\"https:\\\/\\\/eshop.alphabio-iberia.com\\\/wp-content\\\/uploads\\\/2022\\\/02\\\/5414_pilarestetico_1.png\",\"width\":500,\"height\":500},{\"@type\":\"BreadcrumbList\",\"@id\":\"https:\\\/\\\/eshop.alphabio-iberia.com\\\/pilar-estetico-angulado-anatomico-25-6\\\/#breadcrumb\",\"itemListElement\":[{\"@type\":\"ListItem\",\"position\":1,\"name\":\"Portada\",\"item\":\"https:\\\/\\\/eshop.alphabio-iberia.com\\\/\"},{\"@type\":\"ListItem\",\"position\":2,\"name\":\"Tienda\",\"item\":\"https:\\\/\\\/eshop.alphabio-iberia.com\\\/tienda\\\/\"},{\"@type\":\"ListItem\",\"position\":3,\"name\":\"Pilar est\u00e9tico com \u00e2ngulo anat\u00f3mico 25\u00b0 D 5.3 mm A 2.5-9.9 mm (HI)\"}]},{\"@type\":\"WebSite\",\"@id\":\"https:\\\/\\\/eshop.alphabio-iberia.com\\\/#website\",\"url\":\"https:\\\/\\\/eshop.alphabio-iberia.com\\\/\",\"name\":\"Tienda Alpha-Bio Iberia\",\"description\":\"Ofrecemos una soluci\u00f3n 360\u00ba para odont\u00f3logos, implant\u00f3logos y cirujanos en implantolog\u00eda, ROG y odontolog\u00eda digital, acompa\u00f1ado de un amplio programa formativo en Espa\u00f1a y Portugal.\",\"publisher\":{\"@id\":\"https:\\\/\\\/eshop.alphabio-iberia.com\\\/#organization\"},\"potentialAction\":[{\"@type\":\"SearchAction\",\"target\":{\"@type\":\"EntryPoint\",\"urlTemplate\":\"https:\\\/\\\/eshop.alphabio-iberia.com\\\/?s={search_term_string}\"},\"query-input\":{\"@type\":\"PropertyValueSpecification\",\"valueRequired\":true,\"valueName\":\"search_term_string\"}}],\"inLanguage\":\"pt-PT\"},{\"@type\":\"Organization\",\"@id\":\"https:\\\/\\\/eshop.alphabio-iberia.com\\\/#organization\",\"name\":\"Medical 10\",\"url\":\"https:\\\/\\\/eshop.alphabio-iberia.com\\\/\",\"logo\":{\"@type\":\"ImageObject\",\"inLanguage\":\"pt-PT\",\"@id\":\"https:\\\/\\\/eshop.alphabio-iberia.com\\\/#\\\/schema\\\/logo\\\/image\\\/\",\"url\":\"https:\\\/\\\/eshop.medical10.es\\\/wp-content\\\/uploads\\\/2021\\\/07\\\/cropped-m10_header_2.png\",\"contentUrl\":\"https:\\\/\\\/eshop.medical10.es\\\/wp-content\\\/uploads\\\/2021\\\/07\\\/cropped-m10_header_2.png\",\"width\":165,\"height\":97,\"caption\":\"Medical 10\"},\"image\":{\"@id\":\"https:\\\/\\\/eshop.alphabio-iberia.com\\\/#\\\/schema\\\/logo\\\/image\\\/\"}}]}<\/script>\n<!-- \/ Yoast SEO plugin. -->","yoast_head_json":{"title":"Pilar est\u00e9tico com \u00e2ngulo anat\u00f3mico 25\u00b0 D 5.3 mm A 2.5-9.9 mm (HI) - Tienda Alpha-Bio Iberia","description":"Pilar est\u00e9tico com \u00e2ngulo anat\u00f3mico 25\u00b0 D 5.3 mm A 2.5-9.9 mm (HI) en Tienda Alpha-Bio Iberia por 75.60 \u20ac! Pilar est\u00e9tico com \u00e2ngulo anat\u00f3mico para conex\u00e3o hexagonal interna. Especifica\u00e7\u00f5es t\u00e9cnicas: \u25cf Angula\u00e7\u00e3o: 25\u00b0. \u25cf Altura gengival: 2.5 mm \u25cf Altura do","robots":{"index":"index","follow":"follow","max-snippet":"max-snippet:-1","max-image-preview":"max-image-preview:large","max-video-preview":"max-video-preview:-1"},"canonical":"https:\/\/eshop.alphabio-iberia.com\/pilar-estetico-angulado-anatomico-25-6\/","og_locale":"pt_PT","og_type":"article","og_title":"Pilar est\u00e9tico com \u00e2ngulo anat\u00f3mico 25\u00b0 D 5.3 mm A 2.5-9.9 mm (HI) - Tienda Alpha-Bio Iberia","og_description":"Pilar est\u00e9tico com \u00e2ngulo anat\u00f3mico 25\u00b0 D 5.3 mm A 2.5-9.9 mm (HI) en Tienda Alpha-Bio Iberia por 75.60 \u20ac! Pilar est\u00e9tico com \u00e2ngulo anat\u00f3mico para conex\u00e3o hexagonal interna. Especifica\u00e7\u00f5es t\u00e9cnicas: \u25cf Angula\u00e7\u00e3o: 25\u00b0. \u25cf Altura gengival: 2.5 mm \u25cf Altura do","og_url":"https:\/\/eshop.alphabio-iberia.com\/pilar-estetico-angulado-anatomico-25-6\/","og_site_name":"Tienda Alpha-Bio Iberia","article_modified_time":"2023-06-27T11:37:29+00:00","og_image":[{"width":500,"height":500,"url":"https:\/\/eshop.alphabio-iberia.com\/wp-content\/uploads\/2022\/02\/5414_pilarestetico_1.png","type":"image\/png"}],"twitter_card":"summary_large_image","schema":{"@context":"https:\/\/schema.org","@graph":[{"@type":"WebPage","@id":"https:\/\/eshop.alphabio-iberia.com\/pilar-estetico-angulado-anatomico-25-6\/","url":"https:\/\/eshop.alphabio-iberia.com\/pilar-estetico-angulado-anatomico-25-6\/","name":"Pilar est\u00e9tico com \u00e2ngulo anat\u00f3mico 25\u00b0 D 5.3 mm A 2.5-9.9 mm (HI) - Tienda Alpha-Bio Iberia","isPartOf":{"@id":"https:\/\/eshop.alphabio-iberia.com\/#website"},"primaryImageOfPage":{"@id":"https:\/\/eshop.alphabio-iberia.com\/pilar-estetico-angulado-anatomico-25-6\/#primaryimage"},"image":{"@id":"https:\/\/eshop.alphabio-iberia.com\/pilar-estetico-angulado-anatomico-25-6\/#primaryimage"},"thumbnailUrl":"https:\/\/eshop.alphabio-iberia.com\/wp-content\/uploads\/2022\/02\/5414_pilarestetico_1.png","datePublished":"2022-01-13T16:29:44+00:00","dateModified":"2023-06-27T11:37:29+00:00","description":"Pilar est\u00e9tico com \u00e2ngulo anat\u00f3mico 25\u00b0 D 5.3 mm A 2.5-9.9 mm (HI) en Tienda Alpha-Bio Iberia por 75.60 \u20ac! Pilar est\u00e9tico com \u00e2ngulo anat\u00f3mico para conex\u00e3o hexagonal interna. Especifica\u00e7\u00f5es t\u00e9cnicas: \u25cf Angula\u00e7\u00e3o: 25\u00b0. \u25cf Altura gengival: 2.5 mm \u25cf Altura do","breadcrumb":{"@id":"https:\/\/eshop.alphabio-iberia.com\/pilar-estetico-angulado-anatomico-25-6\/#breadcrumb"},"inLanguage":"pt-PT","potentialAction":[{"@type":"ReadAction","target":["https:\/\/eshop.alphabio-iberia.com\/pilar-estetico-angulado-anatomico-25-6\/"]}]},{"@type":"ImageObject","inLanguage":"pt-PT","@id":"https:\/\/eshop.alphabio-iberia.com\/pilar-estetico-angulado-anatomico-25-6\/#primaryimage","url":"https:\/\/eshop.alphabio-iberia.com\/wp-content\/uploads\/2022\/02\/5414_pilarestetico_1.png","contentUrl":"https:\/\/eshop.alphabio-iberia.com\/wp-content\/uploads\/2022\/02\/5414_pilarestetico_1.png","width":500,"height":500},{"@type":"BreadcrumbList","@id":"https:\/\/eshop.alphabio-iberia.com\/pilar-estetico-angulado-anatomico-25-6\/#breadcrumb","itemListElement":[{"@type":"ListItem","position":1,"name":"Portada","item":"https:\/\/eshop.alphabio-iberia.com\/"},{"@type":"ListItem","position":2,"name":"Tienda","item":"https:\/\/eshop.alphabio-iberia.com\/tienda\/"},{"@type":"ListItem","position":3,"name":"Pilar est\u00e9tico com \u00e2ngulo anat\u00f3mico 25\u00b0 D 5.3 mm A 2.5-9.9 mm (HI)"}]},{"@type":"WebSite","@id":"https:\/\/eshop.alphabio-iberia.com\/#website","url":"https:\/\/eshop.alphabio-iberia.com\/","name":"Tienda Alpha-Bio Iberia","description":"Ofrecemos una soluci\u00f3n 360\u00ba para odont\u00f3logos, implant\u00f3logos y cirujanos en implantolog\u00eda, ROG y odontolog\u00eda digital, acompa\u00f1ado de un amplio programa formativo en Espa\u00f1a y Portugal.","publisher":{"@id":"https:\/\/eshop.alphabio-iberia.com\/#organization"},"potentialAction":[{"@type":"SearchAction","target":{"@type":"EntryPoint","urlTemplate":"https:\/\/eshop.alphabio-iberia.com\/?s={search_term_string}"},"query-input":{"@type":"PropertyValueSpecification","valueRequired":true,"valueName":"search_term_string"}}],"inLanguage":"pt-PT"},{"@type":"Organization","@id":"https:\/\/eshop.alphabio-iberia.com\/#organization","name":"Medical 10","url":"https:\/\/eshop.alphabio-iberia.com\/","logo":{"@type":"ImageObject","inLanguage":"pt-PT","@id":"https:\/\/eshop.alphabio-iberia.com\/#\/schema\/logo\/image\/","url":"https:\/\/eshop.medical10.es\/wp-content\/uploads\/2021\/07\/cropped-m10_header_2.png","contentUrl":"https:\/\/eshop.medical10.es\/wp-content\/uploads\/2021\/07\/cropped-m10_header_2.png","width":165,"height":97,"caption":"Medical 10"},"image":{"@id":"https:\/\/eshop.alphabio-iberia.com\/#\/schema\/logo\/image\/"}}]}},"_links":{"self":[{"href":"https:\/\/eshop.alphabio-iberia.com\/pt-pt\/wp-json\/wp\/v2\/product\/24918","targetHints":{"allow":["GET"]}}],"collection":[{"href":"https:\/\/eshop.alphabio-iberia.com\/pt-pt\/wp-json\/wp\/v2\/product"}],"about":[{"href":"https:\/\/eshop.alphabio-iberia.com\/pt-pt\/wp-json\/wp\/v2\/types\/product"}],"replies":[{"embeddable":true,"href":"https:\/\/eshop.alphabio-iberia.com\/pt-pt\/wp-json\/wp\/v2\/comments?post=24918"}],"wp:featuredmedia":[{"embeddable":true,"href":"https:\/\/eshop.alphabio-iberia.com\/pt-pt\/wp-json\/wp\/v2\/media\/24919"}],"wp:attachment":[{"href":"https:\/\/eshop.alphabio-iberia.com\/pt-pt\/wp-json\/wp\/v2\/media?parent=24918"}],"wp:term":[{"taxonomy":"product_brand","embeddable":true,"href":"https:\/\/eshop.alphabio-iberia.com\/pt-pt\/wp-json\/wp\/v2\/product_brand?post=24918"},{"taxonomy":"product_cat","embeddable":true,"href":"https:\/\/eshop.alphabio-iberia.com\/pt-pt\/wp-json\/wp\/v2\/product_cat?post=24918"},{"taxonomy":"product_tag","embeddable":true,"href":"https:\/\/eshop.alphabio-iberia.com\/pt-pt\/wp-json\/wp\/v2\/product_tag?post=24918"}],"curies":[{"name":"wp","href":"https:\/\/api.w.org\/{rel}","templated":true}]}}