{"id":25318,"date":"2022-01-13T16:25:46","date_gmt":"2022-01-13T16:25:46","guid":{"rendered":"https:\/\/eshop.medical10.es\/producto\/kit-quirurgico-de-fresas-escalonadas-cschc\/"},"modified":"2023-06-27T11:36:44","modified_gmt":"2023-06-27T11:36:44","slug":"kit-quirurgico-de-fresas-escalonadas","status":"publish","type":"product","link":"https:\/\/eshop.alphabio-iberia.com\/pt-pt\/kit-quirurgico-fresas-escalonadas-cschc\/","title":{"rendered":"Kit de broca de passo cir\u00fargico  (CS+CHC)"},"content":{"rendered":"<p>Kit de brocas de passo cir\u00fargico para conex\u00e3o c\u00f3nica (di\u00e2metro padr\u00e3o) e conex\u00e3o c\u00f3nica hexagonal.<\/p>\n","protected":false},"excerpt":{"rendered":"<p>Kit de brocas de passo cir\u00fargico para conex\u00e3o c\u00f3nica (di\u00e2metro padr\u00e3o) e conex\u00e3o c\u00f3nica hexagonal.<\/p>\n","protected":false},"featured_media":23159,"comment_status":"open","ping_status":"closed","template":"","meta":[],"product_cat":[495],"product_tag":[],"class_list":{"0":"post-25318","1":"product","2":"type-product","3":"status-publish","4":"has-post-thumbnail","6":"product_cat-kit-quirurgico-pt-pt-2","7":"pa_conexion-conexion-interna-conexion-conica-pt-pt","9":"first","10":"instock","11":"taxable","12":"shipping-taxable","13":"product-type-simple"},"acf":[],"yoast_head":"<!-- This site is optimized with the Yoast SEO plugin v27.2 - https:\/\/yoast.com\/product\/yoast-seo-wordpress\/ -->\n<title>Kit de broca de passo cir\u00fargico (CS+CHC) - Tienda Alpha-Bio Iberia<\/title>\n<meta name=\"description\" content=\"Kit de broca de passo cir\u00fargico (CS+CHC) en Tienda Alpha-Bio Iberia por 1105.65 \u20ac! Kit de brocas de passo cir\u00fargico para conex\u00e3o c\u00f3nica (di\u00e2metro padr\u00e3o) e conex\u00e3o c\u00f3nica hexagonal.\" \/>\n<meta name=\"robots\" content=\"index, follow, max-snippet:-1, max-image-preview:large, max-video-preview:-1\" \/>\n<link rel=\"canonical\" href=\"https:\/\/eshop.alphabio-iberia.com\/pt-pt\/kit-quirurgico-fresas-escalonadas-cschc\/\" \/>\n<meta property=\"og:locale\" content=\"pt_PT\" \/>\n<meta property=\"og:type\" content=\"article\" \/>\n<meta property=\"og:title\" content=\"Kit de broca de passo cir\u00fargico (CS+CHC) - Tienda Alpha-Bio Iberia\" \/>\n<meta property=\"og:description\" content=\"Kit de broca de passo cir\u00fargico (CS+CHC) en Tienda Alpha-Bio Iberia por 1105.65 \u20ac! Kit de brocas de passo cir\u00fargico para conex\u00e3o c\u00f3nica (di\u00e2metro padr\u00e3o) e conex\u00e3o c\u00f3nica hexagonal.\" \/>\n<meta property=\"og:url\" content=\"https:\/\/eshop.alphabio-iberia.com\/pt-pt\/kit-quirurgico-fresas-escalonadas-cschc\/\" \/>\n<meta property=\"og:site_name\" content=\"Tienda Alpha-Bio Iberia\" \/>\n<meta property=\"article:modified_time\" content=\"2023-06-27T11:36:44+00:00\" \/>\n<meta property=\"og:image\" content=\"https:\/\/eshop.alphabio-iberia.com\/wp-content\/uploads\/2022\/02\/kit_119_1.png\" \/>\n\t<meta property=\"og:image:width\" content=\"500\" \/>\n\t<meta property=\"og:image:height\" content=\"500\" \/>\n\t<meta property=\"og:image:type\" content=\"image\/png\" \/>\n<meta name=\"twitter:card\" content=\"summary_large_image\" \/>\n<script type=\"application\/ld+json\" class=\"yoast-schema-graph\">{\"@context\":\"https:\/\/schema.org\",\"@graph\":[{\"@type\":\"WebPage\",\"@id\":\"https:\/\/eshop.alphabio-iberia.com\/pt-pt\/kit-quirurgico-fresas-escalonadas-cschc\/\",\"url\":\"https:\/\/eshop.alphabio-iberia.com\/pt-pt\/kit-quirurgico-fresas-escalonadas-cschc\/\",\"name\":\"Kit de broca de passo cir\u00fargico (CS+CHC) - Tienda Alpha-Bio Iberia\",\"isPartOf\":{\"@id\":\"https:\/\/eshop.alphabio-iberia.com\/#website\"},\"primaryImageOfPage\":{\"@id\":\"https:\/\/eshop.alphabio-iberia.com\/pt-pt\/kit-quirurgico-fresas-escalonadas-cschc\/#primaryimage\"},\"image\":{\"@id\":\"https:\/\/eshop.alphabio-iberia.com\/pt-pt\/kit-quirurgico-fresas-escalonadas-cschc\/#primaryimage\"},\"thumbnailUrl\":\"https:\/\/eshop.alphabio-iberia.com\/wp-content\/uploads\/2022\/02\/kit_119_1.png\",\"datePublished\":\"2022-01-13T16:25:46+00:00\",\"dateModified\":\"2023-06-27T11:36:44+00:00\",\"description\":\"Kit de broca de passo cir\u00fargico (CS+CHC) en Tienda Alpha-Bio Iberia por 1105.65 \u20ac! Kit de brocas de passo cir\u00fargico para conex\u00e3o c\u00f3nica (di\u00e2metro padr\u00e3o) e conex\u00e3o c\u00f3nica hexagonal.\",\"breadcrumb\":{\"@id\":\"https:\/\/eshop.alphabio-iberia.com\/pt-pt\/kit-quirurgico-fresas-escalonadas-cschc\/#breadcrumb\"},\"inLanguage\":\"pt-PT\",\"potentialAction\":[{\"@type\":\"ReadAction\",\"target\":[\"https:\/\/eshop.alphabio-iberia.com\/pt-pt\/kit-quirurgico-fresas-escalonadas-cschc\/\"]}]},{\"@type\":\"ImageObject\",\"inLanguage\":\"pt-PT\",\"@id\":\"https:\/\/eshop.alphabio-iberia.com\/pt-pt\/kit-quirurgico-fresas-escalonadas-cschc\/#primaryimage\",\"url\":\"https:\/\/eshop.alphabio-iberia.com\/wp-content\/uploads\/2022\/02\/kit_119_1.png\",\"contentUrl\":\"https:\/\/eshop.alphabio-iberia.com\/wp-content\/uploads\/2022\/02\/kit_119_1.png\",\"width\":500,\"height\":500,\"caption\":\"Kit quir\u00fargico de fresas escalonadas\"},{\"@type\":\"BreadcrumbList\",\"@id\":\"https:\/\/eshop.alphabio-iberia.com\/pt-pt\/kit-quirurgico-fresas-escalonadas-cschc\/#breadcrumb\",\"itemListElement\":[{\"@type\":\"ListItem\",\"position\":1,\"name\":\"Portada\",\"item\":\"https:\/\/eshop.alphabio-iberia.com\/\"},{\"@type\":\"ListItem\",\"position\":2,\"name\":\"Tienda\",\"item\":\"https:\/\/eshop.alphabio-iberia.com\/tienda\/\"},{\"@type\":\"ListItem\",\"position\":3,\"name\":\"Kit de broca de passo cir\u00fargico (CS+CHC)\"}]},{\"@type\":\"WebSite\",\"@id\":\"https:\/\/eshop.alphabio-iberia.com\/#website\",\"url\":\"https:\/\/eshop.alphabio-iberia.com\/\",\"name\":\"Tienda Alpha-Bio Iberia\",\"description\":\"Ofrecemos una soluci\u00f3n 360\u00ba para odont\u00f3logos, implant\u00f3logos y cirujanos en implantolog\u00eda, ROG y odontolog\u00eda digital, acompa\u00f1ado de un amplio programa formativo en Espa\u00f1a y Portugal.\",\"publisher\":{\"@id\":\"https:\/\/eshop.alphabio-iberia.com\/#organization\"},\"potentialAction\":[{\"@type\":\"SearchAction\",\"target\":{\"@type\":\"EntryPoint\",\"urlTemplate\":\"https:\/\/eshop.alphabio-iberia.com\/?s={search_term_string}\"},\"query-input\":{\"@type\":\"PropertyValueSpecification\",\"valueRequired\":true,\"valueName\":\"search_term_string\"}}],\"inLanguage\":\"pt-PT\"},{\"@type\":\"Organization\",\"@id\":\"https:\/\/eshop.alphabio-iberia.com\/#organization\",\"name\":\"Medical 10\",\"url\":\"https:\/\/eshop.alphabio-iberia.com\/\",\"logo\":{\"@type\":\"ImageObject\",\"inLanguage\":\"pt-PT\",\"@id\":\"https:\/\/eshop.alphabio-iberia.com\/#\/schema\/logo\/image\/\",\"url\":\"https:\/\/eshop.medical10.es\/wp-content\/uploads\/2021\/07\/cropped-m10_header_2.png\",\"contentUrl\":\"https:\/\/eshop.medical10.es\/wp-content\/uploads\/2021\/07\/cropped-m10_header_2.png\",\"width\":165,\"height\":97,\"caption\":\"Medical 10\"},\"image\":{\"@id\":\"https:\/\/eshop.alphabio-iberia.com\/#\/schema\/logo\/image\/\"}}]}<\/script>\n<!-- \/ Yoast SEO plugin. -->","yoast_head_json":{"title":"Kit de broca de passo cir\u00fargico (CS+CHC) - Tienda Alpha-Bio Iberia","description":"Kit de broca de passo cir\u00fargico (CS+CHC) en Tienda Alpha-Bio Iberia por 1105.65 \u20ac! Kit de brocas de passo cir\u00fargico para conex\u00e3o c\u00f3nica (di\u00e2metro padr\u00e3o) e conex\u00e3o c\u00f3nica hexagonal.","robots":{"index":"index","follow":"follow","max-snippet":"max-snippet:-1","max-image-preview":"max-image-preview:large","max-video-preview":"max-video-preview:-1"},"canonical":"https:\/\/eshop.alphabio-iberia.com\/pt-pt\/kit-quirurgico-fresas-escalonadas-cschc\/","og_locale":"pt_PT","og_type":"article","og_title":"Kit de broca de passo cir\u00fargico (CS+CHC) - Tienda Alpha-Bio Iberia","og_description":"Kit de broca de passo cir\u00fargico (CS+CHC) en Tienda Alpha-Bio Iberia por 1105.65 \u20ac! Kit de brocas de passo cir\u00fargico para conex\u00e3o c\u00f3nica (di\u00e2metro padr\u00e3o) e conex\u00e3o c\u00f3nica hexagonal.","og_url":"https:\/\/eshop.alphabio-iberia.com\/pt-pt\/kit-quirurgico-fresas-escalonadas-cschc\/","og_site_name":"Tienda Alpha-Bio Iberia","article_modified_time":"2023-06-27T11:36:44+00:00","og_image":[{"width":500,"height":500,"url":"https:\/\/eshop.alphabio-iberia.com\/wp-content\/uploads\/2022\/02\/kit_119_1.png","type":"image\/png"}],"twitter_card":"summary_large_image","schema":{"@context":"https:\/\/schema.org","@graph":[{"@type":"WebPage","@id":"https:\/\/eshop.alphabio-iberia.com\/pt-pt\/kit-quirurgico-fresas-escalonadas-cschc\/","url":"https:\/\/eshop.alphabio-iberia.com\/pt-pt\/kit-quirurgico-fresas-escalonadas-cschc\/","name":"Kit de broca de passo cir\u00fargico (CS+CHC) - Tienda Alpha-Bio Iberia","isPartOf":{"@id":"https:\/\/eshop.alphabio-iberia.com\/#website"},"primaryImageOfPage":{"@id":"https:\/\/eshop.alphabio-iberia.com\/pt-pt\/kit-quirurgico-fresas-escalonadas-cschc\/#primaryimage"},"image":{"@id":"https:\/\/eshop.alphabio-iberia.com\/pt-pt\/kit-quirurgico-fresas-escalonadas-cschc\/#primaryimage"},"thumbnailUrl":"https:\/\/eshop.alphabio-iberia.com\/wp-content\/uploads\/2022\/02\/kit_119_1.png","datePublished":"2022-01-13T16:25:46+00:00","dateModified":"2023-06-27T11:36:44+00:00","description":"Kit de broca de passo cir\u00fargico (CS+CHC) en Tienda Alpha-Bio Iberia por 1105.65 \u20ac! Kit de brocas de passo cir\u00fargico para conex\u00e3o c\u00f3nica (di\u00e2metro padr\u00e3o) e conex\u00e3o c\u00f3nica hexagonal.","breadcrumb":{"@id":"https:\/\/eshop.alphabio-iberia.com\/pt-pt\/kit-quirurgico-fresas-escalonadas-cschc\/#breadcrumb"},"inLanguage":"pt-PT","potentialAction":[{"@type":"ReadAction","target":["https:\/\/eshop.alphabio-iberia.com\/pt-pt\/kit-quirurgico-fresas-escalonadas-cschc\/"]}]},{"@type":"ImageObject","inLanguage":"pt-PT","@id":"https:\/\/eshop.alphabio-iberia.com\/pt-pt\/kit-quirurgico-fresas-escalonadas-cschc\/#primaryimage","url":"https:\/\/eshop.alphabio-iberia.com\/wp-content\/uploads\/2022\/02\/kit_119_1.png","contentUrl":"https:\/\/eshop.alphabio-iberia.com\/wp-content\/uploads\/2022\/02\/kit_119_1.png","width":500,"height":500,"caption":"Kit quir\u00fargico de fresas escalonadas"},{"@type":"BreadcrumbList","@id":"https:\/\/eshop.alphabio-iberia.com\/pt-pt\/kit-quirurgico-fresas-escalonadas-cschc\/#breadcrumb","itemListElement":[{"@type":"ListItem","position":1,"name":"Portada","item":"https:\/\/eshop.alphabio-iberia.com\/"},{"@type":"ListItem","position":2,"name":"Tienda","item":"https:\/\/eshop.alphabio-iberia.com\/tienda\/"},{"@type":"ListItem","position":3,"name":"Kit de broca de passo cir\u00fargico (CS+CHC)"}]},{"@type":"WebSite","@id":"https:\/\/eshop.alphabio-iberia.com\/#website","url":"https:\/\/eshop.alphabio-iberia.com\/","name":"Tienda Alpha-Bio Iberia","description":"Ofrecemos una soluci\u00f3n 360\u00ba para odont\u00f3logos, implant\u00f3logos y cirujanos en implantolog\u00eda, ROG y odontolog\u00eda digital, acompa\u00f1ado de un amplio programa formativo en Espa\u00f1a y Portugal.","publisher":{"@id":"https:\/\/eshop.alphabio-iberia.com\/#organization"},"potentialAction":[{"@type":"SearchAction","target":{"@type":"EntryPoint","urlTemplate":"https:\/\/eshop.alphabio-iberia.com\/?s={search_term_string}"},"query-input":{"@type":"PropertyValueSpecification","valueRequired":true,"valueName":"search_term_string"}}],"inLanguage":"pt-PT"},{"@type":"Organization","@id":"https:\/\/eshop.alphabio-iberia.com\/#organization","name":"Medical 10","url":"https:\/\/eshop.alphabio-iberia.com\/","logo":{"@type":"ImageObject","inLanguage":"pt-PT","@id":"https:\/\/eshop.alphabio-iberia.com\/#\/schema\/logo\/image\/","url":"https:\/\/eshop.medical10.es\/wp-content\/uploads\/2021\/07\/cropped-m10_header_2.png","contentUrl":"https:\/\/eshop.medical10.es\/wp-content\/uploads\/2021\/07\/cropped-m10_header_2.png","width":165,"height":97,"caption":"Medical 10"},"image":{"@id":"https:\/\/eshop.alphabio-iberia.com\/#\/schema\/logo\/image\/"}}]}},"_links":{"self":[{"href":"https:\/\/eshop.alphabio-iberia.com\/pt-pt\/wp-json\/wp\/v2\/product\/25318","targetHints":{"allow":["GET"]}}],"collection":[{"href":"https:\/\/eshop.alphabio-iberia.com\/pt-pt\/wp-json\/wp\/v2\/product"}],"about":[{"href":"https:\/\/eshop.alphabio-iberia.com\/pt-pt\/wp-json\/wp\/v2\/types\/product"}],"replies":[{"embeddable":true,"href":"https:\/\/eshop.alphabio-iberia.com\/pt-pt\/wp-json\/wp\/v2\/comments?post=25318"}],"wp:featuredmedia":[{"embeddable":true,"href":"https:\/\/eshop.alphabio-iberia.com\/pt-pt\/wp-json\/wp\/v2\/media\/23159"}],"wp:attachment":[{"href":"https:\/\/eshop.alphabio-iberia.com\/pt-pt\/wp-json\/wp\/v2\/media?parent=25318"}],"wp:term":[{"taxonomy":"product_cat","embeddable":true,"href":"https:\/\/eshop.alphabio-iberia.com\/pt-pt\/wp-json\/wp\/v2\/product_cat?post=25318"},{"taxonomy":"product_tag","embeddable":true,"href":"https:\/\/eshop.alphabio-iberia.com\/pt-pt\/wp-json\/wp\/v2\/product_tag?post=25318"}],"curies":[{"name":"wp","href":"https:\/\/api.w.org\/{rel}","templated":true}]}}