{"id":25508,"date":"2022-01-13T16:23:35","date_gmt":"2022-01-13T16:23:35","guid":{"rendered":"https:\/\/eshop.medical10.es\/producto\/interfase-dinamica-antirrotatoria-a-3-mm-cs\/"},"modified":"2023-06-27T11:36:23","modified_gmt":"2023-06-27T11:36:23","slug":"interfase-dinamica-antirrotatoria-2","status":"publish","type":"product","link":"https:\/\/eshop.alphabio-iberia.com\/pt-pt\/interfase-dinamica-antirrotatoria-3-mm-cs\/","title":{"rendered":"Interface din\u00e2mica anti-rotativa"},"content":{"rendered":"<p>Interface din\u00e2mica anti-rota\u00e7\u00e3o para liga\u00e7\u00e3o c\u00f3nica (di\u00e2metro standard)<\/p>\n<p>Especifica\u00e7\u00f5es t\u00e9cnicas:<br \/>\n\u25cf Altura: 3 mm<\/p>\n","protected":false},"excerpt":{"rendered":"<p>Interface din\u00e2mica anti-rota\u00e7\u00e3o para liga\u00e7\u00e3o c\u00f3nica (di\u00e2metro standard) Especifica\u00e7\u00f5es t\u00e9cnicas: \u25cf Altura: 3 mm<\/p>\n","protected":false},"featured_media":25509,"comment_status":"open","ping_status":"closed","template":"","meta":{"_acf_changed":false},"product_brand":[],"product_cat":[473],"product_tag":[],"class_list":{"0":"post-25508","1":"product","2":"type-product","3":"status-publish","4":"has-post-thumbnail","6":"product_cat-cad-cam-dinamico-pt-pt","7":"pa_altura-gingival-3-mm-pt-pt","8":"pa_antirrotatorio-si-pt-pt","9":"pa_conexion-conexion-conica-pt-pt","10":"pa_tipo-de-protesis-dinamica-pt-pt","12":"first","13":"instock","14":"taxable","15":"shipping-taxable","16":"product-type-simple"},"acf":[],"yoast_head":"<!-- This site is optimized with the Yoast SEO plugin v27.4 - https:\/\/yoast.com\/product\/yoast-seo-wordpress\/ -->\n<title>Interface din\u00e2mica anti-rotativa - Tienda Alpha-Bio Iberia<\/title>\n<meta name=\"description\" content=\"Interface din\u00e2mica anti-rotativa en Tienda Alpha-Bio Iberia por 48.30 \u20ac! Interface din\u00e2mica anti-rota\u00e7\u00e3o para liga\u00e7\u00e3o c\u00f3nica (di\u00e2metro standard) Especifica\u00e7\u00f5es t\u00e9cnicas: \u25cf Altura: 3 mm\" \/>\n<meta name=\"robots\" content=\"index, follow, max-snippet:-1, max-image-preview:large, max-video-preview:-1\" \/>\n<link rel=\"canonical\" href=\"https:\/\/eshop.alphabio-iberia.com\/?post_type=product&p=8981\" \/>\n<meta property=\"og:locale\" content=\"pt_PT\" \/>\n<meta property=\"og:type\" content=\"article\" \/>\n<meta property=\"og:title\" content=\"Interface din\u00e2mica anti-rotativa - Tienda Alpha-Bio Iberia\" \/>\n<meta property=\"og:description\" content=\"Interface din\u00e2mica anti-rotativa en Tienda Alpha-Bio Iberia por 48.30 \u20ac! Interface din\u00e2mica anti-rota\u00e7\u00e3o para liga\u00e7\u00e3o c\u00f3nica (di\u00e2metro standard) Especifica\u00e7\u00f5es t\u00e9cnicas: \u25cf Altura: 3 mm\" \/>\n<meta property=\"og:url\" content=\"https:\/\/eshop.alphabio-iberia.com\/?post_type=product&amp;p=8981\" \/>\n<meta property=\"og:site_name\" content=\"Tienda Alpha-Bio Iberia\" \/>\n<meta property=\"article:modified_time\" content=\"2023-06-27T11:36:23+00:00\" \/>\n<meta property=\"og:image\" content=\"https:\/\/eshop.alphabio-iberia.com\/wp-content\/uploads\/2022\/01\/31312169042_1-3.png\" \/>\n\t<meta property=\"og:image:width\" content=\"647\" \/>\n\t<meta property=\"og:image:height\" content=\"647\" \/>\n\t<meta property=\"og:image:type\" content=\"image\/png\" \/>\n<meta name=\"twitter:card\" content=\"summary_large_image\" \/>\n<script type=\"application\/ld+json\" class=\"yoast-schema-graph\">{\"@context\":\"https:\\\/\\\/schema.org\",\"@graph\":[{\"@type\":\"WebPage\",\"@id\":\"https:\\\/\\\/eshop.alphabio-iberia.com\\\/?post_type=product&p=8981\",\"url\":\"https:\\\/\\\/eshop.alphabio-iberia.com\\\/?post_type=product&p=8981\",\"name\":\"Interface din\u00e2mica anti-rotativa - Tienda Alpha-Bio Iberia\",\"isPartOf\":{\"@id\":\"https:\\\/\\\/eshop.alphabio-iberia.com\\\/#website\"},\"primaryImageOfPage\":{\"@id\":\"https:\\\/\\\/eshop.alphabio-iberia.com\\\/?post_type=product&p=8981#primaryimage\"},\"image\":{\"@id\":\"https:\\\/\\\/eshop.alphabio-iberia.com\\\/?post_type=product&p=8981#primaryimage\"},\"thumbnailUrl\":\"https:\\\/\\\/eshop.alphabio-iberia.com\\\/wp-content\\\/uploads\\\/2022\\\/01\\\/31312169042_1-3.png\",\"datePublished\":\"2022-01-13T16:23:35+00:00\",\"dateModified\":\"2023-06-27T11:36:23+00:00\",\"description\":\"Interface din\u00e2mica anti-rotativa en Tienda Alpha-Bio Iberia por 48.30 \u20ac! Interface din\u00e2mica anti-rota\u00e7\u00e3o para liga\u00e7\u00e3o c\u00f3nica (di\u00e2metro standard) Especifica\u00e7\u00f5es t\u00e9cnicas: \u25cf Altura: 3 mm\",\"breadcrumb\":{\"@id\":\"https:\\\/\\\/eshop.alphabio-iberia.com\\\/?post_type=product&p=8981#breadcrumb\"},\"inLanguage\":\"pt-PT\",\"potentialAction\":[{\"@type\":\"ReadAction\",\"target\":[\"https:\\\/\\\/eshop.alphabio-iberia.com\\\/?post_type=product&p=8981\"]}]},{\"@type\":\"ImageObject\",\"inLanguage\":\"pt-PT\",\"@id\":\"https:\\\/\\\/eshop.alphabio-iberia.com\\\/?post_type=product&p=8981#primaryimage\",\"url\":\"https:\\\/\\\/eshop.alphabio-iberia.com\\\/wp-content\\\/uploads\\\/2022\\\/01\\\/31312169042_1-3.png\",\"contentUrl\":\"https:\\\/\\\/eshop.alphabio-iberia.com\\\/wp-content\\\/uploads\\\/2022\\\/01\\\/31312169042_1-3.png\",\"width\":647,\"height\":647},{\"@type\":\"BreadcrumbList\",\"@id\":\"https:\\\/\\\/eshop.alphabio-iberia.com\\\/?post_type=product&p=8981#breadcrumb\",\"itemListElement\":[{\"@type\":\"ListItem\",\"position\":1,\"name\":\"Portada\",\"item\":\"https:\\\/\\\/eshop.alphabio-iberia.com\\\/\"},{\"@type\":\"ListItem\",\"position\":2,\"name\":\"Tienda\",\"item\":\"https:\\\/\\\/eshop.alphabio-iberia.com\\\/tienda\\\/\"},{\"@type\":\"ListItem\",\"position\":3,\"name\":\"Interface din\u00e2mica anti-rotativa\"}]},{\"@type\":\"WebSite\",\"@id\":\"https:\\\/\\\/eshop.alphabio-iberia.com\\\/#website\",\"url\":\"https:\\\/\\\/eshop.alphabio-iberia.com\\\/\",\"name\":\"Tienda Alpha-Bio Iberia\",\"description\":\"Ofrecemos una soluci\u00f3n 360\u00ba para odont\u00f3logos, implant\u00f3logos y cirujanos en implantolog\u00eda, ROG y odontolog\u00eda digital, acompa\u00f1ado de un amplio programa formativo en Espa\u00f1a y Portugal.\",\"publisher\":{\"@id\":\"https:\\\/\\\/eshop.alphabio-iberia.com\\\/#organization\"},\"potentialAction\":[{\"@type\":\"SearchAction\",\"target\":{\"@type\":\"EntryPoint\",\"urlTemplate\":\"https:\\\/\\\/eshop.alphabio-iberia.com\\\/?s={search_term_string}\"},\"query-input\":{\"@type\":\"PropertyValueSpecification\",\"valueRequired\":true,\"valueName\":\"search_term_string\"}}],\"inLanguage\":\"pt-PT\"},{\"@type\":\"Organization\",\"@id\":\"https:\\\/\\\/eshop.alphabio-iberia.com\\\/#organization\",\"name\":\"Medical 10\",\"url\":\"https:\\\/\\\/eshop.alphabio-iberia.com\\\/\",\"logo\":{\"@type\":\"ImageObject\",\"inLanguage\":\"pt-PT\",\"@id\":\"https:\\\/\\\/eshop.alphabio-iberia.com\\\/#\\\/schema\\\/logo\\\/image\\\/\",\"url\":\"https:\\\/\\\/eshop.medical10.es\\\/wp-content\\\/uploads\\\/2021\\\/07\\\/cropped-m10_header_2.png\",\"contentUrl\":\"https:\\\/\\\/eshop.medical10.es\\\/wp-content\\\/uploads\\\/2021\\\/07\\\/cropped-m10_header_2.png\",\"width\":165,\"height\":97,\"caption\":\"Medical 10\"},\"image\":{\"@id\":\"https:\\\/\\\/eshop.alphabio-iberia.com\\\/#\\\/schema\\\/logo\\\/image\\\/\"}}]}<\/script>\n<!-- \/ Yoast SEO plugin. -->","yoast_head_json":{"title":"Interface din\u00e2mica anti-rotativa - Tienda Alpha-Bio Iberia","description":"Interface din\u00e2mica anti-rotativa en Tienda Alpha-Bio Iberia por 48.30 \u20ac! Interface din\u00e2mica anti-rota\u00e7\u00e3o para liga\u00e7\u00e3o c\u00f3nica (di\u00e2metro standard) Especifica\u00e7\u00f5es t\u00e9cnicas: \u25cf Altura: 3 mm","robots":{"index":"index","follow":"follow","max-snippet":"max-snippet:-1","max-image-preview":"max-image-preview:large","max-video-preview":"max-video-preview:-1"},"canonical":"https:\/\/eshop.alphabio-iberia.com\/?post_type=product&p=8981","og_locale":"pt_PT","og_type":"article","og_title":"Interface din\u00e2mica anti-rotativa - Tienda Alpha-Bio Iberia","og_description":"Interface din\u00e2mica anti-rotativa en Tienda Alpha-Bio Iberia por 48.30 \u20ac! Interface din\u00e2mica anti-rota\u00e7\u00e3o para liga\u00e7\u00e3o c\u00f3nica (di\u00e2metro standard) Especifica\u00e7\u00f5es t\u00e9cnicas: \u25cf Altura: 3 mm","og_url":"https:\/\/eshop.alphabio-iberia.com\/?post_type=product&p=8981","og_site_name":"Tienda Alpha-Bio Iberia","article_modified_time":"2023-06-27T11:36:23+00:00","og_image":[{"width":647,"height":647,"url":"https:\/\/eshop.alphabio-iberia.com\/wp-content\/uploads\/2022\/01\/31312169042_1-3.png","type":"image\/png"}],"twitter_card":"summary_large_image","schema":{"@context":"https:\/\/schema.org","@graph":[{"@type":"WebPage","@id":"https:\/\/eshop.alphabio-iberia.com\/?post_type=product&p=8981","url":"https:\/\/eshop.alphabio-iberia.com\/?post_type=product&p=8981","name":"Interface din\u00e2mica anti-rotativa - Tienda Alpha-Bio Iberia","isPartOf":{"@id":"https:\/\/eshop.alphabio-iberia.com\/#website"},"primaryImageOfPage":{"@id":"https:\/\/eshop.alphabio-iberia.com\/?post_type=product&p=8981#primaryimage"},"image":{"@id":"https:\/\/eshop.alphabio-iberia.com\/?post_type=product&p=8981#primaryimage"},"thumbnailUrl":"https:\/\/eshop.alphabio-iberia.com\/wp-content\/uploads\/2022\/01\/31312169042_1-3.png","datePublished":"2022-01-13T16:23:35+00:00","dateModified":"2023-06-27T11:36:23+00:00","description":"Interface din\u00e2mica anti-rotativa en Tienda Alpha-Bio Iberia por 48.30 \u20ac! Interface din\u00e2mica anti-rota\u00e7\u00e3o para liga\u00e7\u00e3o c\u00f3nica (di\u00e2metro standard) Especifica\u00e7\u00f5es t\u00e9cnicas: \u25cf Altura: 3 mm","breadcrumb":{"@id":"https:\/\/eshop.alphabio-iberia.com\/?post_type=product&p=8981#breadcrumb"},"inLanguage":"pt-PT","potentialAction":[{"@type":"ReadAction","target":["https:\/\/eshop.alphabio-iberia.com\/?post_type=product&p=8981"]}]},{"@type":"ImageObject","inLanguage":"pt-PT","@id":"https:\/\/eshop.alphabio-iberia.com\/?post_type=product&p=8981#primaryimage","url":"https:\/\/eshop.alphabio-iberia.com\/wp-content\/uploads\/2022\/01\/31312169042_1-3.png","contentUrl":"https:\/\/eshop.alphabio-iberia.com\/wp-content\/uploads\/2022\/01\/31312169042_1-3.png","width":647,"height":647},{"@type":"BreadcrumbList","@id":"https:\/\/eshop.alphabio-iberia.com\/?post_type=product&p=8981#breadcrumb","itemListElement":[{"@type":"ListItem","position":1,"name":"Portada","item":"https:\/\/eshop.alphabio-iberia.com\/"},{"@type":"ListItem","position":2,"name":"Tienda","item":"https:\/\/eshop.alphabio-iberia.com\/tienda\/"},{"@type":"ListItem","position":3,"name":"Interface din\u00e2mica anti-rotativa"}]},{"@type":"WebSite","@id":"https:\/\/eshop.alphabio-iberia.com\/#website","url":"https:\/\/eshop.alphabio-iberia.com\/","name":"Tienda Alpha-Bio Iberia","description":"Ofrecemos una soluci\u00f3n 360\u00ba para odont\u00f3logos, implant\u00f3logos y cirujanos en implantolog\u00eda, ROG y odontolog\u00eda digital, acompa\u00f1ado de un amplio programa formativo en Espa\u00f1a y Portugal.","publisher":{"@id":"https:\/\/eshop.alphabio-iberia.com\/#organization"},"potentialAction":[{"@type":"SearchAction","target":{"@type":"EntryPoint","urlTemplate":"https:\/\/eshop.alphabio-iberia.com\/?s={search_term_string}"},"query-input":{"@type":"PropertyValueSpecification","valueRequired":true,"valueName":"search_term_string"}}],"inLanguage":"pt-PT"},{"@type":"Organization","@id":"https:\/\/eshop.alphabio-iberia.com\/#organization","name":"Medical 10","url":"https:\/\/eshop.alphabio-iberia.com\/","logo":{"@type":"ImageObject","inLanguage":"pt-PT","@id":"https:\/\/eshop.alphabio-iberia.com\/#\/schema\/logo\/image\/","url":"https:\/\/eshop.medical10.es\/wp-content\/uploads\/2021\/07\/cropped-m10_header_2.png","contentUrl":"https:\/\/eshop.medical10.es\/wp-content\/uploads\/2021\/07\/cropped-m10_header_2.png","width":165,"height":97,"caption":"Medical 10"},"image":{"@id":"https:\/\/eshop.alphabio-iberia.com\/#\/schema\/logo\/image\/"}}]}},"_links":{"self":[{"href":"https:\/\/eshop.alphabio-iberia.com\/pt-pt\/wp-json\/wp\/v2\/product\/25508","targetHints":{"allow":["GET"]}}],"collection":[{"href":"https:\/\/eshop.alphabio-iberia.com\/pt-pt\/wp-json\/wp\/v2\/product"}],"about":[{"href":"https:\/\/eshop.alphabio-iberia.com\/pt-pt\/wp-json\/wp\/v2\/types\/product"}],"replies":[{"embeddable":true,"href":"https:\/\/eshop.alphabio-iberia.com\/pt-pt\/wp-json\/wp\/v2\/comments?post=25508"}],"wp:featuredmedia":[{"embeddable":true,"href":"https:\/\/eshop.alphabio-iberia.com\/pt-pt\/wp-json\/wp\/v2\/media\/25509"}],"wp:attachment":[{"href":"https:\/\/eshop.alphabio-iberia.com\/pt-pt\/wp-json\/wp\/v2\/media?parent=25508"}],"wp:term":[{"taxonomy":"product_brand","embeddable":true,"href":"https:\/\/eshop.alphabio-iberia.com\/pt-pt\/wp-json\/wp\/v2\/product_brand?post=25508"},{"taxonomy":"product_cat","embeddable":true,"href":"https:\/\/eshop.alphabio-iberia.com\/pt-pt\/wp-json\/wp\/v2\/product_cat?post=25508"},{"taxonomy":"product_tag","embeddable":true,"href":"https:\/\/eshop.alphabio-iberia.com\/pt-pt\/wp-json\/wp\/v2\/product_tag?post=25508"}],"curies":[{"name":"wp","href":"https:\/\/api.w.org\/{rel}","templated":true}]}}