{"id":25777,"date":"2022-01-13T15:44:39","date_gmt":"2022-01-13T15:44:39","guid":{"rendered":"https:\/\/eshop.medical10.es\/producto\/pilar-de-cicatrizacion-d-4-6-mm-a-2-mm-hi\/"},"modified":"2023-06-27T11:27:04","modified_gmt":"2023-06-27T11:27:04","slug":"pilar-de-cicatrizacion-d-4-6-mm-2","status":"publish","type":"product","link":"https:\/\/eshop.alphabio-iberia.com\/pt-pt\/pilar-cicatrizacion-d-4-6-mm-2-mm-hi\/","title":{"rendered":"Pilares de cicatriza\u00e7\u00e3o D 4.6 mm A 2 mm (HI)"},"content":{"rendered":"<p>Os pilares de cicatriza\u00e7\u00e3o para conex\u00e3o hexagonal interna foram concebidos para promover a cicatriza\u00e7\u00e3o do tecido gengival \u00e0 volta do leito do implante.<br \/>\nEspecifica\u00e7\u00f5es t\u00e9cnicas:<br \/>\n\u25cf Di\u00e1metro: 4.6 mm<br \/>\n\u25cf Altura gingival: 2 mm<\/p>\n","protected":false},"excerpt":{"rendered":"<p>Os pilares de cicatriza\u00e7\u00e3o para conex\u00e3o hexagonal interna foram concebidos para promover a cicatriza\u00e7\u00e3o do tecido gengival \u00e0 volta do leito do implante. Especifica\u00e7\u00f5es t\u00e9cnicas: \u25cf Di\u00e1metro: 4.6 mm \u25cf Altura gingival: 2 mm<\/p>\n","protected":false},"featured_media":25778,"comment_status":"open","ping_status":"closed","template":"","meta":{"_acf_changed":false},"product_brand":[],"product_cat":[501,497],"product_tag":[],"class_list":{"0":"post-25777","1":"product","2":"type-product","3":"status-publish","4":"has-post-thumbnail","6":"product_cat-pilares-de-cicatrizacao","7":"product_cat-protesis","8":"pa_altura-gingival-2-mm-pt-pt","9":"pa_conexion-conexion-interna-pt-pt","10":"pa_diametro-pilar-4-6-mm-pt-pt","12":"first","13":"instock","14":"taxable","15":"shipping-taxable","16":"product-type-simple"},"acf":[],"yoast_head":"<!-- This site is optimized with the Yoast SEO plugin v27.3 - https:\/\/yoast.com\/product\/yoast-seo-wordpress\/ -->\n<title>Pilares de cicatriza\u00e7\u00e3o D 4.6 mm A 2 mm (HI) - Tienda Alpha-Bio Iberia<\/title>\n<meta name=\"description\" content=\"Pilares de cicatriza\u00e7\u00e3o D 4.6 mm A 2 mm (HI) en Tienda Alpha-Bio Iberia por 30.56 \u20ac! Os pilares de cicatriza\u00e7\u00e3o para conex\u00e3o hexagonal interna foram concebidos para promover a cicatriza\u00e7\u00e3o do tecido gengival \u00e0 volta do leito do implante.\" \/>\n<meta name=\"robots\" content=\"index, follow, max-snippet:-1, max-image-preview:large, max-video-preview:-1\" \/>\n<link rel=\"canonical\" href=\"https:\/\/eshop.alphabio-iberia.com\/pt-pt\/pilar-cicatrizacion-d-4-6-mm-2-mm-hi\/\" \/>\n<meta property=\"og:locale\" content=\"pt_PT\" \/>\n<meta property=\"og:type\" content=\"article\" \/>\n<meta property=\"og:title\" content=\"Pilares de cicatriza\u00e7\u00e3o D 4.6 mm A 2 mm (HI) - Tienda Alpha-Bio Iberia\" \/>\n<meta property=\"og:description\" content=\"Pilares de cicatriza\u00e7\u00e3o D 4.6 mm A 2 mm (HI) en Tienda Alpha-Bio Iberia por 30.56 \u20ac! Os pilares de cicatriza\u00e7\u00e3o para conex\u00e3o hexagonal interna foram concebidos para promover a cicatriza\u00e7\u00e3o do tecido gengival \u00e0 volta do leito do implante.\" \/>\n<meta property=\"og:url\" content=\"https:\/\/eshop.alphabio-iberia.com\/pt-pt\/pilar-cicatrizacion-d-4-6-mm-2-mm-hi\/\" \/>\n<meta property=\"og:site_name\" content=\"Tienda Alpha-Bio Iberia\" \/>\n<meta property=\"article:modified_time\" content=\"2023-06-27T11:27:04+00:00\" \/>\n<meta property=\"og:image\" content=\"https:\/\/eshop.alphabio-iberia.com\/wp-content\/uploads\/2022\/02\/116-1_pilarcicatrizacion.png\" \/>\n\t<meta property=\"og:image:width\" content=\"500\" \/>\n\t<meta property=\"og:image:height\" content=\"500\" \/>\n\t<meta property=\"og:image:type\" content=\"image\/png\" \/>\n<meta name=\"twitter:card\" content=\"summary_large_image\" \/>\n<script type=\"application\/ld+json\" class=\"yoast-schema-graph\">{\"@context\":\"https:\\\/\\\/schema.org\",\"@graph\":[{\"@type\":\"WebPage\",\"@id\":\"https:\\\/\\\/eshop.alphabio-iberia.com\\\/pt-pt\\\/pilar-cicatrizacion-d-4-6-mm-2-mm-hi\\\/\",\"url\":\"https:\\\/\\\/eshop.alphabio-iberia.com\\\/pt-pt\\\/pilar-cicatrizacion-d-4-6-mm-2-mm-hi\\\/\",\"name\":\"Pilares de cicatriza\u00e7\u00e3o D 4.6 mm A 2 mm (HI) - Tienda Alpha-Bio Iberia\",\"isPartOf\":{\"@id\":\"https:\\\/\\\/eshop.alphabio-iberia.com\\\/#website\"},\"primaryImageOfPage\":{\"@id\":\"https:\\\/\\\/eshop.alphabio-iberia.com\\\/pt-pt\\\/pilar-cicatrizacion-d-4-6-mm-2-mm-hi\\\/#primaryimage\"},\"image\":{\"@id\":\"https:\\\/\\\/eshop.alphabio-iberia.com\\\/pt-pt\\\/pilar-cicatrizacion-d-4-6-mm-2-mm-hi\\\/#primaryimage\"},\"thumbnailUrl\":\"https:\\\/\\\/eshop.alphabio-iberia.com\\\/wp-content\\\/uploads\\\/2022\\\/02\\\/116-1_pilarcicatrizacion.png\",\"datePublished\":\"2022-01-13T15:44:39+00:00\",\"dateModified\":\"2023-06-27T11:27:04+00:00\",\"description\":\"Pilares de cicatriza\u00e7\u00e3o D 4.6 mm A 2 mm (HI) en Tienda Alpha-Bio Iberia por 30.56 \u20ac! Os pilares de cicatriza\u00e7\u00e3o para conex\u00e3o hexagonal interna foram concebidos para promover a cicatriza\u00e7\u00e3o do tecido gengival \u00e0 volta do leito do implante.\",\"breadcrumb\":{\"@id\":\"https:\\\/\\\/eshop.alphabio-iberia.com\\\/pt-pt\\\/pilar-cicatrizacion-d-4-6-mm-2-mm-hi\\\/#breadcrumb\"},\"inLanguage\":\"pt-PT\",\"potentialAction\":[{\"@type\":\"ReadAction\",\"target\":[\"https:\\\/\\\/eshop.alphabio-iberia.com\\\/pt-pt\\\/pilar-cicatrizacion-d-4-6-mm-2-mm-hi\\\/\"]}]},{\"@type\":\"ImageObject\",\"inLanguage\":\"pt-PT\",\"@id\":\"https:\\\/\\\/eshop.alphabio-iberia.com\\\/pt-pt\\\/pilar-cicatrizacion-d-4-6-mm-2-mm-hi\\\/#primaryimage\",\"url\":\"https:\\\/\\\/eshop.alphabio-iberia.com\\\/wp-content\\\/uploads\\\/2022\\\/02\\\/116-1_pilarcicatrizacion.png\",\"contentUrl\":\"https:\\\/\\\/eshop.alphabio-iberia.com\\\/wp-content\\\/uploads\\\/2022\\\/02\\\/116-1_pilarcicatrizacion.png\",\"width\":500,\"height\":500},{\"@type\":\"BreadcrumbList\",\"@id\":\"https:\\\/\\\/eshop.alphabio-iberia.com\\\/pt-pt\\\/pilar-cicatrizacion-d-4-6-mm-2-mm-hi\\\/#breadcrumb\",\"itemListElement\":[{\"@type\":\"ListItem\",\"position\":1,\"name\":\"Portada\",\"item\":\"https:\\\/\\\/eshop.alphabio-iberia.com\\\/\"},{\"@type\":\"ListItem\",\"position\":2,\"name\":\"Tienda\",\"item\":\"https:\\\/\\\/eshop.alphabio-iberia.com\\\/tienda\\\/\"},{\"@type\":\"ListItem\",\"position\":3,\"name\":\"Pilares de cicatriza\u00e7\u00e3o D 4.6 mm A 2 mm (HI)\"}]},{\"@type\":\"WebSite\",\"@id\":\"https:\\\/\\\/eshop.alphabio-iberia.com\\\/#website\",\"url\":\"https:\\\/\\\/eshop.alphabio-iberia.com\\\/\",\"name\":\"Tienda Alpha-Bio Iberia\",\"description\":\"Ofrecemos una soluci\u00f3n 360\u00ba para odont\u00f3logos, implant\u00f3logos y cirujanos en implantolog\u00eda, ROG y odontolog\u00eda digital, acompa\u00f1ado de un amplio programa formativo en Espa\u00f1a y Portugal.\",\"publisher\":{\"@id\":\"https:\\\/\\\/eshop.alphabio-iberia.com\\\/#organization\"},\"potentialAction\":[{\"@type\":\"SearchAction\",\"target\":{\"@type\":\"EntryPoint\",\"urlTemplate\":\"https:\\\/\\\/eshop.alphabio-iberia.com\\\/?s={search_term_string}\"},\"query-input\":{\"@type\":\"PropertyValueSpecification\",\"valueRequired\":true,\"valueName\":\"search_term_string\"}}],\"inLanguage\":\"pt-PT\"},{\"@type\":\"Organization\",\"@id\":\"https:\\\/\\\/eshop.alphabio-iberia.com\\\/#organization\",\"name\":\"Medical 10\",\"url\":\"https:\\\/\\\/eshop.alphabio-iberia.com\\\/\",\"logo\":{\"@type\":\"ImageObject\",\"inLanguage\":\"pt-PT\",\"@id\":\"https:\\\/\\\/eshop.alphabio-iberia.com\\\/#\\\/schema\\\/logo\\\/image\\\/\",\"url\":\"https:\\\/\\\/eshop.medical10.es\\\/wp-content\\\/uploads\\\/2021\\\/07\\\/cropped-m10_header_2.png\",\"contentUrl\":\"https:\\\/\\\/eshop.medical10.es\\\/wp-content\\\/uploads\\\/2021\\\/07\\\/cropped-m10_header_2.png\",\"width\":165,\"height\":97,\"caption\":\"Medical 10\"},\"image\":{\"@id\":\"https:\\\/\\\/eshop.alphabio-iberia.com\\\/#\\\/schema\\\/logo\\\/image\\\/\"}}]}<\/script>\n<!-- \/ Yoast SEO plugin. -->","yoast_head_json":{"title":"Pilares de cicatriza\u00e7\u00e3o D 4.6 mm A 2 mm (HI) - Tienda Alpha-Bio Iberia","description":"Pilares de cicatriza\u00e7\u00e3o D 4.6 mm A 2 mm (HI) en Tienda Alpha-Bio Iberia por 30.56 \u20ac! Os pilares de cicatriza\u00e7\u00e3o para conex\u00e3o hexagonal interna foram concebidos para promover a cicatriza\u00e7\u00e3o do tecido gengival \u00e0 volta do leito do implante.","robots":{"index":"index","follow":"follow","max-snippet":"max-snippet:-1","max-image-preview":"max-image-preview:large","max-video-preview":"max-video-preview:-1"},"canonical":"https:\/\/eshop.alphabio-iberia.com\/pt-pt\/pilar-cicatrizacion-d-4-6-mm-2-mm-hi\/","og_locale":"pt_PT","og_type":"article","og_title":"Pilares de cicatriza\u00e7\u00e3o D 4.6 mm A 2 mm (HI) - Tienda Alpha-Bio Iberia","og_description":"Pilares de cicatriza\u00e7\u00e3o D 4.6 mm A 2 mm (HI) en Tienda Alpha-Bio Iberia por 30.56 \u20ac! Os pilares de cicatriza\u00e7\u00e3o para conex\u00e3o hexagonal interna foram concebidos para promover a cicatriza\u00e7\u00e3o do tecido gengival \u00e0 volta do leito do implante.","og_url":"https:\/\/eshop.alphabio-iberia.com\/pt-pt\/pilar-cicatrizacion-d-4-6-mm-2-mm-hi\/","og_site_name":"Tienda Alpha-Bio Iberia","article_modified_time":"2023-06-27T11:27:04+00:00","og_image":[{"width":500,"height":500,"url":"https:\/\/eshop.alphabio-iberia.com\/wp-content\/uploads\/2022\/02\/116-1_pilarcicatrizacion.png","type":"image\/png"}],"twitter_card":"summary_large_image","schema":{"@context":"https:\/\/schema.org","@graph":[{"@type":"WebPage","@id":"https:\/\/eshop.alphabio-iberia.com\/pt-pt\/pilar-cicatrizacion-d-4-6-mm-2-mm-hi\/","url":"https:\/\/eshop.alphabio-iberia.com\/pt-pt\/pilar-cicatrizacion-d-4-6-mm-2-mm-hi\/","name":"Pilares de cicatriza\u00e7\u00e3o D 4.6 mm A 2 mm (HI) - Tienda Alpha-Bio Iberia","isPartOf":{"@id":"https:\/\/eshop.alphabio-iberia.com\/#website"},"primaryImageOfPage":{"@id":"https:\/\/eshop.alphabio-iberia.com\/pt-pt\/pilar-cicatrizacion-d-4-6-mm-2-mm-hi\/#primaryimage"},"image":{"@id":"https:\/\/eshop.alphabio-iberia.com\/pt-pt\/pilar-cicatrizacion-d-4-6-mm-2-mm-hi\/#primaryimage"},"thumbnailUrl":"https:\/\/eshop.alphabio-iberia.com\/wp-content\/uploads\/2022\/02\/116-1_pilarcicatrizacion.png","datePublished":"2022-01-13T15:44:39+00:00","dateModified":"2023-06-27T11:27:04+00:00","description":"Pilares de cicatriza\u00e7\u00e3o D 4.6 mm A 2 mm (HI) en Tienda Alpha-Bio Iberia por 30.56 \u20ac! Os pilares de cicatriza\u00e7\u00e3o para conex\u00e3o hexagonal interna foram concebidos para promover a cicatriza\u00e7\u00e3o do tecido gengival \u00e0 volta do leito do implante.","breadcrumb":{"@id":"https:\/\/eshop.alphabio-iberia.com\/pt-pt\/pilar-cicatrizacion-d-4-6-mm-2-mm-hi\/#breadcrumb"},"inLanguage":"pt-PT","potentialAction":[{"@type":"ReadAction","target":["https:\/\/eshop.alphabio-iberia.com\/pt-pt\/pilar-cicatrizacion-d-4-6-mm-2-mm-hi\/"]}]},{"@type":"ImageObject","inLanguage":"pt-PT","@id":"https:\/\/eshop.alphabio-iberia.com\/pt-pt\/pilar-cicatrizacion-d-4-6-mm-2-mm-hi\/#primaryimage","url":"https:\/\/eshop.alphabio-iberia.com\/wp-content\/uploads\/2022\/02\/116-1_pilarcicatrizacion.png","contentUrl":"https:\/\/eshop.alphabio-iberia.com\/wp-content\/uploads\/2022\/02\/116-1_pilarcicatrizacion.png","width":500,"height":500},{"@type":"BreadcrumbList","@id":"https:\/\/eshop.alphabio-iberia.com\/pt-pt\/pilar-cicatrizacion-d-4-6-mm-2-mm-hi\/#breadcrumb","itemListElement":[{"@type":"ListItem","position":1,"name":"Portada","item":"https:\/\/eshop.alphabio-iberia.com\/"},{"@type":"ListItem","position":2,"name":"Tienda","item":"https:\/\/eshop.alphabio-iberia.com\/tienda\/"},{"@type":"ListItem","position":3,"name":"Pilares de cicatriza\u00e7\u00e3o D 4.6 mm A 2 mm (HI)"}]},{"@type":"WebSite","@id":"https:\/\/eshop.alphabio-iberia.com\/#website","url":"https:\/\/eshop.alphabio-iberia.com\/","name":"Tienda Alpha-Bio Iberia","description":"Ofrecemos una soluci\u00f3n 360\u00ba para odont\u00f3logos, implant\u00f3logos y cirujanos en implantolog\u00eda, ROG y odontolog\u00eda digital, acompa\u00f1ado de un amplio programa formativo en Espa\u00f1a y Portugal.","publisher":{"@id":"https:\/\/eshop.alphabio-iberia.com\/#organization"},"potentialAction":[{"@type":"SearchAction","target":{"@type":"EntryPoint","urlTemplate":"https:\/\/eshop.alphabio-iberia.com\/?s={search_term_string}"},"query-input":{"@type":"PropertyValueSpecification","valueRequired":true,"valueName":"search_term_string"}}],"inLanguage":"pt-PT"},{"@type":"Organization","@id":"https:\/\/eshop.alphabio-iberia.com\/#organization","name":"Medical 10","url":"https:\/\/eshop.alphabio-iberia.com\/","logo":{"@type":"ImageObject","inLanguage":"pt-PT","@id":"https:\/\/eshop.alphabio-iberia.com\/#\/schema\/logo\/image\/","url":"https:\/\/eshop.medical10.es\/wp-content\/uploads\/2021\/07\/cropped-m10_header_2.png","contentUrl":"https:\/\/eshop.medical10.es\/wp-content\/uploads\/2021\/07\/cropped-m10_header_2.png","width":165,"height":97,"caption":"Medical 10"},"image":{"@id":"https:\/\/eshop.alphabio-iberia.com\/#\/schema\/logo\/image\/"}}]}},"_links":{"self":[{"href":"https:\/\/eshop.alphabio-iberia.com\/pt-pt\/wp-json\/wp\/v2\/product\/25777","targetHints":{"allow":["GET"]}}],"collection":[{"href":"https:\/\/eshop.alphabio-iberia.com\/pt-pt\/wp-json\/wp\/v2\/product"}],"about":[{"href":"https:\/\/eshop.alphabio-iberia.com\/pt-pt\/wp-json\/wp\/v2\/types\/product"}],"replies":[{"embeddable":true,"href":"https:\/\/eshop.alphabio-iberia.com\/pt-pt\/wp-json\/wp\/v2\/comments?post=25777"}],"wp:featuredmedia":[{"embeddable":true,"href":"https:\/\/eshop.alphabio-iberia.com\/pt-pt\/wp-json\/wp\/v2\/media\/25778"}],"wp:attachment":[{"href":"https:\/\/eshop.alphabio-iberia.com\/pt-pt\/wp-json\/wp\/v2\/media?parent=25777"}],"wp:term":[{"taxonomy":"product_brand","embeddable":true,"href":"https:\/\/eshop.alphabio-iberia.com\/pt-pt\/wp-json\/wp\/v2\/product_brand?post=25777"},{"taxonomy":"product_cat","embeddable":true,"href":"https:\/\/eshop.alphabio-iberia.com\/pt-pt\/wp-json\/wp\/v2\/product_cat?post=25777"},{"taxonomy":"product_tag","embeddable":true,"href":"https:\/\/eshop.alphabio-iberia.com\/pt-pt\/wp-json\/wp\/v2\/product_tag?post=25777"}],"curies":[{"name":"wp","href":"https:\/\/api.w.org\/{rel}","templated":true}]}}