{"id":26248,"date":"2022-01-13T15:47:36","date_gmt":"2022-01-13T15:47:36","guid":{"rendered":"https:\/\/eshop.medical10.es\/producto\/implante-ice-d-4-2-mm-a-8-mm-hi\/"},"modified":"2023-06-27T11:27:44","modified_gmt":"2023-06-27T11:27:44","slug":"implante-ice-d-4-2-mm-6","status":"publish","type":"product","link":"https:\/\/eshop.alphabio-iberia.com\/pt-pt\/implante-ice-d-4-2-mm-8-mm-hi\/","title":{"rendered":"Implante Ice D 4.2 mm A 8 mm (HI)"},"content":{"rendered":"<p>O implante Ice Internal Hexagonal Connection proporciona um equil\u00edbrio perfeito entre uma elevada estabilidade prim\u00e1ria e sensibilidade ao osso, tornando-o altamente adequado para implanta\u00e7\u00e3o e carga imediata. Proporciona excelentes resultados est\u00e9ticos e cl\u00ednicos para todos os tipos de osso.<\/p>\n<p>\u25cf Di\u00e1metro: 4.2 mm<br \/>\n\u25cf Altura: 8 mm<br \/>\n\u25cf Material: aleaci\u00f3n de Titanio Ti 6AI 4V ELI (grado 5)<br \/>\n\u25cf  Superficie: el tratamiento de superficie NanoTec es de tipo h\u00edbrido y se logra a trav\u00e9s de un proceso complejo que involucra part\u00edculas grandes (de 20 a 40 micrones) y un doble grabado t\u00e9rmico para la creaci\u00f3n de microporos ( de un tama\u00f1o de 1 a 5 micrones). Este proceso \u00fanico crea una superficie altamente diferenciada, aumenta el \u2000\u00e1rea de superficie<br \/>\ntridimensional (3D) y, por lo tanto, permite una absorci\u00f3n m\u00e1s intensa de prote\u00ednas de plasma y sangre directamente en los microporos del implante inmediatamente despu\u00e9s de su colocaci\u00f3n. La microestructura y las propiedades de rugosidad de la superficie del implante creadas por el proceso de arenado y doble grabado \u00e1cido, influyen en gran medida en el contacto inicial con el hueso.<\/p>\n","protected":false},"excerpt":{"rendered":"<p>O implante Ice Internal Hexagonal Connection proporciona um equil\u00edbrio perfeito entre uma elevada estabilidade prim\u00e1ria e sensibilidade ao osso, tornando-o altamente adequado para implanta\u00e7\u00e3o e carga imediata. Proporciona excelentes resultados est\u00e9ticos e cl\u00ednicos para todos os tipos de osso. \u25cf Di\u00e1metro: 4.2 mm \u25cf Altura: 8 mm \u25cf Material: aleaci\u00f3n de Titanio Ti 6AI 4V [&hellip;]<\/p>\n","protected":false},"featured_media":26249,"comment_status":"open","ping_status":"closed","template":"","meta":[],"product_cat":[483,484],"product_tag":[],"class_list":{"0":"post-26248","1":"product","2":"type-product","3":"status-publish","4":"has-post-thumbnail","6":"product_cat-implante","7":"product_cat-ice","8":"pa_altura-implante-8-mm-pt-pt","9":"pa_conexion-conexion-interna-pt-pt","10":"pa_diametro-implante-4-2-mm-pt-pt","11":"pa_tipo-de-implante-ice-pt-pt","13":"first","14":"instock","15":"taxable","16":"shipping-taxable","17":"product-type-simple"},"acf":[],"yoast_head":"<!-- This site is optimized with the Yoast SEO plugin v27.2 - https:\/\/yoast.com\/product\/yoast-seo-wordpress\/ -->\n<title>Implante Ice D 4.2 mm A 8 mm (HI) - Tienda Alpha-Bio Iberia<\/title>\n<meta name=\"description\" content=\"Implante Ice D 4.2 mm A 8 mm (HI) en Tienda Alpha-Bio Iberia por 150.00 \u20ac! O implante Ice Internal Hexagonal Connection proporciona um equil\u00edbrio perfeito entre uma elevada estabilidade prim\u00e1ria e sensibilidade ao osso,\" \/>\n<meta name=\"robots\" content=\"index, follow, max-snippet:-1, max-image-preview:large, max-video-preview:-1\" \/>\n<link rel=\"canonical\" href=\"https:\/\/eshop.alphabio-iberia.com\/pt-pt\/implante-ice-d-4-2-mm-8-mm-hi\/\" \/>\n<meta property=\"og:locale\" content=\"pt_PT\" \/>\n<meta property=\"og:type\" content=\"article\" \/>\n<meta property=\"og:title\" content=\"Implante Ice D 4.2 mm A 8 mm (HI) - Tienda Alpha-Bio Iberia\" \/>\n<meta property=\"og:description\" content=\"Implante Ice D 4.2 mm A 8 mm (HI) en Tienda Alpha-Bio Iberia por 150.00 \u20ac! O implante Ice Internal Hexagonal Connection proporciona um equil\u00edbrio perfeito entre uma elevada estabilidade prim\u00e1ria e sensibilidade ao osso,\" \/>\n<meta property=\"og:url\" content=\"https:\/\/eshop.alphabio-iberia.com\/pt-pt\/implante-ice-d-4-2-mm-8-mm-hi\/\" \/>\n<meta property=\"og:site_name\" content=\"Tienda Alpha-Bio Iberia\" \/>\n<meta property=\"article:modified_time\" content=\"2023-06-27T11:27:44+00:00\" \/>\n<meta property=\"og:image\" content=\"https:\/\/eshop.alphabio-iberia.com\/wp-content\/uploads\/2022\/02\/1028_ice_1.png\" \/>\n\t<meta property=\"og:image:width\" content=\"500\" \/>\n\t<meta property=\"og:image:height\" content=\"500\" \/>\n\t<meta property=\"og:image:type\" content=\"image\/png\" \/>\n<meta name=\"twitter:card\" content=\"summary_large_image\" \/>\n<meta name=\"twitter:label1\" content=\"Tempo estimado de leitura\" \/>\n\t<meta name=\"twitter:data1\" content=\"1 minuto\" \/>\n<script type=\"application\/ld+json\" class=\"yoast-schema-graph\">{\"@context\":\"https:\/\/schema.org\",\"@graph\":[{\"@type\":\"WebPage\",\"@id\":\"https:\/\/eshop.alphabio-iberia.com\/pt-pt\/implante-ice-d-4-2-mm-8-mm-hi\/\",\"url\":\"https:\/\/eshop.alphabio-iberia.com\/pt-pt\/implante-ice-d-4-2-mm-8-mm-hi\/\",\"name\":\"Implante Ice D 4.2 mm A 8 mm (HI) - Tienda Alpha-Bio Iberia\",\"isPartOf\":{\"@id\":\"https:\/\/eshop.alphabio-iberia.com\/#website\"},\"primaryImageOfPage\":{\"@id\":\"https:\/\/eshop.alphabio-iberia.com\/pt-pt\/implante-ice-d-4-2-mm-8-mm-hi\/#primaryimage\"},\"image\":{\"@id\":\"https:\/\/eshop.alphabio-iberia.com\/pt-pt\/implante-ice-d-4-2-mm-8-mm-hi\/#primaryimage\"},\"thumbnailUrl\":\"https:\/\/eshop.alphabio-iberia.com\/wp-content\/uploads\/2022\/02\/1028_ice_1.png\",\"datePublished\":\"2022-01-13T15:47:36+00:00\",\"dateModified\":\"2023-06-27T11:27:44+00:00\",\"description\":\"Implante Ice D 4.2 mm A 8 mm (HI) en Tienda Alpha-Bio Iberia por 150.00 \u20ac! O implante Ice Internal Hexagonal Connection proporciona um equil\u00edbrio perfeito entre uma elevada estabilidade prim\u00e1ria e sensibilidade ao osso,\",\"breadcrumb\":{\"@id\":\"https:\/\/eshop.alphabio-iberia.com\/pt-pt\/implante-ice-d-4-2-mm-8-mm-hi\/#breadcrumb\"},\"inLanguage\":\"pt-PT\",\"potentialAction\":[{\"@type\":\"ReadAction\",\"target\":[\"https:\/\/eshop.alphabio-iberia.com\/pt-pt\/implante-ice-d-4-2-mm-8-mm-hi\/\"]}]},{\"@type\":\"ImageObject\",\"inLanguage\":\"pt-PT\",\"@id\":\"https:\/\/eshop.alphabio-iberia.com\/pt-pt\/implante-ice-d-4-2-mm-8-mm-hi\/#primaryimage\",\"url\":\"https:\/\/eshop.alphabio-iberia.com\/wp-content\/uploads\/2022\/02\/1028_ice_1.png\",\"contentUrl\":\"https:\/\/eshop.alphabio-iberia.com\/wp-content\/uploads\/2022\/02\/1028_ice_1.png\",\"width\":500,\"height\":500},{\"@type\":\"BreadcrumbList\",\"@id\":\"https:\/\/eshop.alphabio-iberia.com\/pt-pt\/implante-ice-d-4-2-mm-8-mm-hi\/#breadcrumb\",\"itemListElement\":[{\"@type\":\"ListItem\",\"position\":1,\"name\":\"Portada\",\"item\":\"https:\/\/eshop.alphabio-iberia.com\/\"},{\"@type\":\"ListItem\",\"position\":2,\"name\":\"Tienda\",\"item\":\"https:\/\/eshop.alphabio-iberia.com\/tienda\/\"},{\"@type\":\"ListItem\",\"position\":3,\"name\":\"Implante Ice D 4.2 mm A 8 mm (HI)\"}]},{\"@type\":\"WebSite\",\"@id\":\"https:\/\/eshop.alphabio-iberia.com\/#website\",\"url\":\"https:\/\/eshop.alphabio-iberia.com\/\",\"name\":\"Tienda Alpha-Bio Iberia\",\"description\":\"Ofrecemos una soluci\u00f3n 360\u00ba para odont\u00f3logos, implant\u00f3logos y cirujanos en implantolog\u00eda, ROG y odontolog\u00eda digital, acompa\u00f1ado de un amplio programa formativo en Espa\u00f1a y Portugal.\",\"publisher\":{\"@id\":\"https:\/\/eshop.alphabio-iberia.com\/#organization\"},\"potentialAction\":[{\"@type\":\"SearchAction\",\"target\":{\"@type\":\"EntryPoint\",\"urlTemplate\":\"https:\/\/eshop.alphabio-iberia.com\/?s={search_term_string}\"},\"query-input\":{\"@type\":\"PropertyValueSpecification\",\"valueRequired\":true,\"valueName\":\"search_term_string\"}}],\"inLanguage\":\"pt-PT\"},{\"@type\":\"Organization\",\"@id\":\"https:\/\/eshop.alphabio-iberia.com\/#organization\",\"name\":\"Medical 10\",\"url\":\"https:\/\/eshop.alphabio-iberia.com\/\",\"logo\":{\"@type\":\"ImageObject\",\"inLanguage\":\"pt-PT\",\"@id\":\"https:\/\/eshop.alphabio-iberia.com\/#\/schema\/logo\/image\/\",\"url\":\"https:\/\/eshop.medical10.es\/wp-content\/uploads\/2021\/07\/cropped-m10_header_2.png\",\"contentUrl\":\"https:\/\/eshop.medical10.es\/wp-content\/uploads\/2021\/07\/cropped-m10_header_2.png\",\"width\":165,\"height\":97,\"caption\":\"Medical 10\"},\"image\":{\"@id\":\"https:\/\/eshop.alphabio-iberia.com\/#\/schema\/logo\/image\/\"}}]}<\/script>\n<!-- \/ Yoast SEO plugin. -->","yoast_head_json":{"title":"Implante Ice D 4.2 mm A 8 mm (HI) - Tienda Alpha-Bio Iberia","description":"Implante Ice D 4.2 mm A 8 mm (HI) en Tienda Alpha-Bio Iberia por 150.00 \u20ac! O implante Ice Internal Hexagonal Connection proporciona um equil\u00edbrio perfeito entre uma elevada estabilidade prim\u00e1ria e sensibilidade ao osso,","robots":{"index":"index","follow":"follow","max-snippet":"max-snippet:-1","max-image-preview":"max-image-preview:large","max-video-preview":"max-video-preview:-1"},"canonical":"https:\/\/eshop.alphabio-iberia.com\/pt-pt\/implante-ice-d-4-2-mm-8-mm-hi\/","og_locale":"pt_PT","og_type":"article","og_title":"Implante Ice D 4.2 mm A 8 mm (HI) - Tienda Alpha-Bio Iberia","og_description":"Implante Ice D 4.2 mm A 8 mm (HI) en Tienda Alpha-Bio Iberia por 150.00 \u20ac! O implante Ice Internal Hexagonal Connection proporciona um equil\u00edbrio perfeito entre uma elevada estabilidade prim\u00e1ria e sensibilidade ao osso,","og_url":"https:\/\/eshop.alphabio-iberia.com\/pt-pt\/implante-ice-d-4-2-mm-8-mm-hi\/","og_site_name":"Tienda Alpha-Bio Iberia","article_modified_time":"2023-06-27T11:27:44+00:00","og_image":[{"width":500,"height":500,"url":"https:\/\/eshop.alphabio-iberia.com\/wp-content\/uploads\/2022\/02\/1028_ice_1.png","type":"image\/png"}],"twitter_card":"summary_large_image","twitter_misc":{"Tempo estimado de leitura":"1 minuto"},"schema":{"@context":"https:\/\/schema.org","@graph":[{"@type":"WebPage","@id":"https:\/\/eshop.alphabio-iberia.com\/pt-pt\/implante-ice-d-4-2-mm-8-mm-hi\/","url":"https:\/\/eshop.alphabio-iberia.com\/pt-pt\/implante-ice-d-4-2-mm-8-mm-hi\/","name":"Implante Ice D 4.2 mm A 8 mm (HI) - Tienda Alpha-Bio Iberia","isPartOf":{"@id":"https:\/\/eshop.alphabio-iberia.com\/#website"},"primaryImageOfPage":{"@id":"https:\/\/eshop.alphabio-iberia.com\/pt-pt\/implante-ice-d-4-2-mm-8-mm-hi\/#primaryimage"},"image":{"@id":"https:\/\/eshop.alphabio-iberia.com\/pt-pt\/implante-ice-d-4-2-mm-8-mm-hi\/#primaryimage"},"thumbnailUrl":"https:\/\/eshop.alphabio-iberia.com\/wp-content\/uploads\/2022\/02\/1028_ice_1.png","datePublished":"2022-01-13T15:47:36+00:00","dateModified":"2023-06-27T11:27:44+00:00","description":"Implante Ice D 4.2 mm A 8 mm (HI) en Tienda Alpha-Bio Iberia por 150.00 \u20ac! O implante Ice Internal Hexagonal Connection proporciona um equil\u00edbrio perfeito entre uma elevada estabilidade prim\u00e1ria e sensibilidade ao osso,","breadcrumb":{"@id":"https:\/\/eshop.alphabio-iberia.com\/pt-pt\/implante-ice-d-4-2-mm-8-mm-hi\/#breadcrumb"},"inLanguage":"pt-PT","potentialAction":[{"@type":"ReadAction","target":["https:\/\/eshop.alphabio-iberia.com\/pt-pt\/implante-ice-d-4-2-mm-8-mm-hi\/"]}]},{"@type":"ImageObject","inLanguage":"pt-PT","@id":"https:\/\/eshop.alphabio-iberia.com\/pt-pt\/implante-ice-d-4-2-mm-8-mm-hi\/#primaryimage","url":"https:\/\/eshop.alphabio-iberia.com\/wp-content\/uploads\/2022\/02\/1028_ice_1.png","contentUrl":"https:\/\/eshop.alphabio-iberia.com\/wp-content\/uploads\/2022\/02\/1028_ice_1.png","width":500,"height":500},{"@type":"BreadcrumbList","@id":"https:\/\/eshop.alphabio-iberia.com\/pt-pt\/implante-ice-d-4-2-mm-8-mm-hi\/#breadcrumb","itemListElement":[{"@type":"ListItem","position":1,"name":"Portada","item":"https:\/\/eshop.alphabio-iberia.com\/"},{"@type":"ListItem","position":2,"name":"Tienda","item":"https:\/\/eshop.alphabio-iberia.com\/tienda\/"},{"@type":"ListItem","position":3,"name":"Implante Ice D 4.2 mm A 8 mm (HI)"}]},{"@type":"WebSite","@id":"https:\/\/eshop.alphabio-iberia.com\/#website","url":"https:\/\/eshop.alphabio-iberia.com\/","name":"Tienda Alpha-Bio Iberia","description":"Ofrecemos una soluci\u00f3n 360\u00ba para odont\u00f3logos, implant\u00f3logos y cirujanos en implantolog\u00eda, ROG y odontolog\u00eda digital, acompa\u00f1ado de un amplio programa formativo en Espa\u00f1a y Portugal.","publisher":{"@id":"https:\/\/eshop.alphabio-iberia.com\/#organization"},"potentialAction":[{"@type":"SearchAction","target":{"@type":"EntryPoint","urlTemplate":"https:\/\/eshop.alphabio-iberia.com\/?s={search_term_string}"},"query-input":{"@type":"PropertyValueSpecification","valueRequired":true,"valueName":"search_term_string"}}],"inLanguage":"pt-PT"},{"@type":"Organization","@id":"https:\/\/eshop.alphabio-iberia.com\/#organization","name":"Medical 10","url":"https:\/\/eshop.alphabio-iberia.com\/","logo":{"@type":"ImageObject","inLanguage":"pt-PT","@id":"https:\/\/eshop.alphabio-iberia.com\/#\/schema\/logo\/image\/","url":"https:\/\/eshop.medical10.es\/wp-content\/uploads\/2021\/07\/cropped-m10_header_2.png","contentUrl":"https:\/\/eshop.medical10.es\/wp-content\/uploads\/2021\/07\/cropped-m10_header_2.png","width":165,"height":97,"caption":"Medical 10"},"image":{"@id":"https:\/\/eshop.alphabio-iberia.com\/#\/schema\/logo\/image\/"}}]}},"_links":{"self":[{"href":"https:\/\/eshop.alphabio-iberia.com\/pt-pt\/wp-json\/wp\/v2\/product\/26248","targetHints":{"allow":["GET"]}}],"collection":[{"href":"https:\/\/eshop.alphabio-iberia.com\/pt-pt\/wp-json\/wp\/v2\/product"}],"about":[{"href":"https:\/\/eshop.alphabio-iberia.com\/pt-pt\/wp-json\/wp\/v2\/types\/product"}],"replies":[{"embeddable":true,"href":"https:\/\/eshop.alphabio-iberia.com\/pt-pt\/wp-json\/wp\/v2\/comments?post=26248"}],"wp:featuredmedia":[{"embeddable":true,"href":"https:\/\/eshop.alphabio-iberia.com\/pt-pt\/wp-json\/wp\/v2\/media\/26249"}],"wp:attachment":[{"href":"https:\/\/eshop.alphabio-iberia.com\/pt-pt\/wp-json\/wp\/v2\/media?parent=26248"}],"wp:term":[{"taxonomy":"product_cat","embeddable":true,"href":"https:\/\/eshop.alphabio-iberia.com\/pt-pt\/wp-json\/wp\/v2\/product_cat?post=26248"},{"taxonomy":"product_tag","embeddable":true,"href":"https:\/\/eshop.alphabio-iberia.com\/pt-pt\/wp-json\/wp\/v2\/product_tag?post=26248"}],"curies":[{"name":"wp","href":"https:\/\/api.w.org\/{rel}","templated":true}]}}