{"id":27446,"date":"2022-01-13T16:01:19","date_gmt":"2022-01-13T16:01:19","guid":{"rendered":"https:\/\/eshop.medical10.es\/producto\/kit-pilar-alphaloc-a-3-mm-cs\/"},"modified":"2023-06-27T11:31:30","modified_gmt":"2023-06-27T11:31:30","slug":"kit-pilar-alphaloc-12","status":"publish","type":"product","link":"https:\/\/eshop.alphabio-iberia.com\/pt-pt\/kit-pilar-alphaloc-3-mm-cs\/","title":{"rendered":"Kit pilar Alphaloc A 3 mm (CS)"},"content":{"rendered":"<p>Sistema de retentor de sobredentadura AlphaLoc 0,75 mm para conex\u00e3o c\u00f3nica padr\u00e3o. Concebido para utiliza\u00e7\u00e3o com pr\u00f3teses totais ou parciais, retidas em parte ou na totalidade, utilizando implantes end\u00f3sseos no maxilar superior ou inferior.<\/p>\n<p>O kit inclui:<br \/>\n\u25cf 1 retentor de 3 mm.<br \/>\n\u25cf 1 estrutura de a\u00e7o inoxid\u00e1vel<br \/>\n\u25cf 4 tampas de reten\u00e7\u00e3o<br \/>\n\u25cf 1 anel espa\u00e7ador<br \/>\n\u25cf 1 tampa de laborat\u00f3rio<\/p>\n","protected":false},"excerpt":{"rendered":"<p>Sistema de retentor de sobredentadura AlphaLoc 0,75 mm para conex\u00e3o c\u00f3nica padr\u00e3o. Concebido para utiliza\u00e7\u00e3o com pr\u00f3teses totais ou parciais, retidas em parte ou na totalidade, utilizando implantes end\u00f3sseos no maxilar superior ou inferior. O kit inclui: \u25cf 1 retentor de 3 mm. \u25cf 1 estrutura de a\u00e7o inoxid\u00e1vel \u25cf 4 tampas de reten\u00e7\u00e3o \u25cf [&hellip;]<\/p>\n","protected":false},"featured_media":43484,"comment_status":"open","ping_status":"closed","template":"","meta":{"_acf_changed":false},"product_brand":[],"product_cat":[497,504],"product_tag":[],"class_list":{"0":"post-27446","1":"product","2":"type-product","3":"status-publish","4":"has-post-thumbnail","6":"product_cat-protesis","7":"product_cat-reabilitacao-sobredentadura","8":"pa_altura-gingival-3-mm-pt-pt","9":"pa_conexion-conexion-conica-pt-pt","10":"pa_tipo-de-protesis-locator-pt-pt","12":"first","13":"instock","14":"taxable","15":"shipping-taxable","16":"product-type-simple"},"acf":[],"yoast_head":"<!-- This site is optimized with the Yoast SEO plugin v27.4 - https:\/\/yoast.com\/product\/yoast-seo-wordpress\/ -->\n<title>Kit pilar Alphaloc A 3 mm (CS) - Tienda Alpha-Bio Iberia<\/title>\n<meta name=\"description\" content=\"Kit pilar Alphaloc A 3 mm (CS) en Tienda Alpha-Bio Iberia por 120.75 \u20ac! Sistema de retentor de sobredentadura AlphaLoc 0,75 mm para conex\u00e3o c\u00f3nica padr\u00e3o. Concebido para utiliza\u00e7\u00e3o com pr\u00f3teses totais ou parciais, retidas em\" \/>\n<meta name=\"robots\" content=\"index, follow, max-snippet:-1, max-image-preview:large, max-video-preview:-1\" \/>\n<link rel=\"canonical\" href=\"https:\/\/eshop.alphabio-iberia.com\/pt-pt\/kit-pilar-alphaloc-3-mm-cs\/\" \/>\n<meta property=\"og:locale\" content=\"pt_PT\" \/>\n<meta property=\"og:type\" content=\"article\" \/>\n<meta property=\"og:title\" content=\"Kit pilar Alphaloc A 3 mm (CS) - Tienda Alpha-Bio Iberia\" \/>\n<meta property=\"og:description\" content=\"Kit pilar Alphaloc A 3 mm (CS) en Tienda Alpha-Bio Iberia por 120.75 \u20ac! Sistema de retentor de sobredentadura AlphaLoc 0,75 mm para conex\u00e3o c\u00f3nica padr\u00e3o. Concebido para utiliza\u00e7\u00e3o com pr\u00f3teses totais ou parciais, retidas em\" \/>\n<meta property=\"og:url\" content=\"https:\/\/eshop.alphabio-iberia.com\/pt-pt\/kit-pilar-alphaloc-3-mm-cs\/\" \/>\n<meta property=\"og:site_name\" content=\"Tienda Alpha-Bio Iberia\" \/>\n<meta property=\"article:modified_time\" content=\"2023-06-27T11:31:30+00:00\" \/>\n<meta property=\"og:image\" content=\"https:\/\/eshop.alphabio-iberia.com\/wp-content\/uploads\/2022\/01\/kit-alphaloc-cs.png\" \/>\n\t<meta property=\"og:image:width\" content=\"500\" \/>\n\t<meta property=\"og:image:height\" content=\"500\" \/>\n\t<meta property=\"og:image:type\" content=\"image\/png\" \/>\n<meta name=\"twitter:card\" content=\"summary_large_image\" \/>\n<script type=\"application\/ld+json\" class=\"yoast-schema-graph\">{\"@context\":\"https:\\\/\\\/schema.org\",\"@graph\":[{\"@type\":\"WebPage\",\"@id\":\"https:\\\/\\\/eshop.alphabio-iberia.com\\\/pt-pt\\\/kit-pilar-alphaloc-3-mm-cs\\\/\",\"url\":\"https:\\\/\\\/eshop.alphabio-iberia.com\\\/pt-pt\\\/kit-pilar-alphaloc-3-mm-cs\\\/\",\"name\":\"Kit pilar Alphaloc A 3 mm (CS) - Tienda Alpha-Bio Iberia\",\"isPartOf\":{\"@id\":\"https:\\\/\\\/eshop.alphabio-iberia.com\\\/#website\"},\"primaryImageOfPage\":{\"@id\":\"https:\\\/\\\/eshop.alphabio-iberia.com\\\/pt-pt\\\/kit-pilar-alphaloc-3-mm-cs\\\/#primaryimage\"},\"image\":{\"@id\":\"https:\\\/\\\/eshop.alphabio-iberia.com\\\/pt-pt\\\/kit-pilar-alphaloc-3-mm-cs\\\/#primaryimage\"},\"thumbnailUrl\":\"https:\\\/\\\/eshop.alphabio-iberia.com\\\/wp-content\\\/uploads\\\/2022\\\/01\\\/kit-alphaloc-cs.png\",\"datePublished\":\"2022-01-13T16:01:19+00:00\",\"dateModified\":\"2023-06-27T11:31:30+00:00\",\"description\":\"Kit pilar Alphaloc A 3 mm (CS) en Tienda Alpha-Bio Iberia por 120.75 \u20ac! Sistema de retentor de sobredentadura AlphaLoc 0,75 mm para conex\u00e3o c\u00f3nica padr\u00e3o. Concebido para utiliza\u00e7\u00e3o com pr\u00f3teses totais ou parciais, retidas em\",\"breadcrumb\":{\"@id\":\"https:\\\/\\\/eshop.alphabio-iberia.com\\\/pt-pt\\\/kit-pilar-alphaloc-3-mm-cs\\\/#breadcrumb\"},\"inLanguage\":\"pt-PT\",\"potentialAction\":[{\"@type\":\"ReadAction\",\"target\":[\"https:\\\/\\\/eshop.alphabio-iberia.com\\\/pt-pt\\\/kit-pilar-alphaloc-3-mm-cs\\\/\"]}]},{\"@type\":\"ImageObject\",\"inLanguage\":\"pt-PT\",\"@id\":\"https:\\\/\\\/eshop.alphabio-iberia.com\\\/pt-pt\\\/kit-pilar-alphaloc-3-mm-cs\\\/#primaryimage\",\"url\":\"https:\\\/\\\/eshop.alphabio-iberia.com\\\/wp-content\\\/uploads\\\/2022\\\/01\\\/kit-alphaloc-cs.png\",\"contentUrl\":\"https:\\\/\\\/eshop.alphabio-iberia.com\\\/wp-content\\\/uploads\\\/2022\\\/01\\\/kit-alphaloc-cs.png\",\"width\":500,\"height\":500},{\"@type\":\"BreadcrumbList\",\"@id\":\"https:\\\/\\\/eshop.alphabio-iberia.com\\\/pt-pt\\\/kit-pilar-alphaloc-3-mm-cs\\\/#breadcrumb\",\"itemListElement\":[{\"@type\":\"ListItem\",\"position\":1,\"name\":\"Portada\",\"item\":\"https:\\\/\\\/eshop.alphabio-iberia.com\\\/\"},{\"@type\":\"ListItem\",\"position\":2,\"name\":\"Tienda\",\"item\":\"https:\\\/\\\/eshop.alphabio-iberia.com\\\/tienda\\\/\"},{\"@type\":\"ListItem\",\"position\":3,\"name\":\"Kit pilar Alphaloc A 3 mm (CS)\"}]},{\"@type\":\"WebSite\",\"@id\":\"https:\\\/\\\/eshop.alphabio-iberia.com\\\/#website\",\"url\":\"https:\\\/\\\/eshop.alphabio-iberia.com\\\/\",\"name\":\"Tienda Alpha-Bio Iberia\",\"description\":\"Ofrecemos una soluci\u00f3n 360\u00ba para odont\u00f3logos, implant\u00f3logos y cirujanos en implantolog\u00eda, ROG y odontolog\u00eda digital, acompa\u00f1ado de un amplio programa formativo en Espa\u00f1a y Portugal.\",\"publisher\":{\"@id\":\"https:\\\/\\\/eshop.alphabio-iberia.com\\\/#organization\"},\"potentialAction\":[{\"@type\":\"SearchAction\",\"target\":{\"@type\":\"EntryPoint\",\"urlTemplate\":\"https:\\\/\\\/eshop.alphabio-iberia.com\\\/?s={search_term_string}\"},\"query-input\":{\"@type\":\"PropertyValueSpecification\",\"valueRequired\":true,\"valueName\":\"search_term_string\"}}],\"inLanguage\":\"pt-PT\"},{\"@type\":\"Organization\",\"@id\":\"https:\\\/\\\/eshop.alphabio-iberia.com\\\/#organization\",\"name\":\"Medical 10\",\"url\":\"https:\\\/\\\/eshop.alphabio-iberia.com\\\/\",\"logo\":{\"@type\":\"ImageObject\",\"inLanguage\":\"pt-PT\",\"@id\":\"https:\\\/\\\/eshop.alphabio-iberia.com\\\/#\\\/schema\\\/logo\\\/image\\\/\",\"url\":\"https:\\\/\\\/eshop.medical10.es\\\/wp-content\\\/uploads\\\/2021\\\/07\\\/cropped-m10_header_2.png\",\"contentUrl\":\"https:\\\/\\\/eshop.medical10.es\\\/wp-content\\\/uploads\\\/2021\\\/07\\\/cropped-m10_header_2.png\",\"width\":165,\"height\":97,\"caption\":\"Medical 10\"},\"image\":{\"@id\":\"https:\\\/\\\/eshop.alphabio-iberia.com\\\/#\\\/schema\\\/logo\\\/image\\\/\"}}]}<\/script>\n<!-- \/ Yoast SEO plugin. -->","yoast_head_json":{"title":"Kit pilar Alphaloc A 3 mm (CS) - Tienda Alpha-Bio Iberia","description":"Kit pilar Alphaloc A 3 mm (CS) en Tienda Alpha-Bio Iberia por 120.75 \u20ac! Sistema de retentor de sobredentadura AlphaLoc 0,75 mm para conex\u00e3o c\u00f3nica padr\u00e3o. Concebido para utiliza\u00e7\u00e3o com pr\u00f3teses totais ou parciais, retidas em","robots":{"index":"index","follow":"follow","max-snippet":"max-snippet:-1","max-image-preview":"max-image-preview:large","max-video-preview":"max-video-preview:-1"},"canonical":"https:\/\/eshop.alphabio-iberia.com\/pt-pt\/kit-pilar-alphaloc-3-mm-cs\/","og_locale":"pt_PT","og_type":"article","og_title":"Kit pilar Alphaloc A 3 mm (CS) - Tienda Alpha-Bio Iberia","og_description":"Kit pilar Alphaloc A 3 mm (CS) en Tienda Alpha-Bio Iberia por 120.75 \u20ac! Sistema de retentor de sobredentadura AlphaLoc 0,75 mm para conex\u00e3o c\u00f3nica padr\u00e3o. Concebido para utiliza\u00e7\u00e3o com pr\u00f3teses totais ou parciais, retidas em","og_url":"https:\/\/eshop.alphabio-iberia.com\/pt-pt\/kit-pilar-alphaloc-3-mm-cs\/","og_site_name":"Tienda Alpha-Bio Iberia","article_modified_time":"2023-06-27T11:31:30+00:00","og_image":[{"width":500,"height":500,"url":"https:\/\/eshop.alphabio-iberia.com\/wp-content\/uploads\/2022\/01\/kit-alphaloc-cs.png","type":"image\/png"}],"twitter_card":"summary_large_image","schema":{"@context":"https:\/\/schema.org","@graph":[{"@type":"WebPage","@id":"https:\/\/eshop.alphabio-iberia.com\/pt-pt\/kit-pilar-alphaloc-3-mm-cs\/","url":"https:\/\/eshop.alphabio-iberia.com\/pt-pt\/kit-pilar-alphaloc-3-mm-cs\/","name":"Kit pilar Alphaloc A 3 mm (CS) - Tienda Alpha-Bio Iberia","isPartOf":{"@id":"https:\/\/eshop.alphabio-iberia.com\/#website"},"primaryImageOfPage":{"@id":"https:\/\/eshop.alphabio-iberia.com\/pt-pt\/kit-pilar-alphaloc-3-mm-cs\/#primaryimage"},"image":{"@id":"https:\/\/eshop.alphabio-iberia.com\/pt-pt\/kit-pilar-alphaloc-3-mm-cs\/#primaryimage"},"thumbnailUrl":"https:\/\/eshop.alphabio-iberia.com\/wp-content\/uploads\/2022\/01\/kit-alphaloc-cs.png","datePublished":"2022-01-13T16:01:19+00:00","dateModified":"2023-06-27T11:31:30+00:00","description":"Kit pilar Alphaloc A 3 mm (CS) en Tienda Alpha-Bio Iberia por 120.75 \u20ac! Sistema de retentor de sobredentadura AlphaLoc 0,75 mm para conex\u00e3o c\u00f3nica padr\u00e3o. Concebido para utiliza\u00e7\u00e3o com pr\u00f3teses totais ou parciais, retidas em","breadcrumb":{"@id":"https:\/\/eshop.alphabio-iberia.com\/pt-pt\/kit-pilar-alphaloc-3-mm-cs\/#breadcrumb"},"inLanguage":"pt-PT","potentialAction":[{"@type":"ReadAction","target":["https:\/\/eshop.alphabio-iberia.com\/pt-pt\/kit-pilar-alphaloc-3-mm-cs\/"]}]},{"@type":"ImageObject","inLanguage":"pt-PT","@id":"https:\/\/eshop.alphabio-iberia.com\/pt-pt\/kit-pilar-alphaloc-3-mm-cs\/#primaryimage","url":"https:\/\/eshop.alphabio-iberia.com\/wp-content\/uploads\/2022\/01\/kit-alphaloc-cs.png","contentUrl":"https:\/\/eshop.alphabio-iberia.com\/wp-content\/uploads\/2022\/01\/kit-alphaloc-cs.png","width":500,"height":500},{"@type":"BreadcrumbList","@id":"https:\/\/eshop.alphabio-iberia.com\/pt-pt\/kit-pilar-alphaloc-3-mm-cs\/#breadcrumb","itemListElement":[{"@type":"ListItem","position":1,"name":"Portada","item":"https:\/\/eshop.alphabio-iberia.com\/"},{"@type":"ListItem","position":2,"name":"Tienda","item":"https:\/\/eshop.alphabio-iberia.com\/tienda\/"},{"@type":"ListItem","position":3,"name":"Kit pilar Alphaloc A 3 mm (CS)"}]},{"@type":"WebSite","@id":"https:\/\/eshop.alphabio-iberia.com\/#website","url":"https:\/\/eshop.alphabio-iberia.com\/","name":"Tienda Alpha-Bio Iberia","description":"Ofrecemos una soluci\u00f3n 360\u00ba para odont\u00f3logos, implant\u00f3logos y cirujanos en implantolog\u00eda, ROG y odontolog\u00eda digital, acompa\u00f1ado de un amplio programa formativo en Espa\u00f1a y Portugal.","publisher":{"@id":"https:\/\/eshop.alphabio-iberia.com\/#organization"},"potentialAction":[{"@type":"SearchAction","target":{"@type":"EntryPoint","urlTemplate":"https:\/\/eshop.alphabio-iberia.com\/?s={search_term_string}"},"query-input":{"@type":"PropertyValueSpecification","valueRequired":true,"valueName":"search_term_string"}}],"inLanguage":"pt-PT"},{"@type":"Organization","@id":"https:\/\/eshop.alphabio-iberia.com\/#organization","name":"Medical 10","url":"https:\/\/eshop.alphabio-iberia.com\/","logo":{"@type":"ImageObject","inLanguage":"pt-PT","@id":"https:\/\/eshop.alphabio-iberia.com\/#\/schema\/logo\/image\/","url":"https:\/\/eshop.medical10.es\/wp-content\/uploads\/2021\/07\/cropped-m10_header_2.png","contentUrl":"https:\/\/eshop.medical10.es\/wp-content\/uploads\/2021\/07\/cropped-m10_header_2.png","width":165,"height":97,"caption":"Medical 10"},"image":{"@id":"https:\/\/eshop.alphabio-iberia.com\/#\/schema\/logo\/image\/"}}]}},"_links":{"self":[{"href":"https:\/\/eshop.alphabio-iberia.com\/pt-pt\/wp-json\/wp\/v2\/product\/27446","targetHints":{"allow":["GET"]}}],"collection":[{"href":"https:\/\/eshop.alphabio-iberia.com\/pt-pt\/wp-json\/wp\/v2\/product"}],"about":[{"href":"https:\/\/eshop.alphabio-iberia.com\/pt-pt\/wp-json\/wp\/v2\/types\/product"}],"replies":[{"embeddable":true,"href":"https:\/\/eshop.alphabio-iberia.com\/pt-pt\/wp-json\/wp\/v2\/comments?post=27446"}],"wp:featuredmedia":[{"embeddable":true,"href":"https:\/\/eshop.alphabio-iberia.com\/pt-pt\/wp-json\/wp\/v2\/media\/43484"}],"wp:attachment":[{"href":"https:\/\/eshop.alphabio-iberia.com\/pt-pt\/wp-json\/wp\/v2\/media?parent=27446"}],"wp:term":[{"taxonomy":"product_brand","embeddable":true,"href":"https:\/\/eshop.alphabio-iberia.com\/pt-pt\/wp-json\/wp\/v2\/product_brand?post=27446"},{"taxonomy":"product_cat","embeddable":true,"href":"https:\/\/eshop.alphabio-iberia.com\/pt-pt\/wp-json\/wp\/v2\/product_cat?post=27446"},{"taxonomy":"product_tag","embeddable":true,"href":"https:\/\/eshop.alphabio-iberia.com\/pt-pt\/wp-json\/wp\/v2\/product_tag?post=27446"}],"curies":[{"name":"wp","href":"https:\/\/api.w.org\/{rel}","templated":true}]}}