{"id":27876,"date":"2022-01-13T16:05:13","date_gmt":"2022-01-13T16:05:13","guid":{"rendered":"https:\/\/eshop.medical10.es\/producto\/pilar-tct-angulado-17-a-1-5-mm-cs\/"},"modified":"2023-06-27T11:32:17","modified_gmt":"2023-06-27T11:32:17","slug":"pilar-tct-angulado-17-4","status":"publish","type":"product","link":"https:\/\/eshop.alphabio-iberia.com\/pt-pt\/pilar-tct-angulado-17-1-5-mm-cs\/","title":{"rendered":"Pilar TCT angulado 17\u00b0 A 1.5 mm (CS)"},"content":{"rendered":"<p>Pilar multiunit angulado 17\u00b0 para Conexi\u00f3n C\u00f3nica Est\u00e1ndar. Alpha Universe es la elecci\u00f3n m\u00e1s inteligente en los casos que requieren corregir la angulaci\u00f3n. Consiste en dos piezas: la UniBase, disponible en varios \u00e1ngulos y alturas y la Pro UniCover, disponible en una gama de dise\u00f1os que corresponden a cada opci\u00f3n de restauraci\u00f3n requerida.<\/p>\n<p>La l\u00ednea Alpha Universe incluye un soporte de pl\u00e1stico de elevada flexibilidad con objeto de lograr una f\u00e1cil inserci\u00f3n de la UniBase en el implante. Adem\u00e1s, de ser muy f\u00e1cil de usar. Para lograr mayor resistencia y estabilidad, la pieza Pro UniCover est\u00e1 atornillada a la UniBase.<br \/>\nEspecificaciones t\u00e9cnicas:<br \/>\n\u25cf Altura gingival: 1.5 mm<\/p>\n","protected":false},"excerpt":{"rendered":"<p>Pilar multiunit angulado 17\u00b0 para Conexi\u00f3n C\u00f3nica Est\u00e1ndar. Alpha Universe es la elecci\u00f3n m\u00e1s inteligente en los casos que requieren corregir la angulaci\u00f3n. Consiste en dos piezas: la UniBase, disponible en varios \u00e1ngulos y alturas y la Pro UniCover, disponible en una gama de dise\u00f1os que corresponden a cada opci\u00f3n de restauraci\u00f3n requerida. La l\u00ednea [&hellip;]<\/p>\n","protected":false},"featured_media":27877,"comment_status":"open","ping_status":"closed","template":"","meta":{"_acf_changed":false},"product_brand":[],"product_cat":[500,497],"product_tag":[],"class_list":{"0":"post-27876","1":"product","2":"type-product","3":"status-publish","4":"has-post-thumbnail","6":"product_cat-multiunit","7":"product_cat-protesis","8":"pa_altura-gingival-1-5-mm-pt-pt","9":"pa_angulacion-17-pt-pt","10":"pa_conexion-conexion-conica-pt-pt","11":"pa_tipo-de-protesis-multiunit-pt-pt","13":"first","14":"instock","15":"taxable","16":"shipping-taxable","17":"product-type-simple"},"acf":[],"yoast_head":"<!-- This site is optimized with the Yoast SEO plugin v27.4 - https:\/\/yoast.com\/product\/yoast-seo-wordpress\/ -->\n<title>Pilar TCT angulado 17\u00b0 A 1.5 mm (CS) - Tienda Alpha-Bio Iberia<\/title>\n<meta name=\"description\" content=\"Pilar TCT angulado 17\u00b0 A 1.5 mm (CS) en Tienda Alpha-Bio Iberia por 90.00 \u20ac! Pilar multiunit angulado 17\u00b0 para Conexi\u00f3n C\u00f3nica Est\u00e1ndar. Alpha Universe es la elecci\u00f3n m\u00e1s inteligente en los casos que requieren corregir la\" \/>\n<meta name=\"robots\" content=\"index, follow, max-snippet:-1, max-image-preview:large, max-video-preview:-1\" \/>\n<link rel=\"canonical\" href=\"https:\/\/eshop.alphabio-iberia.com\/pilar-tct-angulado-17-4\/\" \/>\n<meta property=\"og:locale\" content=\"pt_PT\" \/>\n<meta property=\"og:type\" content=\"article\" \/>\n<meta property=\"og:title\" content=\"Pilar TCT angulado 17\u00b0 A 1.5 mm (CS) - Tienda Alpha-Bio Iberia\" \/>\n<meta property=\"og:description\" content=\"Pilar TCT angulado 17\u00b0 A 1.5 mm (CS) en Tienda Alpha-Bio Iberia por 90.00 \u20ac! Pilar multiunit angulado 17\u00b0 para Conexi\u00f3n C\u00f3nica Est\u00e1ndar. Alpha Universe es la elecci\u00f3n m\u00e1s inteligente en los casos que requieren corregir la\" \/>\n<meta property=\"og:url\" content=\"https:\/\/eshop.alphabio-iberia.com\/pilar-tct-angulado-17-4\/\" \/>\n<meta property=\"og:site_name\" content=\"Tienda Alpha-Bio Iberia\" \/>\n<meta property=\"article:modified_time\" content=\"2023-06-27T11:32:17+00:00\" \/>\n<meta property=\"og:image\" content=\"https:\/\/eshop.alphabio-iberia.com\/wp-content\/uploads\/2022\/02\/3862_multiunit_cs_1.png\" \/>\n\t<meta property=\"og:image:width\" content=\"500\" \/>\n\t<meta property=\"og:image:height\" content=\"500\" \/>\n\t<meta property=\"og:image:type\" content=\"image\/png\" \/>\n<meta name=\"twitter:card\" content=\"summary_large_image\" \/>\n<meta name=\"twitter:label1\" content=\"Tempo estimado de leitura\" \/>\n\t<meta name=\"twitter:data1\" content=\"1 minuto\" \/>\n<script type=\"application\/ld+json\" class=\"yoast-schema-graph\">{\"@context\":\"https:\\\/\\\/schema.org\",\"@graph\":[{\"@type\":\"WebPage\",\"@id\":\"https:\\\/\\\/eshop.alphabio-iberia.com\\\/pilar-tct-angulado-17-4\\\/\",\"url\":\"https:\\\/\\\/eshop.alphabio-iberia.com\\\/pilar-tct-angulado-17-4\\\/\",\"name\":\"Pilar TCT angulado 17\u00b0 A 1.5 mm (CS) - Tienda Alpha-Bio Iberia\",\"isPartOf\":{\"@id\":\"https:\\\/\\\/eshop.alphabio-iberia.com\\\/#website\"},\"primaryImageOfPage\":{\"@id\":\"https:\\\/\\\/eshop.alphabio-iberia.com\\\/pilar-tct-angulado-17-4\\\/#primaryimage\"},\"image\":{\"@id\":\"https:\\\/\\\/eshop.alphabio-iberia.com\\\/pilar-tct-angulado-17-4\\\/#primaryimage\"},\"thumbnailUrl\":\"https:\\\/\\\/eshop.alphabio-iberia.com\\\/wp-content\\\/uploads\\\/2022\\\/02\\\/3862_multiunit_cs_1.png\",\"datePublished\":\"2022-01-13T16:05:13+00:00\",\"dateModified\":\"2023-06-27T11:32:17+00:00\",\"description\":\"Pilar TCT angulado 17\u00b0 A 1.5 mm (CS) en Tienda Alpha-Bio Iberia por 90.00 \u20ac! Pilar multiunit angulado 17\u00b0 para Conexi\u00f3n C\u00f3nica Est\u00e1ndar. Alpha Universe es la elecci\u00f3n m\u00e1s inteligente en los casos que requieren corregir la\",\"breadcrumb\":{\"@id\":\"https:\\\/\\\/eshop.alphabio-iberia.com\\\/pilar-tct-angulado-17-4\\\/#breadcrumb\"},\"inLanguage\":\"pt-PT\",\"potentialAction\":[{\"@type\":\"ReadAction\",\"target\":[\"https:\\\/\\\/eshop.alphabio-iberia.com\\\/pilar-tct-angulado-17-4\\\/\"]}]},{\"@type\":\"ImageObject\",\"inLanguage\":\"pt-PT\",\"@id\":\"https:\\\/\\\/eshop.alphabio-iberia.com\\\/pilar-tct-angulado-17-4\\\/#primaryimage\",\"url\":\"https:\\\/\\\/eshop.alphabio-iberia.com\\\/wp-content\\\/uploads\\\/2022\\\/02\\\/3862_multiunit_cs_1.png\",\"contentUrl\":\"https:\\\/\\\/eshop.alphabio-iberia.com\\\/wp-content\\\/uploads\\\/2022\\\/02\\\/3862_multiunit_cs_1.png\",\"width\":500,\"height\":500},{\"@type\":\"BreadcrumbList\",\"@id\":\"https:\\\/\\\/eshop.alphabio-iberia.com\\\/pilar-tct-angulado-17-4\\\/#breadcrumb\",\"itemListElement\":[{\"@type\":\"ListItem\",\"position\":1,\"name\":\"Portada\",\"item\":\"https:\\\/\\\/eshop.alphabio-iberia.com\\\/\"},{\"@type\":\"ListItem\",\"position\":2,\"name\":\"Tienda\",\"item\":\"https:\\\/\\\/eshop.alphabio-iberia.com\\\/tienda\\\/\"},{\"@type\":\"ListItem\",\"position\":3,\"name\":\"Pilar TCT angulado 17\u00b0 A 1.5 mm (CS)\"}]},{\"@type\":\"WebSite\",\"@id\":\"https:\\\/\\\/eshop.alphabio-iberia.com\\\/#website\",\"url\":\"https:\\\/\\\/eshop.alphabio-iberia.com\\\/\",\"name\":\"Tienda Alpha-Bio Iberia\",\"description\":\"Ofrecemos una soluci\u00f3n 360\u00ba para odont\u00f3logos, implant\u00f3logos y cirujanos en implantolog\u00eda, ROG y odontolog\u00eda digital, acompa\u00f1ado de un amplio programa formativo en Espa\u00f1a y Portugal.\",\"publisher\":{\"@id\":\"https:\\\/\\\/eshop.alphabio-iberia.com\\\/#organization\"},\"potentialAction\":[{\"@type\":\"SearchAction\",\"target\":{\"@type\":\"EntryPoint\",\"urlTemplate\":\"https:\\\/\\\/eshop.alphabio-iberia.com\\\/?s={search_term_string}\"},\"query-input\":{\"@type\":\"PropertyValueSpecification\",\"valueRequired\":true,\"valueName\":\"search_term_string\"}}],\"inLanguage\":\"pt-PT\"},{\"@type\":\"Organization\",\"@id\":\"https:\\\/\\\/eshop.alphabio-iberia.com\\\/#organization\",\"name\":\"Medical 10\",\"url\":\"https:\\\/\\\/eshop.alphabio-iberia.com\\\/\",\"logo\":{\"@type\":\"ImageObject\",\"inLanguage\":\"pt-PT\",\"@id\":\"https:\\\/\\\/eshop.alphabio-iberia.com\\\/#\\\/schema\\\/logo\\\/image\\\/\",\"url\":\"https:\\\/\\\/eshop.medical10.es\\\/wp-content\\\/uploads\\\/2021\\\/07\\\/cropped-m10_header_2.png\",\"contentUrl\":\"https:\\\/\\\/eshop.medical10.es\\\/wp-content\\\/uploads\\\/2021\\\/07\\\/cropped-m10_header_2.png\",\"width\":165,\"height\":97,\"caption\":\"Medical 10\"},\"image\":{\"@id\":\"https:\\\/\\\/eshop.alphabio-iberia.com\\\/#\\\/schema\\\/logo\\\/image\\\/\"}}]}<\/script>\n<!-- \/ Yoast SEO plugin. -->","yoast_head_json":{"title":"Pilar TCT angulado 17\u00b0 A 1.5 mm (CS) - Tienda Alpha-Bio Iberia","description":"Pilar TCT angulado 17\u00b0 A 1.5 mm (CS) en Tienda Alpha-Bio Iberia por 90.00 \u20ac! Pilar multiunit angulado 17\u00b0 para Conexi\u00f3n C\u00f3nica Est\u00e1ndar. Alpha Universe es la elecci\u00f3n m\u00e1s inteligente en los casos que requieren corregir la","robots":{"index":"index","follow":"follow","max-snippet":"max-snippet:-1","max-image-preview":"max-image-preview:large","max-video-preview":"max-video-preview:-1"},"canonical":"https:\/\/eshop.alphabio-iberia.com\/pilar-tct-angulado-17-4\/","og_locale":"pt_PT","og_type":"article","og_title":"Pilar TCT angulado 17\u00b0 A 1.5 mm (CS) - Tienda Alpha-Bio Iberia","og_description":"Pilar TCT angulado 17\u00b0 A 1.5 mm (CS) en Tienda Alpha-Bio Iberia por 90.00 \u20ac! Pilar multiunit angulado 17\u00b0 para Conexi\u00f3n C\u00f3nica Est\u00e1ndar. Alpha Universe es la elecci\u00f3n m\u00e1s inteligente en los casos que requieren corregir la","og_url":"https:\/\/eshop.alphabio-iberia.com\/pilar-tct-angulado-17-4\/","og_site_name":"Tienda Alpha-Bio Iberia","article_modified_time":"2023-06-27T11:32:17+00:00","og_image":[{"width":500,"height":500,"url":"https:\/\/eshop.alphabio-iberia.com\/wp-content\/uploads\/2022\/02\/3862_multiunit_cs_1.png","type":"image\/png"}],"twitter_card":"summary_large_image","twitter_misc":{"Tempo estimado de leitura":"1 minuto"},"schema":{"@context":"https:\/\/schema.org","@graph":[{"@type":"WebPage","@id":"https:\/\/eshop.alphabio-iberia.com\/pilar-tct-angulado-17-4\/","url":"https:\/\/eshop.alphabio-iberia.com\/pilar-tct-angulado-17-4\/","name":"Pilar TCT angulado 17\u00b0 A 1.5 mm (CS) - Tienda Alpha-Bio Iberia","isPartOf":{"@id":"https:\/\/eshop.alphabio-iberia.com\/#website"},"primaryImageOfPage":{"@id":"https:\/\/eshop.alphabio-iberia.com\/pilar-tct-angulado-17-4\/#primaryimage"},"image":{"@id":"https:\/\/eshop.alphabio-iberia.com\/pilar-tct-angulado-17-4\/#primaryimage"},"thumbnailUrl":"https:\/\/eshop.alphabio-iberia.com\/wp-content\/uploads\/2022\/02\/3862_multiunit_cs_1.png","datePublished":"2022-01-13T16:05:13+00:00","dateModified":"2023-06-27T11:32:17+00:00","description":"Pilar TCT angulado 17\u00b0 A 1.5 mm (CS) en Tienda Alpha-Bio Iberia por 90.00 \u20ac! Pilar multiunit angulado 17\u00b0 para Conexi\u00f3n C\u00f3nica Est\u00e1ndar. Alpha Universe es la elecci\u00f3n m\u00e1s inteligente en los casos que requieren corregir la","breadcrumb":{"@id":"https:\/\/eshop.alphabio-iberia.com\/pilar-tct-angulado-17-4\/#breadcrumb"},"inLanguage":"pt-PT","potentialAction":[{"@type":"ReadAction","target":["https:\/\/eshop.alphabio-iberia.com\/pilar-tct-angulado-17-4\/"]}]},{"@type":"ImageObject","inLanguage":"pt-PT","@id":"https:\/\/eshop.alphabio-iberia.com\/pilar-tct-angulado-17-4\/#primaryimage","url":"https:\/\/eshop.alphabio-iberia.com\/wp-content\/uploads\/2022\/02\/3862_multiunit_cs_1.png","contentUrl":"https:\/\/eshop.alphabio-iberia.com\/wp-content\/uploads\/2022\/02\/3862_multiunit_cs_1.png","width":500,"height":500},{"@type":"BreadcrumbList","@id":"https:\/\/eshop.alphabio-iberia.com\/pilar-tct-angulado-17-4\/#breadcrumb","itemListElement":[{"@type":"ListItem","position":1,"name":"Portada","item":"https:\/\/eshop.alphabio-iberia.com\/"},{"@type":"ListItem","position":2,"name":"Tienda","item":"https:\/\/eshop.alphabio-iberia.com\/tienda\/"},{"@type":"ListItem","position":3,"name":"Pilar TCT angulado 17\u00b0 A 1.5 mm (CS)"}]},{"@type":"WebSite","@id":"https:\/\/eshop.alphabio-iberia.com\/#website","url":"https:\/\/eshop.alphabio-iberia.com\/","name":"Tienda Alpha-Bio Iberia","description":"Ofrecemos una soluci\u00f3n 360\u00ba para odont\u00f3logos, implant\u00f3logos y cirujanos en implantolog\u00eda, ROG y odontolog\u00eda digital, acompa\u00f1ado de un amplio programa formativo en Espa\u00f1a y Portugal.","publisher":{"@id":"https:\/\/eshop.alphabio-iberia.com\/#organization"},"potentialAction":[{"@type":"SearchAction","target":{"@type":"EntryPoint","urlTemplate":"https:\/\/eshop.alphabio-iberia.com\/?s={search_term_string}"},"query-input":{"@type":"PropertyValueSpecification","valueRequired":true,"valueName":"search_term_string"}}],"inLanguage":"pt-PT"},{"@type":"Organization","@id":"https:\/\/eshop.alphabio-iberia.com\/#organization","name":"Medical 10","url":"https:\/\/eshop.alphabio-iberia.com\/","logo":{"@type":"ImageObject","inLanguage":"pt-PT","@id":"https:\/\/eshop.alphabio-iberia.com\/#\/schema\/logo\/image\/","url":"https:\/\/eshop.medical10.es\/wp-content\/uploads\/2021\/07\/cropped-m10_header_2.png","contentUrl":"https:\/\/eshop.medical10.es\/wp-content\/uploads\/2021\/07\/cropped-m10_header_2.png","width":165,"height":97,"caption":"Medical 10"},"image":{"@id":"https:\/\/eshop.alphabio-iberia.com\/#\/schema\/logo\/image\/"}}]}},"_links":{"self":[{"href":"https:\/\/eshop.alphabio-iberia.com\/pt-pt\/wp-json\/wp\/v2\/product\/27876","targetHints":{"allow":["GET"]}}],"collection":[{"href":"https:\/\/eshop.alphabio-iberia.com\/pt-pt\/wp-json\/wp\/v2\/product"}],"about":[{"href":"https:\/\/eshop.alphabio-iberia.com\/pt-pt\/wp-json\/wp\/v2\/types\/product"}],"replies":[{"embeddable":true,"href":"https:\/\/eshop.alphabio-iberia.com\/pt-pt\/wp-json\/wp\/v2\/comments?post=27876"}],"wp:featuredmedia":[{"embeddable":true,"href":"https:\/\/eshop.alphabio-iberia.com\/pt-pt\/wp-json\/wp\/v2\/media\/27877"}],"wp:attachment":[{"href":"https:\/\/eshop.alphabio-iberia.com\/pt-pt\/wp-json\/wp\/v2\/media?parent=27876"}],"wp:term":[{"taxonomy":"product_brand","embeddable":true,"href":"https:\/\/eshop.alphabio-iberia.com\/pt-pt\/wp-json\/wp\/v2\/product_brand?post=27876"},{"taxonomy":"product_cat","embeddable":true,"href":"https:\/\/eshop.alphabio-iberia.com\/pt-pt\/wp-json\/wp\/v2\/product_cat?post=27876"},{"taxonomy":"product_tag","embeddable":true,"href":"https:\/\/eshop.alphabio-iberia.com\/pt-pt\/wp-json\/wp\/v2\/product_tag?post=27876"}],"curies":[{"name":"wp","href":"https:\/\/api.w.org\/{rel}","templated":true}]}}