{"id":28702,"date":"2022-01-13T16:14:06","date_gmt":"2022-01-13T16:14:06","guid":{"rendered":"https:\/\/eshop.medical10.es\/producto\/kit-de-topes\/"},"modified":"2023-06-27T11:34:39","modified_gmt":"2023-06-27T11:34:39","slug":"kit-de-topes","status":"publish","type":"product","link":"https:\/\/eshop.alphabio-iberia.com\/pt-pt\/kit-topes\/","title":{"rendered":"Kit de tamp\u00f5es"},"content":{"rendered":"<p>Kit de tamp\u00f5es.<br \/>\nDesign compacto, ergon\u00f3mico e esteticamente agrad\u00e1vel.<br \/>\nOrganizado correctamente, todas as pe\u00e7as s\u00e3o claramente vis\u00edveis e facilmente acess\u00edveis.<br \/>\nMarca\u00e7\u00f5es a laser na caixa e nos batentes.<br \/>\nF\u00e1cil de limpar e autoclav\u00e1vel.<br \/>\nRanhuras espec\u00edficas para a remo\u00e7\u00e3o dos batentes.<br \/>\nOs batentes evitam o aquecimento do osso durante a prepara\u00e7\u00e3o da osteotomia.<br \/>\nMateriais: Caixa &#8211; Radel\u00ae, Tampa &#8211; PPHT.<br \/>\nDimens\u00e3o: 13 cm X 9.5 cm X 3 cm.<\/p>\n","protected":false},"excerpt":{"rendered":"<p>Kit de tamp\u00f5es. Design compacto, ergon\u00f3mico e esteticamente agrad\u00e1vel. Organizado correctamente, todas as pe\u00e7as s\u00e3o claramente vis\u00edveis e facilmente acess\u00edveis. Marca\u00e7\u00f5es a laser na caixa e nos batentes. F\u00e1cil de limpar e autoclav\u00e1vel. Ranhuras espec\u00edficas para a remo\u00e7\u00e3o dos batentes. Os batentes evitam o aquecimento do osso durante a prepara\u00e7\u00e3o da osteotomia. Materiais: Caixa &#8211; [&hellip;]<\/p>\n","protected":false},"featured_media":28703,"comment_status":"open","ping_status":"closed","template":"","meta":{"_acf_changed":false},"product_brand":[],"product_cat":[496],"product_tag":[],"class_list":{"0":"post-28702","1":"product","2":"type-product","3":"status-publish","4":"has-post-thumbnail","6":"product_cat-topos","8":"first","9":"instock","10":"taxable","11":"shipping-taxable","12":"product-type-simple"},"acf":[],"yoast_head":"<!-- This site is optimized with the Yoast SEO plugin v27.3 - https:\/\/yoast.com\/product\/yoast-seo-wordpress\/ -->\n<title>Kit de tamp\u00f5es - Tienda Alpha-Bio Iberia<\/title>\n<meta name=\"description\" content=\"Kit de tamp\u00f5es en Tienda Alpha-Bio Iberia por 799.00 \u20ac! Kit de tamp\u00f5es. Design compacto, ergon\u00f3mico e esteticamente agrad\u00e1vel. Organizado correctamente, todas as pe\u00e7as s\u00e3o claramente vis\u00edveis e facilmente\" \/>\n<meta name=\"robots\" content=\"index, follow, max-snippet:-1, max-image-preview:large, max-video-preview:-1\" \/>\n<link rel=\"canonical\" href=\"https:\/\/eshop.alphabio-iberia.com\/kit-topes\/\" \/>\n<meta property=\"og:locale\" content=\"pt_PT\" \/>\n<meta property=\"og:type\" content=\"article\" \/>\n<meta property=\"og:title\" content=\"Kit de tamp\u00f5es - Tienda Alpha-Bio Iberia\" \/>\n<meta property=\"og:description\" content=\"Kit de tamp\u00f5es en Tienda Alpha-Bio Iberia por 799.00 \u20ac! Kit de tamp\u00f5es. Design compacto, ergon\u00f3mico e esteticamente agrad\u00e1vel. Organizado correctamente, todas as pe\u00e7as s\u00e3o claramente vis\u00edveis e facilmente\" \/>\n<meta property=\"og:url\" content=\"https:\/\/eshop.alphabio-iberia.com\/kit-topes\/\" \/>\n<meta property=\"og:site_name\" content=\"Tienda Alpha-Bio Iberia\" \/>\n<meta property=\"article:modified_time\" content=\"2023-06-27T11:34:39+00:00\" \/>\n<meta property=\"og:image\" content=\"https:\/\/eshop.alphabio-iberia.com\/wp-content\/uploads\/2022\/02\/4612_kitdetopes_1.png\" \/>\n\t<meta property=\"og:image:width\" content=\"500\" \/>\n\t<meta property=\"og:image:height\" content=\"500\" \/>\n\t<meta property=\"og:image:type\" content=\"image\/png\" \/>\n<meta name=\"twitter:card\" content=\"summary_large_image\" \/>\n<script type=\"application\/ld+json\" class=\"yoast-schema-graph\">{\"@context\":\"https:\\\/\\\/schema.org\",\"@graph\":[{\"@type\":\"WebPage\",\"@id\":\"https:\\\/\\\/eshop.alphabio-iberia.com\\\/kit-topes\\\/\",\"url\":\"https:\\\/\\\/eshop.alphabio-iberia.com\\\/kit-topes\\\/\",\"name\":\"Kit de tamp\u00f5es - Tienda Alpha-Bio Iberia\",\"isPartOf\":{\"@id\":\"https:\\\/\\\/eshop.alphabio-iberia.com\\\/#website\"},\"primaryImageOfPage\":{\"@id\":\"https:\\\/\\\/eshop.alphabio-iberia.com\\\/kit-topes\\\/#primaryimage\"},\"image\":{\"@id\":\"https:\\\/\\\/eshop.alphabio-iberia.com\\\/kit-topes\\\/#primaryimage\"},\"thumbnailUrl\":\"https:\\\/\\\/eshop.alphabio-iberia.com\\\/wp-content\\\/uploads\\\/2022\\\/02\\\/4612_kitdetopes_1.png\",\"datePublished\":\"2022-01-13T16:14:06+00:00\",\"dateModified\":\"2023-06-27T11:34:39+00:00\",\"description\":\"Kit de tamp\u00f5es en Tienda Alpha-Bio Iberia por 799.00 \u20ac! Kit de tamp\u00f5es. Design compacto, ergon\u00f3mico e esteticamente agrad\u00e1vel. Organizado correctamente, todas as pe\u00e7as s\u00e3o claramente vis\u00edveis e facilmente\",\"breadcrumb\":{\"@id\":\"https:\\\/\\\/eshop.alphabio-iberia.com\\\/kit-topes\\\/#breadcrumb\"},\"inLanguage\":\"pt-PT\",\"potentialAction\":[{\"@type\":\"ReadAction\",\"target\":[\"https:\\\/\\\/eshop.alphabio-iberia.com\\\/kit-topes\\\/\"]}]},{\"@type\":\"ImageObject\",\"inLanguage\":\"pt-PT\",\"@id\":\"https:\\\/\\\/eshop.alphabio-iberia.com\\\/kit-topes\\\/#primaryimage\",\"url\":\"https:\\\/\\\/eshop.alphabio-iberia.com\\\/wp-content\\\/uploads\\\/2022\\\/02\\\/4612_kitdetopes_1.png\",\"contentUrl\":\"https:\\\/\\\/eshop.alphabio-iberia.com\\\/wp-content\\\/uploads\\\/2022\\\/02\\\/4612_kitdetopes_1.png\",\"width\":500,\"height\":500},{\"@type\":\"BreadcrumbList\",\"@id\":\"https:\\\/\\\/eshop.alphabio-iberia.com\\\/kit-topes\\\/#breadcrumb\",\"itemListElement\":[{\"@type\":\"ListItem\",\"position\":1,\"name\":\"Portada\",\"item\":\"https:\\\/\\\/eshop.alphabio-iberia.com\\\/\"},{\"@type\":\"ListItem\",\"position\":2,\"name\":\"Tienda\",\"item\":\"https:\\\/\\\/eshop.alphabio-iberia.com\\\/tienda\\\/\"},{\"@type\":\"ListItem\",\"position\":3,\"name\":\"Kit de tamp\u00f5es\"}]},{\"@type\":\"WebSite\",\"@id\":\"https:\\\/\\\/eshop.alphabio-iberia.com\\\/#website\",\"url\":\"https:\\\/\\\/eshop.alphabio-iberia.com\\\/\",\"name\":\"Tienda Alpha-Bio Iberia\",\"description\":\"Ofrecemos una soluci\u00f3n 360\u00ba para odont\u00f3logos, implant\u00f3logos y cirujanos en implantolog\u00eda, ROG y odontolog\u00eda digital, acompa\u00f1ado de un amplio programa formativo en Espa\u00f1a y Portugal.\",\"publisher\":{\"@id\":\"https:\\\/\\\/eshop.alphabio-iberia.com\\\/#organization\"},\"potentialAction\":[{\"@type\":\"SearchAction\",\"target\":{\"@type\":\"EntryPoint\",\"urlTemplate\":\"https:\\\/\\\/eshop.alphabio-iberia.com\\\/?s={search_term_string}\"},\"query-input\":{\"@type\":\"PropertyValueSpecification\",\"valueRequired\":true,\"valueName\":\"search_term_string\"}}],\"inLanguage\":\"pt-PT\"},{\"@type\":\"Organization\",\"@id\":\"https:\\\/\\\/eshop.alphabio-iberia.com\\\/#organization\",\"name\":\"Medical 10\",\"url\":\"https:\\\/\\\/eshop.alphabio-iberia.com\\\/\",\"logo\":{\"@type\":\"ImageObject\",\"inLanguage\":\"pt-PT\",\"@id\":\"https:\\\/\\\/eshop.alphabio-iberia.com\\\/#\\\/schema\\\/logo\\\/image\\\/\",\"url\":\"https:\\\/\\\/eshop.medical10.es\\\/wp-content\\\/uploads\\\/2021\\\/07\\\/cropped-m10_header_2.png\",\"contentUrl\":\"https:\\\/\\\/eshop.medical10.es\\\/wp-content\\\/uploads\\\/2021\\\/07\\\/cropped-m10_header_2.png\",\"width\":165,\"height\":97,\"caption\":\"Medical 10\"},\"image\":{\"@id\":\"https:\\\/\\\/eshop.alphabio-iberia.com\\\/#\\\/schema\\\/logo\\\/image\\\/\"}}]}<\/script>\n<!-- \/ Yoast SEO plugin. -->","yoast_head_json":{"title":"Kit de tamp\u00f5es - Tienda Alpha-Bio Iberia","description":"Kit de tamp\u00f5es en Tienda Alpha-Bio Iberia por 799.00 \u20ac! Kit de tamp\u00f5es. Design compacto, ergon\u00f3mico e esteticamente agrad\u00e1vel. Organizado correctamente, todas as pe\u00e7as s\u00e3o claramente vis\u00edveis e facilmente","robots":{"index":"index","follow":"follow","max-snippet":"max-snippet:-1","max-image-preview":"max-image-preview:large","max-video-preview":"max-video-preview:-1"},"canonical":"https:\/\/eshop.alphabio-iberia.com\/kit-topes\/","og_locale":"pt_PT","og_type":"article","og_title":"Kit de tamp\u00f5es - Tienda Alpha-Bio Iberia","og_description":"Kit de tamp\u00f5es en Tienda Alpha-Bio Iberia por 799.00 \u20ac! Kit de tamp\u00f5es. Design compacto, ergon\u00f3mico e esteticamente agrad\u00e1vel. Organizado correctamente, todas as pe\u00e7as s\u00e3o claramente vis\u00edveis e facilmente","og_url":"https:\/\/eshop.alphabio-iberia.com\/kit-topes\/","og_site_name":"Tienda Alpha-Bio Iberia","article_modified_time":"2023-06-27T11:34:39+00:00","og_image":[{"width":500,"height":500,"url":"https:\/\/eshop.alphabio-iberia.com\/wp-content\/uploads\/2022\/02\/4612_kitdetopes_1.png","type":"image\/png"}],"twitter_card":"summary_large_image","schema":{"@context":"https:\/\/schema.org","@graph":[{"@type":"WebPage","@id":"https:\/\/eshop.alphabio-iberia.com\/kit-topes\/","url":"https:\/\/eshop.alphabio-iberia.com\/kit-topes\/","name":"Kit de tamp\u00f5es - Tienda Alpha-Bio Iberia","isPartOf":{"@id":"https:\/\/eshop.alphabio-iberia.com\/#website"},"primaryImageOfPage":{"@id":"https:\/\/eshop.alphabio-iberia.com\/kit-topes\/#primaryimage"},"image":{"@id":"https:\/\/eshop.alphabio-iberia.com\/kit-topes\/#primaryimage"},"thumbnailUrl":"https:\/\/eshop.alphabio-iberia.com\/wp-content\/uploads\/2022\/02\/4612_kitdetopes_1.png","datePublished":"2022-01-13T16:14:06+00:00","dateModified":"2023-06-27T11:34:39+00:00","description":"Kit de tamp\u00f5es en Tienda Alpha-Bio Iberia por 799.00 \u20ac! Kit de tamp\u00f5es. Design compacto, ergon\u00f3mico e esteticamente agrad\u00e1vel. Organizado correctamente, todas as pe\u00e7as s\u00e3o claramente vis\u00edveis e facilmente","breadcrumb":{"@id":"https:\/\/eshop.alphabio-iberia.com\/kit-topes\/#breadcrumb"},"inLanguage":"pt-PT","potentialAction":[{"@type":"ReadAction","target":["https:\/\/eshop.alphabio-iberia.com\/kit-topes\/"]}]},{"@type":"ImageObject","inLanguage":"pt-PT","@id":"https:\/\/eshop.alphabio-iberia.com\/kit-topes\/#primaryimage","url":"https:\/\/eshop.alphabio-iberia.com\/wp-content\/uploads\/2022\/02\/4612_kitdetopes_1.png","contentUrl":"https:\/\/eshop.alphabio-iberia.com\/wp-content\/uploads\/2022\/02\/4612_kitdetopes_1.png","width":500,"height":500},{"@type":"BreadcrumbList","@id":"https:\/\/eshop.alphabio-iberia.com\/kit-topes\/#breadcrumb","itemListElement":[{"@type":"ListItem","position":1,"name":"Portada","item":"https:\/\/eshop.alphabio-iberia.com\/"},{"@type":"ListItem","position":2,"name":"Tienda","item":"https:\/\/eshop.alphabio-iberia.com\/tienda\/"},{"@type":"ListItem","position":3,"name":"Kit de tamp\u00f5es"}]},{"@type":"WebSite","@id":"https:\/\/eshop.alphabio-iberia.com\/#website","url":"https:\/\/eshop.alphabio-iberia.com\/","name":"Tienda Alpha-Bio Iberia","description":"Ofrecemos una soluci\u00f3n 360\u00ba para odont\u00f3logos, implant\u00f3logos y cirujanos en implantolog\u00eda, ROG y odontolog\u00eda digital, acompa\u00f1ado de un amplio programa formativo en Espa\u00f1a y Portugal.","publisher":{"@id":"https:\/\/eshop.alphabio-iberia.com\/#organization"},"potentialAction":[{"@type":"SearchAction","target":{"@type":"EntryPoint","urlTemplate":"https:\/\/eshop.alphabio-iberia.com\/?s={search_term_string}"},"query-input":{"@type":"PropertyValueSpecification","valueRequired":true,"valueName":"search_term_string"}}],"inLanguage":"pt-PT"},{"@type":"Organization","@id":"https:\/\/eshop.alphabio-iberia.com\/#organization","name":"Medical 10","url":"https:\/\/eshop.alphabio-iberia.com\/","logo":{"@type":"ImageObject","inLanguage":"pt-PT","@id":"https:\/\/eshop.alphabio-iberia.com\/#\/schema\/logo\/image\/","url":"https:\/\/eshop.medical10.es\/wp-content\/uploads\/2021\/07\/cropped-m10_header_2.png","contentUrl":"https:\/\/eshop.medical10.es\/wp-content\/uploads\/2021\/07\/cropped-m10_header_2.png","width":165,"height":97,"caption":"Medical 10"},"image":{"@id":"https:\/\/eshop.alphabio-iberia.com\/#\/schema\/logo\/image\/"}}]}},"_links":{"self":[{"href":"https:\/\/eshop.alphabio-iberia.com\/pt-pt\/wp-json\/wp\/v2\/product\/28702","targetHints":{"allow":["GET"]}}],"collection":[{"href":"https:\/\/eshop.alphabio-iberia.com\/pt-pt\/wp-json\/wp\/v2\/product"}],"about":[{"href":"https:\/\/eshop.alphabio-iberia.com\/pt-pt\/wp-json\/wp\/v2\/types\/product"}],"replies":[{"embeddable":true,"href":"https:\/\/eshop.alphabio-iberia.com\/pt-pt\/wp-json\/wp\/v2\/comments?post=28702"}],"wp:featuredmedia":[{"embeddable":true,"href":"https:\/\/eshop.alphabio-iberia.com\/pt-pt\/wp-json\/wp\/v2\/media\/28703"}],"wp:attachment":[{"href":"https:\/\/eshop.alphabio-iberia.com\/pt-pt\/wp-json\/wp\/v2\/media?parent=28702"}],"wp:term":[{"taxonomy":"product_brand","embeddable":true,"href":"https:\/\/eshop.alphabio-iberia.com\/pt-pt\/wp-json\/wp\/v2\/product_brand?post=28702"},{"taxonomy":"product_cat","embeddable":true,"href":"https:\/\/eshop.alphabio-iberia.com\/pt-pt\/wp-json\/wp\/v2\/product_cat?post=28702"},{"taxonomy":"product_tag","embeddable":true,"href":"https:\/\/eshop.alphabio-iberia.com\/pt-pt\/wp-json\/wp\/v2\/product_tag?post=28702"}],"curies":[{"name":"wp","href":"https:\/\/api.w.org\/{rel}","templated":true}]}}