{"id":28707,"date":"2022-01-13T16:14:01","date_gmt":"2022-01-13T16:14:01","guid":{"rendered":"https:\/\/eshop.medical10.es\/producto\/kit-quirurgico-de-fresas-rectas\/"},"modified":"2023-06-27T11:34:38","modified_gmt":"2023-06-27T11:34:38","slug":"kit-quirurgico-de-fresas-rectas","status":"publish","type":"product","link":"https:\/\/eshop.alphabio-iberia.com\/pt-pt\/kit-quirurgico-fresas-rectas\/","title":{"rendered":"Kit cir\u00fargico de brocas rectas"},"content":{"rendered":"<p>Kit cir\u00fargico para brocas rectas.<br \/>\nA caixa e o tabuleiro s\u00e3o fabricados em Radel\u00ae.<br \/>\nBanho em a\u00e7o inoxid\u00e1vel.<br \/>\nDimens\u00f5es da caixa: 10 cm X 8.5 cm X 5cm.<\/p>\n<p>O design avan\u00e7ado das brocas Alpha-Bio Tec reduz o calor e preserva melhor o osso devido ao seu sistema de refrigera\u00e7\u00e3o que proporciona irriga\u00e7\u00e3o e lubrifica\u00e7\u00e3o constantes.<\/p>\n","protected":false},"excerpt":{"rendered":"<p>Kit cir\u00fargico para brocas rectas. A caixa e o tabuleiro s\u00e3o fabricados em Radel\u00ae. Banho em a\u00e7o inoxid\u00e1vel. Dimens\u00f5es da caixa: 10 cm X 8.5 cm X 5cm. O design avan\u00e7ado das brocas Alpha-Bio Tec reduz o calor e preserva melhor o osso devido ao seu sistema de refrigera\u00e7\u00e3o que proporciona irriga\u00e7\u00e3o e lubrifica\u00e7\u00e3o constantes.<\/p>\n","protected":false},"featured_media":28708,"comment_status":"open","ping_status":"closed","template":"","meta":{"_acf_changed":false},"product_brand":[],"product_cat":[534],"product_tag":[],"class_list":{"0":"post-28707","1":"product","2":"type-product","3":"status-publish","4":"has-post-thumbnail","6":"product_cat-instrumental-sistemas-de-fixacao","8":"first","9":"outofstock","10":"taxable","11":"shipping-taxable","12":"product-type-simple"},"acf":[],"yoast_head":"<!-- This site is optimized with the Yoast SEO plugin v27.4 - https:\/\/yoast.com\/product\/yoast-seo-wordpress\/ -->\n<title>Kit cir\u00fargico de brocas rectas - Tienda Alpha-Bio Iberia<\/title>\n<meta name=\"description\" content=\"Kit cir\u00fargico de brocas rectas en Tienda Alpha-Bio Iberia por 182.40 \u20ac! Kit cir\u00fargico para brocas rectas. A caixa e o tabuleiro s\u00e3o fabricados em Radel\u00ae. Banho em a\u00e7o inoxid\u00e1vel. Dimens\u00f5es da caixa: 10 cm X 8.5 cm X 5cm. O\" \/>\n<meta name=\"robots\" content=\"index, follow, max-snippet:-1, max-image-preview:large, max-video-preview:-1\" \/>\n<link rel=\"canonical\" href=\"https:\/\/eshop.alphabio-iberia.com\/pt-pt\/kit-quirurgico-fresas-rectas\/\" \/>\n<meta property=\"og:locale\" content=\"pt_PT\" \/>\n<meta property=\"og:type\" content=\"article\" \/>\n<meta property=\"og:title\" content=\"Kit cir\u00fargico de brocas rectas - Tienda Alpha-Bio Iberia\" \/>\n<meta property=\"og:description\" content=\"Kit cir\u00fargico de brocas rectas en Tienda Alpha-Bio Iberia por 182.40 \u20ac! Kit cir\u00fargico para brocas rectas. A caixa e o tabuleiro s\u00e3o fabricados em Radel\u00ae. Banho em a\u00e7o inoxid\u00e1vel. Dimens\u00f5es da caixa: 10 cm X 8.5 cm X 5cm. O\" \/>\n<meta property=\"og:url\" content=\"https:\/\/eshop.alphabio-iberia.com\/pt-pt\/kit-quirurgico-fresas-rectas\/\" \/>\n<meta property=\"og:site_name\" content=\"Tienda Alpha-Bio Iberia\" \/>\n<meta property=\"article:modified_time\" content=\"2023-06-27T11:34:38+00:00\" \/>\n<meta property=\"og:image\" content=\"https:\/\/eshop.alphabio-iberia.com\/wp-content\/uploads\/2022\/02\/4611_minikit-fresas_1.png\" \/>\n\t<meta property=\"og:image:width\" content=\"500\" \/>\n\t<meta property=\"og:image:height\" content=\"500\" \/>\n\t<meta property=\"og:image:type\" content=\"image\/png\" \/>\n<meta name=\"twitter:card\" content=\"summary_large_image\" \/>\n<script type=\"application\/ld+json\" class=\"yoast-schema-graph\">{\"@context\":\"https:\\\/\\\/schema.org\",\"@graph\":[{\"@type\":\"WebPage\",\"@id\":\"https:\\\/\\\/eshop.alphabio-iberia.com\\\/pt-pt\\\/kit-quirurgico-fresas-rectas\\\/\",\"url\":\"https:\\\/\\\/eshop.alphabio-iberia.com\\\/pt-pt\\\/kit-quirurgico-fresas-rectas\\\/\",\"name\":\"Kit cir\u00fargico de brocas rectas - Tienda Alpha-Bio Iberia\",\"isPartOf\":{\"@id\":\"https:\\\/\\\/eshop.alphabio-iberia.com\\\/#website\"},\"primaryImageOfPage\":{\"@id\":\"https:\\\/\\\/eshop.alphabio-iberia.com\\\/pt-pt\\\/kit-quirurgico-fresas-rectas\\\/#primaryimage\"},\"image\":{\"@id\":\"https:\\\/\\\/eshop.alphabio-iberia.com\\\/pt-pt\\\/kit-quirurgico-fresas-rectas\\\/#primaryimage\"},\"thumbnailUrl\":\"https:\\\/\\\/eshop.alphabio-iberia.com\\\/wp-content\\\/uploads\\\/2022\\\/02\\\/4611_minikit-fresas_1.png\",\"datePublished\":\"2022-01-13T16:14:01+00:00\",\"dateModified\":\"2023-06-27T11:34:38+00:00\",\"description\":\"Kit cir\u00fargico de brocas rectas en Tienda Alpha-Bio Iberia por 182.40 \u20ac! Kit cir\u00fargico para brocas rectas. A caixa e o tabuleiro s\u00e3o fabricados em Radel\u00ae. Banho em a\u00e7o inoxid\u00e1vel. Dimens\u00f5es da caixa: 10 cm X 8.5 cm X 5cm. O\",\"breadcrumb\":{\"@id\":\"https:\\\/\\\/eshop.alphabio-iberia.com\\\/pt-pt\\\/kit-quirurgico-fresas-rectas\\\/#breadcrumb\"},\"inLanguage\":\"pt-PT\",\"potentialAction\":[{\"@type\":\"ReadAction\",\"target\":[\"https:\\\/\\\/eshop.alphabio-iberia.com\\\/pt-pt\\\/kit-quirurgico-fresas-rectas\\\/\"]}]},{\"@type\":\"ImageObject\",\"inLanguage\":\"pt-PT\",\"@id\":\"https:\\\/\\\/eshop.alphabio-iberia.com\\\/pt-pt\\\/kit-quirurgico-fresas-rectas\\\/#primaryimage\",\"url\":\"https:\\\/\\\/eshop.alphabio-iberia.com\\\/wp-content\\\/uploads\\\/2022\\\/02\\\/4611_minikit-fresas_1.png\",\"contentUrl\":\"https:\\\/\\\/eshop.alphabio-iberia.com\\\/wp-content\\\/uploads\\\/2022\\\/02\\\/4611_minikit-fresas_1.png\",\"width\":500,\"height\":500},{\"@type\":\"BreadcrumbList\",\"@id\":\"https:\\\/\\\/eshop.alphabio-iberia.com\\\/pt-pt\\\/kit-quirurgico-fresas-rectas\\\/#breadcrumb\",\"itemListElement\":[{\"@type\":\"ListItem\",\"position\":1,\"name\":\"Portada\",\"item\":\"https:\\\/\\\/eshop.alphabio-iberia.com\\\/\"},{\"@type\":\"ListItem\",\"position\":2,\"name\":\"Tienda\",\"item\":\"https:\\\/\\\/eshop.alphabio-iberia.com\\\/tienda\\\/\"},{\"@type\":\"ListItem\",\"position\":3,\"name\":\"Kit cir\u00fargico de brocas rectas\"}]},{\"@type\":\"WebSite\",\"@id\":\"https:\\\/\\\/eshop.alphabio-iberia.com\\\/#website\",\"url\":\"https:\\\/\\\/eshop.alphabio-iberia.com\\\/\",\"name\":\"Tienda Alpha-Bio Iberia\",\"description\":\"Ofrecemos una soluci\u00f3n 360\u00ba para odont\u00f3logos, implant\u00f3logos y cirujanos en implantolog\u00eda, ROG y odontolog\u00eda digital, acompa\u00f1ado de un amplio programa formativo en Espa\u00f1a y Portugal.\",\"publisher\":{\"@id\":\"https:\\\/\\\/eshop.alphabio-iberia.com\\\/#organization\"},\"potentialAction\":[{\"@type\":\"SearchAction\",\"target\":{\"@type\":\"EntryPoint\",\"urlTemplate\":\"https:\\\/\\\/eshop.alphabio-iberia.com\\\/?s={search_term_string}\"},\"query-input\":{\"@type\":\"PropertyValueSpecification\",\"valueRequired\":true,\"valueName\":\"search_term_string\"}}],\"inLanguage\":\"pt-PT\"},{\"@type\":\"Organization\",\"@id\":\"https:\\\/\\\/eshop.alphabio-iberia.com\\\/#organization\",\"name\":\"Medical 10\",\"url\":\"https:\\\/\\\/eshop.alphabio-iberia.com\\\/\",\"logo\":{\"@type\":\"ImageObject\",\"inLanguage\":\"pt-PT\",\"@id\":\"https:\\\/\\\/eshop.alphabio-iberia.com\\\/#\\\/schema\\\/logo\\\/image\\\/\",\"url\":\"https:\\\/\\\/eshop.medical10.es\\\/wp-content\\\/uploads\\\/2021\\\/07\\\/cropped-m10_header_2.png\",\"contentUrl\":\"https:\\\/\\\/eshop.medical10.es\\\/wp-content\\\/uploads\\\/2021\\\/07\\\/cropped-m10_header_2.png\",\"width\":165,\"height\":97,\"caption\":\"Medical 10\"},\"image\":{\"@id\":\"https:\\\/\\\/eshop.alphabio-iberia.com\\\/#\\\/schema\\\/logo\\\/image\\\/\"}}]}<\/script>\n<!-- \/ Yoast SEO plugin. -->","yoast_head_json":{"title":"Kit cir\u00fargico de brocas rectas - Tienda Alpha-Bio Iberia","description":"Kit cir\u00fargico de brocas rectas en Tienda Alpha-Bio Iberia por 182.40 \u20ac! Kit cir\u00fargico para brocas rectas. A caixa e o tabuleiro s\u00e3o fabricados em Radel\u00ae. Banho em a\u00e7o inoxid\u00e1vel. Dimens\u00f5es da caixa: 10 cm X 8.5 cm X 5cm. O","robots":{"index":"index","follow":"follow","max-snippet":"max-snippet:-1","max-image-preview":"max-image-preview:large","max-video-preview":"max-video-preview:-1"},"canonical":"https:\/\/eshop.alphabio-iberia.com\/pt-pt\/kit-quirurgico-fresas-rectas\/","og_locale":"pt_PT","og_type":"article","og_title":"Kit cir\u00fargico de brocas rectas - Tienda Alpha-Bio Iberia","og_description":"Kit cir\u00fargico de brocas rectas en Tienda Alpha-Bio Iberia por 182.40 \u20ac! Kit cir\u00fargico para brocas rectas. A caixa e o tabuleiro s\u00e3o fabricados em Radel\u00ae. Banho em a\u00e7o inoxid\u00e1vel. Dimens\u00f5es da caixa: 10 cm X 8.5 cm X 5cm. O","og_url":"https:\/\/eshop.alphabio-iberia.com\/pt-pt\/kit-quirurgico-fresas-rectas\/","og_site_name":"Tienda Alpha-Bio Iberia","article_modified_time":"2023-06-27T11:34:38+00:00","og_image":[{"width":500,"height":500,"url":"https:\/\/eshop.alphabio-iberia.com\/wp-content\/uploads\/2022\/02\/4611_minikit-fresas_1.png","type":"image\/png"}],"twitter_card":"summary_large_image","schema":{"@context":"https:\/\/schema.org","@graph":[{"@type":"WebPage","@id":"https:\/\/eshop.alphabio-iberia.com\/pt-pt\/kit-quirurgico-fresas-rectas\/","url":"https:\/\/eshop.alphabio-iberia.com\/pt-pt\/kit-quirurgico-fresas-rectas\/","name":"Kit cir\u00fargico de brocas rectas - Tienda Alpha-Bio Iberia","isPartOf":{"@id":"https:\/\/eshop.alphabio-iberia.com\/#website"},"primaryImageOfPage":{"@id":"https:\/\/eshop.alphabio-iberia.com\/pt-pt\/kit-quirurgico-fresas-rectas\/#primaryimage"},"image":{"@id":"https:\/\/eshop.alphabio-iberia.com\/pt-pt\/kit-quirurgico-fresas-rectas\/#primaryimage"},"thumbnailUrl":"https:\/\/eshop.alphabio-iberia.com\/wp-content\/uploads\/2022\/02\/4611_minikit-fresas_1.png","datePublished":"2022-01-13T16:14:01+00:00","dateModified":"2023-06-27T11:34:38+00:00","description":"Kit cir\u00fargico de brocas rectas en Tienda Alpha-Bio Iberia por 182.40 \u20ac! Kit cir\u00fargico para brocas rectas. A caixa e o tabuleiro s\u00e3o fabricados em Radel\u00ae. Banho em a\u00e7o inoxid\u00e1vel. Dimens\u00f5es da caixa: 10 cm X 8.5 cm X 5cm. O","breadcrumb":{"@id":"https:\/\/eshop.alphabio-iberia.com\/pt-pt\/kit-quirurgico-fresas-rectas\/#breadcrumb"},"inLanguage":"pt-PT","potentialAction":[{"@type":"ReadAction","target":["https:\/\/eshop.alphabio-iberia.com\/pt-pt\/kit-quirurgico-fresas-rectas\/"]}]},{"@type":"ImageObject","inLanguage":"pt-PT","@id":"https:\/\/eshop.alphabio-iberia.com\/pt-pt\/kit-quirurgico-fresas-rectas\/#primaryimage","url":"https:\/\/eshop.alphabio-iberia.com\/wp-content\/uploads\/2022\/02\/4611_minikit-fresas_1.png","contentUrl":"https:\/\/eshop.alphabio-iberia.com\/wp-content\/uploads\/2022\/02\/4611_minikit-fresas_1.png","width":500,"height":500},{"@type":"BreadcrumbList","@id":"https:\/\/eshop.alphabio-iberia.com\/pt-pt\/kit-quirurgico-fresas-rectas\/#breadcrumb","itemListElement":[{"@type":"ListItem","position":1,"name":"Portada","item":"https:\/\/eshop.alphabio-iberia.com\/"},{"@type":"ListItem","position":2,"name":"Tienda","item":"https:\/\/eshop.alphabio-iberia.com\/tienda\/"},{"@type":"ListItem","position":3,"name":"Kit cir\u00fargico de brocas rectas"}]},{"@type":"WebSite","@id":"https:\/\/eshop.alphabio-iberia.com\/#website","url":"https:\/\/eshop.alphabio-iberia.com\/","name":"Tienda Alpha-Bio Iberia","description":"Ofrecemos una soluci\u00f3n 360\u00ba para odont\u00f3logos, implant\u00f3logos y cirujanos en implantolog\u00eda, ROG y odontolog\u00eda digital, acompa\u00f1ado de un amplio programa formativo en Espa\u00f1a y Portugal.","publisher":{"@id":"https:\/\/eshop.alphabio-iberia.com\/#organization"},"potentialAction":[{"@type":"SearchAction","target":{"@type":"EntryPoint","urlTemplate":"https:\/\/eshop.alphabio-iberia.com\/?s={search_term_string}"},"query-input":{"@type":"PropertyValueSpecification","valueRequired":true,"valueName":"search_term_string"}}],"inLanguage":"pt-PT"},{"@type":"Organization","@id":"https:\/\/eshop.alphabio-iberia.com\/#organization","name":"Medical 10","url":"https:\/\/eshop.alphabio-iberia.com\/","logo":{"@type":"ImageObject","inLanguage":"pt-PT","@id":"https:\/\/eshop.alphabio-iberia.com\/#\/schema\/logo\/image\/","url":"https:\/\/eshop.medical10.es\/wp-content\/uploads\/2021\/07\/cropped-m10_header_2.png","contentUrl":"https:\/\/eshop.medical10.es\/wp-content\/uploads\/2021\/07\/cropped-m10_header_2.png","width":165,"height":97,"caption":"Medical 10"},"image":{"@id":"https:\/\/eshop.alphabio-iberia.com\/#\/schema\/logo\/image\/"}}]}},"_links":{"self":[{"href":"https:\/\/eshop.alphabio-iberia.com\/pt-pt\/wp-json\/wp\/v2\/product\/28707","targetHints":{"allow":["GET"]}}],"collection":[{"href":"https:\/\/eshop.alphabio-iberia.com\/pt-pt\/wp-json\/wp\/v2\/product"}],"about":[{"href":"https:\/\/eshop.alphabio-iberia.com\/pt-pt\/wp-json\/wp\/v2\/types\/product"}],"replies":[{"embeddable":true,"href":"https:\/\/eshop.alphabio-iberia.com\/pt-pt\/wp-json\/wp\/v2\/comments?post=28707"}],"wp:featuredmedia":[{"embeddable":true,"href":"https:\/\/eshop.alphabio-iberia.com\/pt-pt\/wp-json\/wp\/v2\/media\/28708"}],"wp:attachment":[{"href":"https:\/\/eshop.alphabio-iberia.com\/pt-pt\/wp-json\/wp\/v2\/media?parent=28707"}],"wp:term":[{"taxonomy":"product_brand","embeddable":true,"href":"https:\/\/eshop.alphabio-iberia.com\/pt-pt\/wp-json\/wp\/v2\/product_brand?post=28707"},{"taxonomy":"product_cat","embeddable":true,"href":"https:\/\/eshop.alphabio-iberia.com\/pt-pt\/wp-json\/wp\/v2\/product_cat?post=28707"},{"taxonomy":"product_tag","embeddable":true,"href":"https:\/\/eshop.alphabio-iberia.com\/pt-pt\/wp-json\/wp\/v2\/product_tag?post=28707"}],"curies":[{"name":"wp","href":"https:\/\/api.w.org\/{rel}","templated":true}]}}