{"id":29267,"date":"2022-01-13T18:32:38","date_gmt":"2022-01-13T18:32:38","guid":{"rendered":"https:\/\/eshop.medical10.es\/producto\/microtornillo-de-fijacion-y-tecnica-tent-pole-l-7-mm-b-4-5-mm-pack-6-uds-esteril\/"},"modified":"2023-06-27T11:39:17","modified_gmt":"2023-06-27T11:39:17","slug":"microtornillo-de-fijacion-y-tecnica-tent-pole-l-7-mm","status":"publish","type":"product","link":"https:\/\/eshop.alphabio-iberia.com\/pt-pt\/microtornillo-fijacion-tecnica-tent-pole-l-7-mm-b-4-5-mm-pack-6-uds-esteril\/","title":{"rendered":"Parafusos de fixa\u00e7\u00e3o e tecnica  &#8220;tent pole&#8221;.  L 7 mm  B 4.5 mm (pack 6 uds)  est\u00e9ril"},"content":{"rendered":"<p>Parafuso Vite Osteosynt Big. Ti Gr5. Anodizado. Base 4,5 mm. Comprimento 7 mm.  Frasco de 6 unidades<\/p>\n","protected":false},"excerpt":{"rendered":"<p>Parafuso Vite Osteosynt Big. Ti Gr5. Anodizado. Base 4,5 mm. Comprimento 7 mm. Frasco de 6 unidades<\/p>\n","protected":false},"featured_media":29268,"comment_status":"open","ping_status":"closed","template":"","meta":{"_acf_changed":false},"product_brand":[],"product_cat":[536],"product_tag":[],"class_list":{"0":"post-29267","1":"product","2":"type-product","3":"status-publish","4":"has-post-thumbnail","6":"product_cat-parafusos-de-fixacao","7":"pa_aplicacion-tent-pole-si-pt-pt","8":"pa_diametro-base-4-5-mm-pt-pt","9":"pa_esteril-si-pt-pt","10":"pa_longitud-7-mm-pt-pt","11":"pa_pack-6-unidades-pt-pt","13":"first","14":"outofstock","15":"taxable","16":"shipping-taxable","17":"product-type-simple"},"acf":[],"yoast_head":"<!-- This site is optimized with the Yoast SEO plugin v27.4 - https:\/\/yoast.com\/product\/yoast-seo-wordpress\/ -->\n<title>Parafusos de fixa\u00e7\u00e3o e tecnica &quot;tent pole&quot;. L 7 mm B 4.5 mm (pack 6 uds) est\u00e9ril - Tienda Alpha-Bio Iberia<\/title>\n<meta name=\"description\" content=\"Parafusos de fixa\u00e7\u00e3o e tecnica &quot;tent pole&quot;. L 7 mm B 4.5 mm (pack 6 uds) est\u00e9ril en Tienda Alpha-Bio Iberia por 152.00 \u20ac! Parafuso Vite Osteosynt Big. Ti Gr5. Anodizado. Base 4,5 mm. Comprimento 7 mm. Frasco de 6 unidades\" \/>\n<meta name=\"robots\" content=\"index, follow, max-snippet:-1, max-image-preview:large, max-video-preview:-1\" \/>\n<link rel=\"canonical\" href=\"https:\/\/eshop.alphabio-iberia.com\/pt-pt\/microtornillo-fijacion-tecnica-tent-pole-l-7-mm-b-4-5-mm-pack-6-uds-esteril\/\" \/>\n<meta property=\"og:locale\" content=\"pt_PT\" \/>\n<meta property=\"og:type\" content=\"article\" \/>\n<meta property=\"og:title\" content=\"Parafusos de fixa\u00e7\u00e3o e tecnica &quot;tent pole&quot;. L 7 mm B 4.5 mm (pack 6 uds) est\u00e9ril - Tienda Alpha-Bio Iberia\" \/>\n<meta property=\"og:description\" content=\"Parafusos de fixa\u00e7\u00e3o e tecnica &quot;tent pole&quot;. L 7 mm B 4.5 mm (pack 6 uds) est\u00e9ril en Tienda Alpha-Bio Iberia por 152.00 \u20ac! Parafuso Vite Osteosynt Big. Ti Gr5. Anodizado. Base 4,5 mm. Comprimento 7 mm. Frasco de 6 unidades\" \/>\n<meta property=\"og:url\" content=\"https:\/\/eshop.alphabio-iberia.com\/pt-pt\/microtornillo-fijacion-tecnica-tent-pole-l-7-mm-b-4-5-mm-pack-6-uds-esteril\/\" \/>\n<meta property=\"og:site_name\" content=\"Tienda Alpha-Bio Iberia\" \/>\n<meta property=\"article:modified_time\" content=\"2023-06-27T11:39:17+00:00\" \/>\n<meta property=\"og:image\" content=\"https:\/\/eshop.alphabio-iberia.com\/wp-content\/uploads\/2022\/02\/510170_tornilloviteosteosyntbig.png\" \/>\n\t<meta property=\"og:image:width\" content=\"500\" \/>\n\t<meta property=\"og:image:height\" content=\"500\" \/>\n\t<meta property=\"og:image:type\" content=\"image\/png\" \/>\n<meta name=\"twitter:card\" content=\"summary_large_image\" \/>\n<script type=\"application\/ld+json\" class=\"yoast-schema-graph\">{\"@context\":\"https:\\\/\\\/schema.org\",\"@graph\":[{\"@type\":\"WebPage\",\"@id\":\"https:\\\/\\\/eshop.alphabio-iberia.com\\\/pt-pt\\\/microtornillo-fijacion-tecnica-tent-pole-l-7-mm-b-4-5-mm-pack-6-uds-esteril\\\/\",\"url\":\"https:\\\/\\\/eshop.alphabio-iberia.com\\\/pt-pt\\\/microtornillo-fijacion-tecnica-tent-pole-l-7-mm-b-4-5-mm-pack-6-uds-esteril\\\/\",\"name\":\"Parafusos de fixa\u00e7\u00e3o e tecnica \\\"tent pole\\\". L 7 mm B 4.5 mm (pack 6 uds) est\u00e9ril - Tienda Alpha-Bio Iberia\",\"isPartOf\":{\"@id\":\"https:\\\/\\\/eshop.alphabio-iberia.com\\\/#website\"},\"primaryImageOfPage\":{\"@id\":\"https:\\\/\\\/eshop.alphabio-iberia.com\\\/pt-pt\\\/microtornillo-fijacion-tecnica-tent-pole-l-7-mm-b-4-5-mm-pack-6-uds-esteril\\\/#primaryimage\"},\"image\":{\"@id\":\"https:\\\/\\\/eshop.alphabio-iberia.com\\\/pt-pt\\\/microtornillo-fijacion-tecnica-tent-pole-l-7-mm-b-4-5-mm-pack-6-uds-esteril\\\/#primaryimage\"},\"thumbnailUrl\":\"https:\\\/\\\/eshop.alphabio-iberia.com\\\/wp-content\\\/uploads\\\/2022\\\/02\\\/510170_tornilloviteosteosyntbig.png\",\"datePublished\":\"2022-01-13T18:32:38+00:00\",\"dateModified\":\"2023-06-27T11:39:17+00:00\",\"description\":\"Parafusos de fixa\u00e7\u00e3o e tecnica \\\"tent pole\\\". L 7 mm B 4.5 mm (pack 6 uds) est\u00e9ril en Tienda Alpha-Bio Iberia por 152.00 \u20ac! Parafuso Vite Osteosynt Big. Ti Gr5. Anodizado. Base 4,5 mm. Comprimento 7 mm. Frasco de 6 unidades\",\"breadcrumb\":{\"@id\":\"https:\\\/\\\/eshop.alphabio-iberia.com\\\/pt-pt\\\/microtornillo-fijacion-tecnica-tent-pole-l-7-mm-b-4-5-mm-pack-6-uds-esteril\\\/#breadcrumb\"},\"inLanguage\":\"pt-PT\",\"potentialAction\":[{\"@type\":\"ReadAction\",\"target\":[\"https:\\\/\\\/eshop.alphabio-iberia.com\\\/pt-pt\\\/microtornillo-fijacion-tecnica-tent-pole-l-7-mm-b-4-5-mm-pack-6-uds-esteril\\\/\"]}]},{\"@type\":\"ImageObject\",\"inLanguage\":\"pt-PT\",\"@id\":\"https:\\\/\\\/eshop.alphabio-iberia.com\\\/pt-pt\\\/microtornillo-fijacion-tecnica-tent-pole-l-7-mm-b-4-5-mm-pack-6-uds-esteril\\\/#primaryimage\",\"url\":\"https:\\\/\\\/eshop.alphabio-iberia.com\\\/wp-content\\\/uploads\\\/2022\\\/02\\\/510170_tornilloviteosteosyntbig.png\",\"contentUrl\":\"https:\\\/\\\/eshop.alphabio-iberia.com\\\/wp-content\\\/uploads\\\/2022\\\/02\\\/510170_tornilloviteosteosyntbig.png\",\"width\":500,\"height\":500},{\"@type\":\"BreadcrumbList\",\"@id\":\"https:\\\/\\\/eshop.alphabio-iberia.com\\\/pt-pt\\\/microtornillo-fijacion-tecnica-tent-pole-l-7-mm-b-4-5-mm-pack-6-uds-esteril\\\/#breadcrumb\",\"itemListElement\":[{\"@type\":\"ListItem\",\"position\":1,\"name\":\"Portada\",\"item\":\"https:\\\/\\\/eshop.alphabio-iberia.com\\\/\"},{\"@type\":\"ListItem\",\"position\":2,\"name\":\"Tienda\",\"item\":\"https:\\\/\\\/eshop.alphabio-iberia.com\\\/tienda\\\/\"},{\"@type\":\"ListItem\",\"position\":3,\"name\":\"Parafusos de fixa\u00e7\u00e3o e tecnica &#8220;tent pole&#8221;. L 7 mm B 4.5 mm (pack 6 uds) est\u00e9ril\"}]},{\"@type\":\"WebSite\",\"@id\":\"https:\\\/\\\/eshop.alphabio-iberia.com\\\/#website\",\"url\":\"https:\\\/\\\/eshop.alphabio-iberia.com\\\/\",\"name\":\"Tienda Alpha-Bio Iberia\",\"description\":\"Ofrecemos una soluci\u00f3n 360\u00ba para odont\u00f3logos, implant\u00f3logos y cirujanos en implantolog\u00eda, ROG y odontolog\u00eda digital, acompa\u00f1ado de un amplio programa formativo en Espa\u00f1a y Portugal.\",\"publisher\":{\"@id\":\"https:\\\/\\\/eshop.alphabio-iberia.com\\\/#organization\"},\"potentialAction\":[{\"@type\":\"SearchAction\",\"target\":{\"@type\":\"EntryPoint\",\"urlTemplate\":\"https:\\\/\\\/eshop.alphabio-iberia.com\\\/?s={search_term_string}\"},\"query-input\":{\"@type\":\"PropertyValueSpecification\",\"valueRequired\":true,\"valueName\":\"search_term_string\"}}],\"inLanguage\":\"pt-PT\"},{\"@type\":\"Organization\",\"@id\":\"https:\\\/\\\/eshop.alphabio-iberia.com\\\/#organization\",\"name\":\"Medical 10\",\"url\":\"https:\\\/\\\/eshop.alphabio-iberia.com\\\/\",\"logo\":{\"@type\":\"ImageObject\",\"inLanguage\":\"pt-PT\",\"@id\":\"https:\\\/\\\/eshop.alphabio-iberia.com\\\/#\\\/schema\\\/logo\\\/image\\\/\",\"url\":\"https:\\\/\\\/eshop.medical10.es\\\/wp-content\\\/uploads\\\/2021\\\/07\\\/cropped-m10_header_2.png\",\"contentUrl\":\"https:\\\/\\\/eshop.medical10.es\\\/wp-content\\\/uploads\\\/2021\\\/07\\\/cropped-m10_header_2.png\",\"width\":165,\"height\":97,\"caption\":\"Medical 10\"},\"image\":{\"@id\":\"https:\\\/\\\/eshop.alphabio-iberia.com\\\/#\\\/schema\\\/logo\\\/image\\\/\"}}]}<\/script>\n<!-- \/ Yoast SEO plugin. -->","yoast_head_json":{"title":"Parafusos de fixa\u00e7\u00e3o e tecnica \"tent pole\". L 7 mm B 4.5 mm (pack 6 uds) est\u00e9ril - Tienda Alpha-Bio Iberia","description":"Parafusos de fixa\u00e7\u00e3o e tecnica \"tent pole\". L 7 mm B 4.5 mm (pack 6 uds) est\u00e9ril en Tienda Alpha-Bio Iberia por 152.00 \u20ac! Parafuso Vite Osteosynt Big. Ti Gr5. Anodizado. Base 4,5 mm. Comprimento 7 mm. Frasco de 6 unidades","robots":{"index":"index","follow":"follow","max-snippet":"max-snippet:-1","max-image-preview":"max-image-preview:large","max-video-preview":"max-video-preview:-1"},"canonical":"https:\/\/eshop.alphabio-iberia.com\/pt-pt\/microtornillo-fijacion-tecnica-tent-pole-l-7-mm-b-4-5-mm-pack-6-uds-esteril\/","og_locale":"pt_PT","og_type":"article","og_title":"Parafusos de fixa\u00e7\u00e3o e tecnica \"tent pole\". L 7 mm B 4.5 mm (pack 6 uds) est\u00e9ril - Tienda Alpha-Bio Iberia","og_description":"Parafusos de fixa\u00e7\u00e3o e tecnica \"tent pole\". L 7 mm B 4.5 mm (pack 6 uds) est\u00e9ril en Tienda Alpha-Bio Iberia por 152.00 \u20ac! Parafuso Vite Osteosynt Big. Ti Gr5. Anodizado. Base 4,5 mm. Comprimento 7 mm. Frasco de 6 unidades","og_url":"https:\/\/eshop.alphabio-iberia.com\/pt-pt\/microtornillo-fijacion-tecnica-tent-pole-l-7-mm-b-4-5-mm-pack-6-uds-esteril\/","og_site_name":"Tienda Alpha-Bio Iberia","article_modified_time":"2023-06-27T11:39:17+00:00","og_image":[{"width":500,"height":500,"url":"https:\/\/eshop.alphabio-iberia.com\/wp-content\/uploads\/2022\/02\/510170_tornilloviteosteosyntbig.png","type":"image\/png"}],"twitter_card":"summary_large_image","schema":{"@context":"https:\/\/schema.org","@graph":[{"@type":"WebPage","@id":"https:\/\/eshop.alphabio-iberia.com\/pt-pt\/microtornillo-fijacion-tecnica-tent-pole-l-7-mm-b-4-5-mm-pack-6-uds-esteril\/","url":"https:\/\/eshop.alphabio-iberia.com\/pt-pt\/microtornillo-fijacion-tecnica-tent-pole-l-7-mm-b-4-5-mm-pack-6-uds-esteril\/","name":"Parafusos de fixa\u00e7\u00e3o e tecnica \"tent pole\". L 7 mm B 4.5 mm (pack 6 uds) est\u00e9ril - Tienda Alpha-Bio Iberia","isPartOf":{"@id":"https:\/\/eshop.alphabio-iberia.com\/#website"},"primaryImageOfPage":{"@id":"https:\/\/eshop.alphabio-iberia.com\/pt-pt\/microtornillo-fijacion-tecnica-tent-pole-l-7-mm-b-4-5-mm-pack-6-uds-esteril\/#primaryimage"},"image":{"@id":"https:\/\/eshop.alphabio-iberia.com\/pt-pt\/microtornillo-fijacion-tecnica-tent-pole-l-7-mm-b-4-5-mm-pack-6-uds-esteril\/#primaryimage"},"thumbnailUrl":"https:\/\/eshop.alphabio-iberia.com\/wp-content\/uploads\/2022\/02\/510170_tornilloviteosteosyntbig.png","datePublished":"2022-01-13T18:32:38+00:00","dateModified":"2023-06-27T11:39:17+00:00","description":"Parafusos de fixa\u00e7\u00e3o e tecnica \"tent pole\". L 7 mm B 4.5 mm (pack 6 uds) est\u00e9ril en Tienda Alpha-Bio Iberia por 152.00 \u20ac! Parafuso Vite Osteosynt Big. Ti Gr5. Anodizado. Base 4,5 mm. Comprimento 7 mm. Frasco de 6 unidades","breadcrumb":{"@id":"https:\/\/eshop.alphabio-iberia.com\/pt-pt\/microtornillo-fijacion-tecnica-tent-pole-l-7-mm-b-4-5-mm-pack-6-uds-esteril\/#breadcrumb"},"inLanguage":"pt-PT","potentialAction":[{"@type":"ReadAction","target":["https:\/\/eshop.alphabio-iberia.com\/pt-pt\/microtornillo-fijacion-tecnica-tent-pole-l-7-mm-b-4-5-mm-pack-6-uds-esteril\/"]}]},{"@type":"ImageObject","inLanguage":"pt-PT","@id":"https:\/\/eshop.alphabio-iberia.com\/pt-pt\/microtornillo-fijacion-tecnica-tent-pole-l-7-mm-b-4-5-mm-pack-6-uds-esteril\/#primaryimage","url":"https:\/\/eshop.alphabio-iberia.com\/wp-content\/uploads\/2022\/02\/510170_tornilloviteosteosyntbig.png","contentUrl":"https:\/\/eshop.alphabio-iberia.com\/wp-content\/uploads\/2022\/02\/510170_tornilloviteosteosyntbig.png","width":500,"height":500},{"@type":"BreadcrumbList","@id":"https:\/\/eshop.alphabio-iberia.com\/pt-pt\/microtornillo-fijacion-tecnica-tent-pole-l-7-mm-b-4-5-mm-pack-6-uds-esteril\/#breadcrumb","itemListElement":[{"@type":"ListItem","position":1,"name":"Portada","item":"https:\/\/eshop.alphabio-iberia.com\/"},{"@type":"ListItem","position":2,"name":"Tienda","item":"https:\/\/eshop.alphabio-iberia.com\/tienda\/"},{"@type":"ListItem","position":3,"name":"Parafusos de fixa\u00e7\u00e3o e tecnica &#8220;tent pole&#8221;. L 7 mm B 4.5 mm (pack 6 uds) est\u00e9ril"}]},{"@type":"WebSite","@id":"https:\/\/eshop.alphabio-iberia.com\/#website","url":"https:\/\/eshop.alphabio-iberia.com\/","name":"Tienda Alpha-Bio Iberia","description":"Ofrecemos una soluci\u00f3n 360\u00ba para odont\u00f3logos, implant\u00f3logos y cirujanos en implantolog\u00eda, ROG y odontolog\u00eda digital, acompa\u00f1ado de un amplio programa formativo en Espa\u00f1a y Portugal.","publisher":{"@id":"https:\/\/eshop.alphabio-iberia.com\/#organization"},"potentialAction":[{"@type":"SearchAction","target":{"@type":"EntryPoint","urlTemplate":"https:\/\/eshop.alphabio-iberia.com\/?s={search_term_string}"},"query-input":{"@type":"PropertyValueSpecification","valueRequired":true,"valueName":"search_term_string"}}],"inLanguage":"pt-PT"},{"@type":"Organization","@id":"https:\/\/eshop.alphabio-iberia.com\/#organization","name":"Medical 10","url":"https:\/\/eshop.alphabio-iberia.com\/","logo":{"@type":"ImageObject","inLanguage":"pt-PT","@id":"https:\/\/eshop.alphabio-iberia.com\/#\/schema\/logo\/image\/","url":"https:\/\/eshop.medical10.es\/wp-content\/uploads\/2021\/07\/cropped-m10_header_2.png","contentUrl":"https:\/\/eshop.medical10.es\/wp-content\/uploads\/2021\/07\/cropped-m10_header_2.png","width":165,"height":97,"caption":"Medical 10"},"image":{"@id":"https:\/\/eshop.alphabio-iberia.com\/#\/schema\/logo\/image\/"}}]}},"_links":{"self":[{"href":"https:\/\/eshop.alphabio-iberia.com\/pt-pt\/wp-json\/wp\/v2\/product\/29267","targetHints":{"allow":["GET"]}}],"collection":[{"href":"https:\/\/eshop.alphabio-iberia.com\/pt-pt\/wp-json\/wp\/v2\/product"}],"about":[{"href":"https:\/\/eshop.alphabio-iberia.com\/pt-pt\/wp-json\/wp\/v2\/types\/product"}],"replies":[{"embeddable":true,"href":"https:\/\/eshop.alphabio-iberia.com\/pt-pt\/wp-json\/wp\/v2\/comments?post=29267"}],"wp:featuredmedia":[{"embeddable":true,"href":"https:\/\/eshop.alphabio-iberia.com\/pt-pt\/wp-json\/wp\/v2\/media\/29268"}],"wp:attachment":[{"href":"https:\/\/eshop.alphabio-iberia.com\/pt-pt\/wp-json\/wp\/v2\/media?parent=29267"}],"wp:term":[{"taxonomy":"product_brand","embeddable":true,"href":"https:\/\/eshop.alphabio-iberia.com\/pt-pt\/wp-json\/wp\/v2\/product_brand?post=29267"},{"taxonomy":"product_cat","embeddable":true,"href":"https:\/\/eshop.alphabio-iberia.com\/pt-pt\/wp-json\/wp\/v2\/product_cat?post=29267"},{"taxonomy":"product_tag","embeddable":true,"href":"https:\/\/eshop.alphabio-iberia.com\/pt-pt\/wp-json\/wp\/v2\/product_tag?post=29267"}],"curies":[{"name":"wp","href":"https:\/\/api.w.org\/{rel}","templated":true}]}}