{"id":45309,"date":"2024-06-04T10:46:40","date_gmt":"2024-06-04T10:46:40","guid":{"rendered":"https:\/\/eshop.alphabio-iberia.com\/producto\/resina-keydenture-try-in-a1-1-kg\/"},"modified":"2024-06-04T10:46:40","modified_gmt":"2024-06-04T10:46:40","slug":"resina-keydenture-try-in-a1-1-kg","status":"publish","type":"product","link":"https:\/\/eshop.alphabio-iberia.com\/pt-pt\/resina-keydenture-try-in-a1-1-kg\/","title":{"rendered":"Resina keydenture try in A1 1 kg."},"content":{"rendered":"<p>A resina fotopolimeriz\u00e1vel KeyDenture Try-In A1 Keystone KeyGuide \u00e9 ideal para impress\u00e3o 3D de guias cir\u00fargicos com alta precis\u00e3o e estabilidade. Compat\u00edvel com impressoras DLP\/LED, oferece resultados biocompat\u00edveis, esteriliz\u00e1veis e cromaticamente est\u00e1veis.<\/p>\n","protected":false},"excerpt":{"rendered":"<p>Resina keydenture try in A1 1 kg.<\/p>\n","protected":false},"featured_media":46982,"comment_status":"open","ping_status":"closed","template":"","meta":{"_acf_changed":false},"product_brand":[],"product_cat":[553,558],"product_tag":[],"class_list":{"0":"post-45309","1":"product","2":"type-product","3":"status-publish","4":"has-post-thumbnail","6":"product_cat-impressao-3d","7":"product_cat-resinas","9":"first","10":"instock","11":"taxable","12":"shipping-taxable","13":"product-type-simple"},"acf":[],"yoast_head":"<!-- This site is optimized with the Yoast SEO plugin v27.5 - https:\/\/yoast.com\/product\/yoast-seo-wordpress\/ -->\n<title>Resina keydenture try in A1 1 kg. - Tienda Alpha-Bio Iberia<\/title>\n<meta name=\"description\" content=\"Resina keydenture try in A1 1 kg. en Tienda Alpha-Bio Iberia por 259.00 \u20ac! Resina keydenture try in A1 1 kg.\" \/>\n<meta name=\"robots\" content=\"index, follow, max-snippet:-1, max-image-preview:large, max-video-preview:-1\" \/>\n<link rel=\"canonical\" href=\"https:\/\/eshop.alphabio-iberia.com\/pt-pt\/resina-keydenture-try-in-a1-1-kg\/\" \/>\n<meta property=\"og:locale\" content=\"pt_PT\" \/>\n<meta property=\"og:type\" content=\"article\" \/>\n<meta property=\"og:title\" content=\"Resina keydenture try in A1 1 kg. - Tienda Alpha-Bio Iberia\" \/>\n<meta property=\"og:description\" content=\"Resina keydenture try in A1 1 kg. en Tienda Alpha-Bio Iberia por 259.00 \u20ac! Resina keydenture try in A1 1 kg.\" \/>\n<meta property=\"og:url\" content=\"https:\/\/eshop.alphabio-iberia.com\/pt-pt\/resina-keydenture-try-in-a1-1-kg\/\" \/>\n<meta property=\"og:site_name\" content=\"Tienda Alpha-Bio Iberia\" \/>\n<meta property=\"og:image\" content=\"https:\/\/eshop.alphabio-iberia.com\/wp-content\/uploads\/2024\/06\/resina-keydenture-try-in-a1-a.png\" \/>\n\t<meta property=\"og:image:width\" content=\"458\" \/>\n\t<meta property=\"og:image:height\" content=\"458\" \/>\n\t<meta property=\"og:image:type\" content=\"image\/png\" \/>\n<meta name=\"twitter:card\" content=\"summary_large_image\" \/>\n<script type=\"application\/ld+json\" class=\"yoast-schema-graph\">{\"@context\":\"https:\\\/\\\/schema.org\",\"@graph\":[{\"@type\":\"WebPage\",\"@id\":\"https:\\\/\\\/eshop.alphabio-iberia.com\\\/pt-pt\\\/resina-keydenture-try-in-a1-1-kg\\\/\",\"url\":\"https:\\\/\\\/eshop.alphabio-iberia.com\\\/pt-pt\\\/resina-keydenture-try-in-a1-1-kg\\\/\",\"name\":\"Resina keydenture try in A1 1 kg. - Tienda Alpha-Bio Iberia\",\"isPartOf\":{\"@id\":\"https:\\\/\\\/eshop.alphabio-iberia.com\\\/#website\"},\"primaryImageOfPage\":{\"@id\":\"https:\\\/\\\/eshop.alphabio-iberia.com\\\/pt-pt\\\/resina-keydenture-try-in-a1-1-kg\\\/#primaryimage\"},\"image\":{\"@id\":\"https:\\\/\\\/eshop.alphabio-iberia.com\\\/pt-pt\\\/resina-keydenture-try-in-a1-1-kg\\\/#primaryimage\"},\"thumbnailUrl\":\"https:\\\/\\\/eshop.alphabio-iberia.com\\\/wp-content\\\/uploads\\\/2024\\\/06\\\/resina-keydenture-try-in-a1-a.png\",\"datePublished\":\"2024-06-04T10:46:40+00:00\",\"description\":\"Resina keydenture try in A1 1 kg. en Tienda Alpha-Bio Iberia por 259.00 \u20ac! Resina keydenture try in A1 1 kg.\",\"breadcrumb\":{\"@id\":\"https:\\\/\\\/eshop.alphabio-iberia.com\\\/pt-pt\\\/resina-keydenture-try-in-a1-1-kg\\\/#breadcrumb\"},\"inLanguage\":\"pt-PT\",\"potentialAction\":[{\"@type\":\"ReadAction\",\"target\":[\"https:\\\/\\\/eshop.alphabio-iberia.com\\\/pt-pt\\\/resina-keydenture-try-in-a1-1-kg\\\/\"]}]},{\"@type\":\"ImageObject\",\"inLanguage\":\"pt-PT\",\"@id\":\"https:\\\/\\\/eshop.alphabio-iberia.com\\\/pt-pt\\\/resina-keydenture-try-in-a1-1-kg\\\/#primaryimage\",\"url\":\"https:\\\/\\\/eshop.alphabio-iberia.com\\\/wp-content\\\/uploads\\\/2024\\\/06\\\/resina-keydenture-try-in-a1-a.png\",\"contentUrl\":\"https:\\\/\\\/eshop.alphabio-iberia.com\\\/wp-content\\\/uploads\\\/2024\\\/06\\\/resina-keydenture-try-in-a1-a.png\",\"width\":458,\"height\":458,\"caption\":\"Resina keydenture try para pr\u00f3tesis de prueba biocompatibles\"},{\"@type\":\"BreadcrumbList\",\"@id\":\"https:\\\/\\\/eshop.alphabio-iberia.com\\\/pt-pt\\\/resina-keydenture-try-in-a1-1-kg\\\/#breadcrumb\",\"itemListElement\":[{\"@type\":\"ListItem\",\"position\":1,\"name\":\"Portada\",\"item\":\"https:\\\/\\\/eshop.alphabio-iberia.com\\\/\"},{\"@type\":\"ListItem\",\"position\":2,\"name\":\"Tienda\",\"item\":\"https:\\\/\\\/eshop.alphabio-iberia.com\\\/tienda\\\/\"},{\"@type\":\"ListItem\",\"position\":3,\"name\":\"Resina keydenture try in A1 1 kg.\"}]},{\"@type\":\"WebSite\",\"@id\":\"https:\\\/\\\/eshop.alphabio-iberia.com\\\/#website\",\"url\":\"https:\\\/\\\/eshop.alphabio-iberia.com\\\/\",\"name\":\"Tienda Alpha-Bio Iberia\",\"description\":\"Ofrecemos una soluci\u00f3n 360\u00ba para odont\u00f3logos, implant\u00f3logos y cirujanos en implantolog\u00eda, ROG y odontolog\u00eda digital, acompa\u00f1ado de un amplio programa formativo en Espa\u00f1a y Portugal.\",\"publisher\":{\"@id\":\"https:\\\/\\\/eshop.alphabio-iberia.com\\\/#organization\"},\"potentialAction\":[{\"@type\":\"SearchAction\",\"target\":{\"@type\":\"EntryPoint\",\"urlTemplate\":\"https:\\\/\\\/eshop.alphabio-iberia.com\\\/?s={search_term_string}\"},\"query-input\":{\"@type\":\"PropertyValueSpecification\",\"valueRequired\":true,\"valueName\":\"search_term_string\"}}],\"inLanguage\":\"pt-PT\"},{\"@type\":\"Organization\",\"@id\":\"https:\\\/\\\/eshop.alphabio-iberia.com\\\/#organization\",\"name\":\"Medical 10\",\"url\":\"https:\\\/\\\/eshop.alphabio-iberia.com\\\/\",\"logo\":{\"@type\":\"ImageObject\",\"inLanguage\":\"pt-PT\",\"@id\":\"https:\\\/\\\/eshop.alphabio-iberia.com\\\/#\\\/schema\\\/logo\\\/image\\\/\",\"url\":\"https:\\\/\\\/eshop.medical10.es\\\/wp-content\\\/uploads\\\/2021\\\/07\\\/cropped-m10_header_2.png\",\"contentUrl\":\"https:\\\/\\\/eshop.medical10.es\\\/wp-content\\\/uploads\\\/2021\\\/07\\\/cropped-m10_header_2.png\",\"width\":165,\"height\":97,\"caption\":\"Medical 10\"},\"image\":{\"@id\":\"https:\\\/\\\/eshop.alphabio-iberia.com\\\/#\\\/schema\\\/logo\\\/image\\\/\"}}]}<\/script>\n<!-- \/ Yoast SEO plugin. -->","yoast_head_json":{"title":"Resina keydenture try in A1 1 kg. - Tienda Alpha-Bio Iberia","description":"Resina keydenture try in A1 1 kg. en Tienda Alpha-Bio Iberia por 259.00 \u20ac! Resina keydenture try in A1 1 kg.","robots":{"index":"index","follow":"follow","max-snippet":"max-snippet:-1","max-image-preview":"max-image-preview:large","max-video-preview":"max-video-preview:-1"},"canonical":"https:\/\/eshop.alphabio-iberia.com\/pt-pt\/resina-keydenture-try-in-a1-1-kg\/","og_locale":"pt_PT","og_type":"article","og_title":"Resina keydenture try in A1 1 kg. - Tienda Alpha-Bio Iberia","og_description":"Resina keydenture try in A1 1 kg. en Tienda Alpha-Bio Iberia por 259.00 \u20ac! Resina keydenture try in A1 1 kg.","og_url":"https:\/\/eshop.alphabio-iberia.com\/pt-pt\/resina-keydenture-try-in-a1-1-kg\/","og_site_name":"Tienda Alpha-Bio Iberia","og_image":[{"width":458,"height":458,"url":"https:\/\/eshop.alphabio-iberia.com\/wp-content\/uploads\/2024\/06\/resina-keydenture-try-in-a1-a.png","type":"image\/png"}],"twitter_card":"summary_large_image","schema":{"@context":"https:\/\/schema.org","@graph":[{"@type":"WebPage","@id":"https:\/\/eshop.alphabio-iberia.com\/pt-pt\/resina-keydenture-try-in-a1-1-kg\/","url":"https:\/\/eshop.alphabio-iberia.com\/pt-pt\/resina-keydenture-try-in-a1-1-kg\/","name":"Resina keydenture try in A1 1 kg. - Tienda Alpha-Bio Iberia","isPartOf":{"@id":"https:\/\/eshop.alphabio-iberia.com\/#website"},"primaryImageOfPage":{"@id":"https:\/\/eshop.alphabio-iberia.com\/pt-pt\/resina-keydenture-try-in-a1-1-kg\/#primaryimage"},"image":{"@id":"https:\/\/eshop.alphabio-iberia.com\/pt-pt\/resina-keydenture-try-in-a1-1-kg\/#primaryimage"},"thumbnailUrl":"https:\/\/eshop.alphabio-iberia.com\/wp-content\/uploads\/2024\/06\/resina-keydenture-try-in-a1-a.png","datePublished":"2024-06-04T10:46:40+00:00","description":"Resina keydenture try in A1 1 kg. en Tienda Alpha-Bio Iberia por 259.00 \u20ac! Resina keydenture try in A1 1 kg.","breadcrumb":{"@id":"https:\/\/eshop.alphabio-iberia.com\/pt-pt\/resina-keydenture-try-in-a1-1-kg\/#breadcrumb"},"inLanguage":"pt-PT","potentialAction":[{"@type":"ReadAction","target":["https:\/\/eshop.alphabio-iberia.com\/pt-pt\/resina-keydenture-try-in-a1-1-kg\/"]}]},{"@type":"ImageObject","inLanguage":"pt-PT","@id":"https:\/\/eshop.alphabio-iberia.com\/pt-pt\/resina-keydenture-try-in-a1-1-kg\/#primaryimage","url":"https:\/\/eshop.alphabio-iberia.com\/wp-content\/uploads\/2024\/06\/resina-keydenture-try-in-a1-a.png","contentUrl":"https:\/\/eshop.alphabio-iberia.com\/wp-content\/uploads\/2024\/06\/resina-keydenture-try-in-a1-a.png","width":458,"height":458,"caption":"Resina keydenture try para pr\u00f3tesis de prueba biocompatibles"},{"@type":"BreadcrumbList","@id":"https:\/\/eshop.alphabio-iberia.com\/pt-pt\/resina-keydenture-try-in-a1-1-kg\/#breadcrumb","itemListElement":[{"@type":"ListItem","position":1,"name":"Portada","item":"https:\/\/eshop.alphabio-iberia.com\/"},{"@type":"ListItem","position":2,"name":"Tienda","item":"https:\/\/eshop.alphabio-iberia.com\/tienda\/"},{"@type":"ListItem","position":3,"name":"Resina keydenture try in A1 1 kg."}]},{"@type":"WebSite","@id":"https:\/\/eshop.alphabio-iberia.com\/#website","url":"https:\/\/eshop.alphabio-iberia.com\/","name":"Tienda Alpha-Bio Iberia","description":"Ofrecemos una soluci\u00f3n 360\u00ba para odont\u00f3logos, implant\u00f3logos y cirujanos en implantolog\u00eda, ROG y odontolog\u00eda digital, acompa\u00f1ado de un amplio programa formativo en Espa\u00f1a y Portugal.","publisher":{"@id":"https:\/\/eshop.alphabio-iberia.com\/#organization"},"potentialAction":[{"@type":"SearchAction","target":{"@type":"EntryPoint","urlTemplate":"https:\/\/eshop.alphabio-iberia.com\/?s={search_term_string}"},"query-input":{"@type":"PropertyValueSpecification","valueRequired":true,"valueName":"search_term_string"}}],"inLanguage":"pt-PT"},{"@type":"Organization","@id":"https:\/\/eshop.alphabio-iberia.com\/#organization","name":"Medical 10","url":"https:\/\/eshop.alphabio-iberia.com\/","logo":{"@type":"ImageObject","inLanguage":"pt-PT","@id":"https:\/\/eshop.alphabio-iberia.com\/#\/schema\/logo\/image\/","url":"https:\/\/eshop.medical10.es\/wp-content\/uploads\/2021\/07\/cropped-m10_header_2.png","contentUrl":"https:\/\/eshop.medical10.es\/wp-content\/uploads\/2021\/07\/cropped-m10_header_2.png","width":165,"height":97,"caption":"Medical 10"},"image":{"@id":"https:\/\/eshop.alphabio-iberia.com\/#\/schema\/logo\/image\/"}}]}},"_links":{"self":[{"href":"https:\/\/eshop.alphabio-iberia.com\/pt-pt\/wp-json\/wp\/v2\/product\/45309","targetHints":{"allow":["GET"]}}],"collection":[{"href":"https:\/\/eshop.alphabio-iberia.com\/pt-pt\/wp-json\/wp\/v2\/product"}],"about":[{"href":"https:\/\/eshop.alphabio-iberia.com\/pt-pt\/wp-json\/wp\/v2\/types\/product"}],"replies":[{"embeddable":true,"href":"https:\/\/eshop.alphabio-iberia.com\/pt-pt\/wp-json\/wp\/v2\/comments?post=45309"}],"wp:featuredmedia":[{"embeddable":true,"href":"https:\/\/eshop.alphabio-iberia.com\/pt-pt\/wp-json\/wp\/v2\/media\/46982"}],"wp:attachment":[{"href":"https:\/\/eshop.alphabio-iberia.com\/pt-pt\/wp-json\/wp\/v2\/media?parent=45309"}],"wp:term":[{"taxonomy":"product_brand","embeddable":true,"href":"https:\/\/eshop.alphabio-iberia.com\/pt-pt\/wp-json\/wp\/v2\/product_brand?post=45309"},{"taxonomy":"product_cat","embeddable":true,"href":"https:\/\/eshop.alphabio-iberia.com\/pt-pt\/wp-json\/wp\/v2\/product_cat?post=45309"},{"taxonomy":"product_tag","embeddable":true,"href":"https:\/\/eshop.alphabio-iberia.com\/pt-pt\/wp-json\/wp\/v2\/product_tag?post=45309"}],"curies":[{"name":"wp","href":"https:\/\/api.w.org\/{rel}","templated":true}]}}