{"id":45318,"date":"2024-02-15T12:09:12","date_gmt":"2024-02-15T12:09:12","guid":{"rendered":"https:\/\/eshop.alphabio-iberia.com\/producto\/acido-hialuronico-elhya-vital-2-7-ml\/"},"modified":"2024-11-18T15:14:42","modified_gmt":"2024-11-18T15:14:42","slug":"acido-hialuronico-elhya-vital-2-7-ml","status":"publish","type":"product","link":"https:\/\/eshop.alphabio-iberia.com\/pt-pt\/estetica\/acido-hialuronico-elhya\/acido-hialuronico-elhya-vital-2-7-ml\/","title":{"rendered":"\u00c1cido hialur\u00f3nico elhya vital 2.7 ml"},"content":{"rendered":"<p>\u00c1cido hialuronico elhya vital 2.7 ml<\/p>\n","protected":false},"excerpt":{"rendered":"<p>\u00c1cido hialur\u00f3nico elhya vital 2.7 ml<\/p>\n","protected":false},"featured_media":42844,"comment_status":"open","ping_status":"closed","template":"","meta":{"_acf_changed":false},"product_brand":[],"product_cat":[971],"product_tag":[],"class_list":{"0":"post-45318","1":"product","2":"type-product","3":"status-publish","4":"has-post-thumbnail","6":"product_cat-acido-hialuronico-elhya","8":"first","9":"instock","10":"taxable","11":"shipping-taxable","12":"product-type-simple"},"acf":[],"yoast_head":"<!-- This site is optimized with the Yoast SEO plugin v27.5 - https:\/\/yoast.com\/product\/yoast-seo-wordpress\/ -->\n<title>\u00c1cido hialur\u00f3nico elhya vital 2.7 ml - Tienda Alpha-Bio Iberia<\/title>\n<meta name=\"description\" content=\"\u00c1cido hialur\u00f3nico elhya vital 2.7 ml en Tienda Alpha-Bio Iberia por 96.00 \u20ac! \u00c1cido hialur\u00f3nico elhya vital 2.7 ml\" \/>\n<meta name=\"robots\" content=\"index, follow, max-snippet:-1, max-image-preview:large, max-video-preview:-1\" \/>\n<link rel=\"canonical\" href=\"https:\/\/eshop.alphabio-iberia.com\/pt-pt\/estetica\/acido-hialuronico-elhya\/acido-hialuronico-elhya-vital-2-7-ml\/\" \/>\n<meta property=\"og:locale\" content=\"pt_PT\" \/>\n<meta property=\"og:type\" content=\"article\" \/>\n<meta property=\"og:title\" content=\"\u00c1cido hialur\u00f3nico elhya vital 2.7 ml - Tienda Alpha-Bio Iberia\" \/>\n<meta property=\"og:description\" content=\"\u00c1cido hialur\u00f3nico elhya vital 2.7 ml en Tienda Alpha-Bio Iberia por 96.00 \u20ac! \u00c1cido hialur\u00f3nico elhya vital 2.7 ml\" \/>\n<meta property=\"og:url\" content=\"https:\/\/eshop.alphabio-iberia.com\/pt-pt\/estetica\/acido-hialuronico-elhya\/acido-hialuronico-elhya-vital-2-7-ml\/\" \/>\n<meta property=\"og:site_name\" content=\"Tienda Alpha-Bio Iberia\" \/>\n<meta property=\"article:modified_time\" content=\"2024-11-18T15:14:42+00:00\" \/>\n<meta property=\"og:image\" content=\"https:\/\/eshop.alphabio-iberia.com\/wp-content\/uploads\/2024\/02\/elya-vital.png\" \/>\n\t<meta property=\"og:image:width\" content=\"500\" \/>\n\t<meta property=\"og:image:height\" content=\"500\" \/>\n\t<meta property=\"og:image:type\" content=\"image\/png\" \/>\n<meta name=\"twitter:card\" content=\"summary_large_image\" \/>\n<meta name=\"twitter:label1\" content=\"Tempo estimado de leitura\" \/>\n\t<meta name=\"twitter:data1\" content=\"1 minuto\" \/>\n<script type=\"application\/ld+json\" class=\"yoast-schema-graph\">{\"@context\":\"https:\\\/\\\/schema.org\",\"@graph\":[{\"@type\":\"WebPage\",\"@id\":\"https:\\\/\\\/eshop.alphabio-iberia.com\\\/pt-pt\\\/estetica\\\/acido-hialuronico-elhya\\\/acido-hialuronico-elhya-vital-2-7-ml\\\/\",\"url\":\"https:\\\/\\\/eshop.alphabio-iberia.com\\\/pt-pt\\\/estetica\\\/acido-hialuronico-elhya\\\/acido-hialuronico-elhya-vital-2-7-ml\\\/\",\"name\":\"\u00c1cido hialur\u00f3nico elhya vital 2.7 ml - Tienda Alpha-Bio Iberia\",\"isPartOf\":{\"@id\":\"https:\\\/\\\/eshop.alphabio-iberia.com\\\/#website\"},\"primaryImageOfPage\":{\"@id\":\"https:\\\/\\\/eshop.alphabio-iberia.com\\\/pt-pt\\\/estetica\\\/acido-hialuronico-elhya\\\/acido-hialuronico-elhya-vital-2-7-ml\\\/#primaryimage\"},\"image\":{\"@id\":\"https:\\\/\\\/eshop.alphabio-iberia.com\\\/pt-pt\\\/estetica\\\/acido-hialuronico-elhya\\\/acido-hialuronico-elhya-vital-2-7-ml\\\/#primaryimage\"},\"thumbnailUrl\":\"https:\\\/\\\/eshop.alphabio-iberia.com\\\/wp-content\\\/uploads\\\/2024\\\/02\\\/elya-vital.png\",\"datePublished\":\"2024-02-15T12:09:12+00:00\",\"dateModified\":\"2024-11-18T15:14:42+00:00\",\"description\":\"\u00c1cido hialur\u00f3nico elhya vital 2.7 ml en Tienda Alpha-Bio Iberia por 96.00 \u20ac! \u00c1cido hialur\u00f3nico elhya vital 2.7 ml\",\"breadcrumb\":{\"@id\":\"https:\\\/\\\/eshop.alphabio-iberia.com\\\/pt-pt\\\/estetica\\\/acido-hialuronico-elhya\\\/acido-hialuronico-elhya-vital-2-7-ml\\\/#breadcrumb\"},\"inLanguage\":\"pt-PT\",\"potentialAction\":[{\"@type\":\"ReadAction\",\"target\":[\"https:\\\/\\\/eshop.alphabio-iberia.com\\\/pt-pt\\\/estetica\\\/acido-hialuronico-elhya\\\/acido-hialuronico-elhya-vital-2-7-ml\\\/\"]}]},{\"@type\":\"ImageObject\",\"inLanguage\":\"pt-PT\",\"@id\":\"https:\\\/\\\/eshop.alphabio-iberia.com\\\/pt-pt\\\/estetica\\\/acido-hialuronico-elhya\\\/acido-hialuronico-elhya-vital-2-7-ml\\\/#primaryimage\",\"url\":\"https:\\\/\\\/eshop.alphabio-iberia.com\\\/wp-content\\\/uploads\\\/2024\\\/02\\\/elya-vital.png\",\"contentUrl\":\"https:\\\/\\\/eshop.alphabio-iberia.com\\\/wp-content\\\/uploads\\\/2024\\\/02\\\/elya-vital.png\",\"width\":500,\"height\":500},{\"@type\":\"BreadcrumbList\",\"@id\":\"https:\\\/\\\/eshop.alphabio-iberia.com\\\/pt-pt\\\/estetica\\\/acido-hialuronico-elhya\\\/acido-hialuronico-elhya-vital-2-7-ml\\\/#breadcrumb\",\"itemListElement\":[{\"@type\":\"ListItem\",\"position\":1,\"name\":\"Portada\",\"item\":\"https:\\\/\\\/eshop.alphabio-iberia.com\\\/\"},{\"@type\":\"ListItem\",\"position\":2,\"name\":\"Tienda\",\"item\":\"https:\\\/\\\/eshop.alphabio-iberia.com\\\/tienda\\\/\"},{\"@type\":\"ListItem\",\"position\":3,\"name\":\"\u00c1cido hialur\u00f3nico elhya vital 2.7 ml\"}]},{\"@type\":\"WebSite\",\"@id\":\"https:\\\/\\\/eshop.alphabio-iberia.com\\\/#website\",\"url\":\"https:\\\/\\\/eshop.alphabio-iberia.com\\\/\",\"name\":\"Tienda Alpha-Bio Iberia\",\"description\":\"Ofrecemos una soluci\u00f3n 360\u00ba para odont\u00f3logos, implant\u00f3logos y cirujanos en implantolog\u00eda, ROG y odontolog\u00eda digital, acompa\u00f1ado de un amplio programa formativo en Espa\u00f1a y Portugal.\",\"publisher\":{\"@id\":\"https:\\\/\\\/eshop.alphabio-iberia.com\\\/#organization\"},\"potentialAction\":[{\"@type\":\"SearchAction\",\"target\":{\"@type\":\"EntryPoint\",\"urlTemplate\":\"https:\\\/\\\/eshop.alphabio-iberia.com\\\/?s={search_term_string}\"},\"query-input\":{\"@type\":\"PropertyValueSpecification\",\"valueRequired\":true,\"valueName\":\"search_term_string\"}}],\"inLanguage\":\"pt-PT\"},{\"@type\":\"Organization\",\"@id\":\"https:\\\/\\\/eshop.alphabio-iberia.com\\\/#organization\",\"name\":\"Medical 10\",\"url\":\"https:\\\/\\\/eshop.alphabio-iberia.com\\\/\",\"logo\":{\"@type\":\"ImageObject\",\"inLanguage\":\"pt-PT\",\"@id\":\"https:\\\/\\\/eshop.alphabio-iberia.com\\\/#\\\/schema\\\/logo\\\/image\\\/\",\"url\":\"https:\\\/\\\/eshop.medical10.es\\\/wp-content\\\/uploads\\\/2021\\\/07\\\/cropped-m10_header_2.png\",\"contentUrl\":\"https:\\\/\\\/eshop.medical10.es\\\/wp-content\\\/uploads\\\/2021\\\/07\\\/cropped-m10_header_2.png\",\"width\":165,\"height\":97,\"caption\":\"Medical 10\"},\"image\":{\"@id\":\"https:\\\/\\\/eshop.alphabio-iberia.com\\\/#\\\/schema\\\/logo\\\/image\\\/\"}}]}<\/script>\n<!-- \/ Yoast SEO plugin. -->","yoast_head_json":{"title":"\u00c1cido hialur\u00f3nico elhya vital 2.7 ml - Tienda Alpha-Bio Iberia","description":"\u00c1cido hialur\u00f3nico elhya vital 2.7 ml en Tienda Alpha-Bio Iberia por 96.00 \u20ac! \u00c1cido hialur\u00f3nico elhya vital 2.7 ml","robots":{"index":"index","follow":"follow","max-snippet":"max-snippet:-1","max-image-preview":"max-image-preview:large","max-video-preview":"max-video-preview:-1"},"canonical":"https:\/\/eshop.alphabio-iberia.com\/pt-pt\/estetica\/acido-hialuronico-elhya\/acido-hialuronico-elhya-vital-2-7-ml\/","og_locale":"pt_PT","og_type":"article","og_title":"\u00c1cido hialur\u00f3nico elhya vital 2.7 ml - Tienda Alpha-Bio Iberia","og_description":"\u00c1cido hialur\u00f3nico elhya vital 2.7 ml en Tienda Alpha-Bio Iberia por 96.00 \u20ac! \u00c1cido hialur\u00f3nico elhya vital 2.7 ml","og_url":"https:\/\/eshop.alphabio-iberia.com\/pt-pt\/estetica\/acido-hialuronico-elhya\/acido-hialuronico-elhya-vital-2-7-ml\/","og_site_name":"Tienda Alpha-Bio Iberia","article_modified_time":"2024-11-18T15:14:42+00:00","og_image":[{"width":500,"height":500,"url":"https:\/\/eshop.alphabio-iberia.com\/wp-content\/uploads\/2024\/02\/elya-vital.png","type":"image\/png"}],"twitter_card":"summary_large_image","twitter_misc":{"Tempo estimado de leitura":"1 minuto"},"schema":{"@context":"https:\/\/schema.org","@graph":[{"@type":"WebPage","@id":"https:\/\/eshop.alphabio-iberia.com\/pt-pt\/estetica\/acido-hialuronico-elhya\/acido-hialuronico-elhya-vital-2-7-ml\/","url":"https:\/\/eshop.alphabio-iberia.com\/pt-pt\/estetica\/acido-hialuronico-elhya\/acido-hialuronico-elhya-vital-2-7-ml\/","name":"\u00c1cido hialur\u00f3nico elhya vital 2.7 ml - Tienda Alpha-Bio Iberia","isPartOf":{"@id":"https:\/\/eshop.alphabio-iberia.com\/#website"},"primaryImageOfPage":{"@id":"https:\/\/eshop.alphabio-iberia.com\/pt-pt\/estetica\/acido-hialuronico-elhya\/acido-hialuronico-elhya-vital-2-7-ml\/#primaryimage"},"image":{"@id":"https:\/\/eshop.alphabio-iberia.com\/pt-pt\/estetica\/acido-hialuronico-elhya\/acido-hialuronico-elhya-vital-2-7-ml\/#primaryimage"},"thumbnailUrl":"https:\/\/eshop.alphabio-iberia.com\/wp-content\/uploads\/2024\/02\/elya-vital.png","datePublished":"2024-02-15T12:09:12+00:00","dateModified":"2024-11-18T15:14:42+00:00","description":"\u00c1cido hialur\u00f3nico elhya vital 2.7 ml en Tienda Alpha-Bio Iberia por 96.00 \u20ac! \u00c1cido hialur\u00f3nico elhya vital 2.7 ml","breadcrumb":{"@id":"https:\/\/eshop.alphabio-iberia.com\/pt-pt\/estetica\/acido-hialuronico-elhya\/acido-hialuronico-elhya-vital-2-7-ml\/#breadcrumb"},"inLanguage":"pt-PT","potentialAction":[{"@type":"ReadAction","target":["https:\/\/eshop.alphabio-iberia.com\/pt-pt\/estetica\/acido-hialuronico-elhya\/acido-hialuronico-elhya-vital-2-7-ml\/"]}]},{"@type":"ImageObject","inLanguage":"pt-PT","@id":"https:\/\/eshop.alphabio-iberia.com\/pt-pt\/estetica\/acido-hialuronico-elhya\/acido-hialuronico-elhya-vital-2-7-ml\/#primaryimage","url":"https:\/\/eshop.alphabio-iberia.com\/wp-content\/uploads\/2024\/02\/elya-vital.png","contentUrl":"https:\/\/eshop.alphabio-iberia.com\/wp-content\/uploads\/2024\/02\/elya-vital.png","width":500,"height":500},{"@type":"BreadcrumbList","@id":"https:\/\/eshop.alphabio-iberia.com\/pt-pt\/estetica\/acido-hialuronico-elhya\/acido-hialuronico-elhya-vital-2-7-ml\/#breadcrumb","itemListElement":[{"@type":"ListItem","position":1,"name":"Portada","item":"https:\/\/eshop.alphabio-iberia.com\/"},{"@type":"ListItem","position":2,"name":"Tienda","item":"https:\/\/eshop.alphabio-iberia.com\/tienda\/"},{"@type":"ListItem","position":3,"name":"\u00c1cido hialur\u00f3nico elhya vital 2.7 ml"}]},{"@type":"WebSite","@id":"https:\/\/eshop.alphabio-iberia.com\/#website","url":"https:\/\/eshop.alphabio-iberia.com\/","name":"Tienda Alpha-Bio Iberia","description":"Ofrecemos una soluci\u00f3n 360\u00ba para odont\u00f3logos, implant\u00f3logos y cirujanos en implantolog\u00eda, ROG y odontolog\u00eda digital, acompa\u00f1ado de un amplio programa formativo en Espa\u00f1a y Portugal.","publisher":{"@id":"https:\/\/eshop.alphabio-iberia.com\/#organization"},"potentialAction":[{"@type":"SearchAction","target":{"@type":"EntryPoint","urlTemplate":"https:\/\/eshop.alphabio-iberia.com\/?s={search_term_string}"},"query-input":{"@type":"PropertyValueSpecification","valueRequired":true,"valueName":"search_term_string"}}],"inLanguage":"pt-PT"},{"@type":"Organization","@id":"https:\/\/eshop.alphabio-iberia.com\/#organization","name":"Medical 10","url":"https:\/\/eshop.alphabio-iberia.com\/","logo":{"@type":"ImageObject","inLanguage":"pt-PT","@id":"https:\/\/eshop.alphabio-iberia.com\/#\/schema\/logo\/image\/","url":"https:\/\/eshop.medical10.es\/wp-content\/uploads\/2021\/07\/cropped-m10_header_2.png","contentUrl":"https:\/\/eshop.medical10.es\/wp-content\/uploads\/2021\/07\/cropped-m10_header_2.png","width":165,"height":97,"caption":"Medical 10"},"image":{"@id":"https:\/\/eshop.alphabio-iberia.com\/#\/schema\/logo\/image\/"}}]}},"_links":{"self":[{"href":"https:\/\/eshop.alphabio-iberia.com\/pt-pt\/wp-json\/wp\/v2\/product\/45318","targetHints":{"allow":["GET"]}}],"collection":[{"href":"https:\/\/eshop.alphabio-iberia.com\/pt-pt\/wp-json\/wp\/v2\/product"}],"about":[{"href":"https:\/\/eshop.alphabio-iberia.com\/pt-pt\/wp-json\/wp\/v2\/types\/product"}],"replies":[{"embeddable":true,"href":"https:\/\/eshop.alphabio-iberia.com\/pt-pt\/wp-json\/wp\/v2\/comments?post=45318"}],"wp:featuredmedia":[{"embeddable":true,"href":"https:\/\/eshop.alphabio-iberia.com\/pt-pt\/wp-json\/wp\/v2\/media\/42844"}],"wp:attachment":[{"href":"https:\/\/eshop.alphabio-iberia.com\/pt-pt\/wp-json\/wp\/v2\/media?parent=45318"}],"wp:term":[{"taxonomy":"product_brand","embeddable":true,"href":"https:\/\/eshop.alphabio-iberia.com\/pt-pt\/wp-json\/wp\/v2\/product_brand?post=45318"},{"taxonomy":"product_cat","embeddable":true,"href":"https:\/\/eshop.alphabio-iberia.com\/pt-pt\/wp-json\/wp\/v2\/product_cat?post=45318"},{"taxonomy":"product_tag","embeddable":true,"href":"https:\/\/eshop.alphabio-iberia.com\/pt-pt\/wp-json\/wp\/v2\/product_tag?post=45318"}],"curies":[{"name":"wp","href":"https:\/\/api.w.org\/{rel}","templated":true}]}}