{"id":45331,"date":"2024-03-01T10:00:13","date_gmt":"2024-03-01T10:00:13","guid":{"rendered":"https:\/\/eshop.alphabio-iberia.com\/producto\/fio-rainbow-pdo-screw-29g-50-mm-80-mm\/"},"modified":"2024-03-01T10:00:13","modified_gmt":"2024-03-01T10:00:13","slug":"fio-rainbow-pdo-screw-29g-50-mm-80-mm","status":"publish","type":"product","link":"https:\/\/eshop.alphabio-iberia.com\/pt-pt\/fio-rainbow-pdo-screw-29g-50-mm-80-mm\/","title":{"rendered":"<br>Fio Rainbow PDO Screw 29g 50 mm 80 mm"},"content":{"rendered":"<p><strong>O que s\u00e3o os Fios Tensores Rainbow Screw?<\/strong><\/p>\n<p>Os fios Rainbow Screw s\u00e3o fabricados na Coreia e amplamente utilizados na medicina est\u00e9tica na Espanha. Os Fios Tensores Rainbow Screw s\u00e3o feitos de polidioxanona (PDO), um material reabsorv\u00edvel utilizado em cirurgia cardiovascular h\u00e1 25 anos. Seu design em espiral proporciona um efeito superior de redensifica\u00e7\u00e3o e volumiza\u00e7\u00e3o.<\/p>\n<ul>\n<li>Especifica\u00e7\u00f5es:<br \/>Fio Rainbow PDO Screw 29g 50 mm 80 mm.<\/li>\n<\/ul>\n","protected":false},"excerpt":{"rendered":"<p>Fio Rainbow PDO Screw 29g 50 mm 80 mm<\/p>\n","protected":false},"featured_media":43627,"comment_status":"open","ping_status":"closed","template":"","meta":{"_acf_changed":false},"product_brand":[],"product_cat":[970],"product_tag":[],"class_list":{"0":"post-45331","1":"product","2":"type-product","3":"status-publish","4":"has-post-thumbnail","6":"product_cat-fios-tensores","8":"first","9":"outofstock","10":"taxable","11":"shipping-taxable","12":"product-type-simple"},"acf":[],"yoast_head":"<!-- This site is optimized with the Yoast SEO plugin v27.4 - https:\/\/yoast.com\/product\/yoast-seo-wordpress\/ -->\n<title>Fio Rainbow PDO Screw 29g 50 mm 80 mm - Tienda Alpha-Bio Iberia<\/title>\n<meta name=\"description\" content=\"Fio Rainbow PDO Screw 29g 50 mm 80 mm en Tienda Alpha-Bio Iberia por 48.00 \u20ac! Fio Rainbow PDO Screw 29g 50 mm 80 mm\" \/>\n<meta name=\"robots\" content=\"index, follow, max-snippet:-1, max-image-preview:large, max-video-preview:-1\" \/>\n<link rel=\"canonical\" href=\"https:\/\/eshop.alphabio-iberia.com\/estetica\/hilo-rainbow-pdo-screw-29g-50-mm-80-mm\/\" \/>\n<meta property=\"og:locale\" content=\"pt_PT\" \/>\n<meta property=\"og:type\" content=\"article\" \/>\n<meta property=\"og:title\" content=\"Fio Rainbow PDO Screw 29g 50 mm 80 mm - Tienda Alpha-Bio Iberia\" \/>\n<meta property=\"og:description\" content=\"Fio Rainbow PDO Screw 29g 50 mm 80 mm en Tienda Alpha-Bio Iberia por 48.00 \u20ac! Fio Rainbow PDO Screw 29g 50 mm 80 mm\" \/>\n<meta property=\"og:url\" content=\"https:\/\/eshop.alphabio-iberia.com\/estetica\/hilo-rainbow-pdo-screw-29g-50-mm-80-mm\/\" \/>\n<meta property=\"og:site_name\" content=\"Tienda Alpha-Bio Iberia\" \/>\n<meta property=\"og:image\" content=\"https:\/\/eshop.alphabio-iberia.com\/wp-content\/uploads\/2024\/02\/Rainbow_PDO_screw-1.png\" \/>\n\t<meta property=\"og:image:width\" content=\"500\" \/>\n\t<meta property=\"og:image:height\" content=\"500\" \/>\n\t<meta property=\"og:image:type\" content=\"image\/png\" \/>\n<meta name=\"twitter:card\" content=\"summary_large_image\" \/>\n<script type=\"application\/ld+json\" class=\"yoast-schema-graph\">{\"@context\":\"https:\\\/\\\/schema.org\",\"@graph\":[{\"@type\":\"WebPage\",\"@id\":\"https:\\\/\\\/eshop.alphabio-iberia.com\\\/estetica\\\/hilo-rainbow-pdo-screw-29g-50-mm-80-mm\\\/\",\"url\":\"https:\\\/\\\/eshop.alphabio-iberia.com\\\/estetica\\\/hilo-rainbow-pdo-screw-29g-50-mm-80-mm\\\/\",\"name\":\"Fio Rainbow PDO Screw 29g 50 mm 80 mm - Tienda Alpha-Bio Iberia\",\"isPartOf\":{\"@id\":\"https:\\\/\\\/eshop.alphabio-iberia.com\\\/#website\"},\"primaryImageOfPage\":{\"@id\":\"https:\\\/\\\/eshop.alphabio-iberia.com\\\/estetica\\\/hilo-rainbow-pdo-screw-29g-50-mm-80-mm\\\/#primaryimage\"},\"image\":{\"@id\":\"https:\\\/\\\/eshop.alphabio-iberia.com\\\/estetica\\\/hilo-rainbow-pdo-screw-29g-50-mm-80-mm\\\/#primaryimage\"},\"thumbnailUrl\":\"https:\\\/\\\/eshop.alphabio-iberia.com\\\/wp-content\\\/uploads\\\/2024\\\/02\\\/Rainbow_PDO_screw-1.png\",\"datePublished\":\"2024-03-01T10:00:13+00:00\",\"description\":\"Fio Rainbow PDO Screw 29g 50 mm 80 mm en Tienda Alpha-Bio Iberia por 48.00 \u20ac! Fio Rainbow PDO Screw 29g 50 mm 80 mm\",\"breadcrumb\":{\"@id\":\"https:\\\/\\\/eshop.alphabio-iberia.com\\\/estetica\\\/hilo-rainbow-pdo-screw-29g-50-mm-80-mm\\\/#breadcrumb\"},\"inLanguage\":\"pt-PT\",\"potentialAction\":[{\"@type\":\"ReadAction\",\"target\":[\"https:\\\/\\\/eshop.alphabio-iberia.com\\\/estetica\\\/hilo-rainbow-pdo-screw-29g-50-mm-80-mm\\\/\"]}]},{\"@type\":\"ImageObject\",\"inLanguage\":\"pt-PT\",\"@id\":\"https:\\\/\\\/eshop.alphabio-iberia.com\\\/estetica\\\/hilo-rainbow-pdo-screw-29g-50-mm-80-mm\\\/#primaryimage\",\"url\":\"https:\\\/\\\/eshop.alphabio-iberia.com\\\/wp-content\\\/uploads\\\/2024\\\/02\\\/Rainbow_PDO_screw-1.png\",\"contentUrl\":\"https:\\\/\\\/eshop.alphabio-iberia.com\\\/wp-content\\\/uploads\\\/2024\\\/02\\\/Rainbow_PDO_screw-1.png\",\"width\":500,\"height\":500},{\"@type\":\"BreadcrumbList\",\"@id\":\"https:\\\/\\\/eshop.alphabio-iberia.com\\\/estetica\\\/hilo-rainbow-pdo-screw-29g-50-mm-80-mm\\\/#breadcrumb\",\"itemListElement\":[{\"@type\":\"ListItem\",\"position\":1,\"name\":\"Portada\",\"item\":\"https:\\\/\\\/eshop.alphabio-iberia.com\\\/\"},{\"@type\":\"ListItem\",\"position\":2,\"name\":\"Tienda\",\"item\":\"https:\\\/\\\/eshop.alphabio-iberia.com\\\/tienda\\\/\"},{\"@type\":\"ListItem\",\"position\":3,\"name\":\"&lt;br&gt;Fio Rainbow PDO Screw 29g 50 mm 80 mm\"}]},{\"@type\":\"WebSite\",\"@id\":\"https:\\\/\\\/eshop.alphabio-iberia.com\\\/#website\",\"url\":\"https:\\\/\\\/eshop.alphabio-iberia.com\\\/\",\"name\":\"Tienda Alpha-Bio Iberia\",\"description\":\"Ofrecemos una soluci\u00f3n 360\u00ba para odont\u00f3logos, implant\u00f3logos y cirujanos en implantolog\u00eda, ROG y odontolog\u00eda digital, acompa\u00f1ado de un amplio programa formativo en Espa\u00f1a y Portugal.\",\"publisher\":{\"@id\":\"https:\\\/\\\/eshop.alphabio-iberia.com\\\/#organization\"},\"potentialAction\":[{\"@type\":\"SearchAction\",\"target\":{\"@type\":\"EntryPoint\",\"urlTemplate\":\"https:\\\/\\\/eshop.alphabio-iberia.com\\\/?s={search_term_string}\"},\"query-input\":{\"@type\":\"PropertyValueSpecification\",\"valueRequired\":true,\"valueName\":\"search_term_string\"}}],\"inLanguage\":\"pt-PT\"},{\"@type\":\"Organization\",\"@id\":\"https:\\\/\\\/eshop.alphabio-iberia.com\\\/#organization\",\"name\":\"Medical 10\",\"url\":\"https:\\\/\\\/eshop.alphabio-iberia.com\\\/\",\"logo\":{\"@type\":\"ImageObject\",\"inLanguage\":\"pt-PT\",\"@id\":\"https:\\\/\\\/eshop.alphabio-iberia.com\\\/#\\\/schema\\\/logo\\\/image\\\/\",\"url\":\"https:\\\/\\\/eshop.medical10.es\\\/wp-content\\\/uploads\\\/2021\\\/07\\\/cropped-m10_header_2.png\",\"contentUrl\":\"https:\\\/\\\/eshop.medical10.es\\\/wp-content\\\/uploads\\\/2021\\\/07\\\/cropped-m10_header_2.png\",\"width\":165,\"height\":97,\"caption\":\"Medical 10\"},\"image\":{\"@id\":\"https:\\\/\\\/eshop.alphabio-iberia.com\\\/#\\\/schema\\\/logo\\\/image\\\/\"}}]}<\/script>\n<!-- \/ Yoast SEO plugin. -->","yoast_head_json":{"title":"Fio Rainbow PDO Screw 29g 50 mm 80 mm - Tienda Alpha-Bio Iberia","description":"Fio Rainbow PDO Screw 29g 50 mm 80 mm en Tienda Alpha-Bio Iberia por 48.00 \u20ac! Fio Rainbow PDO Screw 29g 50 mm 80 mm","robots":{"index":"index","follow":"follow","max-snippet":"max-snippet:-1","max-image-preview":"max-image-preview:large","max-video-preview":"max-video-preview:-1"},"canonical":"https:\/\/eshop.alphabio-iberia.com\/estetica\/hilo-rainbow-pdo-screw-29g-50-mm-80-mm\/","og_locale":"pt_PT","og_type":"article","og_title":"Fio Rainbow PDO Screw 29g 50 mm 80 mm - Tienda Alpha-Bio Iberia","og_description":"Fio Rainbow PDO Screw 29g 50 mm 80 mm en Tienda Alpha-Bio Iberia por 48.00 \u20ac! Fio Rainbow PDO Screw 29g 50 mm 80 mm","og_url":"https:\/\/eshop.alphabio-iberia.com\/estetica\/hilo-rainbow-pdo-screw-29g-50-mm-80-mm\/","og_site_name":"Tienda Alpha-Bio Iberia","og_image":[{"width":500,"height":500,"url":"https:\/\/eshop.alphabio-iberia.com\/wp-content\/uploads\/2024\/02\/Rainbow_PDO_screw-1.png","type":"image\/png"}],"twitter_card":"summary_large_image","schema":{"@context":"https:\/\/schema.org","@graph":[{"@type":"WebPage","@id":"https:\/\/eshop.alphabio-iberia.com\/estetica\/hilo-rainbow-pdo-screw-29g-50-mm-80-mm\/","url":"https:\/\/eshop.alphabio-iberia.com\/estetica\/hilo-rainbow-pdo-screw-29g-50-mm-80-mm\/","name":"Fio Rainbow PDO Screw 29g 50 mm 80 mm - Tienda Alpha-Bio Iberia","isPartOf":{"@id":"https:\/\/eshop.alphabio-iberia.com\/#website"},"primaryImageOfPage":{"@id":"https:\/\/eshop.alphabio-iberia.com\/estetica\/hilo-rainbow-pdo-screw-29g-50-mm-80-mm\/#primaryimage"},"image":{"@id":"https:\/\/eshop.alphabio-iberia.com\/estetica\/hilo-rainbow-pdo-screw-29g-50-mm-80-mm\/#primaryimage"},"thumbnailUrl":"https:\/\/eshop.alphabio-iberia.com\/wp-content\/uploads\/2024\/02\/Rainbow_PDO_screw-1.png","datePublished":"2024-03-01T10:00:13+00:00","description":"Fio Rainbow PDO Screw 29g 50 mm 80 mm en Tienda Alpha-Bio Iberia por 48.00 \u20ac! Fio Rainbow PDO Screw 29g 50 mm 80 mm","breadcrumb":{"@id":"https:\/\/eshop.alphabio-iberia.com\/estetica\/hilo-rainbow-pdo-screw-29g-50-mm-80-mm\/#breadcrumb"},"inLanguage":"pt-PT","potentialAction":[{"@type":"ReadAction","target":["https:\/\/eshop.alphabio-iberia.com\/estetica\/hilo-rainbow-pdo-screw-29g-50-mm-80-mm\/"]}]},{"@type":"ImageObject","inLanguage":"pt-PT","@id":"https:\/\/eshop.alphabio-iberia.com\/estetica\/hilo-rainbow-pdo-screw-29g-50-mm-80-mm\/#primaryimage","url":"https:\/\/eshop.alphabio-iberia.com\/wp-content\/uploads\/2024\/02\/Rainbow_PDO_screw-1.png","contentUrl":"https:\/\/eshop.alphabio-iberia.com\/wp-content\/uploads\/2024\/02\/Rainbow_PDO_screw-1.png","width":500,"height":500},{"@type":"BreadcrumbList","@id":"https:\/\/eshop.alphabio-iberia.com\/estetica\/hilo-rainbow-pdo-screw-29g-50-mm-80-mm\/#breadcrumb","itemListElement":[{"@type":"ListItem","position":1,"name":"Portada","item":"https:\/\/eshop.alphabio-iberia.com\/"},{"@type":"ListItem","position":2,"name":"Tienda","item":"https:\/\/eshop.alphabio-iberia.com\/tienda\/"},{"@type":"ListItem","position":3,"name":"&lt;br&gt;Fio Rainbow PDO Screw 29g 50 mm 80 mm"}]},{"@type":"WebSite","@id":"https:\/\/eshop.alphabio-iberia.com\/#website","url":"https:\/\/eshop.alphabio-iberia.com\/","name":"Tienda Alpha-Bio Iberia","description":"Ofrecemos una soluci\u00f3n 360\u00ba para odont\u00f3logos, implant\u00f3logos y cirujanos en implantolog\u00eda, ROG y odontolog\u00eda digital, acompa\u00f1ado de un amplio programa formativo en Espa\u00f1a y Portugal.","publisher":{"@id":"https:\/\/eshop.alphabio-iberia.com\/#organization"},"potentialAction":[{"@type":"SearchAction","target":{"@type":"EntryPoint","urlTemplate":"https:\/\/eshop.alphabio-iberia.com\/?s={search_term_string}"},"query-input":{"@type":"PropertyValueSpecification","valueRequired":true,"valueName":"search_term_string"}}],"inLanguage":"pt-PT"},{"@type":"Organization","@id":"https:\/\/eshop.alphabio-iberia.com\/#organization","name":"Medical 10","url":"https:\/\/eshop.alphabio-iberia.com\/","logo":{"@type":"ImageObject","inLanguage":"pt-PT","@id":"https:\/\/eshop.alphabio-iberia.com\/#\/schema\/logo\/image\/","url":"https:\/\/eshop.medical10.es\/wp-content\/uploads\/2021\/07\/cropped-m10_header_2.png","contentUrl":"https:\/\/eshop.medical10.es\/wp-content\/uploads\/2021\/07\/cropped-m10_header_2.png","width":165,"height":97,"caption":"Medical 10"},"image":{"@id":"https:\/\/eshop.alphabio-iberia.com\/#\/schema\/logo\/image\/"}}]}},"_links":{"self":[{"href":"https:\/\/eshop.alphabio-iberia.com\/pt-pt\/wp-json\/wp\/v2\/product\/45331","targetHints":{"allow":["GET"]}}],"collection":[{"href":"https:\/\/eshop.alphabio-iberia.com\/pt-pt\/wp-json\/wp\/v2\/product"}],"about":[{"href":"https:\/\/eshop.alphabio-iberia.com\/pt-pt\/wp-json\/wp\/v2\/types\/product"}],"replies":[{"embeddable":true,"href":"https:\/\/eshop.alphabio-iberia.com\/pt-pt\/wp-json\/wp\/v2\/comments?post=45331"}],"wp:featuredmedia":[{"embeddable":true,"href":"https:\/\/eshop.alphabio-iberia.com\/pt-pt\/wp-json\/wp\/v2\/media\/43627"}],"wp:attachment":[{"href":"https:\/\/eshop.alphabio-iberia.com\/pt-pt\/wp-json\/wp\/v2\/media?parent=45331"}],"wp:term":[{"taxonomy":"product_brand","embeddable":true,"href":"https:\/\/eshop.alphabio-iberia.com\/pt-pt\/wp-json\/wp\/v2\/product_brand?post=45331"},{"taxonomy":"product_cat","embeddable":true,"href":"https:\/\/eshop.alphabio-iberia.com\/pt-pt\/wp-json\/wp\/v2\/product_cat?post=45331"},{"taxonomy":"product_tag","embeddable":true,"href":"https:\/\/eshop.alphabio-iberia.com\/pt-pt\/wp-json\/wp\/v2\/product_tag?post=45331"}],"curies":[{"name":"wp","href":"https:\/\/api.w.org\/{rel}","templated":true}]}}